{"id":9344,"date":"2022-04-11T05:32:05","date_gmt":"2022-04-11T05:32:05","guid":{"rendered":"https:\/\/istorie.unibuc.ro\/?page_id=9344"},"modified":"2022-04-11T05:50:05","modified_gmt":"2022-04-11T05:50:05","slug":"lect-univ-dr-manuela-dobre","status":"publish","type":"page","link":"https:\/\/istorie.unibuc.ro\/facultate\/lect-univ-dr-manuela-dobre\/","title":{"rendered":"Lect. Univ. Dr. Manuela Dobre"},"content":{"rendered":"<div class=\"wp-block-image\">\n<figure class=\"alignright size-full is-resized\"><a href=\"https:\/\/istorie.unibuc.ro\/wp-content\/uploads\/2022\/01\/CV_Dobre-Manuela-Restrans.pdf\"><img data-recalc-dims=\"1\" loading=\"lazy\" decoding=\"async\" data-attachment-id=\"9350\" data-permalink=\"https:\/\/istorie.unibuc.ro\/facultate\/lect-univ-dr-manuela-dobre\/pdf-icon\/\" data-orig-file=\"https:\/\/i0.wp.com\/istorie.unibuc.ro\/wp-content\/uploads\/2022\/04\/pdf-icon.png?fit=256%2C256&amp;ssl=1\" data-orig-size=\"256,256\" data-comments-opened=\"0\" data-image-meta=\"{&quot;aperture&quot;:&quot;0&quot;,&quot;credit&quot;:&quot;&quot;,&quot;camera&quot;:&quot;&quot;,&quot;caption&quot;:&quot;&quot;,&quot;created_timestamp&quot;:&quot;0&quot;,&quot;copyright&quot;:&quot;&quot;,&quot;focal_length&quot;:&quot;0&quot;,&quot;iso&quot;:&quot;0&quot;,&quot;shutter_speed&quot;:&quot;0&quot;,&quot;title&quot;:&quot;&quot;,&quot;orientation&quot;:&quot;0&quot;}\" data-image-title=\"pdf-icon\" data-image-description=\"\" data-image-caption=\"\" data-large-file=\"https:\/\/i0.wp.com\/istorie.unibuc.ro\/wp-content\/uploads\/2022\/04\/pdf-icon.png?fit=256%2C256&amp;ssl=1\" src=\"https:\/\/i0.wp.com\/istorie.unibuc.ro\/wp-content\/uploads\/2022\/04\/pdf-icon.png?resize=128%2C128&#038;ssl=1\" alt=\"\" class=\"wp-image-9350\" width=\"128\" height=\"128\" srcset=\"https:\/\/i0.wp.com\/istorie.unibuc.ro\/wp-content\/uploads\/2022\/04\/pdf-icon.png?w=256&amp;ssl=1 256w, https:\/\/i0.wp.com\/istorie.unibuc.ro\/wp-content\/uploads\/2022\/04\/pdf-icon.png?resize=150%2C150&amp;ssl=1 150w\" sizes=\"auto, (max-width: 128px) 100vw, 128px\" \/><\/a><figcaption><a href=\"https:\/\/istorie.unibuc.ro\/wp-content\/uploads\/2022\/01\/CV_Dobre-Manuela-Restrans.pdf\" data-type=\"URL\" data-id=\"https:\/\/istorie.unibuc.ro\/wp-content\/uploads\/2022\/01\/CV_Dobre-Manuela-Restrans.pdf\">Curriculum Vitae<\/a><\/figcaption><\/figure>\n<\/div>\n\n\n<p class=\"wp-block-paragraph\">Email: <a href=\"mailto:manuela.dobre@istorie.unibuc.ro\">manuela.dobre@istorie.unibuc.ro<\/a> <\/p>\n\n\n\n<hr class=\"wp-block-separator has-alpha-channel-opacity\"\/>\n\n\n\n<p class=\"wp-block-paragraph\"><strong>Studii:<\/strong><\/p>\n\n\n\n<p class=\"wp-block-paragraph\">Doctorat in Istorie, Universitatea din Bucure\u0219ti, lucrarea \u201e<em>Noi\u201d \u015fi \u201eCeilal\u0163i\u201d. Identitate \u015fi alteritate occidental\u0103 \u00een viziunea autorilor bizantini din secolul al XV-lea<\/em><\/p>\n\n\n\n<p class=\"wp-block-paragraph\">Licen\u021b\u0103 \u00een Istorie, Facultatea de Istorie, Universitatea din Bucure\u0219ti, lucrarea <em>Bizan\u021bul \u0219i \u021a\u0103rile Rom\u00e2ne \u00een secolul al XIV-lea<\/em><\/p>\n\n\n\n<hr class=\"wp-block-separator has-alpha-channel-opacity\"\/>\n\n\n\n<p class=\"wp-block-paragraph\"><strong>Domenii de interes:<\/strong><\/p>\n\n\n\n<p class=\"wp-block-paragraph\">Istoria Imperiului Bizantin, rela\u0163iile Bizan\u0163ului cu Occidentul \u00een evul mediu, organizarea ecleziastic\u0103 a lumii cre\u015ftine medievale, istoria mentalit\u0103\u0163ilor, identitate \u015fi alteritate, istorie de gen<\/p>\n\n\n\n<hr class=\"wp-block-separator has-alpha-channel-opacity\"\/>\n\n\n\n<p class=\"wp-block-paragraph\"><strong>Cursuri sus\u021binute la Facultatea de Istorie:<\/strong><\/p>\n\n\n\n<p class=\"wp-block-paragraph\"><em>Stat \u015fi biseric\u0103 \u00een Imperiul Bizantin (325-843)<\/em><\/p>\n\n\n\n<p class=\"wp-block-paragraph\"><em>Bizan\u0163 \u015fi Occident: \u00eenceputurile confrunt\u0103rii (800-1204)<\/em><\/p>\n\n\n\n<p class=\"wp-block-paragraph\"><em>Ortodoxie \u015fi catolicism \u00een evul mediu<\/em><\/p>\n\n\n\n<p class=\"wp-block-paragraph\"><em>Bizan\u021bul \u0219i arta bizantin\u0103<\/em><\/p>\n\n\n\n<p class=\"wp-block-paragraph\"><em>Bizan\u0163ul \u00eentre Islam \u015fi Occident \u00een secolele XIII-XV<\/em><\/p>\n\n\n\n<p class=\"wp-block-paragraph\"><em>Femeia \u00een sursele bizantine din secolele XI-XII<\/em><\/p>\n\n\n\n<p class=\"wp-block-paragraph\"><em>Art\u0103, ideologie, mentalit\u0103\u021bi \u00een Imperiul Bizantin<\/em><em><\/em><\/p>\n\n\n\n<p class=\"wp-block-paragraph\"><em>Iconografie bizantin\u0103 \u015fi postbizantin\u0103<\/em><\/p>\n\n\n\n<p class=\"wp-block-paragraph\"><em>Teme medievale \u00een cultura de mas\u0103 contemporan\u0103<\/em><\/p>\n\n\n\n<p class=\"wp-block-paragraph\"><em>Patrimoniul religios bizantin din Rom\u00e2nia \u015fi sud-estul Europei<\/em><\/p>\n\n\n\n<hr class=\"wp-block-separator has-alpha-channel-opacity\"\/>\n\n\n\n<p class=\"wp-block-paragraph\"><strong>Publica\u021bii (selec\u021bie):<\/strong><\/p>\n\n\n\n<p class=\"wp-block-paragraph\"><strong>Volume editate<\/strong><\/p>\n\n\n\n<p class=\"wp-block-paragraph\"><em>Istorie \u015fi ideologie. Omagiu profesorului Stelian Brezeanu la 60 de ani<\/em>, Bucure\u015fti, Editura Universit\u0103\u0163ii, 2002<\/p>\n\n\n\n<p class=\"wp-block-paragraph\"><em>Orient \u015fi Occident. Studii \u00een memoria Profesorului Gheorghe Zbuchea<\/em> (\u00eempreun\u0103 cu Rudolf Dinu, Ecaterina Lung), Bucure\u015fti, Editura Universit\u0103\u0163ii din Bucure\u015fti, 2018, 627 p.<\/p>\n\n\n\n<p class=\"wp-block-paragraph\"><strong>Studii<\/strong><\/p>\n\n\n\n<p class=\"wp-block-paragraph\"><em>L\u2019impact de la r\u00e9forme d\u2019Anastase Ier sur la circulation mon\u00e9taire au Bas-Danube<\/em>, \u00een <em>Numismatic and Sphragistic Contributions to Ancient and Medieval History of Dobroudja. International Symposoum, Dobrich, 1993<\/em> \/ Dobroudja, 12, 1995, pp. 122-132.<\/p>\n\n\n\n<p class=\"wp-block-paragraph\"><em>The Venetians in the 15<sup>th<\/sup> Century Byzantine People Songs<\/em>, \u00een \u201cAnnuario. Istituto Romeno di Cultura e Ricerca Umanistica, Venezia\u201d, IV, 2002.<\/p>\n\n\n\n<p class=\"wp-block-paragraph\"><em>Les V\u00e9nitiens dans les sources de Thessalonique du XV\u00e8me si\u00e8cle<\/em>, \u00een volumul Michel Balard, \u00c9lisabeth Malamut, Jean-Michel Spieser (dir.), <em>Byzance et le monde ext\u00e9rieur: Contacts, relations, \u00e9change<\/em>,&nbsp; Paris, Publications de la Sorbonne, 2005, pp. 59\/66<\/p>\n\n\n\n<p class=\"wp-block-paragraph\"><em>La ville de Constantinople dans la vision des auteurs byzantins du XVe si\u00e8cle. Topographie et id\u00e9ologie<\/em>, \u00een \u201c\u00c9tudes byzantines et post-byzantines\u201d, V, ed. Emilian Popescu, Tudor Teoteoi, Bucure\u015fti, Ed. Academiei, 2006<\/p>\n\n\n\n<p class=\"wp-block-paragraph\"><em>La vision des historiens byzantins&nbsp; du XVe si\u00e8cle sur l\u2019espace occidental<\/em>, \u00een \u201cRevue des \u00c9tudes Sud-Est Europ\u00e9ennes\u201d, tom XLIV, 2007, nr. 1-4, pp. 135-148.<\/p>\n\n\n\n<p class=\"wp-block-paragraph\"><em>\u00c9ducation grecque et latine chez les auteurs byzantins du XV\u00e8me si\u00e8cle<\/em>, \u00een \u201c\u00c9tudes byzantines et post-byzantines\u201d, VI, ed. Emilian Popescu, Tudor Teoteoi, Bucure\u015fti, Ed. Academiei, 2011.<\/p>\n\n\n\n<p class=\"wp-block-paragraph\"><em>Geografie \u015fi ideologie. Imaginea lumii la autorii bizantini din secolul al XV-lea<\/em>, \u00een volumul <em>Armele Atenei. In Honorem Profesor Zoe Petre<\/em>, editori V. Nistor \u015fi D. Zaharia, Bucuresti, Ed. Tritonic, 2012, pp. 291-300.<\/p>\n\n\n\n<p class=\"wp-block-paragraph\"><em>Ideea de cruciad\u0103 \u015fi imaginea occidentalilor \u00een opera istoricului Nicetas Choniates<\/em>, \u00een \u201eStudii bizantine\u201d, nr. 6\/2015, Bucure\u015fti, UER Press, ap\u0103rut 2016, pp. 39-47.<\/p>\n\n\n\n<p class=\"wp-block-paragraph\"><em>Imperiul&nbsp;&nbsp; Bizantin&nbsp;&nbsp; \u00eentre&nbsp;&nbsp; universalism&nbsp;&nbsp; \u015fi \u201ena\u0163ionalism\u201d \u00een secolul al XV-lea<\/em>, \u00een vol. <em>Orient \u015fi Occident. In memoriam Profesor Gheorghe Zbuchea<\/em>, ed. M. Dobre, E. Lung. R. Dinu, Bucure\u0219ti, Editura Universit\u0103\u021bii din Bucure\u0219ti, 2018, pp. 91-101.<\/p>\n","protected":false},"excerpt":{"rendered":"<p>Email: manuela.dobre@istorie.unibuc.ro Studii: Doctorat in Istorie, Universitatea din Bucure\u0219ti, lucrarea \u201eNoi\u201d \u015fi \u201eCeilal\u0163i\u201d. Identitate \u015fi alteritate occidental\u0103 \u00een viziunea autorilor bizantini din secolul al XV-lea Licen\u021b\u0103 \u00een Istorie, Facultatea de Istorie, Universitatea din Bucure\u0219ti, lucrarea Bizan\u021bul \u0219i \u021a\u0103rile Rom\u00e2ne \u00een secolul al XIV-lea Domenii de interes: Istoria Imperiului Bizantin, rela\u0163iile Bizan\u0163ului cu Occidentul \u00een evul [&hellip;]<\/p>\n","protected":false},"author":1,"featured_media":0,"parent":0,"menu_order":0,"comment_status":"closed","ping_status":"closed","template":"","meta":{"_crdt_document":"","jetpack_post_was_ever_published":false,"footnotes":""},"class_list":["post-9344","page","type-page","status-publish","hentry"],"jetpack_sharing_enabled":true,"jetpack_shortlink":"https:\/\/wp.me\/PaobZd-2qI","jetpack-related-posts":[],"_links":{"self":[{"href":"https:\/\/istorie.unibuc.ro\/facultate\/wp-json\/wp\/v2\/pages\/9344","targetHints":{"allow":["GET"]}}],"collection":[{"href":"https:\/\/istorie.unibuc.ro\/facultate\/wp-json\/wp\/v2\/pages"}],"about":[{"href":"https:\/\/istorie.unibuc.ro\/facultate\/wp-json\/wp\/v2\/types\/page"}],"author":[{"embeddable":true,"href":"https:\/\/istorie.unibuc.ro\/facultate\/wp-json\/wp\/v2\/users\/1"}],"replies":[{"embeddable":true,"href":"https:\/\/istorie.unibuc.ro\/facultate\/wp-json\/wp\/v2\/comments?post=9344"}],"version-history":[{"count":4,"href":"https:\/\/istorie.unibuc.ro\/facultate\/wp-json\/wp\/v2\/pages\/9344\/revisions"}],"predecessor-version":[{"id":9352,"href":"https:\/\/istorie.unibuc.ro\/facultate\/wp-json\/wp\/v2\/pages\/9344\/revisions\/9352"}],"wp:attachment":[{"href":"https:\/\/istorie.unibuc.ro\/facultate\/wp-json\/wp\/v2\/media?parent=9344"}],"curies":[{"name":"wp","href":"https:\/\/api.w.org\/{rel}","templated":true}]}}