{"id":7521,"date":"2021-08-01T20:20:18","date_gmt":"2021-08-01T20:20:18","guid":{"rendered":"https:\/\/istorie.unibuc.ro\/?page_id=7521"},"modified":"2021-08-03T05:24:36","modified_gmt":"2021-08-03T05:24:36","slug":"interviu-cu-adriana-mihaela-rosca","status":"publish","type":"page","link":"https:\/\/istorie.unibuc.ro\/facultate\/interviu-cu-adriana-mihaela-rosca\/","title":{"rendered":"Interviu cu Adriana Mihaela Ro\u0219ca"},"content":{"rendered":"\n<figure class=\"wp-block-image size-full is-resized\"><img data-recalc-dims=\"1\" loading=\"lazy\" decoding=\"async\" data-attachment-id=\"7525\" data-permalink=\"https:\/\/istorie.unibuc.ro\/facultate\/interviu-cu-adriana-mihaela-rosca\/186510093_260580995754670_2931942834866815648_n\/\" data-orig-file=\"https:\/\/i0.wp.com\/istorie.unibuc.ro\/wp-content\/uploads\/2021\/08\/186510093_260580995754670_2931942834866815648_n.jpg?fit=720%2C847&amp;ssl=1\" data-orig-size=\"720,847\" data-comments-opened=\"0\" data-image-meta=\"{&quot;aperture&quot;:&quot;0&quot;,&quot;credit&quot;:&quot;&quot;,&quot;camera&quot;:&quot;&quot;,&quot;caption&quot;:&quot;&quot;,&quot;created_timestamp&quot;:&quot;0&quot;,&quot;copyright&quot;:&quot;&quot;,&quot;focal_length&quot;:&quot;0&quot;,&quot;iso&quot;:&quot;0&quot;,&quot;shutter_speed&quot;:&quot;0&quot;,&quot;title&quot;:&quot;&quot;,&quot;orientation&quot;:&quot;0&quot;}\" data-image-title=\"186510093_260580995754670_2931942834866815648_n\" data-image-description=\"\" data-image-caption=\"\" data-large-file=\"https:\/\/i0.wp.com\/istorie.unibuc.ro\/wp-content\/uploads\/2021\/08\/186510093_260580995754670_2931942834866815648_n.jpg?fit=720%2C847&amp;ssl=1\" src=\"https:\/\/i0.wp.com\/istorie.unibuc.ro\/wp-content\/uploads\/2021\/08\/186510093_260580995754670_2931942834866815648_n.jpg?resize=564%2C663&#038;ssl=1\" alt=\"\" class=\"wp-image-7525\" width=\"564\" height=\"663\" srcset=\"https:\/\/i0.wp.com\/istorie.unibuc.ro\/wp-content\/uploads\/2021\/08\/186510093_260580995754670_2931942834866815648_n.jpg?w=720&amp;ssl=1 720w, https:\/\/i0.wp.com\/istorie.unibuc.ro\/wp-content\/uploads\/2021\/08\/186510093_260580995754670_2931942834866815648_n.jpg?resize=255%2C300&amp;ssl=1 255w\" sizes=\"auto, (max-width: 564px) 100vw, 564px\" \/><\/figure>\n\n\n\n<p class=\"wp-block-paragraph\"><strong>\u00a0\u00a0\u00a0\u00a0\u00a0\u00a0\u00a0\u00a0\u00a0\u00a0\u00a0 <\/strong>Despre studen\u021bia la Facultatea de Istorie din cadrul Universit\u0103\u021bii din Bucure\u0219ti vom afla ast\u0103zi mai multe de la Adriana Mihaela Ro\u0219ca. Dup\u0103 absolvirea studiilor de licen\u021b\u0103 la programul Istorie (2008-2011), a urmat un master \u00een domeniul Istoriei moderne (2011-2013) \u0219i \u0218coala Doctoral\u0103 de Istorie, finalizat\u0103 cu teza ,,Istoria ora\u0219ului Giurgiu p\u00e2n\u0103 la Primul R\u0103zboi Mondial (1830-1916)\u201d, sus\u021binut\u0103 \u00een mai 2018. Cu o experien\u021b\u0103 \u00een \u00eenv\u0103\u021b\u0103m\u00e2ntul preuniversitar \u0219i \u00een cercetare, lucreaz\u0103 \u00een prezent ca Muzeograf gradul II \u00een cadrul Cabinetului Numismatic \u0219i Medalistic al Muzeului Municipiului Bucure\u0219ti. Din anul 2015, \u00eendrum\u0103 activit\u0103\u021bile Cercului de Studii Muzeale al studen\u021bilor Facult\u0103\u021bii de Istorie. Mai multe \u00eens\u0103 vom afla de la ea \u00eens\u0103\u0219i.<\/p>\n\n\n\n<p class=\"wp-block-paragraph\"><strong>Bun\u0103, Adriana! Te-a\u0219 ruga s\u0103 \u00eencepi prin a ne spune c\u00e2te ceva despre tine \u0219i despre pasiunea ta pentru istorie.<\/strong><\/p>\n\n\n\n<p class=\"wp-block-paragraph\">A.R.: Bun\u0103 Cosmin! Nu pot spune c\u0103 a existat un moment anume \u00een care mi-am descoperit pasiunea pentru istorie. Trecutul \u0219i pove\u0219tile construite \u00een jurul acesteia m-au fascinat dintotdeauna, astfel c\u0103 decizia de a urma cursurile Facult\u0103\u021bii de Istorie nu a reprezentat o surpriz\u0103 pentru cei din jurul meu. P\u00e2n\u0103 la acel moment curiozitatea mea cu privire la construc\u021bia societ\u0103\u021bilor moderne a fost hr\u0103nit\u0103 de diverse c\u0103r\u021bi sau documentare, \u00eens\u0103 odat\u0103 ce am ajuns la facultate am avut posibilitatea de a studia \u00eendeaproape aceste fenomene \u0219i mecanisme sociale, iar ceea ce \u0219tiam p\u00e2n\u0103 atunci a \u00eenceput treptat s\u0103 prind\u0103 contur.<\/p>\n\n\n\n<p class=\"wp-block-paragraph\"><strong>\u00cen continuare, \u00eemp\u0103rt\u0103\u0219e\u0219te-ne cum ai ajuns student\u0103 la Facultatea de Istorie, ce a\u0219tept\u0103ri ai avut, dac\u0103 te-ai bucurat de sus\u021binerea celor din jur \u00een aceast\u0103 hot\u0103r\u00e2re.<\/strong><\/p>\n\n\n\n<p class=\"wp-block-paragraph\">A.R.: Cum am ajuns student\u0103 la Facultatea de Istorie? Asta se \u00eent\u00e2mpla \u00een toamna anului 2008. Dup\u0103 ce am dat examenul de bacalaureat a sosit \u0219i vremea s\u0103 iau o decize major\u0103. Facultatea de Istorie a fost prima pe lista op\u021biunilor mele, al\u0103turi de Litere \u0219i Administra\u021bie, \u00eens\u0103 decizia a fost oarecum fireasc\u0103. Pot spune c\u0103 am p\u0103\u0219it \u00een primul meu an de studiu u\u0219or tem\u0103toare \u0219i \u00een acela\u0219i timp plin\u0103 de speran\u021b\u0103. \u0218tiam c\u0103 aici aveam s\u0103 descop\u0103r r\u0103spunsuri la \u00eentreb\u0103rile mele \u0219i c\u0103 totodat\u0103 \u00eemi voi crea amintiri frumoase, pe care le voi \u00eemp\u0103rt\u0103\u0219i cu drag mai t\u00e2rziu. \u00cen cadrul unuia dintre cursurile anului II, unul dintre profesori a pus o \u00eentrebare fireasc\u0103: ,,V-a\u021bi g\u00e2ndit ce subiect dori\u021bi s\u0103 trata\u021bi \u00een cadrul lucr\u0103rii de licen\u021b\u0103?\u201d. Fiind deja la sf\u00e2rsitul semestrului \u0219i studiind c\u00e2te pu\u021bin din fiecare perioad\u0103, nu am stat pe g\u00e2nduri \u0219i am r\u0103spuns c\u0103 imi&nbsp;voi \u00eendrepta aten\u021bia spre secolul al XIX-lea. Nu \u0219tiam \u00een acel moment ce subiect aveam sa aleg, dar \u0219tiam cu siguran\u021b\u0103 c\u0103 aceasta este perioada spre care aveam sa \u00eemi \u00eendrept \u00eentreaga aten\u021bie.<\/p>\n\n\n\n<ul class=\"wp-block-list\"><li><strong>Ce ne-ai putea povesti despre anii studen\u021biei tale? Ce cursuri, ce profesori, ce activit\u0103\u021bi extracurriculare \u0219i-au pus amprenta ta \u0219i te-au ajutat s\u0103 te dezvol\u021bi ca t\u00e2n\u0103r istoric?<\/strong><\/li><\/ul>\n\n\n\n<p class=\"wp-block-paragraph\">A.R.:\u00a0 Sunt at\u00e2t de multe de povestit din perioada studen\u021biei \u0219i sincer nu \u0219tiu despre ce anume s\u0103 \u00ee\u021bi vorbesc pentru \u00eenceput. Pot spune c\u0103 m-am bucurat de fiecare clip\u0103 \u00een to\u021bi acesti ani \u0219i cred c\u0103 fiecare dintre profesori \u0219i-au pus amprenta direct sau indirect asupra modului \u00een care m-am dezvoltat ca t\u00e2n\u0103r istoric.\u00a0Poate c\u0103 cele mai multe amintiri sunt legate de Cercul de Studii Muzeale. \u00cen anul II am decis s\u0103 m\u0103 al\u0103tur colegilor mei care au fondat la acea vreme cercul. Acolo am avut posibilitatea s\u0103 descop\u0103r ceea ce \u00eenseamn\u0103 cu adev\u0103rat munca din spatele unui concept expozi\u021bional, dar \u00een acela\u0219i timp am avut oportunitatea s\u0103 \u00eent\u00e2lnesc \u0219i oameni dragi. Cercul a fost \u00eenfiin\u021bat de studen\u021bi, sub coordonarea doamnei Florentina Ni\u021bu, pentru studen\u021bi, din dorin\u021ba de a avea un spa\u021biu mai pu\u021bin formal \u00een care s\u0103 ne expunem ideile \u0219i propria viziune despre ceea ce \u00eenseamn\u0103 universul muzeal \u0219i redefinirea acestuia pe principii moderne. Scopul nostru a fost \u00eenc\u0103 de la \u00eenceput s\u0103 aducem muzeul c\u00e2t mai apropate de oameni \u0219i sa \u00eel transform\u0103m \u00eentr-un spa\u021biu experimental \u0219i creativ. Am \u00eenceput treptat s\u0103 ne implic\u0103m \u00een micro-proiecte, iar mai t\u00e2rziu am luat parte la modernizarea Muzeului Universit\u0103\u021bii, ceea ce pentru noi a reprezentat cadrul propice \u00een care un concept teoretic s-a\u00a0transformat \u00eentr-un atelier de bun\u0103 practic\u0103. Ast\u0103zi m\u0103 bucur\u0103 faptul c\u0103 experien\u021ba dob\u00e2ndit\u0103 \u00een tot acest timp m\u0103 ajut\u0103 s\u0103 \u00eei pot \u00eendruma pe mai tinerii colegi din echipa Cercului de Studii Muzeale, atunci c\u00e2nd au nevoie.<\/p>\n\n\n\n<p class=\"wp-block-paragraph\"><strong>Exist\u0103 vreun loc din facultate sau din Bucure\u0219tiul studen\u021biei tale care \u021bi-a r\u0103mas \u00eentip\u0103rit \u00een minte? Ai vreo amintire deosebit\u0103 din via\u021ba de student, un eveniment memorabil?<\/strong><\/p>\n\n\n\n<p class=\"wp-block-paragraph\">A.R.:\u00a0Treptele sc\u0103rilor de la primul etaj \ud83d\ude01.<\/p>\n\n\n\n<p class=\"wp-block-paragraph\"><strong>Cum te-a preg\u0103tit Facultatea de Istorie pentru perioada de dup\u0103 absolvire? Care crezi c\u0103 sunt cele mai importante competen\u021be, aptitudini, cuno\u0219tin\u021be pe care le-ai deprins aici?<\/strong><\/p>\n\n\n\n<p class=\"wp-block-paragraph\">A.R.:\u00a0Ceea ce am \u00eenv\u0103\u021bat \u00een timpul facult\u0103\u021bii are acum o aplicabilitate practic\u0103! Astfel \u00ee\u021bi voi r\u0103spunde aici \u0219i la \u00eentrebarea anterioar\u0103 referitoare la profesori \u0219i cursuri. De la profesorii facult\u0103\u021bii am \u00eenv\u0103\u021bat c\u0103 istoria este o poveste foarte frumoas\u0103 pe care trebuie s\u0103 o transmitem\u00a0mai departe, iar acest lucru nu este posibil f\u0103r\u0103 studiul \u00een prealabil al surselor istorice.<\/p>\n\n\n\n<p class=\"wp-block-paragraph\"><strong>Ce \u00eenseamn\u0103 s\u0103 fii muzeograf \u0219i s\u0103 lucrezi la Cabinetul Numismatic \u0219i Medalistic? Ce satisfac\u021bii are o astfel de profesie?<\/strong><\/p>\n\n\n\n<p class=\"wp-block-paragraph\">A.R.:&nbsp;\u00cencep prin a spune c\u0103 a fi muzeograf \u00eenseamn\u0103 \u00eenainte de toate s\u0103 lucrezi cu obiecte inedite care te provoac\u0103 s\u0103 le descoperi povestea. Pu\u021bini dintre noi \u0219tiu c\u0103 \u00een spatele frumoaselor obiecte pe care le admir\u0103m \u00een cadrul expozi\u021biilor se afl\u0103 munca de cercetare a numero\u0219i speciali\u0219ti din domenii c\u00e2t mai diverse. \u00cen cazul meu pot spune c\u0103 a fi muzeograf se aseam\u0103n\u0103 cu o v\u00e2n\u0103toare de comori dar la o scar\u0103 mult mai redus\u0103. Fiecare medalie pe care o descop\u0103r reprezint\u0103 o m\u0103rturie gravat\u0103 \u00een metal a lucr\u0103rii unui artist consacrat \u00een ceea ce prive\u0219te aceast\u0103 tehnic\u0103 de lucru. Personal consider c\u0103 medaliile reprezint\u0103 o form\u0103 de art\u0103 de mici dimensiuni, iar colec\u021bionarea lor r\u0103spunde nevoii de frumos. Fiecare perioad\u0103 istoric\u0103 a adus schimb\u0103ri semnificative \u00een ceea ce prive\u0219te acest\u0103 ramur\u0103 a medalisticii, de la rafinarea tehnicii de lucru p\u00e2n\u0103 la imaginea gravat\u0103 pe medalie \u0219i mesajul transmis prin intermediul acestora. Sentimentul de mul\u021bumire apare tocmai la finalul cercet\u0103rii unei medalii sau a unui grup de medalii, prin faptul c\u0103 am reu\u0219it s\u0103 contribui la reconstruirea imaginii trecutului cu ajutorul unor obiecte pe care genera\u021biile anterioare le-au l\u0103sat \u00een urma lor.<\/p>\n\n\n\n<p class=\"wp-block-paragraph\"><strong>7. Ai recomanda Facultatea de Istorie tinerilor de ast\u0103zi? De ce?<\/strong><\/p>\n\n\n\n<p class=\"wp-block-paragraph\">A.R.:&nbsp;Da, cu siguran\u021b\u0103. Facultatea este spa\u021biul unde viitorii studen\u021bi se pot dezvolta din punct de vedere profesional, dar \u00een aceala\u0219i timp \u0219i locul \u00een care \u00ee\u0219i vor crea str\u00e2nse leg\u0103turi de prietenie.&nbsp;Dincolo de toate acestea aici vor g\u0103si profesori tineri dispu\u0219i s\u0103 \u00eei \u00eendrume \u0219i care nu impun limite \u00een ceea ce prive\u0219te cercetarea istoric\u0103. Ast\u0103zi la Facultatea de Istorie un student \u00eenva\u021b\u0103 cum s\u0103 g\u00e2ndeasc\u0103&nbsp;\u0219i cum s\u0103 \u00ee\u0219i&nbsp;formeze propriile&nbsp;opinii, fiindc\u0103 istoria nu se rezum\u0103 numai la evenimentele din trecut, ci istoria este despre viziunea&nbsp;prezentului asupra trecutului prin abordarea unor noi perspective, practic despre cum s\u0103 g\u00e2ndim mai departe de grani\u021bele disciplinei.<\/p>\n\n\n\n<p class=\"wp-block-paragraph\"><strong> Dac\u0103 ar fi s\u0103 alegi un singur cuv\u00e2nt pentru a rezuma experien\u021ba ta la Facultatea de<\/strong> <strong>Istorie, care ar fi acela?<\/strong><\/p>\n\n\n\n<p class=\"wp-block-paragraph\">A.R.&nbsp;: Dintre toate cuvintele pe care a\u0219 putea s\u0103 le aleg, cred c\u0103 cel mai potrivit ar fi familie.<\/p>\n\n\n\n<p class=\"wp-block-paragraph\"><strong>Adriana, \u00ee\u021bi mul\u021bumesc \u00een numele familiei istoricilor FIUB!<\/strong><\/p>\n\n\n\n<blockquote class=\"wp-block-quote is-layout-flow wp-block-quote-is-layout-flow\"><p><strong>Interviu realizat de Cosmin-Ionu\u021b Laz\u0103r, sec\u021bia Istorie.<\/strong><\/p><\/blockquote>\n","protected":false},"excerpt":{"rendered":"<p>\u00a0\u00a0\u00a0\u00a0\u00a0\u00a0\u00a0\u00a0\u00a0\u00a0\u00a0 Despre studen\u021bia la Facultatea de Istorie din cadrul Universit\u0103\u021bii din Bucure\u0219ti vom afla ast\u0103zi mai multe de la Adriana Mihaela Ro\u0219ca. Dup\u0103 absolvirea studiilor de licen\u021b\u0103 la programul Istorie (2008-2011), a urmat un master \u00een domeniul Istoriei moderne (2011-2013) \u0219i \u0218coala Doctoral\u0103 de Istorie, finalizat\u0103 cu teza ,,Istoria ora\u0219ului Giurgiu p\u00e2n\u0103 la Primul R\u0103zboi [&hellip;]<\/p>\n","protected":false},"author":7,"featured_media":0,"parent":0,"menu_order":0,"comment_status":"closed","ping_status":"closed","template":"","meta":{"_crdt_document":"","jetpack_post_was_ever_published":false,"footnotes":""},"class_list":["post-7521","page","type-page","status-publish","hentry"],"jetpack_sharing_enabled":true,"jetpack_shortlink":"https:\/\/wp.me\/PaobZd-1Xj","jetpack-related-posts":[],"_links":{"self":[{"href":"https:\/\/istorie.unibuc.ro\/facultate\/wp-json\/wp\/v2\/pages\/7521","targetHints":{"allow":["GET"]}}],"collection":[{"href":"https:\/\/istorie.unibuc.ro\/facultate\/wp-json\/wp\/v2\/pages"}],"about":[{"href":"https:\/\/istorie.unibuc.ro\/facultate\/wp-json\/wp\/v2\/types\/page"}],"author":[{"embeddable":true,"href":"https:\/\/istorie.unibuc.ro\/facultate\/wp-json\/wp\/v2\/users\/7"}],"replies":[{"embeddable":true,"href":"https:\/\/istorie.unibuc.ro\/facultate\/wp-json\/wp\/v2\/comments?post=7521"}],"version-history":[{"count":2,"href":"https:\/\/istorie.unibuc.ro\/facultate\/wp-json\/wp\/v2\/pages\/7521\/revisions"}],"predecessor-version":[{"id":7527,"href":"https:\/\/istorie.unibuc.ro\/facultate\/wp-json\/wp\/v2\/pages\/7521\/revisions\/7527"}],"wp:attachment":[{"href":"https:\/\/istorie.unibuc.ro\/facultate\/wp-json\/wp\/v2\/media?parent=7521"}],"curies":[{"name":"wp","href":"https:\/\/api.w.org\/{rel}","templated":true}]}}