{"id":6908,"date":"2021-05-19T06:23:43","date_gmt":"2021-05-19T06:23:43","guid":{"rendered":"https:\/\/istorie.unibuc.ro\/?page_id=6908"},"modified":"2021-05-19T06:23:45","modified_gmt":"2021-05-19T06:23:45","slug":"interviu-cu-simona-preda","status":"publish","type":"page","link":"https:\/\/istorie.unibuc.ro\/facultate\/interviu-cu-simona-preda\/","title":{"rendered":"Interviu cu Simona Preda"},"content":{"rendered":"\n<figure class=\"wp-block-image size-large is-resized\"><img data-recalc-dims=\"1\" loading=\"lazy\" decoding=\"async\" data-attachment-id=\"6909\" data-permalink=\"https:\/\/istorie.unibuc.ro\/facultate\/interviu-cu-simona-preda\/simona-preda-fotografie-paul-stefan-buciuta\/\" data-orig-file=\"https:\/\/i0.wp.com\/istorie.unibuc.ro\/wp-content\/uploads\/2021\/05\/Simona-Preda-fotografie-Paul-Stefan-Buciuta.jpg?fit=633%2C617&amp;ssl=1\" data-orig-size=\"633,617\" data-comments-opened=\"0\" data-image-meta=\"{&quot;aperture&quot;:&quot;0&quot;,&quot;credit&quot;:&quot;PAUL BUCIUTA&quot;,&quot;camera&quot;:&quot;&quot;,&quot;caption&quot;:&quot;&quot;,&quot;created_timestamp&quot;:&quot;0&quot;,&quot;copyright&quot;:&quot;PAUL BUCIUTA&quot;,&quot;focal_length&quot;:&quot;0&quot;,&quot;iso&quot;:&quot;0&quot;,&quot;shutter_speed&quot;:&quot;0&quot;,&quot;title&quot;:&quot;&quot;,&quot;orientation&quot;:&quot;0&quot;}\" data-image-title=\"Simona-Preda-fotografie-Paul-Stefan-Buciuta\" data-image-description=\"\" data-image-caption=\"\" data-large-file=\"https:\/\/i0.wp.com\/istorie.unibuc.ro\/wp-content\/uploads\/2021\/05\/Simona-Preda-fotografie-Paul-Stefan-Buciuta.jpg?fit=633%2C617&amp;ssl=1\" src=\"https:\/\/i0.wp.com\/istorie.unibuc.ro\/wp-content\/uploads\/2021\/05\/Simona-Preda-fotografie-Paul-Stefan-Buciuta.jpg?resize=538%2C524&#038;ssl=1\" alt=\"\" class=\"wp-image-6909\" width=\"538\" height=\"524\" srcset=\"https:\/\/i0.wp.com\/istorie.unibuc.ro\/wp-content\/uploads\/2021\/05\/Simona-Preda-fotografie-Paul-Stefan-Buciuta.jpg?w=633&amp;ssl=1 633w, https:\/\/i0.wp.com\/istorie.unibuc.ro\/wp-content\/uploads\/2021\/05\/Simona-Preda-fotografie-Paul-Stefan-Buciuta.jpg?resize=300%2C292&amp;ssl=1 300w, https:\/\/i0.wp.com\/istorie.unibuc.ro\/wp-content\/uploads\/2021\/05\/Simona-Preda-fotografie-Paul-Stefan-Buciuta.jpg?resize=308%2C300&amp;ssl=1 308w\" sizes=\"auto, (max-width: 538px) 100vw, 538px\" \/><figcaption>Foto Paul \u0218tefan Buciuta<\/figcaption><\/figure>\n\n\n\n<p class=\"wp-block-paragraph\">Ast\u0103zi, vom afla mai multe despre ce \u00eenseamn\u0103 s\u0103 studiezi la Facultatea de Istorie de la Simona Preda, absolvent\u0103 a studiilor de licen\u021b\u0103 \u00een Istorie, a programului de master ,,Istoria ideilor, mentalit\u0103\u021bilor \u0219i a culturii de mas\u0103\u201d \u0219i a \u0218colii Doctorale de Istorie. \u00cen 2011, \u0219i-a sus\u021binut teza de doctorat, realizat\u0103 sub \u00eendrumarea prof. univ. dr. Lucian Boia \u0219i intitulat\u0103 ,,Literatura istoric\u0103 pentru copii din Rom\u00e2nia comunista 1948-1989\u201d. \u00cen prezent, \u00ee\u0219i desf\u0103\u0219oar\u0103 activitatea \u00een domeniul istoriei, a criticii literare \u0219i a jurnalismului cultural, fiind autoarea a mai multor volume, dintre care: ,,<em>Patrie rom\u00e2n\u0103, \u021bar\u0103 de eroi<\/em>\u201d (Curtea Veche Publishing, 2014, cu o Prefa\u021b\u0103 de Vladimir Tism\u0103neanu), ,,<em>Tot \u00eenainte! Amintiri din copil\u0103rie<\/em>\u201d (Curtea Veche Publishing, 2016, Prefa\u021b\u0103 de Adrian Cioroianu) \u0219i ,,<em>Regina-mam\u0103 Elena, mariajul \u0219i desp\u0103r\u021birea de Carol al II-lea<\/em>\u201d (Editura Corint, 2018, Prefa\u021b\u0103 de Filip-Lucian Iorga), \u201e<em>The Political-Ideological Commissar: its function and institutionalization in Communist Higher Education Systems. <\/em><em>Contributions to the Study of Indoctrination and Propaganda in Academia\u201d<\/em> \u2013 (co-autor Paul Drago\u0219 Aligic\u0103), \u00een curs de apari\u021bie la Lexington Books.<\/p>\n\n\n\n<p class=\"wp-block-paragraph\">\u00a0Mai multe despre studen\u021bie \u0219i despre parcursul s\u0103u ne va relata ea \u00eens\u0103\u0219i.<\/p>\n\n\n\n<p class=\"wp-block-paragraph\"><strong>Bun\u0103, Simona! Te-a\u0219 ruga s\u0103 \u00eencepi prin a ne spune c\u00e2teva cuvinte despre tine \u0219i despre pasiunea ta pentru istorie.<\/strong><\/p>\n\n\n\n<p class=\"wp-block-paragraph\">S.P. : Dragul meu (mai t\u00e2n\u0103r coleg), \u00ee\u021bi mul\u021bumesc pentru acest dialog! Se spune c\u0103 istoricii \u2013 prin natura profesiei lor \u2013 sunt imuni la nostalgie, dar, de fiecare dat\u0103 c\u00e2nd \u00eemi amintesc de anii studen\u021biei, m\u0103 emo\u021bionez sincer. Referitor la \u00eentrebarea ta &#8211;\u00a0 eu am fost un copil al comunismului, prin urmare, istoria de care am fost pasionat\u0103 \u00een copil\u0103rie nu avea nimic \u00een comun cu discursul despre istorie pe care mi l-am format \u00een facultate, cu ajutorul profesorilor. \u00cen copil\u0103rie eram fascinat\u0103 de pleiada de eroi \u0219i de viteji ai neamului din povestirile lui Alma\u0219, credeam \u00een toat\u0103 litania patriotard\u0103 \u0219i \u00een retorica legat\u0103 de s\u00e2nge \u0219i de lacrimi \u0219i \u00een unicitatea noastr\u0103 pe scena lumii, a\u0219a c\u0103 suprapunerea a ceea ce credeam eu c\u0103 este istoria cu ceea ce am \u00eenv\u0103\u021bat mai t\u00e2rziu a fost, cred eu, \u00een cazul meu, adev\u0103rata provocare. Apropierea de istorie a venit ca o curiozitate, ca o apropiere c\u00e2t mai mare de adev\u0103r, de ceea ce s-a \u00eent\u00e2mplat c\u00e2ndva. \u0218i trebuie s\u0103 \u00ee\u021bi m\u0103rturisesc faptul c\u0103, odat\u0103 intrat \u00een arhive, odat\u0103 cu studiul, cu interpretarea primelor documente, e\u0219ti prins \u00eentr-o capcan\u0103 \u0219i devii \u2013 \u00een sensul cel mai frumos al termenului \u2013 dependent de acest domeniu. Poate \u0219i pentru c\u0103 \u2013 \u0219i este ceva ce spun de fiecare dat\u0103 atunci c\u00e2nd am ocazia \u2013 istoria este (\u0219i) un fascinant exerci\u021biu de inteligen\u021b\u0103.<\/p>\n\n\n\n<p class=\"wp-block-paragraph\"><strong>\u00cemp\u0103rt\u0103\u0219e\u0219te-ne cum ai ajuns s\u0103 studiezi la Facultatea de Istorie din Bucure\u0219ti, ce a\u0219tept\u0103ri ai avut \u0219i cum a fost privit\u0103 decizia ta de c\u0103tre cei din jur.<\/strong><\/p>\n\n\n\n<p class=\"wp-block-paragraph\">S.P.: Am dat concurs la Facultatea de Istorie din Bucure\u0219ti dup\u0103 ce terminasem Facultatea de Filosofie, iar acest aspect a avut un oarecare avantaj \u00een felul \u00een care am \u00een\u021beles s\u0103 operez \u0219i s\u0103 analizez anumite concepte. \u00centr-un fel, poate c\u0103 un motiv\u00a0 a fost cartea profesorului Boia, <em>Istorie \u0219i mit \u00een con\u0219tiin\u021ba rom\u00e2neasc\u0103 <\/em>\u2013 o lucrare remarcabil\u0103, despre care a curs mult\u0103 cerneal\u0103 \u0219i care a creat o \u0219coal\u0103 de istoriografie \u00een Rom\u00e2nia. A fost un moment \u00een care am \u00een\u021beles c\u0103 a g\u00e2ndi \u00een acest domeniu, a corela date, a contextualiza \u0219i a urm\u0103ri cauzalitatea unor evenimente, este infinit mai important dec\u00e2t a le memora. Unora, poate \u0219i azi li se pare c\u0103 a fi istoric (profesor, cercet\u0103tor, arhivist) presupune de fapt a re\u021bine mecanic sute de ani \u0219i de a-i livra cu promptitudine atunci c\u00e2nd \u021bi se solicit\u0103. Total fals. Cum la fel de fals este \u0219i s\u0103 crezi c\u0103 po\u021bi avea competen\u021be pe tot domeniul istoric. E aberant s\u0103 crezi c\u0103 e\u0219ti familiarizat cu detaliile legate de Cultura V\u0103dastra \u0219i la fel de bine cuno\u0219ti subtilit\u0103\u021bile contextului b\u0103t\u0103liei de la Borodino sau ce s-a \u00eent\u00e2mplat cu tiara Massin pe care a de\u021binut-o la un moment dat regina Maria. Istoria cuprinde specialit\u0103\u021bi, absolven\u021bii se vor specializa \u00een func\u021bie de propriile alegeri \u0219i vor deveni, \u00een timp, profesioni\u0219ti ai domeniului de interes \u2013 \u0219i cronologic decupat \u00een trecut, fire\u0219te \u2013 pentru care au optat.<\/p>\n\n\n\n<p class=\"wp-block-paragraph\"><strong>Ce profesori \u0219i ce cursuri \u0219i-au pus amprenta asupra ta? Ce activit\u0103\u021bi extracurriculare \u021bi-au permis s\u0103-\u021bi valorifici pasiunile \u0219i s\u0103 te dezvol\u021bi pe plan personal \u0219i profesional?<\/strong><\/p>\n\n\n\n<p class=\"wp-block-paragraph\">S.P. : \u00cemi amintesc cu drag de mul\u021bi profesori \u2013 Lucian Boia, Zoe Petre, Adrian Cioroianu, Florentina Ni\u021bu, Bogdan Murgescu&#8230; fiecare, \u00een felul s\u0103u, \u00een domeniul \u00een care era specializat a avut contribu\u021bia personal\u0103 \u00een formarea noastr\u0103, implicit a mea. Uite, de exemplu acum m\u0103 bucur \u0219i sunt foarte m\u00e2ndr\u0103 c\u0103 mul\u021bi dintre fo\u0219tii mei colegi predau acum \u00een cadrul facult\u0103\u021bii \u0219i sunt, la r\u00e2ndul lor, ni\u0219te modele extraordinare.<\/p>\n\n\n\n<p class=\"wp-block-paragraph\"><strong>\u00cen continuare, poveste\u0219te-ne, te rog, o amintire pl\u0103cut\u0103 din perioada studen\u021biei, un moment pe care \u00eel consideri relevant pentru ce a \u00eensemnat s\u0103 fii student la FIUB.<\/strong><\/p>\n\n\n\n<p class=\"wp-block-paragraph\">S.P. : Sunt multe amintiri \u2013 uite, de exemplu, \u00eemi amintesc cu drag naturale\u021bea cu care un profesor de calibrul regretatei Zoe Petre st\u0103tea de vorb\u0103 la o \u021bigar\u0103 cu c\u00e2te un student. (\u0218i, adesea, orele din amfiteatru se prelungeau \u00een discu\u021bii interminabile \u0219i provocatoare pe coridoarele facult\u0103\u021bii). \u00cemi amintesc amabilitatea doamnei Murgescu \u00een momentul \u00een care cineva \u00eei solicita sprijinul la c\u00e2te un proiect de seminar. Discursul elegant despre Orient al doamnei Zaharia, ba chiar \u00eemi amintesc \u0219i acum povestea cu \u201eCapra s\u0103racului din Nippur\u201d \ud83d\ude0a M\u0103 amuz \u0219i acum g\u00e2ndindu-m\u0103 la orele de practic\u0103 atunci c\u00e2nd sp\u0103lam \u00eentr-un lighean cu un fel de periu\u021b\u0103 vertebrele unor lapida\u021bi din bronz, din Schela Cladovei \u0219i \u00eencercam s\u0103 le ghicesc o ordine&#8230;<\/p>\n\n\n\n<p class=\"wp-block-paragraph\"><strong>Care sunt abilit\u0103\u021bile, valorile, cuno\u0219tin\u021bele cele mai importante pe care le-ai dob\u00e2ndit pe parcursul studiilor de licen\u021b\u0103, master, doctorat la FIUB? Cum te ajut\u0103 \u00een via\u021ba de adult \u0219i \u00een cariera ta?<\/strong><\/p>\n\n\n\n<p class=\"wp-block-paragraph\">S.P. : Cred c\u0103 este suficient s\u0103 spun c\u0103 scriu acum cu o anumit\u0103 lejeritate cronici ale unor volume de istorie \u00een reviste de specialitate, or acest lucru nu ar fi fost posibil f\u0103r\u0103 s\u0103 fiu familiarizat\u0103 cu studiul documentelor, al surselor, al domeniului. \u0218i, fire\u0219te, nu a\u0219 fi scris propriile mele c\u0103r\u021bi despre comunism sau regalitate, dac\u0103 nu a\u0219 fi fost absolventa unei facult\u0103\u021bi de istorie&#8230;<\/p>\n\n\n\n<p class=\"wp-block-paragraph\"><strong>\u00cen ceea ce prive\u0219te activitatea ta din prezent, ce satisfac\u021bii are un cercet\u0103tor sau un jurnalist cultural?<\/strong><\/p>\n\n\n\n<p class=\"wp-block-paragraph\">S.P.: Se speculeaz\u0103 adesea, f\u0103r\u0103 vreo mali\u021biozitate, c\u0103 reu\u0219ita unui interviu din zona jurnalismului cultural, \u021bine \u00een primul r\u00e2nd de \u00eentreb\u0103rile adresate. \u00centreb\u0103rile bune, bine \u021bintate, impecabil formulate, provoac\u0103 (determin\u0103, atrag) r\u0103spunsuri (\u0219i) mai bune. Deci, odat\u0103 st\u0103p\u00e2n pe arta \u00eentreb\u0103rilor, te po\u021bi situa cu mai mult\u0103 naturale\u021be \u00een domeniul respectiv. Or, unde altundeva, dac\u0103 nu la facultatea de istorie, \u00eenve\u021bi s\u0103 adresezi (unui om, fenomen, context, document, situa\u021bii etc) \u00eentreb\u0103rile cele mai interesante?<\/p>\n\n\n\n<p class=\"wp-block-paragraph\"><strong>Ai recomanda tinerilor de ast\u0103zi \u0219i de m\u00e2ine Facultatea de Istorie din Bucure\u0219ti? De ce?<\/strong><\/p>\n\n\n\n<p class=\"wp-block-paragraph\">S.P. : Da, pentru c\u0103 nu te po\u021bi orienta ca intelectual f\u0103r\u0103 s\u0103 cuno\u0219ti discursul despre trecut. Pentru c\u0103 nu te po\u021bi raporta la contextul prezent, f\u0103r\u0103 s\u0103 ai \u00een vedere o a\u0219ezare fireasc\u0103 a unui eveniment \u00eentr-o structur\u0103 (fie ea politic\u0103, institu\u021bional\u0103, mentalitar\u0103 etc), f\u0103r\u0103 a-l interpreta din perspectiva cauzalit\u0103\u021bii \u0219i f\u0103r\u0103 a-l corela cu similitudini sau evenimente colaterale. Fire\u0219te, po\u021bi citi, po\u021bi alege singur s\u0103 \u00ee\u021bi alc\u0103tuie\u0219ti un discurs despre trecut, dar e de preferat s\u0103 \u00eenve\u021bi de la profesioni\u0219tii domeniului. Pentru c\u0103 \u2013 fie c\u0103 unii accept\u0103, fie c\u0103 nu \u2013 exist\u0103 un fel aparte de a interpreta un document, exist\u0103 o critic\u0103 a izvoarelor, o metodologie \u00een anumite domenii istorice \u2013 or, despre toate acestea te pot \u00eenv\u0103\u021ba la modul cel mai onorabil profesorii din cadrul facult\u0103\u021bii. Reduc\u021bionist vorbind, la facultatea de istorie \u00eenve\u021bi s\u0103 pui \u00eentreb\u0103ri, \u00eenve\u021bi s\u0103 g\u00e2nde\u0219ti, \u00eenve\u021bi profunzimea chestiunii \u201eDe ce (atunci)? (a\u0219a)?\u201d.<\/p>\n\n\n\n<p class=\"wp-block-paragraph\"><strong>\u00cen \u00eencheiere, te-a\u0219 ruga s\u0103 alegi un cuv\u00e2nt, unul singur, prin care s\u0103 rezumi semnifica\u021bia studen\u021biei tale la FIUB.<\/strong><\/p>\n\n\n\n<p class=\"wp-block-paragraph\">S.P. : LIBERTATE (a) de a g\u00e2ndi cu propria minte!<\/p>\n\n\n\n<p class=\"wp-block-paragraph\"><\/p>\n\n\n\n<blockquote class=\"wp-block-quote is-layout-flow wp-block-quote-is-layout-flow\"><p><strong>Interviu realizat pe Cosmin-Ionu\u021b Laz\u0103r, programul Istorie<\/strong>.<\/p><\/blockquote>\n\n\n\n<p class=\"wp-block-paragraph\"><\/p>\n","protected":false},"excerpt":{"rendered":"<p>Ast\u0103zi, vom afla mai multe despre ce \u00eenseamn\u0103 s\u0103 studiezi la Facultatea de Istorie de la Simona Preda, absolvent\u0103 a studiilor de licen\u021b\u0103 \u00een Istorie, a programului de master ,,Istoria ideilor, mentalit\u0103\u021bilor \u0219i a culturii de mas\u0103\u201d \u0219i a \u0218colii Doctorale de Istorie. \u00cen 2011, \u0219i-a sus\u021binut teza de doctorat, realizat\u0103 sub \u00eendrumarea prof. univ. [&hellip;]<\/p>\n","protected":false},"author":7,"featured_media":0,"parent":0,"menu_order":0,"comment_status":"closed","ping_status":"closed","template":"","meta":{"_crdt_document":"","jetpack_post_was_ever_published":false,"footnotes":""},"class_list":["post-6908","page","type-page","status-publish","hentry"],"jetpack_sharing_enabled":true,"jetpack_shortlink":"https:\/\/wp.me\/PaobZd-1Nq","jetpack-related-posts":[],"_links":{"self":[{"href":"https:\/\/istorie.unibuc.ro\/facultate\/wp-json\/wp\/v2\/pages\/6908","targetHints":{"allow":["GET"]}}],"collection":[{"href":"https:\/\/istorie.unibuc.ro\/facultate\/wp-json\/wp\/v2\/pages"}],"about":[{"href":"https:\/\/istorie.unibuc.ro\/facultate\/wp-json\/wp\/v2\/types\/page"}],"author":[{"embeddable":true,"href":"https:\/\/istorie.unibuc.ro\/facultate\/wp-json\/wp\/v2\/users\/7"}],"replies":[{"embeddable":true,"href":"https:\/\/istorie.unibuc.ro\/facultate\/wp-json\/wp\/v2\/comments?post=6908"}],"version-history":[{"count":1,"href":"https:\/\/istorie.unibuc.ro\/facultate\/wp-json\/wp\/v2\/pages\/6908\/revisions"}],"predecessor-version":[{"id":6910,"href":"https:\/\/istorie.unibuc.ro\/facultate\/wp-json\/wp\/v2\/pages\/6908\/revisions\/6910"}],"wp:attachment":[{"href":"https:\/\/istorie.unibuc.ro\/facultate\/wp-json\/wp\/v2\/media?parent=6908"}],"curies":[{"name":"wp","href":"https:\/\/api.w.org\/{rel}","templated":true}]}}