{"id":661,"date":"2018-10-28T16:58:13","date_gmt":"2018-10-28T16:58:13","guid":{"rendered":"http:\/\/newhis.bucharest.university\/?page_id=661"},"modified":"2021-01-20T15:22:59","modified_gmt":"2021-01-20T15:22:59","slug":"lect-univ-dr-silvana-rachieru","status":"publish","type":"page","link":"https:\/\/istorie.unibuc.ro\/facultate\/departamente\/relatii-internationale-si-istorie-universala\/lect-univ-dr-silvana-rachieru\/","title":{"rendered":"Conf. univ. dr. Silvana Rachieru"},"content":{"rendered":"\n<div class=\"wp-block-image\"><figure class=\"alignright is-resized\"><img data-recalc-dims=\"1\" loading=\"lazy\" decoding=\"async\" data-attachment-id=\"662\" data-permalink=\"https:\/\/istorie.unibuc.ro\/facultate\/departamente\/relatii-internationale-si-istorie-universala\/lect-univ-dr-silvana-rachieru\/unnamed\/\" data-orig-file=\"https:\/\/i0.wp.com\/istorie.unibuc.ro\/wp-content\/uploads\/2018\/10\/unnamed.jpg?fit=2048%2C1536&amp;ssl=1\" data-orig-size=\"2048,1536\" data-comments-opened=\"0\" data-image-meta=\"{&quot;aperture&quot;:&quot;0&quot;,&quot;credit&quot;:&quot;&quot;,&quot;camera&quot;:&quot;&quot;,&quot;caption&quot;:&quot;&quot;,&quot;created_timestamp&quot;:&quot;0&quot;,&quot;copyright&quot;:&quot;&quot;,&quot;focal_length&quot;:&quot;0&quot;,&quot;iso&quot;:&quot;0&quot;,&quot;shutter_speed&quot;:&quot;0&quot;,&quot;title&quot;:&quot;&quot;,&quot;orientation&quot;:&quot;0&quot;}\" data-image-title=\"unnamed\" data-image-description=\"\" data-image-caption=\"\" data-large-file=\"https:\/\/i0.wp.com\/istorie.unibuc.ro\/wp-content\/uploads\/2018\/10\/unnamed.jpg?fit=771%2C578&amp;ssl=1\" src=\"https:\/\/i0.wp.com\/newhis.bucharest.university\/wp-content\/uploads\/2018\/10\/unnamed.jpg?resize=265%2C199\" alt=\"\" class=\"wp-image-662\" width=\"265\" height=\"199\" srcset=\"https:\/\/i0.wp.com\/istorie.unibuc.ro\/wp-content\/uploads\/2018\/10\/unnamed.jpg?w=2048&amp;ssl=1 2048w, https:\/\/i0.wp.com\/istorie.unibuc.ro\/wp-content\/uploads\/2018\/10\/unnamed.jpg?resize=300%2C225&amp;ssl=1 300w, https:\/\/i0.wp.com\/istorie.unibuc.ro\/wp-content\/uploads\/2018\/10\/unnamed.jpg?resize=768%2C576&amp;ssl=1 768w, https:\/\/i0.wp.com\/istorie.unibuc.ro\/wp-content\/uploads\/2018\/10\/unnamed.jpg?resize=1024%2C768&amp;ssl=1 1024w, https:\/\/i0.wp.com\/istorie.unibuc.ro\/wp-content\/uploads\/2018\/10\/unnamed.jpg?resize=400%2C300&amp;ssl=1 400w, https:\/\/i0.wp.com\/istorie.unibuc.ro\/wp-content\/uploads\/2018\/10\/unnamed.jpg?w=1542&amp;ssl=1 1542w\" sizes=\"auto, (max-width: 265px) 100vw, 265px\" \/><\/figure><\/div>\n\n\n\n<p class=\"wp-block-paragraph\"><strong>Email<\/strong>:&nbsp;<a is=\"qowt-hyperlink\" href=\"chrome-extension:\/\/gbkeegbaiigmenfmjfclcdgdpimamgkj\/views\/qowt.html#mailto:silvana.rachieru@istorie.unibuc.ro\">silvana.rachieru@istorie.unibuc.ro<\/a><\/p>\n\n\n\n<p class=\"wp-block-paragraph\"><strong>Website<\/strong>:&nbsp;<a href=\"https:\/\/unibuc.academia.edu\/SilvanaRachieru\">https:\/\/unibuc.academia.edu\/SilvanaRachieru<\/a>&nbsp;<\/p>\n\n\n\n<p class=\"wp-block-paragraph\"><strong>Studii:<\/strong><\/p>\n\n\n\n<p class=\"wp-block-paragraph\">Doctorat \u00een istorie, Universitatea Bucure\u015fti, lucrarea&nbsp;<em>Rel<\/em><em>a\u0163ii rom\u00e2no-otomane (1878-1908)<\/em><em>,<\/em>&nbsp;2010.<\/p>\n\n\n\n<p class=\"wp-block-paragraph\">Master of Arts \u00een istorie central-european\u0103, Central European University, Budapesta, lucrarea&nbsp;<em>From Religious Minorities to National Minorities: the Millet System in&nbsp;<\/em><em>the&nbsp;<\/em><em>19th Century Ottoman Empire<\/em>, 1998.<\/p>\n\n\n\n<p class=\"wp-block-paragraph\">Licen\u0163\u0103 \u00een istorie, Facultatea de istorie, Universitatea&nbsp;Bucure\u015fti, lucrarea&nbsp;<em>Reprezentan\u0163a diplomatic\u0103 a Fran\u0163<\/em><em>ei \u00een Imperiul otoman 1795-1815<\/em>, 1997.<\/p>\n\n\n\n<p class=\"wp-block-paragraph\"><strong>Domenii de interes<\/strong><strong>:<\/strong><\/p>\n\n\n\n<p class=\"wp-block-paragraph\">istoria Imperiului otoman<\/p>\n\n\n\n<p class=\"wp-block-paragraph\">istorie modern\u0103 social\u0103 \u0219i diplomatic\u0103 \u00een sud-estul Europei<\/p>\n\n\n\n<p class=\"wp-block-paragraph\">istorie de gen<\/p>\n\n\n\n<p class=\"wp-block-paragraph\">rela\u021bii rom\u00e2no-otomane \u00een secolul al XIX-lea<\/p>\n\n\n\n<p class=\"wp-block-paragraph\">diploma\u021bie cultural\u0103<\/p>\n\n\n\n<p class=\"wp-block-paragraph\"><strong>Experien\u021b\u0103&nbsp;diploma\u021bie \u0219i management cultural<\/strong><strong>:<\/strong><\/p>\n\n\n\n<p class=\"wp-block-paragraph\">Director, rang diplomatic ministru consilier, Institutul Cultural Rom\u00e2n&nbsp;<em>Dimitrie Cantemir&nbsp;<\/em>Istanbul, 2011 \u2013 2015<\/p>\n\n\n\n<p class=\"wp-block-paragraph\">Director&nbsp;<em>ad interim<\/em>, ICR Istanbul, ianuarie &#8211; martie 2011.<\/p>\n\n\n\n<p class=\"wp-block-paragraph\">Director adjunct, rang diplomatic consilier diplomatic, ICR Istanbul, 2007- 2010.<\/p>\n\n\n\n<p class=\"wp-block-paragraph\">Coordonator de proiecte, ICR Istanbul, 2006 &#8211; 2007<\/p>\n\n\n\n<p class=\"wp-block-paragraph\"><strong>Cursuri sus\u021b<\/strong><strong>inute la Facultatea de Istorie:<\/strong><\/p>\n\n\n\n<ul class=\"wp-block-list\"><li>Istorie \u0219i civiliza\u021bie otoman\u0103, curs, anul II, istoria artei<\/li><li>Istoria Imperiului otoman \u015fi a sud-estului european, seminar, anul II, istorie<\/li><li>Alaturka \u0219i alafranga: modernizarea Imperiului otoman \u00een secolul al XIX-lea,&nbsp;curs master&nbsp;Experimente ale modernit\u0103\u021bii<\/li><li>Transform\u0103ri sociale \u015fi influen\u0163e culturale \u00een Imperiul Otoman \u00een sec. al XIX-lea, curs special, anul III, istorie<\/li><li>Diploma\u0163ie cultural\u0103, curs master Tehnici diplomatice<\/li><li>Surse ale istoriei moderne universale, seminar, anul II, istorie<\/li><li>Seminar metodologic,&nbsp;master Experimente ale modernit\u0103\u021bii<\/li><\/ul>\n\n\n\n<p class=\"wp-block-paragraph\"><strong>Publica\u021bii<\/strong><strong>:<\/strong><\/p>\n\n\n\n<p class=\"wp-block-paragraph\">Peste 30 de studii \u0219i articole publicate \u00een Rom\u00e2nia si \u00een str\u0103inatate dedicate rela\u021biilor diplomatice rom\u00e2no-otomane dupa 1878, perspectivei otomane asupra moderniz\u0103rii Vechiului Regat, istoriei moderne de gen \u00een Rom\u00e2nia.<\/p>\n\n\n\n<p class=\"wp-block-paragraph\"><strong>C\u0103r\u0163i:<\/strong><\/p>\n\n\n\n<p class=\"wp-block-paragraph\"><em>Rela\u021bii rom\u00e2no-otomane \u00eentre anii 1878-1908: diploma\u021bi \u0219i supu\u0219i otomani \u00een Vechiul Regat<\/em>, Editura Universit\u0103\u021bii Al. I. Cuza, Ia\u0219i,2018, 295 p.<\/p>\n\n\n\n<figure class=\"wp-block-embed is-type-rich is-provider-inglobeaza-manipulantul wp-block-embed-inglobeaza-manipulantul\"><div class=\"wp-block-embed__wrapper\">\nhttp:\/\/www.editura.uaic.ro\/produse\/rezultatele-cautarii-pentru\/rachieru\/diplomati-si-supusi-otomani-in-vechiul-regat-relatii-otomano-romane-intre-anii-1878-si-1908-1652\/1\n<\/div><\/figure>\n\n\n\n<p class=\"wp-block-paragraph\"><em>Ajut\u0103-\u0163i aproapele. Solidaritate uman\u0103 \u00een comunit\u0103\u0163ile de ieri \u015fi de azi \u2013 Concursul&nbsp;ISTORIA MEA-EUSTORY<\/em><strong>,&nbsp;<\/strong><em>edi\u0163ia a III-a, 2003-2004<\/em><strong>,&nbsp;<\/strong>volum \u00eengrijit de Mirela Lumini\u0163a Murgescu \u015fi Silvana Rachieru, Editura Dominor, Bucure\u015fti, 2005.<\/p>\n\n\n\n<p class=\"wp-block-paragraph\"><em>Copil\u0103ria \u015fi adolescen\u0163a alt\u0103dat\u0103. Tinerii de azi cerceteaz\u0103 istoria de ieri- Concursul ISTORIA MEA-EUSTORY, edi\u0163ia I, 2000,&nbsp;<\/em>volum \u00eengrijit de Mirela Lumini\u0163a Murgescu \u015fi Silvana Rachieru, Editura Dominor, Bucure\u015fti, 2003.<\/p>\n\n\n\n<p class=\"wp-block-paragraph\"><strong>Studii&nbsp;(selec\u021bie)<\/strong>:<\/p>\n\n\n\n<p class=\"wp-block-paragraph\"><em>Introducere. Comunitatea turc\u0103 din Dobrogea, o restituire istoric\u0103 \u0219i identitar\u0103 necesar\u0103&nbsp;<\/em>\u00een Istorie \u015fi identitate la turcii din Dobrogea \/ coord.: Adriana Cupcea,&nbsp;&nbsp;&nbsp;&nbsp; Koz\u00e1k Gyula. &#8211; Cluj-Napoca : Editura Institutuluipentru Studierea Problemelor Minorit\u0103\u0163ilor Na\u0163ionale, 2017, p. 9-14.<\/p>\n\n\n\n<p class=\"wp-block-paragraph\"><em>The \u201c1916\u201d Moment from the Perspective of the Ottoman-Romanian Relations\u2013 an Overview <\/em>\u00een Alexander Rubel, Claudiu-Lucian Topor (eds.), <em>The Untold War: Romania &#8211; between allies and enemies. 100 years aftert he entry into the war<\/em>, Hartung Gore Verlag: Konstanz, 2016, p. 83-92 <\/p>\n\n\n\n<p class=\"wp-block-paragraph\"><em>Teritoriu vechi, st\u0103p\u00e2n nou: vizite regale \u00een Dobrogea dup\u0103 1878 \u00een perspectiv\u0103 otoman\u0103&nbsp;<\/em>\u00een Aurel-Daniel St\u0103nic\u0103, Gabriel Custurea, Daniela St\u0103nic\u0103, Emanuel Plopeanu (editori),&nbsp;<em>Dobrogea otoman\u0103 \u2013 coordonate istorice \u0219i arheologice<\/em>, Ia\u0219i: StudIS, 2016, p. 229-234.<\/p>\n\n\n\n<p class=\"wp-block-paragraph\"><em>A Bey on Calea Victoriei: Ottoman Diplomats\u2019 Insight into the Romanian Society<\/em>&nbsp;\u00een Claudiu-Lucian Topor, Daniel Cain, Alexandru Istrate (eds.),&nbsp;<em>Through the Diplomats\u2019Eyes: Romanian Social Life in the Late 19th and Early 20th Century<\/em>, Parthenon Verlag: Kaiserslautern, 2016, p. 43-55.<\/p>\n\n\n\n<p class=\"wp-block-paragraph\"><em>De la \u201eTurcul cel R\u0103u\u201d la \u201eOtomanul cel Bun\u201d: reprezentan\u021bii diplomatici ai sultanului \u0219i integrarea lor \u00een \u00eenalta societate a Vechiului Regat<\/em>&nbsp;\u00een Claudiu-Lucian Topor, Alexandru Istrate, Daniel Cain (editori),<em>&nbsp;Diploma\u0163i, societate \u015fi mondenit\u0103\u0163i. Sf\u00e2r\u015fit de \u201eBelle \u00c9poque\u201d \u00een lumea rom\u00e2neasc\u0103<\/em>, Ia\u015fi, 2015, p. 425-437.<\/p>\n\n\n\n<p class=\"wp-block-paragraph\"><em>De la portete de familie la propagand\u0103 imperial\u0103: fotografia \u00een Imperiul otoman<\/em>&nbsp;\u00een Adrian-Silvan Ionescu (ed.),&nbsp;<em>Carol Popp de Szathmari si contemporanii s\u0103i,&nbsp;<\/em>Bucuresti, 2014, p. 113 -136.<\/p>\n\n\n\n<p class=\"wp-block-paragraph\"><em>A Social Perspective on the History of Modern Romanian diplomacy: the C<\/em><em>ase of the Royal&nbsp;<\/em><em>Legation of Romania to Istanbul<\/em>&nbsp;\u00een&nbsp;<em>Romanian and European Diplomacy. From Cabinet Diplomacy to the 21st Century Challenges<\/em>&nbsp;edited by Gh. Cliveti, Adrian-Bogdan Ceobanu, Adrian Vi\u0163alaru, Ionu\u0163 Nistor, Iasi, 2013, p. 125-139.<\/p>\n\n\n\n<p class=\"wp-block-paragraph\"><em>Ottoman Representatives in Romania: Diplomatic and Consular Network of the Sultan in a Former Vassal State<\/em>&nbsp;\u00een Maria Baramova, Plamen Mitev, Ivan Parvev, Vania Racheva (Eds.)&nbsp;<em>Power and Influence in South-Eastern Europe 16-19<\/em><em>th<\/em><em>&nbsp;century&nbsp;<\/em>, Berlin, 2013.&nbsp;p. 381-392.<\/p>\n\n\n\n<p class=\"wp-block-paragraph\"><em>\u00abThe Turks Were Not as Bad as Written in History Text Books\u00bb Aknowledging an Ottoman Legacy in Present-Day Romania<\/em>&nbsp;\u00een Raymond Detrez, Barbara Segaert (ed.),&nbsp;<em>Europe and the Historical Legacies in the Balkans<\/em>, Ed. Peter Lang, Bruxelles, 2008, p. 111-118.<\/p>\n\n\n\n<p class=\"wp-block-paragraph\"><em>\u201eThe Human Being able to practice the religion of human compassion\u201d. The Challenge of Training Professional Social Workers in Inter-War Romania<\/em>&nbsp;in Kurt Schilde, Dagmar Schulte (eds.),&nbsp;<em>Need and Care-Glimspes into the Beginnings of Eastern Europe\u2019s Professional Welfare,&nbsp;<\/em>Barbara Budrich Publishers, Opladen &amp; Bloomfield Hills, 2005.<\/p>\n\n\n\n<p class=\"wp-block-paragraph\"><em>Includerea\/excluderea social\u0103 a femeilor \u00een Rom\u00e2nia modern\u0103 (1878-1914)&nbsp;<\/em>\u00een&nbsp;<em>Despre femei \u015fi istoria lor \u00een Rom\u00e2nia,<\/em>&nbsp;ed. de Alin Ciupal\u0103, Bucure\u015fti, 2004.<\/p>\n\n\n\n<p class=\"wp-block-paragraph\"><em>Guerre, gendre et emigration: l&#8217;impact de<\/em>&nbsp;<em>la<\/em>&nbsp;<em>guerre d&#8217;independence sur les familles musulmanes de Dobroudja (1878-1888)<\/em>&nbsp;, \u00een&nbsp;<em>Noi perspective \u00een istoria social\u0103 \u00een Rom\u00e2nia \u015fi \u00een Fran\u0163a\/Nouvelle Perspectives dans l&#8217;histoire sociale en France et en Roumanie,<\/em>&nbsp;studii reunite de Alexandru Florin Platon, Cristina-Oghin\u0103-Pavie, Jacques-Guy Petit, Editura Universit\u0103\u0163ii \u201dAl.I. Cuza\u201d, Ia\u015fi,&nbsp;<\/p>\n\n\n\n<p class=\"wp-block-paragraph\"><\/p>\n","protected":false},"excerpt":{"rendered":"<p>Email:&nbsp;silvana.rachieru@istorie.unibuc.ro Website:&nbsp;https:\/\/unibuc.academia.edu\/SilvanaRachieru&nbsp; Studii: Doctorat \u00een istorie, Universitatea Bucure\u015fti, lucrarea&nbsp;Rela\u0163ii rom\u00e2no-otomane (1878-1908),&nbsp;2010. Master of Arts \u00een istorie central-european\u0103, Central European University, Budapesta, lucrarea&nbsp;From Religious Minorities to National Minorities: the Millet System in&nbsp;the&nbsp;19th Century Ottoman Empire, 1998. Licen\u0163\u0103 \u00een istorie, Facultatea de istorie, Universitatea&nbsp;Bucure\u015fti, lucrarea&nbsp;Reprezentan\u0163a diplomatic\u0103 a Fran\u0163ei \u00een Imperiul otoman 1795-1815, 1997. Domenii de interes: istoria [&hellip;]<\/p>\n","protected":false},"author":2,"featured_media":0,"parent":175,"menu_order":0,"comment_status":"closed","ping_status":"closed","template":"","meta":{"_crdt_document":"","jetpack_post_was_ever_published":false,"footnotes":""},"class_list":["post-661","page","type-page","status-publish","hentry"],"jetpack_sharing_enabled":true,"jetpack_shortlink":"https:\/\/wp.me\/PaobZd-aF","jetpack-related-posts":[],"_links":{"self":[{"href":"https:\/\/istorie.unibuc.ro\/facultate\/wp-json\/wp\/v2\/pages\/661","targetHints":{"allow":["GET"]}}],"collection":[{"href":"https:\/\/istorie.unibuc.ro\/facultate\/wp-json\/wp\/v2\/pages"}],"about":[{"href":"https:\/\/istorie.unibuc.ro\/facultate\/wp-json\/wp\/v2\/types\/page"}],"author":[{"embeddable":true,"href":"https:\/\/istorie.unibuc.ro\/facultate\/wp-json\/wp\/v2\/users\/2"}],"replies":[{"embeddable":true,"href":"https:\/\/istorie.unibuc.ro\/facultate\/wp-json\/wp\/v2\/comments?post=661"}],"version-history":[{"count":3,"href":"https:\/\/istorie.unibuc.ro\/facultate\/wp-json\/wp\/v2\/pages\/661\/revisions"}],"predecessor-version":[{"id":5890,"href":"https:\/\/istorie.unibuc.ro\/facultate\/wp-json\/wp\/v2\/pages\/661\/revisions\/5890"}],"up":[{"embeddable":true,"href":"https:\/\/istorie.unibuc.ro\/facultate\/wp-json\/wp\/v2\/pages\/175"}],"wp:attachment":[{"href":"https:\/\/istorie.unibuc.ro\/facultate\/wp-json\/wp\/v2\/media?parent=661"}],"curies":[{"name":"wp","href":"https:\/\/api.w.org\/{rel}","templated":true}]}}