{"id":658,"date":"2018-10-28T16:57:16","date_gmt":"2018-10-28T16:57:16","guid":{"rendered":"http:\/\/newhis.bucharest.university\/?page_id=658"},"modified":"2022-04-11T05:55:55","modified_gmt":"2022-04-11T05:55:55","slug":"lect-univ-dr-christian-nasulea","status":"publish","type":"page","link":"https:\/\/istorie.unibuc.ro\/facultate\/departamente\/relatii-internationale-si-istorie-universala\/lect-univ-dr-christian-nasulea\/","title":{"rendered":"Lect. Univ. Dr. Christian Nasulea"},"content":{"rendered":"<div class=\"wp-block-image\">\n<figure class=\"alignright is-resized\"><img data-recalc-dims=\"1\" loading=\"lazy\" decoding=\"async\" data-attachment-id=\"659\" data-permalink=\"https:\/\/istorie.unibuc.ro\/facultate\/departamente\/relatii-internationale-si-istorie-universala\/lect-univ-dr-christian-nasulea\/e6338385f7d91b76c790457cfa9ddf56\/\" data-orig-file=\"https:\/\/i0.wp.com\/istorie.unibuc.ro\/wp-content\/uploads\/2018\/10\/e6338385f7d91b76c790457cfa9ddf56.jpg?fit=336%2C400&amp;ssl=1\" data-orig-size=\"336,400\" data-comments-opened=\"0\" data-image-meta=\"{&quot;aperture&quot;:&quot;0&quot;,&quot;credit&quot;:&quot;&quot;,&quot;camera&quot;:&quot;&quot;,&quot;caption&quot;:&quot;&quot;,&quot;created_timestamp&quot;:&quot;0&quot;,&quot;copyright&quot;:&quot;&quot;,&quot;focal_length&quot;:&quot;0&quot;,&quot;iso&quot;:&quot;0&quot;,&quot;shutter_speed&quot;:&quot;0&quot;,&quot;title&quot;:&quot;&quot;,&quot;orientation&quot;:&quot;0&quot;}\" data-image-title=\"e6338385f7d91b76c790457cfa9ddf56\" data-image-description=\"\" data-image-caption=\"\" data-medium-file=\"https:\/\/i0.wp.com\/istorie.unibuc.ro\/wp-content\/uploads\/2018\/10\/e6338385f7d91b76c790457cfa9ddf56.jpg?fit=252%2C300&amp;ssl=1\" data-large-file=\"https:\/\/i0.wp.com\/istorie.unibuc.ro\/wp-content\/uploads\/2018\/10\/e6338385f7d91b76c790457cfa9ddf56.jpg?fit=336%2C400&amp;ssl=1\" src=\"https:\/\/i0.wp.com\/newhis.bucharest.university\/wp-content\/uploads\/2018\/10\/e6338385f7d91b76c790457cfa9ddf56.jpg?resize=185%2C220\" alt=\"\" class=\"wp-image-659\" width=\"185\" height=\"220\" srcset=\"https:\/\/i0.wp.com\/istorie.unibuc.ro\/wp-content\/uploads\/2018\/10\/e6338385f7d91b76c790457cfa9ddf56.jpg?w=336&amp;ssl=1 336w, https:\/\/i0.wp.com\/istorie.unibuc.ro\/wp-content\/uploads\/2018\/10\/e6338385f7d91b76c790457cfa9ddf56.jpg?resize=252%2C300&amp;ssl=1 252w\" sizes=\"auto, (max-width: 185px) 100vw, 185px\" \/><\/figure>\n<\/div>\n\n\n<p class=\"wp-block-paragraph\">Email:&nbsp;<a href=\"mailto:mailto:christian.nasulea@unibuc.ro\">christian.nasulea@unibuc.ro<\/a><br>Web:&nbsp;<a href=\"http:\/\/christian.nasulea.ro\/\">http:\/\/christian.nasulea.ro\/<\/a><\/p>\n\n\n\n<hr class=\"wp-block-separator has-alpha-channel-opacity\"\/>\n\n\n\n<p class=\"wp-block-paragraph\"><strong>Studii:<\/strong><\/p>\n\n\n\n<p class=\"wp-block-paragraph\">Doctorat in Management &#8211; Academia de Studii Economice din Bucuresti (2012)<br>Cu teza:&nbsp;<em>Tehnici de negociere pentru maximizarea eficientei investitiilor<\/em><\/p>\n\n\n\n<p class=\"wp-block-paragraph\">Master of Business Administration &#8211; Academia de Studii Economice din Bucuresti (2008)<\/p>\n\n\n\n<p class=\"wp-block-paragraph\">Licenta in Administrarea Afacerilor &#8211; Academia de Studii Economice din Bucuresti (2006)<\/p>\n\n\n\n<p class=\"wp-block-paragraph\">Licence Droit,&nbsp;<em>\u00c9<\/em>conomie et Gestion &#8211; Universit<em>\u00e9<\/em>&nbsp;d&#8217;Orl<em>\u00e9<\/em>ans (2005)<\/p>\n\n\n\n<hr class=\"wp-block-separator has-alpha-channel-opacity\"\/>\n\n\n\n<p class=\"wp-block-paragraph\"><strong>Domenii de interes:<\/strong><\/p>\n\n\n\n<p class=\"wp-block-paragraph\">Politici publice si stimuli pentru dezvoltarea economica<\/p>\n\n\n\n<p class=\"wp-block-paragraph\">Negociere politica si comerciala in relatiile internationale<\/p>\n\n\n\n<p class=\"wp-block-paragraph\">Economie comportamentala si procese decizionale<\/p>\n\n\n\n<hr class=\"wp-block-separator has-alpha-channel-opacity\"\/>\n\n\n\n<p class=\"wp-block-paragraph\"><strong>Cursuri sustinute la Facultatea de Istorie:<\/strong><\/p>\n\n\n\n<p class=\"wp-block-paragraph\">Economie Mondiala &#8211; Anul I, Relatii Internationale si Studii Europene (Licenta Zi)<\/p>\n\n\n\n<p class=\"wp-block-paragraph\">Globalism si Globalizare &#8211; Anul III, Relatii Internationale si Studii Europene (Licenta Zi)<\/p>\n\n\n\n<p class=\"wp-block-paragraph\">Idei si Structuri Economice in Lumea Contemporana &#8211; Anul II, Istoria si Practica Relatiilor Internationale (Master)<\/p>\n\n\n\n<p class=\"wp-block-paragraph\">Rolul Organizatiilor Internationale in Epoca Globalizarii &#8211; Anul II, Istoria si Practica Relatiilor Inernationale (Master)<\/p>\n\n\n\n<hr class=\"wp-block-separator has-alpha-channel-opacity\"\/>\n\n\n\n<p class=\"wp-block-paragraph\"><strong>Alte afilieri:<\/strong><\/p>\n\n\n\n<p class=\"wp-block-paragraph\">Cercetator afiliat&nbsp;<a href=\"https:\/\/fr.irefeurope.org\/Informations\/IREF-Europe\">Institut de Recherches Economiques et Fiscales (IREF)<\/a><\/p>\n\n\n\n<p class=\"wp-block-paragraph\">Director executiv al&nbsp;<a href=\"http:\/\/ies-europe.org\/index.php\/about\">Institute for Economic Studies &#8211; Europe (IES-Europe)<\/a><\/p>\n\n\n\n<hr class=\"wp-block-separator has-alpha-channel-opacity\"\/>\n\n\n\n<p class=\"wp-block-paragraph\"><strong>Lista selectiva de publicatii:<\/strong><\/p>\n\n\n\n<p class=\"wp-block-paragraph\"><a href=\"https:\/\/scholar.google.com\/citations?view_op=view_citation&amp;hl=en&amp;user=dnCxGlcAAAAJ&amp;citation_for_view=dnCxGlcAAAAJ:Tyk-4Ss8FVUC\">How Sanctions on Russia Impact the Economy of the European Union<\/a><\/p>\n\n\n\n<p class=\"wp-block-paragraph\"><a href=\"https:\/\/scholar.google.com\/citations?view_op=view_citation&amp;hl=en&amp;user=dnCxGlcAAAAJ&amp;citation_for_view=dnCxGlcAAAAJ:0EnyYjriUFMC\">Using Blockchain as a Platform for Smart Cities<\/a><\/p>\n\n\n\n<p class=\"wp-block-paragraph\"><a href=\"https:\/\/scholar.google.com\/citations?view_op=view_citation&amp;hl=en&amp;user=dnCxGlcAAAAJ&amp;citation_for_view=dnCxGlcAAAAJ:LkGwnXOMwfcC\">Cultural and Creative Economy: Challenges and Opportunities for Romania<\/a><\/p>\n\n\n\n<p class=\"wp-block-paragraph\"><a href=\"https:\/\/scholar.google.com\/citations?view_op=view_citation&amp;hl=en&amp;user=dnCxGlcAAAAJ&amp;citation_for_view=dnCxGlcAAAAJ:UebtZRa9Y70C\">The Polish Recipe<\/a><\/p>\n\n\n\n<p class=\"wp-block-paragraph\"><a href=\"https:\/\/www.academia.edu\/17782800\/The_Effects_of_Fiscal_Policy_Instability_on_Wind_Energy_Resource_Development_in_Romania\">The Effects of Fiscal Policy Instability on Wind Energy Resource Development in Romania<\/a><\/p>\n\n\n\n<p class=\"wp-block-paragraph\"><\/p>\n","protected":false},"excerpt":{"rendered":"<p>Email:&nbsp;christian.nasulea@unibuc.roWeb:&nbsp;http:\/\/christian.nasulea.ro\/ Studii: Doctorat in Management &#8211; Academia de Studii Economice din Bucuresti (2012)Cu teza:&nbsp;Tehnici de negociere pentru maximizarea eficientei investitiilor Master of Business Administration &#8211; Academia de Studii Economice din Bucuresti (2008) Licenta in Administrarea Afacerilor &#8211; Academia de Studii Economice din Bucuresti (2006) Licence Droit,&nbsp;\u00c9conomie et Gestion &#8211; Universit\u00e9&nbsp;d&#8217;Orl\u00e9ans (2005) Domenii de interes: Politici [&hellip;]<\/p>\n","protected":false},"author":2,"featured_media":0,"parent":175,"menu_order":0,"comment_status":"closed","ping_status":"closed","template":"","meta":{"_crdt_document":"","jetpack_post_was_ever_published":false,"footnotes":""},"class_list":["post-658","page","type-page","status-publish","hentry"],"jetpack_sharing_enabled":true,"jetpack_shortlink":"https:\/\/wp.me\/PaobZd-aC","jetpack-related-posts":[],"_links":{"self":[{"href":"https:\/\/istorie.unibuc.ro\/facultate\/wp-json\/wp\/v2\/pages\/658","targetHints":{"allow":["GET"]}}],"collection":[{"href":"https:\/\/istorie.unibuc.ro\/facultate\/wp-json\/wp\/v2\/pages"}],"about":[{"href":"https:\/\/istorie.unibuc.ro\/facultate\/wp-json\/wp\/v2\/types\/page"}],"author":[{"embeddable":true,"href":"https:\/\/istorie.unibuc.ro\/facultate\/wp-json\/wp\/v2\/users\/2"}],"replies":[{"embeddable":true,"href":"https:\/\/istorie.unibuc.ro\/facultate\/wp-json\/wp\/v2\/comments?post=658"}],"version-history":[{"count":4,"href":"https:\/\/istorie.unibuc.ro\/facultate\/wp-json\/wp\/v2\/pages\/658\/revisions"}],"predecessor-version":[{"id":9354,"href":"https:\/\/istorie.unibuc.ro\/facultate\/wp-json\/wp\/v2\/pages\/658\/revisions\/9354"}],"up":[{"embeddable":true,"href":"https:\/\/istorie.unibuc.ro\/facultate\/wp-json\/wp\/v2\/pages\/175"}],"wp:attachment":[{"href":"https:\/\/istorie.unibuc.ro\/facultate\/wp-json\/wp\/v2\/media?parent=658"}],"curies":[{"name":"wp","href":"https:\/\/api.w.org\/{rel}","templated":true}]}}