{"id":656,"date":"2018-10-28T16:56:14","date_gmt":"2018-10-28T16:56:14","guid":{"rendered":"http:\/\/newhis.bucharest.university\/?page_id=656"},"modified":"2021-01-20T15:22:20","modified_gmt":"2021-01-20T15:22:20","slug":"lect-univ-dr-alexandru-murad-mironov","status":"publish","type":"page","link":"https:\/\/istorie.unibuc.ro\/facultate\/departamente\/relatii-internationale-si-istorie-universala\/lect-univ-dr-alexandru-murad-mironov\/","title":{"rendered":"Conf. univ. dr. Alexandru-Murad Mironov"},"content":{"rendered":"\n<p class=\"wp-block-paragraph\"><strong>E-mail:&nbsp;<\/strong>alexandru.mironov@istorie.unibuc.ro<\/p>\n\n\n\n<p class=\"wp-block-paragraph\"><strong>Studii:<\/strong><br><\/p>\n\n\n\n<p class=\"wp-block-paragraph\">Doctorat &#8211; Universitatea din Bucure\u015fti (2010)<\/p>\n\n\n\n<p class=\"wp-block-paragraph\">Masterat &#8211; Teoria \u015fi practica edit\u0103rii la Facultatea de Litere, Universitatea din Bucure\u015fti<br><\/p>\n\n\n\n<p class=\"wp-block-paragraph\">Licen\u0163\u0103 &#8211; Facultatea de Istorie, Universitatea din Bucure\u015fti (1998)<\/p>\n\n\n\n<p class=\"wp-block-paragraph\"><strong>Domenii de interes:<\/strong><br><\/p>\n\n\n\n<ul class=\"wp-block-list\"><li>istorie contemporan\u0103<\/li><li>istorie social\u0103<\/li><li>istoria muncii<\/li><\/ul>\n\n\n\n<p class=\"wp-block-paragraph\"><strong>Cursuri sus\u021binute la facultate :<\/strong><\/p>\n\n\n\n<p class=\"wp-block-paragraph\">Seminarul de izvoare ale istoriei contemporane universale<\/p>\n\n\n\n<p class=\"wp-block-paragraph\">Seminarul de comunicare academic\u0103<\/p>\n\n\n\n<p class=\"wp-block-paragraph\">Curs op\u0163ional Istoria Ideii europene<\/p>\n\n\n\n<p class=\"wp-block-paragraph\">Curs \u015fi seminar Construc\u0163ia european\u0103<\/p>\n\n\n\n<p class=\"wp-block-paragraph\">Curs \u015fi seminar Politic\u0103 \u015fi societate \u00een America Latin\u0103 \u00een sec. al XIX-lea \u2013 al XX-lea<\/p>\n\n\n\n<p class=\"wp-block-paragraph\">Politici \u015fi structuri sociale \u00een perioada comunist\u0103<\/p>\n\n\n\n<p class=\"wp-block-paragraph\"><strong>Lista selectiv\u0103 de publica\u021bii<\/strong>:<br><\/p>\n\n\n\n<p class=\"wp-block-paragraph\">Alexandru-Murad Mironov<em>,&nbsp;<\/em><em>Vremea \u00eencerc\u0103rilor. Rela\u0163iile rom\u00e2no-sovietice,&nbsp;<\/em><em>1930-1940<\/em>, Institutul Na\u0163ional pentru Studiul Totalitarismului, Bucure\u015fti, 2013, 484 p., ISBN 978-973- 7861-75- 7.<\/p>\n","protected":false},"excerpt":{"rendered":"<p>E-mail:&nbsp;alexandru.mironov@istorie.unibuc.ro Studii: Doctorat &#8211; Universitatea din Bucure\u015fti (2010) Masterat &#8211; Teoria \u015fi practica edit\u0103rii la Facultatea de Litere, Universitatea din Bucure\u015fti Licen\u0163\u0103 &#8211; Facultatea de Istorie, Universitatea din Bucure\u015fti (1998) Domenii de interes: istorie contemporan\u0103 istorie social\u0103 istoria muncii Cursuri sus\u021binute la facultate : Seminarul de izvoare ale istoriei contemporane universale Seminarul de comunicare academic\u0103 [&hellip;]<\/p>\n","protected":false},"author":2,"featured_media":0,"parent":175,"menu_order":0,"comment_status":"closed","ping_status":"closed","template":"","meta":{"_crdt_document":"","jetpack_post_was_ever_published":false,"footnotes":""},"class_list":["post-656","page","type-page","status-publish","hentry"],"jetpack_sharing_enabled":true,"jetpack_shortlink":"https:\/\/wp.me\/PaobZd-aA","jetpack-related-posts":[],"_links":{"self":[{"href":"https:\/\/istorie.unibuc.ro\/facultate\/wp-json\/wp\/v2\/pages\/656","targetHints":{"allow":["GET"]}}],"collection":[{"href":"https:\/\/istorie.unibuc.ro\/facultate\/wp-json\/wp\/v2\/pages"}],"about":[{"href":"https:\/\/istorie.unibuc.ro\/facultate\/wp-json\/wp\/v2\/types\/page"}],"author":[{"embeddable":true,"href":"https:\/\/istorie.unibuc.ro\/facultate\/wp-json\/wp\/v2\/users\/2"}],"replies":[{"embeddable":true,"href":"https:\/\/istorie.unibuc.ro\/facultate\/wp-json\/wp\/v2\/comments?post=656"}],"version-history":[{"count":2,"href":"https:\/\/istorie.unibuc.ro\/facultate\/wp-json\/wp\/v2\/pages\/656\/revisions"}],"predecessor-version":[{"id":5889,"href":"https:\/\/istorie.unibuc.ro\/facultate\/wp-json\/wp\/v2\/pages\/656\/revisions\/5889"}],"up":[{"embeddable":true,"href":"https:\/\/istorie.unibuc.ro\/facultate\/wp-json\/wp\/v2\/pages\/175"}],"wp:attachment":[{"href":"https:\/\/istorie.unibuc.ro\/facultate\/wp-json\/wp\/v2\/media?parent=656"}],"curies":[{"name":"wp","href":"https:\/\/api.w.org\/{rel}","templated":true}]}}