{"id":650,"date":"2018-10-28T16:53:05","date_gmt":"2018-10-28T16:53:05","guid":{"rendered":"http:\/\/newhis.bucharest.university\/?page_id=650"},"modified":"2024-09-29T05:43:20","modified_gmt":"2024-09-29T05:43:20","slug":"conf-dr-valentin-bottez","status":"publish","type":"page","link":"https:\/\/istorie.unibuc.ro\/facultate\/departamente\/istorie-antica-arheologie-si-istoria-artei\/conf-dr-valentin-bottez\/","title":{"rendered":"Conf. Univ. Dr. Valentin Bottez"},"content":{"rendered":"\n<p class=\"wp-block-paragraph\"><\/p>\n\n\n\n<p class=\"wp-block-paragraph\"><strong>Email:<\/strong>\u00a0<a href=\"mailto:valentin.bottez@istorie.unibuc.ro\">valentin.bottez@istorie.unibuc.ro<\/a><\/p>\n\n\n\n<p class=\"wp-block-paragraph\"><strong>Studii:<\/strong><\/p>\n\n\n\n<ul class=\"wp-block-list\">\n<li>Doctorat (Facultatea de Istorie, Universitatea din Bucure\u0219ti, 2009).<\/li>\n\n\n\n<li>Master (Facultatea de Istorie, Universitatea din Bucure\u0219ti, 2004)<\/li>\n\n\n\n<li>Licen\u021b\u0103 (Facultatea de Istorie, Universitatea din Bucure\u0219ti, 2002).<\/li>\n\n\n\n<li><\/li>\n<\/ul>\n\n\n\n<p class=\"wp-block-paragraph\"><strong>Domenii de interes:<\/strong><\/p>\n\n\n\n<p class=\"wp-block-paragraph\">Istorie, art\u0103 \u0219i arheologie clasic\u0103 greco-roman\u0103 \u015fi romano-bizantin\u0103;<\/p>\n\n\n\n<p class=\"wp-block-paragraph\">Arheologie provincial\u0103 roman\u0103; <\/p>\n\n\n\n<p class=\"wp-block-paragraph\">Epigrafie; <\/p>\n\n\n\n<p class=\"wp-block-paragraph\">Religii romane; <\/p>\n\n\n\n<p class=\"wp-block-paragraph\">Topografia ora\u0219elor antice; <\/p>\n\n\n\n<p class=\"wp-block-paragraph\">Urbanismul ora\u0219elor antice; <\/p>\n\n\n\n<p class=\"wp-block-paragraph\">Locuire roman\u0103 rural\u0103; <\/p>\n\n\n\n<p class=\"wp-block-paragraph\">Paleocre\u015ftinism.<\/p>\n\n\n\n<p class=\"wp-block-paragraph\"><\/p>\n\n\n\n<p class=\"wp-block-paragraph\"><strong>Cursuri sustinute la facultate:<\/strong><\/p>\n\n\n\n<p class=\"wp-block-paragraph\">Arheologie general\u0103: Metode \u0219i practici \u00een arheologie (Licen\u021b\u0103, Istorie, Anul I, Sem. I) <\/p>\n\n\n\n<p class=\"wp-block-paragraph\">Introducere \u00een istoria antic\u0103 universal\u0103: Roma \u0219i Imperiul roman. Expansiune \u0219i diploma\u021bie roman\u0103 \u00een spa\u021biul mediteranean (Licen\u021b\u0103, Istorie\/RISE, Anul I, Sem. II)<\/p>\n\n\n\n<p class=\"wp-block-paragraph\">Curs op\u021bional &#8211; Arheologie roman\u0103 (LIcen\u021b\u0103, Istorie, Anii II \u0219i III, Sem. I)<\/p>\n\n\n\n<p class=\"wp-block-paragraph\">Curs special &#8211; Urbanism \u0219i arhitectur\u0103 \u00een lumea roman\u0103 (Licen\u021b\u0103, Istorie, Anul III, Sem. I)<\/p>\n\n\n\n<p class=\"wp-block-paragraph\">Centre urbane ale civiliza\u021biei mediteraneene \u00een epoca roman\u0103 (Master SAMA, Anul I, Sem. II)<\/p>\n\n\n\n<p class=\"wp-block-paragraph\">Arhitectura puterii \u00een Roma antic\u0103 (Master IAFC, Anul II, Sem. I)<\/p>\n\n\n\n<p class=\"wp-block-paragraph\">Laborator de metode recente \u00een studiul antichit\u0103\u021bii (Master SAMA, Anul II, Sem. II)<\/p>\n\n\n\n<p class=\"wp-block-paragraph\"><\/p>\n\n\n\n<p class=\"wp-block-paragraph\"><strong>Consultatii:<\/strong><\/p>\n\n\n\n<p class=\"wp-block-paragraph\">Luni intre orele 14:00 \u2013 16:00<\/p>\n\n\n\n<p class=\"wp-block-paragraph\"><\/p>\n\n\n\n<p class=\"wp-block-paragraph\"><strong>Lista selectiva de publicatii:<\/strong><\/p>\n\n\n\n<p class=\"wp-block-paragraph\"><strong>Carti\/capitole \u00een car\u021bi<\/strong><\/p>\n\n\n\n<p class=\"wp-block-paragraph\">V. BOTTEZ, Cultul imperial \u00een provincia Moesia Inferior (sec. I-III p.Chr.). Bucure\u0219ti: Ed. Universit\u0103\u021bii din Bucure\u0219ti, 2009. <\/p>\n\n\n\n<p class=\"wp-block-paragraph\">Volume coordonate\/editate <\/p>\n\n\n\n<p class=\"wp-block-paragraph\">V. NISTOR, Em. ALEXANDRESCU, L. ANTAL \u0219i V. BOTTEZ (ed.), Romanian Archaeological Institute in Athens Bulletin, 1\/2019, 184p., ISSN 2668-5442, ISSN-L 2668-5442. <\/p>\n\n\n\n<p class=\"wp-block-paragraph\">V. BOTTEZ (ed.). Pars Orientis. Contribu\u021bii la istoria civiliza\u021biei europene (volum omagial acad. Em. Condurachi). Bucure\u0219ti: Ed. Academiei, 2019, ISBN 978-973-27-3021-8. <\/p>\n\n\n\n<p class=\"wp-block-paragraph\">V. NISTOR, A. LI\u021aU, V. BOTTEZ, A. IONESCU (ed.), Magistra\u021bi \u0219i eunuci. Putere formal\u0103 \u0219i putere real\u0103 \u00een antichitatea t\u00e2rzie. Bucharest, 2016, 295 p.; <\/p>\n\n\n\n<p class=\"wp-block-paragraph\">M. V. ANGELESCU, I. ACHIM, A. B\u00c2LT\u00c2C, V. RUSU-BOLINDE\u0162 \u0219i V. BOTTEZ (ed.). Antiquitas istro-pontica. M\u00e9langes d\u2019arch\u00e9ologie et d\u2019histoire ancienne offerts \u00e0 Alexandru Suceveanu. Cluj-Napoca: Ed. Mega, 2010.<\/p>\n\n\n\n<p class=\"wp-block-paragraph\"><strong>Articole\/studii<\/strong><\/p>\n\n\n\n<p class=\"wp-block-paragraph\">V. BOTTEZ, R. PENEA, I. ILIESCU, Preliminary report of the excavations at Histria, the Acropolis Centre-South Sector (IV). The 2019-2020 campaigns, Peuce S.N. 22, 205-221. <\/p>\n\n\n\n<p class=\"wp-block-paragraph\">V. BOTTEZ, \u00c9tat des recherches \u00e0 Istros-Histria, Roumanie (2014-2022), Pelarg\u00f2s 4, 2023, 197-216. <\/p>\n\n\n\n<p class=\"wp-block-paragraph\">R.-O. ST\u0102NESCU, V. BOTTEZ, I. ILIESCU, A \u2033Virgin\u2033 Wilderness? The Beidaud Archaeological Microzone, \u00een G. Nu\u021bu, S.-C. Ailinc\u0103i, A. \u021a\u00e2rlea, E. \u0218tefan (ed.), HERiPRENEURSHIP. Sustainable Tourism, Heritage Management and the Cultural and Creative Industries: Creating New Investment Opportunities at Places of Cultural Significance. Proceedings of an International Conference Tulcea, June 8th-9th 2023, Ed. Mega, 2023, 311-318. <\/p>\n\n\n\n<p class=\"wp-block-paragraph\">A. \u0218ERB\u0102NESCU, V. BOTTEZ, C. ROTH, Investigations at an Early Roman vicus in Moesia Inferior \u2013the tale of the Beidaud site (Tulcea County, Romania), \u00een T. Wunderlich, H. Hadler and R. Blankenfeldt (eds.), Advances in On- and Offshore Archaeological Prospection. Proceedings of the 15th International Conference on Archaeological Prospection, Kiel, 2023, 257-260. DOI: https:\/\/doi.org\/10.38072\/978-3-928794-83-1\/p51 <\/p>\n\n\n\n<p class=\"wp-block-paragraph\">V. BOTTEZ, Istros au temps de Dinu Theodorescu et aujourd\u2019hui, \u00een M. Cipriani, E. Greco, A. Pontrandolfo (ed.), Dialoghi sull\u2019Archeologia della Magna Grecia e del Mediterraneo, Atti del VI Convegno Internazionale di Studi. Architettura, urbanistica e societ\u00e0 delle colonie greche, In memoria di Dinu Theodorescu, Paestum, 1-3 ottobre 2021, Pandemos, 2023, 33-42. ISBN 978-88-87744-99-6 <\/p>\n\n\n\n<p class=\"wp-block-paragraph\">I. ILIESCU, R. ST\u0102NESCU, V. BOTTEZ, New Data Regarding the Chronology of the Roman Rural Settlement from the Beidaud Archaeological Microzone, CICSA online S.N., 8, 2022, 76-118. Al. LI\u021aU, V. BOTTEZ, An Evaluation of the Ithaca Tool Performance for Restoring Lost Texts (Ancient Greek), capitol \u00een M. Chitez, A. Dinu, L. Dinu, M. Dobre (ed.), Recent Advances in Digital Humanities. Romance Language Applications, Peter Lang, 2022, 149-169, ISBN \u200f : \u200e 3631811470; DOI: 10.3726\/b19920 <\/p>\n\n\n\n<p class=\"wp-block-paragraph\">Al. \u021a\u00c2RLEA, I. ILIESCU, V. BOTTEZ, A Display of Faith. The sign of the cross in household contexts from Scythia Minor during the Late Roman period (4th \u2013 6th centuries AD), Peuce S.N. 20, 2022, 147-194. V. BOTTEZ, Preliminary report of the excavations at Histria, the Acropolis Centre-South Sector (2017-2018), Peuce S.N. 20, 2022, 129-168. V. BOTTEZ, P. ROTHENHOEFER, A gift for Dea Syria from Moukaporis, son of Ditoukenthos. In: J. Boardman, J. Hargrave, A. Avram and A. Podosinov (eds.), Connecting the Ancient West and East. Studies presented to Prof. Gocha R. Tsetskhladze, vol. I, Peeters, 2022, 165-172. <\/p>\n\n\n\n<p class=\"wp-block-paragraph\">V. BOTTEZ, The Beidaud Archaeological Microzone Research Project. Preliminary report on the 2020 and 2021 campaigns, Cercet\u0103ri Arheologice 29(1), 2022, 35-56. V. BOTTEZ, V. APOSTOL, Dinu Theodorescu, \u00een V. SPINEI, D. RUSU (ed.), Enciclopedia Reprezentan\u021bilor Scrisului Istoric Rom\u00e2nesc, Suceava, Ed. Karl A. Romstorfer, 284-285. <\/p>\n\n\n\n<p class=\"wp-block-paragraph\">A. LI\u021aU, V. BOTTEZ, Three new inscriptions from the Acropol\u0103 Centru-Sud Sector in Istros, CICSA online NS 7, 2021, 85-94. I. ILIESCU, V. BOTTEZ, North-African Imports Attested in the West-Pontic Area. Late Roman Products Recently Discovered in Istros. In : A. MRABET, F. BOH\u00c2L\u021aEA MIHU\u021a (eds.), In Africa et in Moesia. Fronti\u00e8res du monde romain. Partager le patrimoine de l\u2019Afrique du Nord et du Bas Danube \/ Borders of the Roman World. Sharing Heritage of North Africa and the Lower Danube. Bucharest: Ed. Universit\u0103\u021bii din Bucure\u0219ti, 2021, 131-150. <\/p>\n\n\n\n<p class=\"wp-block-paragraph\">V. BOTTEZ, The Beidaud Project (2020-2021). In : A. MRABET, F. BOH\u00c2L\u021aEA MIHU\u021a (eds.). In Africa et in Moesia. Fronti\u00e8res du monde romain. Partager le patrimoine de l\u2019Afrique du Nord et du Bas Danube \/ Borders of the Roman World. Sharing Heritage of North Africa and the Lower Danube. Bucure\u0219ti: Ed. Universit\u0103\u021bii din Bucure\u0219ti, 2021, 243-254. <\/p>\n\n\n\n<p class=\"wp-block-paragraph\">I. ILIESCU, V. BOTTEZ, Late Roman Lamps discovered in Istros, on the Acropolis Centre-South Sector (2013-220 campaigns). Peuce, S.N. 20, 2021, 181-224. V. BOTTEZ, F. TOPOLEANU, A New Relief of the Thracian Horseman from Halmyris. Peuce S.N., 20, 2021, 163-171. <\/p>\n\n\n\n<p class=\"wp-block-paragraph\">I. ILIESCU, V. BOTTEZ, Late Roman tableware imports (from recent research in Histria\/Istros). In: G. Tsetskhladze, A. Avram, J. Hargrave (eds.), The Greeks and Romans in the Black Sea and the Importance of the Pontic Region for the Graeco-Roman World (7th century BC \u2013 5th century AD): 20 Years On (1997-2017). Proceedings of the Sixth International Congress on Black Sea Antiquities 5 (Constan\u021ba \u2013 18-22 September 2017), Oxford: Archaeopress Archaeology, 2021, 571-57; DOI: 10.2307\/j.ctv1pdrqhw.78 <\/p>\n\n\n\n<p class=\"wp-block-paragraph\">V. BOTTEZ, G. TALMA\u021aCHI, New masters \u2013 new rules. The beginning of the Roman Imperial cult in Istros. In: G. Tsetskhladze, A. Avram, J. Hargrave (eds.), The Greeks and Romans in the Black Sea and the Importance of the Pontic Region for the Graeco-Roman World (7th century BC \u2013 5th century AD): 20 Years On (1997-2017). Proceedings of the Sixth International Congress on Black Sea Antiquities (Constan\u021ba \u2013 18-22 September 2017), Oxford: Archaeopress Archaeology, 2021, 488-492. DOI: 10.2307\/j.ctv1pdrqhw.70 <\/p>\n\n\n\n<p class=\"wp-block-paragraph\">I. ACHIM, V. BOTTEZ, M. ANGELESCU, L. CLIANTE, Al. \u021a\u00c2RLEA, Al. LI\u021aU, A city reconfigured: old and new research concerning Late Roman urbanism in Istros. In: G. Tsetskhladze, A. Avram, J. Hargrave (eds.), The Greeks and Romans in the Black Sea and the Importance of the Pontic Region for the Graeco-Roman World (7th century BC \u2013 5th century AD): 20 Years On (1997-2017). Proceedings of the Sixth International Congress on Black Sea Antiquities (Constan\u021ba \u2013 18-22 September 2017), Oxford: Archaeopress Archaeology, 2021, 477-487. DOI: 10.2307\/j.ctv1pdrqhw.69 <\/p>\n\n\n\n<p class=\"wp-block-paragraph\">Al. LI\u021aU, V. BOTTEZ, Al. \u021a\u00c2RLEA, Cultes marins, cultes ioniens en mer Noire. In: G. Tsetskhladze, A. Avram, J. Hargrave (eds.), The Greeks and Romans in the Black Sea and the Importance of the Pontic Region for the Graeco-Roman World (7th century BC \u2013 5th century AD): 20 Years On (1997-2017). Proceedings of the Sixth International Congress on Black Sea Antiquities (Constan\u021ba \u2013 18-22 September 2017), Oxford: Archaeopress Archaeology, 2021, 142-151. DOI: 10.2307\/j.ctv1pdrqhw.25 <\/p>\n\n\n\n<p class=\"wp-block-paragraph\">A. BIVOLARU, V. BOTTEZ, A. AS\u0102NDULESEI, A. VLADU, M. GIAIME, C. MORHANGE, Istros, Black Sea coast, Romania. A geoarchaeological perspective regarding the harbour(s) location. In: S. Demesticha, L. Blue et al. (eds), Under the Mediterranean I. Studies in Maritime Archaeology, Leiden: Sidestone Press, 2021, 299-320. Al. LI\u021aU, Al. BIVOLARU, V. BOTTEZ, Stamped material from the S\u0103r\u0103tur\u0103 sector in Istros\/Histria (Romania), CICSA online NS, 6, 2020, 107-116. V. BOTTEZ, Al. LI\u021aU, A Travelling stone from Callatis. Pontica 53, 2020, 237-240; <\/p>\n\n\n\n<p class=\"wp-block-paragraph\">V. BOTTEZ, Ciuma din timpul \u00eemp\u0103ratului Iustinian. Perspective \u0219i controverse. In: D. Zaharia (ed.), Epidemii \u00een istorie. Bucure\u0219ti, Ed. Cetatea de Scaun, 2020, 67-75. V. BOTTEZ, Al. \u021a\u00c2RLEA, Al. LI\u021aU, I. ILIESCU, A. CONSTANTIN, Recent research on Late Roman dwellings on the acropolis of Istros (Constan\u021ba County, Romania). CICSA online NS 5, 2019, 105-120. V. BOTTEZ, Al. \u021a\u00c2RLEA, Al. LI\u021aU, I. ILIESCU, Late urban planning in Istros. A previously unknown 6TH c. AD insula on the city\u2019s acropolis. RAIA Bulletin 1, 2019, 125-137. <\/p>\n\n\n\n<p class=\"wp-block-paragraph\">C. BELDIMAN, V. BOTTEZ, D.-M. BELDIMAN, Al. BIVOLARU, Histria \u2013 Acropol\u0103 Centru-Sud. Date asupra artefactelor din materii dure animale (II). MCA S.N. XV, 2019, 105-122. V. BOTTEZ, Cercet\u0103rile echipei UB pe Sectorul Acropol\u0103 Centru-Sudde la Histria.CICSA online NS 4, 2018, 102-104. https:\/\/cicsaunibuc.files.wordpress.com\/2019\/03\/anul-iv-2018.pdf accesat pe 01.01.2020, 15:53. <\/p>\n\n\n\n<p class=\"wp-block-paragraph\">V. BOTTEZ, Mithras in Moesia Inferior. New data and new perspectives. Acta Ant. Hung. 58, 2018, 243-262. Al. LI\u021aU, Al. \u021a\u00c2RLEA, I. ILIESCU, V. BOTTEZ, Timbres amphoriques in\u00e9dits du Secteur Acrop\u00f4le Centre-Sud (ACS) d\u2019Histria (2013-2018). Peuce S.N. XVI, 2018, 31-40. <\/p>\n\n\n\n<p class=\"wp-block-paragraph\">V. BOTTEZ, Al. \u021a\u00c2RLEA, Al. LI\u021aU, I. ILIESCU, Preliminary report of the excavations at Histria, the Acropolis Centre-South Sector (2015-2016), Peuce S.N. XVI, 2018, 281-324. <\/p>\n\n\n\n<p class=\"wp-block-paragraph\">C. BELDIMAN, V. BOTTEZ, A. \u021a\u00c2RLEA, D.-M. BELDIMAN, Histria Acropol\u0103 Centru-Sud. Date asupra artefactelor din materii dure animale (I). MCA N.S. 14, 2018, 169-195. <\/p>\n\n\n\n<p class=\"wp-block-paragraph\">I. ILIESCU, V. BOTTEZ, Late Roman African Red Slip Ware from the Acropolis Centre-South Sector (Histria). MCA N.S. 14, 2018, 155-167. <\/p>\n\n\n\n<p class=\"wp-block-paragraph\">Al. BIVOLARU, M. GIAIME, V. ROSSI, V. BOTTEZ, N. MARRINER, C. MORHANGE, V. LUNGU, M. STREINU, Between the Danube Delta and the Black Sea. Preliminary results of a multi-proxy analysis of three archaeological sites (Histria, Halmyris, Enisala) on the Danube Delta, Romania. \u00cen:D. Yi\u011fit Pa\u015fa, H. \u00d6niz, A. Tem\u00fcr (ed.): Black Sea Archaeology Studies. Recent developments, Istanbul, 2018, 16-31. <\/p>\n\n\n\n<p class=\"wp-block-paragraph\">M.V. ANGELESCU, V. BOTTEZ, I. ACHIM, Histria. New research on the Early Christian basilica in the southern part of the acropolis. Dacia, N.S., 61, 2017 (2019), 103-153. <\/p>\n\n\n\n<p class=\"wp-block-paragraph\">M. NEGRU, F. BOH\u00c2L\u021aEA-MIHU\u021a, I. S\u0102VULESCU, I. POLL, Al. LI\u021aU, V. BOTTEZ, Considera\u021bii privind produc\u021bia de c\u0103r\u0103mizi romane la Romula. Procese tehnologice \u0219i produse. Arheovest V1, 2017, 451-467. <\/p>\n\n\n\n<p class=\"wp-block-paragraph\">I. ILIESCU, V. BOTTEZ, A. \u021a\u00c2RLEA, Al. LI\u021aU and Al. BIVOLARU, Late Roman C wares discovered at Histria in the Acropolis Centre\u2010South sector (2013 and 2014). MCA s.n., XIII, 2017, 47-72. <\/p>\n\n\n\n<p class=\"wp-block-paragraph\">V. BOTTEZ, The gerousia of Istros revisited. Dacia, N.S., 61, 2017, 223-239. Al. BIVOLARU, V. BOTTEZ, Roman lamps discovered at Histria, in the Acropolis Centre-South Sector (2013 and 2015). MCA (s.n.), XII,2016, 131-140; <\/p>\n\n\n\n<p class=\"wp-block-paragraph\">V. BOTTEZ, Old digs, new data. Archaeological topography of the southern part of the acropolis of Istros. \u00cen: Proceedings of the Fifth International Congres on Black Sea Antiquities. The Danubian Lands between the Black, Aegean and Adriatic Seas (7th Century BC \u2013 10th Century AD). Belgrade, 17-21 September 2014. Oxford, 2015, 363-369; <\/p>\n\n\n\n<p class=\"wp-block-paragraph\">V. BOTTEZ, Al. LI\u021aU, Al. \u021a\u00c2RLEA, Preliminary results of the excavations at Histria, the Acropol\u0103 Centru-Sud Sector (2013\u20132014). MCA (s.n.), XI, 2015, 157-192; <\/p>\n\n\n\n<p class=\"wp-block-paragraph\">V. BOTTEZ, Implementing Roman rule in Greek cities on the western Black Sea coast. The role of the imperial cult. Classica et Christiana, 10, 2015, 51-66; <\/p>\n\n\n\n<p class=\"wp-block-paragraph\">V. BOTTEZ, M. DAB\u00ceCA, V. DUMITRA\u0218CU, A. SOFICARU, A new inhumation grave with ritual offering from the last period of Histria\u2019s existence. Pontica Suppl. 2014, 291-326; V. BOTTEZ, Three new inscriptions from Istros. Dacia, N.S., 57, 2014, 285-292; <\/p>\n\n\n\n<p class=\"wp-block-paragraph\">Al. B\u0102DESCU, V. BOTTEZ, Lamps discovered at Histria, in the Acropola Centru-Sud Sector in 2014, Pontica Suppl. 2014, 223-238; <\/p>\n\n\n\n<p class=\"wp-block-paragraph\">V. BOTTEZ, Histria. The Basilica \u201cP\u00e2rvan\u201d Sector (II). Late Roman buildings west of the Christian basilica (2001-2013). MCA (s.n.), X,2014, 243-263; <\/p>\n\n\n\n<p class=\"wp-block-paragraph\">V. BOTTEZ, Triptolemos on a Coin. Religion and the Foundation Myths in Ancient Greek Cities. Analele Universit\u0103\u021bii din Bucure\u0219ti (I), 2013, 77-86; <\/p>\n\n\n\n<p class=\"wp-block-paragraph\">V. BOTTEZ, Traian \u0219i monumentele de propaganda, Historia. Num\u0103r special. An II, nr. 3, iunie 2013; V. BOTTEZ, Edit\u00e2ndu-l pe Emil Condurachi. \u00cen: Antidoron. Centenarul acad. Emil Condurachi (1912-2012). Bucuresti: Ed. Academiei Romane, 2012, 69-71; <\/p>\n\n\n\n<p class=\"wp-block-paragraph\">V. BOTTEZ. Dinu Theodorescu (1929-2010). Necrologue. Caietele ARA 2011, 2, 225-228 = SCIVA 61(34), 2010, 379-384;<\/p>\n\n\n\n<p class=\"wp-block-paragraph\">V. BOTTEZ, Kebriones and Odysseus on a graffito discovered at Histria (Constan\u0163a County, Romania). \u00cen: M. V. ANGELESCU, I. ACHIM, A. B\u00c2LT\u00c2C, V. RUSU-BOLINDE\u0162 \u0219i V. BOTTEZ (ed.). Antiquitas istro-pontica. M\u00e9langes d\u2019arch\u00e9ologie et d\u2019histoire ancienne offerts \u00e0 Alexandru Suceveanu. Cluj-Napoca: Ed. Mega, 2010, 43-50; <\/p>\n\n\n\n<p class=\"wp-block-paragraph\">M. V. ANGELESCU, V. BOTTEZ, Histria. The Basilica \u201cP\u00e2rvan\u201d Sector. (I). The sector\u2019s archaeological topography (2001-2007). Pontica, 42, 2009, 193-212; V. BOTTEZ, Emperor worship in Latin settlements of Moesia Inferior (1st\u20133rd c.A.D.). AMN, 43-44\/I, 2006-2007(2008), 111-150; <\/p>\n\n\n\n<p class=\"wp-block-paragraph\">A. B\u00c2LT\u00c2C, V. BOTTEZ, A New Greek Inscription Discovered at Histria. Cercet\u0103ri arheologice, 14-15, 2007(2008), 223-227; V. BOTTEZ, Quelques aspects du culte mithriaque en M\u00e9sie Inf\u00e9rieure. Dacia, N.S., 50, 2006 (2007), 285-296.<\/p>\n","protected":false},"excerpt":{"rendered":"<p>Email:\u00a0valentin.bottez@istorie.unibuc.ro Studii: Domenii de interes: Istorie, art\u0103 \u0219i arheologie clasic\u0103 greco-roman\u0103 \u015fi romano-bizantin\u0103; Arheologie provincial\u0103 roman\u0103; Epigrafie; Religii romane; Topografia ora\u0219elor antice; Urbanismul ora\u0219elor antice; Locuire roman\u0103 rural\u0103; Paleocre\u015ftinism. Cursuri sustinute la facultate: Arheologie general\u0103: Metode \u0219i practici \u00een arheologie (Licen\u021b\u0103, Istorie, Anul I, Sem. I) Introducere \u00een istoria antic\u0103 universal\u0103: Roma \u0219i Imperiul roman. [&hellip;]<\/p>\n","protected":false},"author":2,"featured_media":0,"parent":173,"menu_order":0,"comment_status":"closed","ping_status":"closed","template":"","meta":{"_crdt_document":"","jetpack_post_was_ever_published":false,"footnotes":""},"class_list":["post-650","page","type-page","status-publish","hentry"],"jetpack_sharing_enabled":true,"jetpack_shortlink":"https:\/\/wp.me\/PaobZd-au","jetpack-related-posts":[],"_links":{"self":[{"href":"https:\/\/istorie.unibuc.ro\/facultate\/wp-json\/wp\/v2\/pages\/650","targetHints":{"allow":["GET"]}}],"collection":[{"href":"https:\/\/istorie.unibuc.ro\/facultate\/wp-json\/wp\/v2\/pages"}],"about":[{"href":"https:\/\/istorie.unibuc.ro\/facultate\/wp-json\/wp\/v2\/types\/page"}],"author":[{"embeddable":true,"href":"https:\/\/istorie.unibuc.ro\/facultate\/wp-json\/wp\/v2\/users\/2"}],"replies":[{"embeddable":true,"href":"https:\/\/istorie.unibuc.ro\/facultate\/wp-json\/wp\/v2\/comments?post=650"}],"version-history":[{"count":5,"href":"https:\/\/istorie.unibuc.ro\/facultate\/wp-json\/wp\/v2\/pages\/650\/revisions"}],"predecessor-version":[{"id":16310,"href":"https:\/\/istorie.unibuc.ro\/facultate\/wp-json\/wp\/v2\/pages\/650\/revisions\/16310"}],"up":[{"embeddable":true,"href":"https:\/\/istorie.unibuc.ro\/facultate\/wp-json\/wp\/v2\/pages\/173"}],"wp:attachment":[{"href":"https:\/\/istorie.unibuc.ro\/facultate\/wp-json\/wp\/v2\/media?parent=650"}],"curies":[{"name":"wp","href":"https:\/\/api.w.org\/{rel}","templated":true}]}}