{"id":6339,"date":"2021-03-22T09:11:22","date_gmt":"2021-03-22T09:11:22","guid":{"rendered":"https:\/\/istorie.unibuc.ro\/?page_id=6339"},"modified":"2021-03-22T09:31:42","modified_gmt":"2021-03-22T09:31:42","slug":"andrei-manea","status":"publish","type":"page","link":"https:\/\/istorie.unibuc.ro\/facultate\/andrei-manea\/","title":{"rendered":"Andrei Mirea"},"content":{"rendered":"\n<figure class=\"wp-block-image size-large is-resized\"><img data-recalc-dims=\"1\" loading=\"lazy\" decoding=\"async\" data-attachment-id=\"6344\" data-permalink=\"https:\/\/istorie.unibuc.ro\/facultate\/andrei-manea\/marele-premiu-pentru-cea-mai-buna-teza-de-licenta-1-1\/\" data-orig-file=\"https:\/\/i0.wp.com\/istorie.unibuc.ro\/wp-content\/uploads\/2021\/03\/marele-premiu-pentru-cea-mai-buna-teza-de-licenta-1-1.jpg?fit=940%2C788&amp;ssl=1\" data-orig-size=\"940,788\" data-comments-opened=\"0\" data-image-meta=\"{&quot;aperture&quot;:&quot;0&quot;,&quot;credit&quot;:&quot;&quot;,&quot;camera&quot;:&quot;&quot;,&quot;caption&quot;:&quot;&quot;,&quot;created_timestamp&quot;:&quot;0&quot;,&quot;copyright&quot;:&quot;&quot;,&quot;focal_length&quot;:&quot;0&quot;,&quot;iso&quot;:&quot;0&quot;,&quot;shutter_speed&quot;:&quot;0&quot;,&quot;title&quot;:&quot;&quot;,&quot;orientation&quot;:&quot;1&quot;}\" data-image-title=\"marele-premiu-pentru-cea-mai-buna-teza-de-licenta-1-1\" data-image-description=\"\" data-image-caption=\"\" data-medium-file=\"https:\/\/i0.wp.com\/istorie.unibuc.ro\/wp-content\/uploads\/2021\/03\/marele-premiu-pentru-cea-mai-buna-teza-de-licenta-1-1.jpg?fit=300%2C251&amp;ssl=1\" data-large-file=\"https:\/\/i0.wp.com\/istorie.unibuc.ro\/wp-content\/uploads\/2021\/03\/marele-premiu-pentru-cea-mai-buna-teza-de-licenta-1-1.jpg?fit=771%2C646&amp;ssl=1\" src=\"https:\/\/i0.wp.com\/istorie.unibuc.ro\/wp-content\/uploads\/2021\/03\/marele-premiu-pentru-cea-mai-buna-teza-de-licenta-1-1.jpg?resize=624%2C523&#038;ssl=1\" alt=\"\" class=\"wp-image-6344\" width=\"624\" height=\"523\" srcset=\"https:\/\/i0.wp.com\/istorie.unibuc.ro\/wp-content\/uploads\/2021\/03\/marele-premiu-pentru-cea-mai-buna-teza-de-licenta-1-1.jpg?w=940&amp;ssl=1 940w, https:\/\/i0.wp.com\/istorie.unibuc.ro\/wp-content\/uploads\/2021\/03\/marele-premiu-pentru-cea-mai-buna-teza-de-licenta-1-1.jpg?resize=300%2C251&amp;ssl=1 300w, https:\/\/i0.wp.com\/istorie.unibuc.ro\/wp-content\/uploads\/2021\/03\/marele-premiu-pentru-cea-mai-buna-teza-de-licenta-1-1.jpg?resize=768%2C644&amp;ssl=1 768w, https:\/\/i0.wp.com\/istorie.unibuc.ro\/wp-content\/uploads\/2021\/03\/marele-premiu-pentru-cea-mai-buna-teza-de-licenta-1-1.jpg?resize=358%2C300&amp;ssl=1 358w\" sizes=\"auto, (max-width: 624px) 100vw, 624px\" \/><\/figure>\n\n\n\n<blockquote class=\"wp-block-quote is-layout-flow wp-block-quote-is-layout-flow\"><p>\u201eAm acceptat cu bucurie propunerea de a povesti pu\u021bin despre cum a fost pentru mine perioada redact\u0103rii tezei de licen\u021b\u0103 pentru care am ob\u021binut Marele Premiu pentru Cea mai bun\u0103 tez\u0103 de licen\u021b\u0103 \u00een domeniul \u0219tiin\u021be umaniste, oferit de Senatul Universit\u0103\u021bii. Pentru c\u0103 am absolvit Facultatea \u00een vara anului 2020, \u00eentregul an III, \u00eenceput \u00een b\u0103ncile amfiteatrelor \u0219i \u00een sala de lectur\u0103 a bibliotecii, dar \u00eencheiat brusc \u00een formatul cursurilor \u0219i examenelor on-line, a fost o veritabil\u0103 provocare deopotriv\u0103 pentru mine \u0219i pentru colegii mei de an. Faptul c\u0103 m\u0103 obi\u0219nuisem s\u0103 \u00eenv\u0103\u021b constant pe parcursul Facult\u0103\u021bii mi-a u\u0219urat pu\u021bin efortul de a p\u0103stra un anumit ritm de lucru, chiar \u0219i \u00een condi\u021biile deplas\u0103rii activit\u0103\u021bilor universitare \u00een mediul on-line. Poate c\u0103 cea mai grea lovitur\u0103 a fost \u00eenchiderea bibliotecilor. Avusesem totu\u0219i perspicacitatea de a m\u0103 fi interesat de tema pe care voiam s\u0103 o abordez la licen\u021b\u0103 \u00eenc\u0103 din anul al II-lea, astfel c\u0103 luna martie 2020 m-a prins cu o mare parte din bibliografie deja citit\u0103 \u0219i \u201efi\u0219at\u0103\u201d. Perioada de lini\u0219te petrecut\u0103 acas\u0103 m-a f\u0103cut se revin asupra unor texte, s\u0103 le recitesc \u0219i s\u0103 le privesc cu al\u021bi ochi \u00een lumina altor ipoteze \u0219i lecturi \u0219i, mai presus de toate, m-a ajutat s\u0103 con\u0219tientizez importan\u021ba valorific\u0103rii resurselor on-line. Orarul cursurilor mi-a permis s\u0103 lucrez e\u0219alonat, iar \u00eentregul timp p\u00e2n\u0103 \u00een var\u0103 l-am resim\u021bit trec\u00e2nd foarte repede. Am avut noroc de sf\u0103tuitori pricepu\u021bi, carismatici \u0219i numero\u0219i, cu care am continuat s\u0103 p\u0103strez leg\u0103tura, astfel c\u0103 am lucrat cu pl\u0103cere \u0219i cu interes la un subiect pe care mi-l alesesem din pasiune pentru Evul Mediu rom\u00e2nesc, \u0219i anume campania otoman\u0103 condus\u0103 de sultanul Mehmed al II-lea \u00een Moldova lui \u0218tefan cel Mare. S\u0103 fie o simpl\u0103 coinciden\u021b\u0103 faptul c\u0103 am sus\u021binut teza \u00een fa\u021ba comisiei de evaluare chiar \u00een ziua de 2 iulie 2020, c\u00e2nd \u0219tim c\u0103 la 2 iulie 1504, \u00een Cetatea de Scaun a Sucevei, trecea la cele ve\u0219nice domnul Moldovei, \u0218tefan cel Mare ? Ceea ce se situeaz\u0103 \u00eens\u0103 deasupra oric\u0103rei \u00eendoieli este c\u0103 \u00eentreaga experien\u021b\u0103 a anului 2020 mi-a demonstrat cu prisosin\u021b\u0103 c\u00e2t de important\u0103 este pentru noi, tinerele genera\u021bii, dezvoltarea capacit\u0103\u021bii de adaptare \u00een fa\u021ba unor noi provoc\u0103ri \u0219i c\u00e2t de multe avem de \u00eenv\u0103\u021bat doar dac\u0103 accept\u0103m s\u0103 dep\u0103\u0219im, prin munc\u0103 \u0219i perseveren\u021b\u0103, aceste provoc\u0103ri\u201d.<\/p><\/blockquote>\n\n\n\n<p class=\"has-text-align-right wp-block-paragraph\"><strong>Andrei Mirea<\/strong><\/p>\n\n\n\n<p class=\"has-text-align-right wp-block-paragraph\"><strong>\u0218ef de promo\u021bie al Facult\u0103\u021bii de Istorie (promo\u021bia 2016-2020) \u0219i masterand \u00een cadrul programului Studii Medievale<\/strong><\/p>\n","protected":false},"excerpt":{"rendered":"<p>\u201eAm acceptat cu bucurie propunerea de a povesti pu\u021bin despre cum a fost pentru mine perioada redact\u0103rii tezei de licen\u021b\u0103 pentru care am ob\u021binut Marele Premiu pentru Cea mai bun\u0103 tez\u0103 de licen\u021b\u0103 \u00een domeniul \u0219tiin\u021be umaniste, oferit de Senatul Universit\u0103\u021bii. Pentru c\u0103 am absolvit Facultatea \u00een vara anului 2020, \u00eentregul an III, \u00eenceput \u00een [&hellip;]<\/p>\n","protected":false},"author":7,"featured_media":0,"parent":0,"menu_order":0,"comment_status":"closed","ping_status":"closed","template":"","meta":{"_crdt_document":"","jetpack_post_was_ever_published":false,"footnotes":""},"class_list":["post-6339","page","type-page","status-publish","hentry"],"jetpack_sharing_enabled":true,"jetpack_shortlink":"https:\/\/wp.me\/PaobZd-1Ef","jetpack-related-posts":[],"_links":{"self":[{"href":"https:\/\/istorie.unibuc.ro\/facultate\/wp-json\/wp\/v2\/pages\/6339","targetHints":{"allow":["GET"]}}],"collection":[{"href":"https:\/\/istorie.unibuc.ro\/facultate\/wp-json\/wp\/v2\/pages"}],"about":[{"href":"https:\/\/istorie.unibuc.ro\/facultate\/wp-json\/wp\/v2\/types\/page"}],"author":[{"embeddable":true,"href":"https:\/\/istorie.unibuc.ro\/facultate\/wp-json\/wp\/v2\/users\/7"}],"replies":[{"embeddable":true,"href":"https:\/\/istorie.unibuc.ro\/facultate\/wp-json\/wp\/v2\/comments?post=6339"}],"version-history":[{"count":3,"href":"https:\/\/istorie.unibuc.ro\/facultate\/wp-json\/wp\/v2\/pages\/6339\/revisions"}],"predecessor-version":[{"id":6347,"href":"https:\/\/istorie.unibuc.ro\/facultate\/wp-json\/wp\/v2\/pages\/6339\/revisions\/6347"}],"wp:attachment":[{"href":"https:\/\/istorie.unibuc.ro\/facultate\/wp-json\/wp\/v2\/media?parent=6339"}],"curies":[{"name":"wp","href":"https:\/\/api.w.org\/{rel}","templated":true}]}}