{"id":631,"date":"2018-10-28T16:43:20","date_gmt":"2018-10-28T16:43:20","guid":{"rendered":"http:\/\/newhis.bucharest.university\/?page_id=631"},"modified":"2024-09-15T05:52:09","modified_gmt":"2024-09-15T05:52:09","slug":"lect-dr-matei-gheboianu","status":"publish","type":"page","link":"https:\/\/istorie.unibuc.ro\/facultate\/departamente\/istoria-romanilor-si-a-sud-estului-european\/lect-dr-matei-gheboianu\/","title":{"rendered":"Conf. dr. Matei Gheboianu"},"content":{"rendered":"<div class=\"wp-block-image\">\n<figure class=\"alignright size-full is-resized\"><img data-recalc-dims=\"1\" loading=\"lazy\" decoding=\"async\" width=\"771\" height=\"907\" data-attachment-id=\"15915\" data-permalink=\"https:\/\/istorie.unibuc.ro\/facultate\/departamente\/istoria-romanilor-si-a-sud-estului-european\/lect-dr-matei-gheboianu\/matei_gheboianu-2\/\" data-orig-file=\"https:\/\/i0.wp.com\/istorie.unibuc.ro\/wp-content\/uploads\/2024\/09\/Matei_Gheboianu-1.jpeg?fit=802%2C943&amp;ssl=1\" data-orig-size=\"802,943\" data-comments-opened=\"0\" data-image-meta=\"{&quot;aperture&quot;:&quot;0&quot;,&quot;credit&quot;:&quot;&quot;,&quot;camera&quot;:&quot;&quot;,&quot;caption&quot;:&quot;&quot;,&quot;created_timestamp&quot;:&quot;0&quot;,&quot;copyright&quot;:&quot;&quot;,&quot;focal_length&quot;:&quot;0&quot;,&quot;iso&quot;:&quot;0&quot;,&quot;shutter_speed&quot;:&quot;0&quot;,&quot;title&quot;:&quot;&quot;,&quot;orientation&quot;:&quot;0&quot;}\" data-image-title=\"Matei_Gheboianu\" data-image-description=\"\" data-image-caption=\"\" data-large-file=\"https:\/\/i0.wp.com\/istorie.unibuc.ro\/wp-content\/uploads\/2024\/09\/Matei_Gheboianu-1.jpeg?fit=771%2C907&amp;ssl=1\" src=\"https:\/\/i0.wp.com\/istorie.unibuc.ro\/wp-content\/uploads\/2024\/09\/Matei_Gheboianu-1.jpeg?resize=771%2C907&#038;ssl=1\" alt=\"\" class=\"wp-image-15915\" style=\"aspect-ratio:2\/3;object-fit:cover;width:141px;height:auto\" srcset=\"https:\/\/i0.wp.com\/istorie.unibuc.ro\/wp-content\/uploads\/2024\/09\/Matei_Gheboianu-1.jpeg?w=802&amp;ssl=1 802w, https:\/\/i0.wp.com\/istorie.unibuc.ro\/wp-content\/uploads\/2024\/09\/Matei_Gheboianu-1.jpeg?resize=255%2C300&amp;ssl=1 255w, https:\/\/i0.wp.com\/istorie.unibuc.ro\/wp-content\/uploads\/2024\/09\/Matei_Gheboianu-1.jpeg?resize=768%2C903&amp;ssl=1 768w\" sizes=\"auto, (max-width: 771px) 100vw, 771px\" \/><\/figure>\n<\/div>\n\n\n<p class=\"wp-block-paragraph\">Email:\u00a0<a href=\"mailto:matei.gheboianu@gmail.com\">matei.gheboianu@<\/a>istorie.unibuc.ro<\/p>\n\n\n\n<p class=\"wp-block-paragraph\"><strong>Studii:<\/strong><\/p>\n\n\n\n<p class=\"wp-block-paragraph\">Doctorat in istorie \u2013 Universitatea din Bucuresti (2012)<\/p>\n\n\n\n<p class=\"wp-block-paragraph\">Master in Istoria Ideilor si mentalitatilor \u2013 Universitatea din Bucuresti (2009)<\/p>\n\n\n\n<p class=\"wp-block-paragraph\">Licentiat in istorie \u2013 Universitatea din Bucuresti (2007)<\/p>\n\n\n\n<p class=\"wp-block-paragraph\"><strong>Domenii de interes:<\/strong><\/p>\n\n\n\n<p class=\"wp-block-paragraph\">Istoria comunismului in Romania<\/p>\n\n\n\n<p class=\"wp-block-paragraph\">Istoria invatamantului<\/p>\n\n\n\n<p class=\"wp-block-paragraph\">Mass media in comunism si postcomunism<\/p>\n\n\n\n<p class=\"wp-block-paragraph\"><strong>Cursuri sustinute la facultate:<\/strong><\/p>\n\n\n\n<p class=\"wp-block-paragraph\">Curs optional: De la presa comunista la presa capitalista<\/p>\n\n\n\n<p class=\"wp-block-paragraph\">Politica extern\u0103 a Rom\u00e2niei \u00een perioada interbelic\u0103<\/p>\n\n\n\n<p class=\"wp-block-paragraph\">Curs master: Invatamantul in Romania comunista<\/p>\n\n\n\n<p class=\"wp-block-paragraph\">Curs master: Tranzitia de la comunism la postcomunist<\/p>\n\n\n\n<p class=\"wp-block-paragraph\"><strong>Consultatii:<\/strong><\/p>\n\n\n\n<p class=\"wp-block-paragraph\">Miercuri intre orele 14:00 \u2013 15:00, etaj 4, Birou decan<\/p>\n\n\n\n<p class=\"wp-block-paragraph\"><strong>Lista selectiva de publicatii:<\/strong><\/p>\n\n\n\n<p class=\"wp-block-paragraph\"><strong>Carti\/capitole \u00een car\u021bi<\/strong><\/p>\n\n\n\n<p class=\"wp-block-paragraph\">Matei Gheboianu,&nbsp;<em>Presa liber\u0103?! 1989-1992 Presa \u00een Rom\u00e2nia post-comunist\u0103,&nbsp;<\/em>T\u00e2rgovi\u0219te, Editura Cetatea de Scaun, 2015.<\/p>\n\n\n\n<p class=\"wp-block-paragraph\">Matei Gheboianu and Daniela Popescu, <em>Post-communism, Democracy, and Illiberalism in Central and Eastern Europe after the fall of the Soviet Union<\/em>, Lexington Books, 2023<\/p>\n\n\n\n<p class=\"wp-block-paragraph\">Matei Gheboianu,&nbsp;<em>Rotativa de plumb a tranzi\u0163iei. \u00cenceputurile presei postdecembriste rom\u00e2ne\u015fti: \u201cAdev\u0103rul\u201d \u015fi \u201cExpres\u201d<\/em>, Bucure\u015fti, Editura Funda\u0163iei \u201cRom\u00e2nia 2000\u201d, 2007.<\/p>\n\n\n\n<p class=\"wp-block-paragraph\">Bogdan Murgescu, Matei Gheboianu, Ionu\u021b-Mircea Marcu, <em>Romania: Approaches and Limits of Economic History<\/em> in <em>Behind the Iron Curtain: Economic Historians During the Cold War, 1945\u20131989<\/em>, Palgrave Macmillan, 2023.<\/p>\n\n\n\n<p class=\"wp-block-paragraph\">Matei Gheboianu, Cosmin Ioni\u021b\u0103 (coord.), <em>Balkan Entaglaments \u2013 Peace of Bucharest<\/em>, Bucure\u0219ti, Ed. Universit\u0103\u021bii din Bucure\u0219ti, 2016.<\/p>\n\n\n\n<p class=\"wp-block-paragraph\">Marius Cazan (coord.), Matei Gheboianu (coord.), Valentin Maier, Vlad Pa\u015fca, Mirela Rotaru,&nbsp;<em>Admiterea \u00een \u00eenv\u0103\u021b\u0103m\u00e2ntul superior din Rom\u00e2nia \u00eentre cerere social\u0103 \u0219i planificare economic\u0103. Documente (1969-1989),<\/em>&nbsp;Bucure\u0219ti, Editura Universit\u0103\u0163ii din Bucure\u0219ti, 2015<\/p>\n\n\n\n<p class=\"wp-block-paragraph\">Matei Gheboianu, Remus Nica, <em>Crizele anului 1956<\/em>, Bucure\u0219ti, Editura Universit\u0103\u021bii din Bucure\u0219ti, 2020<\/p>\n\n\n\n<p class=\"wp-block-paragraph\">Florentina Ni\u021bu, Matei Gheboianu, (coord.) <em>Scripta historica in honorem professoris Emeriti Mihai Retegan<\/em>, Bucure\u0219ti, Editura Universit\u0103\u021bii din Bucure\u0219ti, 2019, p. 243-254.<\/p>\n\n\n\n<p class=\"wp-block-paragraph\">Matei Gheboianu, Bogdan Murgescu,&nbsp;<em>Viziunea lui Corneliu Coposu despre dezvoltarea economic\u0103 a Romaniei dupa 1990&nbsp;<\/em>\u00een Cristian Fulger, Tudor C\u0103lin Zarojanu (editori),&nbsp;<em>Seniorul Corneliu Coposu<\/em>, Bucure\u0219ti, Humanitas, 2014, p. 77-85.<\/p>\n\n\n\n<p class=\"wp-block-paragraph\"><strong>Articole\/studii<\/strong><\/p>\n\n\n\n<p class=\"wp-block-paragraph\">Matei Gheboianu, \u00ce<em>NCEPUTUL \u00ceNV\u0102\u021a\u0102M\u00c2NTULUI SUPERIOR PRIVAT DIN ROM\u00c2NIA<\/em> \u00een &#8222;Societatea de \u015etiin\u0163e Istorice din Rom\u00e2nia&#8221;, Nr. 90, 2023<\/p>\n\n\n\n<p class=\"wp-block-paragraph\">Matei Gheboianu, <em>The Civic Center as a Symbol of Power. A Case Study in Romanian Communism<\/em> in Emanuela Costantini, Luca La Rovere, Ioan Carol Opris, <em>The Art of Power The Power of Art. Propaganda and Antiquity to the Politics from Late Contemporary Age<\/em>, Bucuresti, Bucharest University Press, 2021, p. 243-253.<\/p>\n\n\n\n<p class=\"wp-block-paragraph\">Matei Gheboianu, Bogdan Murgescu, <em>Student Assessment of Professors in Revolutionary Context. Case-Study: The History Faculty of the University of Bucharest (1989-1990)<\/em> in &#8222;International Review of Social Research&#8221;, 2018; 8(1): 25\u201334.<\/p>\n\n\n\n<p class=\"wp-block-paragraph\">Matei Gheboianu, <em>The Role of the Mass Media in the Romanian Revolution<\/em> in <em>Post-communism, Democracy, and Illiberalism in Central and Eastern Europe after the fall of the Soviet Union<\/em>, Lexington Books, 2023<\/p>\n\n\n\n<p class=\"wp-block-paragraph\">Matei Gheboianu,&nbsp;<em>Privatizarea ziarului Adev\u0103rul&nbsp;<\/em><em>\u00een&nbsp;\u201cRevista rom\u00e2n\u0103 de istoria presei\u201d<\/em>, An V, Nr. 2(10), 2011, p. 104 \u2013 118<\/p>\n\n\n\n<p class=\"wp-block-paragraph\">Matei Gheboianu,&nbsp;<em>Fraude in procesul de admitere la Institutul de Mine din Petrosani (1976-1978&nbsp;)<\/em>&nbsp;\u00een &#8222;Arhivele Olteniei&#8221;, serie nou\u0103, nr. 27\/2013<\/p>\n\n\n\n<p class=\"wp-block-paragraph\">Matei Gheboianu,&nbsp;<em>Privatisation of Press in Central and Eastern Europe 1989\u20131991. Case study: Romania&nbsp;\u00een \u201dMedia Transformations\u201d<\/em>, Vol. 9\/2013, Vytautas Magnus University, p. 102-106<\/p>\n\n\n\n<p class=\"wp-block-paragraph\">Matei Gheboianu,<em>The Policy of Reducing Study Places in Communist Romania: Case Study of the Academic Year 1982-1983<\/em>&nbsp;\u00een \u201dInternational Review of Social Research\u201d, Volume 4, Issue 2, June 2014, p. 97-110<\/p>\n\n\n\n<p class=\"wp-block-paragraph\">Matei Gheboianu,<em>The functioning of entry requirements to specific fields of higher education \u2013 History (1948-1989)<\/em>\u00a0\u00een \u201dAnuarul Institutului de Istorie &#8222;George Bari\u0163iu&#8221; , nr. LIII pe anul 2014<\/p>\n\n\n\n<p class=\"wp-block-paragraph\"><\/p>\n","protected":false},"excerpt":{"rendered":"<p>Email:\u00a0matei.gheboianu@istorie.unibuc.ro Studii: Doctorat in istorie \u2013 Universitatea din Bucuresti (2012) Master in Istoria Ideilor si mentalitatilor \u2013 Universitatea din Bucuresti (2009) Licentiat in istorie \u2013 Universitatea din Bucuresti (2007) Domenii de interes: Istoria comunismului in Romania Istoria invatamantului Mass media in comunism si postcomunism Cursuri sustinute la facultate: Curs optional: De la presa comunista la [&hellip;]<\/p>\n","protected":false},"author":2,"featured_media":0,"parent":171,"menu_order":0,"comment_status":"closed","ping_status":"closed","template":"","meta":{"_crdt_document":"","jetpack_post_was_ever_published":false,"footnotes":""},"class_list":["post-631","page","type-page","status-publish","hentry"],"jetpack_sharing_enabled":true,"jetpack_shortlink":"https:\/\/wp.me\/PaobZd-ab","jetpack-related-posts":[],"_links":{"self":[{"href":"https:\/\/istorie.unibuc.ro\/facultate\/wp-json\/wp\/v2\/pages\/631","targetHints":{"allow":["GET"]}}],"collection":[{"href":"https:\/\/istorie.unibuc.ro\/facultate\/wp-json\/wp\/v2\/pages"}],"about":[{"href":"https:\/\/istorie.unibuc.ro\/facultate\/wp-json\/wp\/v2\/types\/page"}],"author":[{"embeddable":true,"href":"https:\/\/istorie.unibuc.ro\/facultate\/wp-json\/wp\/v2\/users\/2"}],"replies":[{"embeddable":true,"href":"https:\/\/istorie.unibuc.ro\/facultate\/wp-json\/wp\/v2\/comments?post=631"}],"version-history":[{"count":4,"href":"https:\/\/istorie.unibuc.ro\/facultate\/wp-json\/wp\/v2\/pages\/631\/revisions"}],"predecessor-version":[{"id":15918,"href":"https:\/\/istorie.unibuc.ro\/facultate\/wp-json\/wp\/v2\/pages\/631\/revisions\/15918"}],"up":[{"embeddable":true,"href":"https:\/\/istorie.unibuc.ro\/facultate\/wp-json\/wp\/v2\/pages\/171"}],"wp:attachment":[{"href":"https:\/\/istorie.unibuc.ro\/facultate\/wp-json\/wp\/v2\/media?parent=631"}],"curies":[{"name":"wp","href":"https:\/\/api.w.org\/{rel}","templated":true}]}}