{"id":628,"date":"2018-10-28T16:42:16","date_gmt":"2018-10-28T16:42:16","guid":{"rendered":"http:\/\/newhis.bucharest.university\/?page_id=628"},"modified":"2019-02-14T14:11:08","modified_gmt":"2019-02-14T14:11:08","slug":"conf-univ-dr-florentina-nitu","status":"publish","type":"page","link":"https:\/\/istorie.unibuc.ro\/facultate\/departamente\/istoria-romanilor-si-a-sud-estului-european\/conf-univ-dr-florentina-nitu\/","title":{"rendered":"Conf. univ. dr. Florentina Nitu"},"content":{"rendered":"\n<div class=\"wp-block-image\"><figure class=\"alignright is-resized\"><img data-recalc-dims=\"1\" loading=\"lazy\" decoding=\"async\" data-attachment-id=\"629\" data-permalink=\"https:\/\/istorie.unibuc.ro\/facultate\/departamente\/istoria-romanilor-si-a-sud-estului-european\/conf-univ-dr-florentina-nitu\/img_0803-2\/\" data-orig-file=\"https:\/\/i0.wp.com\/istorie.unibuc.ro\/wp-content\/uploads\/2018\/10\/IMG_0803-1.jpg?fit=686%2C1000&amp;ssl=1\" data-orig-size=\"686,1000\" data-comments-opened=\"0\" data-image-meta=\"{&quot;aperture&quot;:&quot;4.5&quot;,&quot;credit&quot;:&quot;Christian NASULEA&quot;,&quot;camera&quot;:&quot;Canon EOS 760D&quot;,&quot;caption&quot;:&quot;&quot;,&quot;created_timestamp&quot;:&quot;1443708632&quot;,&quot;copyright&quot;:&quot;Whims Media&quot;,&quot;focal_length&quot;:&quot;42&quot;,&quot;iso&quot;:&quot;500&quot;,&quot;shutter_speed&quot;:&quot;0.008&quot;,&quot;title&quot;:&quot;&quot;,&quot;orientation&quot;:&quot;0&quot;}\" data-image-title=\"IMG_0803\" data-image-description=\"\" data-image-caption=\"\" data-medium-file=\"https:\/\/i0.wp.com\/istorie.unibuc.ro\/wp-content\/uploads\/2018\/10\/IMG_0803-1.jpg?fit=206%2C300&amp;ssl=1\" data-large-file=\"https:\/\/i0.wp.com\/istorie.unibuc.ro\/wp-content\/uploads\/2018\/10\/IMG_0803-1.jpg?fit=686%2C1000&amp;ssl=1\" src=\"https:\/\/i0.wp.com\/newhis.bucharest.university\/wp-content\/uploads\/2018\/10\/IMG_0803-1.jpg?resize=168%2C244\" alt=\"\" class=\"wp-image-629\" width=\"168\" height=\"244\" srcset=\"https:\/\/i0.wp.com\/istorie.unibuc.ro\/wp-content\/uploads\/2018\/10\/IMG_0803-1.jpg?w=686&amp;ssl=1 686w, https:\/\/i0.wp.com\/istorie.unibuc.ro\/wp-content\/uploads\/2018\/10\/IMG_0803-1.jpg?resize=206%2C300&amp;ssl=1 206w\" sizes=\"auto, (max-width: 168px) 100vw, 168px\" \/><\/figure><\/div>\n\n\n\n<p class=\"wp-block-paragraph\"><strong>Conf. univ. dr. Florentina Ni\u021bu<\/strong><\/p>\n\n\n\n<p class=\"wp-block-paragraph\">florentinanitu@yahoo.com\/<br>florentina.nitu@istorie.unibuc.ro<\/p>\n\n\n\n<h3 class=\"wp-block-heading\">Studii<\/h3>\n\n\n\n<p class=\"wp-block-paragraph\">Doctorat \u00een Istorie\n(Universitatea din Bucure\u0219ti, 2005)<\/p>\n\n\n\n<p class=\"wp-block-paragraph\">Masterat \u00een Istoria Sud-Estului Europei (Universitatea din Bucure\u0219ti, 1995)<\/p>\n\n\n\n<p class=\"wp-block-paragraph\">Licen\u021b\u0103 \u00een Istorie\n(Universitatea din Bucure\u0219ti, 1994)<\/p>\n\n\n\n<h3 class=\"wp-block-heading\">Domenii de interes: <\/h3>\n\n\n\n<ul class=\"wp-block-list\"><li>Istorie economic\u0103 \u00een spa\u021biul rom\u00e2nesc \u015fi raporturile cu spa\u0163iul central \u015fi\nest-european (istoria pre\u0163urilor, circula\u0163ia, consumul \u015fi tezaurizarea\npodoabelor din metal pre\u0163ios) \u00een secolele XVI-XVIII; Consumerism;<\/li><li>Istoria costumului \u015fi a bijuteriilor;<\/li><li>Muzeografie \u015fi muzeologie, patrimoniu, managementul institu\u0163iilor culturale.<\/li><\/ul>\n\n\n\n<h3 class=\"wp-block-heading\">Cursuri sus\u021binute la facultate:<\/h3>\n\n\n\n<ul class=\"wp-block-list\"><li>Curs general \u0218tiin\u021be auxiliare\n     istoriei; <\/li><li>Curs op\u021bional Muzeologie \u0219i\n     muzeografie (Istoria artei); <\/li><li>Curs special Mod\u0103, lux \u0219i\n     bijuterii \u00een societatea rom\u00e2neasc\u0103 premodern\u0103; <\/li><li>Seminar op\u021bional Istoria\n     costumului \u0219i podoabelor (Istoria artei); <\/li><li>Seminar master Tipuri \u0219i modele\n     de consum cultural \u00een spa\u021biul rom\u00e2nesc (sec. XVII &#8211; \u00eenceputul sec. XIX); <\/li><li>Curs \u0219i seminar master\n     Valorificarea bunurilor culturale prin tehnici de muzealizare (master\n     Istorie, resurse culturale \u0219i patrimoniu \u00een societatea rom\u00e2neasc\u0103);<\/li><li>Curs master Muzee, cultur\u0103 de\n     mas\u0103 \u0219i noile tehnologii \u00een societatea contemporan\u0103 (master Istoria\n     ideilor, mentalit\u0103\u021bilor \u0219i culturii de mas\u0103);<\/li><li>Seminar master Paleografie\n     chirilic\u0103.<\/li><\/ul>\n\n\n\n<h3 class=\"wp-block-heading\">List\u0103 selectiv\u0103 de publica\u021bii:<\/h3>\n\n\n\n<p class=\"wp-block-paragraph\"><strong>C\u0103r\u0163i<\/strong><\/p>\n\n\n\n<ul class=\"wp-block-list\"><li><em>Pre\u0163uride podoabe \u015fi orfevr\u0103rie din metal pre\u0163ios \u00een spa\u0163iul rom\u00e2nesc (secolele XVI-XVII),<\/em> Bucure\u015fti, Ed.Universit\u0103\u0163ii din Bucure\u015fti, 2006, 398 p.<\/li><\/ul>\n\n\n\n<p class=\"wp-block-paragraph\"><strong>Capitole \u00een volume \u015ftiin\u0163ifice<\/strong><\/p>\n\n\n\n<ul class=\"wp-block-list\"><li><em>Lumea rom\u00e2neasc\u0103 \u00een economia european\u0103 p\u00e2n\u0103 la 1859\u00a0<\/em><strong>(<\/strong>autori Bogdan Murgescu, Florentina Ni\u0163u) \u00een volumul <em>Procesul de integrare a Rom\u00e2niei\u00een economia european\u0103, <\/em>coord.Prof. Maria Mure\u015fan, Ed. ASE, Bucure\u015fti, 2008, p. 17-50.<\/li><li><em>Precursori ai Universit\u0103\u021bii din Bucure\u0219ti,<\/em> \u00een <em>Universitatea din Bucure\u0219ti, 1864-2014,<\/em>coord. Ovidiu Bozgan \u0219i Bogdan Murgescu, cuv\u00e2nt \u00eenainte Mircea Dumitru, Bucure\u0219ti, Ed. Universit\u0103\u021bii din Bucure\u0219ti, 2014, p. 27-45.<\/li><\/ul>\n\n\n\n<p class=\"wp-block-paragraph\"><strong>Volume coordonate<\/strong><\/p>\n\n\n\n<ul class=\"wp-block-list\"><li><em>Caietele Laboratorului de Metodologie a Istoriei \u201cDimitrie Onciul\u201d<\/em>, vol. I, <em>Studiile medievale \u015fi premoderne \u2013 un teritoriu de redescoperit?, <\/em>coord. Florentina Ni\u0163u, Bucure\u015fti, 2009, 254 p.<\/li><li><em>Istorie \u0219i istorici la Universitatea din Bucure\u0219ti &#8211; dimensiuni institu\u021bionale &#8211; proiecte intelectuale,<\/em> coord. Florentina Ni\u021bu, Florin Muller, Remus Nic\u0103, Bucure\u0219ti, Ed. Universit\u0103\u021bii din Bucure\u0219ti, 2016.<\/li><li><em>Epoca br\u00e2ncoveneasc\u0103 la orizontul modernit\u0103\u021bii rom\u00e2ne\u0219ti,<\/em> eds. Florentina Ni\u021bu, \u0218arolta Solcan, Radu Nedici, Bucure\u0219ti, Ed. Universit\u0103\u021bii din Bucure\u0219ti,2016, 336 p.<\/li><li><em>Turkey &amp; Romania. A History of Partnership and Collaboration in the Balkans,<\/em> eds. Florentina Ni\u021bu, Cosmin Ioni\u021b\u0103,  Metin \u00dcnver, \u00d6zg\u00fcr Kol\u00e7ak, Hacer Topakta\u0219, Istanbul, 2016, 604 p.<\/li><\/ul>\n\n\n\n<p class=\"wp-block-paragraph\"><strong>Studii \u015ftiin\u0163ifice<\/strong><\/p>\n\n\n\n<ul class=\"wp-block-list\"><li><em>Pentru o istorie a pre\u0163urilor \u00een \u0162\u0103rile Romane: date privind costul podoabelor \u00een secolul al XVI-lea, <\/em>\u00een\u201cMuzeul Na\u0163ional\u201d, X, 1998, p. 5-17.<\/li><li><em>Considera\u0163ii privind consumul \u015fi pre\u0163ul pe\u015ftelui \u00een \u0162\u0103rile Rom\u00e2ne \u2013 secolul al XVI-lea<\/em>, \u00een <em>Studii de istorie economic\u0103 \u015fi istoria g\u00e2ndirii economice,<\/em> vol. III, <em>In honorem Paul Cernovodeanu. Demografie istoric\u0103. Comer\u0163 \u015fi structuri alimentare. Economie urban\u0103 \u015fi reglement\u0103ri juridice<\/em>, coord. \u0218tefan \u0218tef\u0103nescu \u0219i Bogdan Murgescu, Bucure\u0219ti, Ed. Academiei Rom\u00e2ne, 1998, 123-136.<\/li><li><em>Tenta\u0163ia nestematelor. Pietrele pre\u0163ioase \u015fi semi-pre\u0163ioase purtate \u00een secolele XVI-XVII \u00een spa\u0163iul rom\u00e2nesc \u015fivaloarea acestora, <\/em>\u00een \u201cAnalele Universit\u0103\u0163ii Bucure\u015fti. Istorie\u201d, LII, 2003, \u00a0\u00a0p. 3-21.<\/li><li><em>Pre\u0163urile produselor de orfevr\u0103rie \u015fi voca\u0163ia european\u0103 ame\u015fterilor ardeleni (sec. XVII), <\/em>\u00een <em>In honorem Gernot Nussb\u00e4cher, <\/em>vol. \u00eengrijit de Daniel Nazare,Ruxandra Nazare \u015fi Bogdan Florin Popovici, Bra\u015fov, Ed. Foton, 2004, p.283-295.<\/li><li>Folosirea obiectelor din metal pre\u0163ios ca mijloace alternative de plat\u0103 \u00een secolele XVI-XVII. Pl\u0103\u0163ile mixte \u015fiz\u0103loagele, \u00een \u201eCercet\u0103ri numismatice\u201d, XII-XIII, 2006-2007, p. 495-498.<\/li><li><em>Pia\u0163a imobiliar\u0103 bucure\u015ftean\u0103 \u00een secolele XVI-XVIII. Mecanisme de func\u0163ionare \u015fi comportamente economice, <\/em>\u00een <em>Studia Varia in Honorem Professoris \u015etefan\u015etef\u0103nescu Octogenarii<\/em>, vol. editat de Ionel C\u00e2ndea \u015fi Cristian Luca,Editura Academiei Rom\u00e2ne \u015fi Muzeul Br\u0103ilei, Editura Istros, 2009, p. 359-398.<\/li><li><em>Consumul de bijuterii \u00een Transilvania secolului al XVII-lea: lux, status social, ra\u021biuni economice. Registrele de cump\u0103r\u0103turi ale principelui Gabriel Bethlen,<\/em> \u00een <em>Bethlen Erd\u00e9lye, Erd\u00e9ly Bethlene. A Bethlen G\u00e1bor tr\u00f3nra l\u00e9p\u00e9s\u00e9nek 400 \u00e9vfordul\u00f3j\u00e1nrendezett konferencia tanulm\u00e1nyai,<\/em> Erd\u00e9lyi M\u00fazeum-Egyes\u00fclet, Kolozsv\u00e1r,2014, p. 524-536.<\/li><li><em>Standarde de via\u021b\u0103 \u0219i consumuri de lux la curtea lui Constantin Br\u00e2ncoveanu,<\/em>\u00een <em>Epoca br\u00e2ncoveneasc\u0103 la orizontul modernit\u0103\u021bii rom\u00e2ne\u0219ti,<\/em> eds. Florentina Ni\u021bu, \u0218arolta Solcan, Radu Nedici, Bucure\u0219ti, Ed. Universit\u0103\u021bii din Bucure\u0219ti, 2016, p. 143-168.<\/li><\/ul>\n","protected":false},"excerpt":{"rendered":"<p>Conf. univ. dr. Florentina Ni\u021bu florentinanitu@yahoo.com\/florentina.nitu@istorie.unibuc.ro Studii Doctorat \u00een Istorie (Universitatea din Bucure\u0219ti, 2005) Masterat \u00een Istoria Sud-Estului Europei (Universitatea din Bucure\u0219ti, 1995) Licen\u021b\u0103 \u00een Istorie (Universitatea din Bucure\u0219ti, 1994) Domenii de interes: Istorie economic\u0103 \u00een spa\u021biul rom\u00e2nesc \u015fi raporturile cu spa\u0163iul central \u015fi est-european (istoria pre\u0163urilor, circula\u0163ia, consumul \u015fi tezaurizarea podoabelor din metal pre\u0163ios) [&hellip;]<\/p>\n","protected":false},"author":2,"featured_media":0,"parent":171,"menu_order":0,"comment_status":"closed","ping_status":"closed","template":"","meta":{"_crdt_document":"","jetpack_post_was_ever_published":false,"footnotes":""},"class_list":["post-628","page","type-page","status-publish","hentry"],"jetpack_sharing_enabled":true,"jetpack_shortlink":"https:\/\/wp.me\/PaobZd-a8","jetpack-related-posts":[],"_links":{"self":[{"href":"https:\/\/istorie.unibuc.ro\/facultate\/wp-json\/wp\/v2\/pages\/628","targetHints":{"allow":["GET"]}}],"collection":[{"href":"https:\/\/istorie.unibuc.ro\/facultate\/wp-json\/wp\/v2\/pages"}],"about":[{"href":"https:\/\/istorie.unibuc.ro\/facultate\/wp-json\/wp\/v2\/types\/page"}],"author":[{"embeddable":true,"href":"https:\/\/istorie.unibuc.ro\/facultate\/wp-json\/wp\/v2\/users\/2"}],"replies":[{"embeddable":true,"href":"https:\/\/istorie.unibuc.ro\/facultate\/wp-json\/wp\/v2\/comments?post=628"}],"version-history":[{"count":2,"href":"https:\/\/istorie.unibuc.ro\/facultate\/wp-json\/wp\/v2\/pages\/628\/revisions"}],"predecessor-version":[{"id":1991,"href":"https:\/\/istorie.unibuc.ro\/facultate\/wp-json\/wp\/v2\/pages\/628\/revisions\/1991"}],"up":[{"embeddable":true,"href":"https:\/\/istorie.unibuc.ro\/facultate\/wp-json\/wp\/v2\/pages\/171"}],"wp:attachment":[{"href":"https:\/\/istorie.unibuc.ro\/facultate\/wp-json\/wp\/v2\/media?parent=628"}],"curies":[{"name":"wp","href":"https:\/\/api.w.org\/{rel}","templated":true}]}}