{"id":619,"date":"2018-10-28T16:38:02","date_gmt":"2018-10-28T16:38:02","guid":{"rendered":"http:\/\/newhis.bucharest.university\/?page_id=619"},"modified":"2018-10-28T16:38:06","modified_gmt":"2018-10-28T16:38:06","slug":"prof-univ-dr-sarolta-solcan","status":"publish","type":"page","link":"https:\/\/istorie.unibuc.ro\/facultate\/departamente\/istoria-romanilor-si-a-sud-estului-european\/prof-univ-dr-sarolta-solcan\/","title":{"rendered":"Prof. univ. dr. Sarolta Solcan"},"content":{"rendered":"\n<p class=\"wp-block-paragraph\"><strong>Studii<\/strong><\/p>\n\n\n\n<p class=\"wp-block-paragraph\">Atestat de abilitare&nbsp;<em>\u00een domeniul de studii universitare de doctorat Istorie<\/em>&nbsp;, 2016 (\u0218coala Doctoral\u0103 a Facult\u0103\u021bii de Istorie a Universit\u0103\u021bii din Bucure\u0219ti)<\/p>\n\n\n\n<p class=\"wp-block-paragraph\">Doctorat \u00een istorie (1994)<\/p>\n\n\n\n<p class=\"wp-block-paragraph\">Licen\u021b\u0103 \u00een istorie-filosofie, Universitatea din Bucure\u0219ti (1981)<\/p>\n\n\n\n<p class=\"wp-block-paragraph\"><strong>Domenii de interes<\/strong>:<\/p>\n\n\n\n<ul class=\"wp-block-list\"><li>demografia istoric\u0103<\/li><li>om \u0219i societate \u00een \u021a\u0103rilor Rom\u00e2ne (sec. XVI-XVIII)<\/li><li>istoria rela\u021biilor dintre \u021a\u0103rilor Rom\u00e2ne (sec. XVI-XVIII)<\/li><li>istoria culturii din \u021a\u0103rilor Rom\u00e2ne (sec. XVI-XVIII)<\/li><\/ul>\n\n\n\n<p class=\"wp-block-paragraph\"><strong>Cursuri sus\u021binute la Facultatea de Istorie<\/strong>:<\/p>\n\n\n\n<p class=\"wp-block-paragraph\">Cultur\u0103 \u015fi societate rom\u00e2neasc\u0103. Rela\u0163iile dintre \u0162\u0103rile Rom\u00e2ne \u00een secolele XVI-XVIII<\/p>\n\n\n\n<p class=\"wp-block-paragraph\">Demografie istoric\u0103<\/p>\n\n\n\n<p class=\"wp-block-paragraph\">Familia din \u0162\u0103rile Rom\u00e2ne \u00een Evul Mediu.<\/p>\n\n\n\n<p class=\"wp-block-paragraph\">Statutul femeii \u00een Evul mediu<\/p>\n\n\n\n<p class=\"wp-block-paragraph\">Societatea rom\u00e2neasc\u0103 din sec al XVII-lea reflectat\u0103 \u00een sursele de expresie maghiar\u0103.<\/p>\n\n\n\n<p class=\"wp-block-paragraph\">Istoria c\u0103r\u0163ii \u015fi tiparului<\/p>\n\n\n\n<p class=\"wp-block-paragraph\"><strong>List\u0103 selectiv\u0103 de publica\u021bii<\/strong>:<\/p>\n\n\n\n<p class=\"wp-block-paragraph\"><strong>1. c\u0103r\u021bi de autor<\/strong>:<\/p>\n\n\n\n<p class=\"wp-block-paragraph\">&#8211;<em>F\u0103g\u0103ra\u015f-Patterns of Central and East european Life<\/em>, Columbia University Press, New York, 1997, 178p.<\/p>\n\n\n\n<p class=\"wp-block-paragraph\">&#8211;<em>Familia \u00een secolul al XVII-lea \u00een \u0162\u0103rile rom\u00e2ne<\/em>, Ed. Universit\u0103\u0163ii, Bucure\u015fti, 1999, 250 p.<\/p>\n\n\n\n<p class=\"wp-block-paragraph\">&#8211;<em>Societatea rom\u00e2neasc\u0103 din secolul al XVII-lea \u00een izvoarele de expresie maghiar\u0103<\/em>, Ed. Universit\u0103\u0163ii, Bucure\u015fti, 2000, 278 p.<\/p>\n\n\n\n<p class=\"wp-block-paragraph\"><em>-Femeile din Moldova, Transilvania \u015fi \u0162ara Rom\u00e2neasc\u0103 \u00een Evul Mediu<\/em>&nbsp;(292 p.), Ed. Universit\u0103\u0163ii, Bucure\u015fti, 2005, 292p. Lucrare premiat\u0103 de Academia Rom\u00e2n\u0103 cu Premiul pentru \u015ftiin\u0163ele istorice \u015fi arheologie \u201cNicolae Iorga\u201d pe 2005.<\/p>\n\n\n\n<p class=\"wp-block-paragraph\">&#8211;<em>Popula\u0163ia domeniului Gil\u0103u \u00een secolul al XVII-lea<\/em>, Ed. Universit\u0103\u0163ii, Bucure\u015fti, 2006, 214p.<\/p>\n\n\n\n<p class=\"wp-block-paragraph\">&#8211;<em>Popula\u0163ia \u0162\u0103rii F\u0103g\u0103ra\u015fului \u00een secolul al XVII-lea \u015fi la \u00eenceputul secolului al XVIII-lea<\/em>, Bucure\u015fti, Ed. Universit\u0103\u0163ii, 2010, 290 p.<\/p>\n\n\n\n<p class=\"wp-block-paragraph\">&#8211;<em>Pribegia \u00een \u021a\u0103rile Rom\u00e2ne \u00een secolele XVI-XVII<\/em>, Ed. Universit\u0103\u0163ii, Bucure\u0219ti, 2014, 368p.<\/p>\n\n\n\n<p class=\"wp-block-paragraph\"><strong>2<\/strong>.<strong>volume coordonate (\u0219i cu articole de autor)<\/strong>:<\/p>\n\n\n\n<p class=\"wp-block-paragraph\"><em>-Fa\u0163etele istoriei. Existen\u0163e, identit\u0103\u0163i, dinamici. Omagiu academicianului \u015etefan \u015etef\u0103nescu<\/em>, ed. T. Teoteoi, B. Murgescu, S. Solcan, Ed. Universit\u0103\u0163ii, Bucure\u015fti, 2000, 808p.<\/p>\n\n\n\n<p class=\"wp-block-paragraph\">&#8211;<em>Br\u00e2ncoveanu 300: Epoca br\u00e2ncoveneasc\u0103 la orizontul modernit\u0103\u021bii rom\u00e2ne\u0219ti<\/em>, coord. Fl. Ni\u021bu, \u0218. Solcan, R. Nedici, Ed. Universit\u0103\u0163ii, Bucure\u015fti, 2016, 330p.<\/p>\n\n\n\n<p class=\"wp-block-paragraph\"><strong>3. studii \u00een volume \u0219tiin\u021bifice<\/strong>:<\/p>\n\n\n\n<p class=\"wp-block-paragraph\">&#8211;<em>Structuri ale familiilor marilor dreg\u0103tori din secolul al XVII-lea<\/em>, \u00een \u201cRevista istoric\u0103\u201d, t. IX, 1998, nr. 3-4, p.169-183.<\/p>\n\n\n\n<p class=\"wp-block-paragraph\">&#8211;<em>Impactul crizei de la sf\u00e2r\u015fitul deceniului cinci al veacului al XVII-lea asupra popula\u0163iei. T\u00e2rgul F\u0103g\u0103ra\u015f la 1654<\/em>, \u00een \u201cFa\u0163etele istoriei. Existen\u0163e, identit\u0103\u0163i, dinamici. Omagiu academicianului \u015etefan \u015etef\u0103nescu\u201d, ed. T. Teoteoi, B. Murgescu, S. Solcan, Ed. Universit\u0103\u021bii, Bucure\u015fti, 2000, p.87-95.<\/p>\n\n\n\n<p class=\"wp-block-paragraph\"><em>-Negustoresele din Cluj \u00een prima jum\u00e3tate a secolului al XVII-lea<\/em>, \u00een&nbsp;<strong>\u201c<\/strong>Mediaevalia Transilvanica<strong>\u201d<\/strong>, tom V-VI, 2001-2002, nr.1-2, p.35-54<strong>.<\/strong><\/p>\n\n\n\n<p class=\"wp-block-paragraph\">&#8211;<em>Necazurile vie\u0163ii<\/em>&nbsp;<em>cotidiene pe domeniile feudale din Transilvania secolului al XVII-lea<\/em>, \u00een&nbsp;<strong>\u201c<\/strong>In honorem Gernot Nussbacher\u201d, red. D. Nazare, R. Nazare, B.F.Popovici,<\/p>\n\n\n\n<p class=\"wp-block-paragraph\">Bra\u015fov, 2004, p.277-282.<\/p>\n\n\n\n<p class=\"wp-block-paragraph\">&#8211;<em>Situa\u0163ia locuitorilor \u0162\u0103rii F\u0103g\u0103ra\u015fului \u00een ultimii ani ai secolului al XVII-lea<\/em>, \u00een \u201cActa Transylvanica. Anuarul Centrului de Istorie a Transilvaniei\u201d, vol.I, 2004, Bucure\u015fti, 2004, p.43-74.<\/p>\n\n\n\n<p class=\"wp-block-paragraph\"><em>-Confesional \u015fi social \u00een via\u0163a familiei din secolul al XVII-lea<\/em>, \u00een&nbsp;<strong>\u201c<\/strong>Confesiune \u015fi cultur\u0103. In honorem Ion Todera\u015fcu\u201d, red. B.P.Maleon, A.F.Platon,Ed. Univ. \u201dA.I. Cuza\u201d Ia\u015fi, 2004, p. 133-143.<\/p>\n\n\n\n<p class=\"wp-block-paragraph\"><em>-Familia preo\u0163easc\u0103 \u00een satul rom\u00e2nesc din prima jum\u0103tate a secolului al XVII-lea<\/em>, \u00een \u201cBiseric\u0103 \u015fi societate. Studii de istorie\u201d, coord. C. P\u0103durean, M. S\u0103s\u0103ujan, Ed. Gutenberg Univers, Arad, 2005, p.205-214.<\/p>\n\n\n\n<p class=\"wp-block-paragraph\">&#8211;<em>The Problem of Illegitimate Couples in the Extra Carpathian Area during the 17<\/em><em>th<\/em><em>&nbsp;Century<\/em>, \u00een \u201cConcubinage, Illegitimacy and Morality\u201d, Ed. Gutenberg Univers, Arad, 2005, p.15-31.<\/p>\n\n\n\n<p class=\"wp-block-paragraph\">&#8211;<em>Demographic and economic structures in villages and towns of 17<\/em><em>th<\/em><em>&nbsp;century Transylvania,<\/em>&nbsp;\u00een \u201cMany Paths to Happiness? Studies in Population and Family History. A Festschrift for Antoinette Fauve_Chamoux, coord. M.P. Arrizabalaga, I. Bolovan, M. Eppel, J. Kok, M. L. Nagata, Ed. Aksant, Amsterdam, 2010, p.215-237.<\/p>\n\n\n\n<p class=\"wp-block-paragraph\"><em>-Remedii folosite \u00een timpul epidemiilor din secolul al XVII-lea \u00een Transilvania,&nbsp;<\/em>\u201cStudii de demografie istoric\u0103 (secolele XVII-XXI)\u201d, coord. C.P\u0103durean, I. Bolovan, Ed. Gutenberg Univers, Arad, 2010, p.189-204.<\/p>\n\n\n\n<p class=\"wp-block-paragraph\">&#8211;<em>Child Mortality in Bucure\u0219ti During the First Years of the 19 th Century<\/em>, \u00een Romanian Journal of Population Studies, 1\/ 2012, p.123-139<\/p>\n\n\n\n<p class=\"wp-block-paragraph\">&#8211;<em>Aspecte<\/em>&nbsp;<em>din<\/em>&nbsp;<em>via\u0163a<\/em>&nbsp;<em>familiei<\/em>&nbsp;<em>moldovene\u015fti<\/em>&nbsp;<em>din<\/em>&nbsp;<em>secolul<\/em>&nbsp;<em>al<\/em>&nbsp;<em>XV-lea<\/em>, \u00een \u201eMiscellanea<\/p>\n\n\n\n<p class=\"wp-block-paragraph\">historica in honorem Professoris Marcel-Dumitu Ciuc\u0103 septuagenarii\u201d, ed. C. Luca, C. Neagoe, M. P\u0103duraru, Ed. Istros &#8211; Ed. Ordessos, Br\u0103ila \u2013 Pite\u0219ti, 2013, p.57-88.<\/p>\n\n\n\n<p class=\"wp-block-paragraph\">&#8211;<em>Copiii din \u021aara Rom\u00e2neasc\u0103 \u00een Evul Mediu t\u00e2rziu<\/em>, \u00een \u201dCultur\u0103, istorie \u0219i societate, vol. V, ed. \u0218t. \u0218tef\u0103nescu, Cl. Neagoe, Ed. Ars Docendi, Bucure\u0219ti, 2016, p. 369-398.<\/p>\n","protected":false},"excerpt":{"rendered":"<p>Studii Atestat de abilitare&nbsp;\u00een domeniul de studii universitare de doctorat Istorie&nbsp;, 2016 (\u0218coala Doctoral\u0103 a Facult\u0103\u021bii de Istorie a Universit\u0103\u021bii din Bucure\u0219ti) Doctorat \u00een istorie (1994) Licen\u021b\u0103 \u00een istorie-filosofie, Universitatea din Bucure\u0219ti (1981) Domenii de interes: demografia istoric\u0103 om \u0219i societate \u00een \u021a\u0103rilor Rom\u00e2ne (sec. XVI-XVIII) istoria rela\u021biilor dintre \u021a\u0103rilor Rom\u00e2ne (sec. XVI-XVIII) istoria culturii [&hellip;]<\/p>\n","protected":false},"author":2,"featured_media":0,"parent":171,"menu_order":0,"comment_status":"closed","ping_status":"closed","template":"","meta":{"_crdt_document":"","jetpack_post_was_ever_published":false,"footnotes":""},"class_list":["post-619","page","type-page","status-publish","hentry"],"jetpack_sharing_enabled":true,"jetpack_shortlink":"https:\/\/wp.me\/PaobZd-9Z","jetpack-related-posts":[],"_links":{"self":[{"href":"https:\/\/istorie.unibuc.ro\/facultate\/wp-json\/wp\/v2\/pages\/619","targetHints":{"allow":["GET"]}}],"collection":[{"href":"https:\/\/istorie.unibuc.ro\/facultate\/wp-json\/wp\/v2\/pages"}],"about":[{"href":"https:\/\/istorie.unibuc.ro\/facultate\/wp-json\/wp\/v2\/types\/page"}],"author":[{"embeddable":true,"href":"https:\/\/istorie.unibuc.ro\/facultate\/wp-json\/wp\/v2\/users\/2"}],"replies":[{"embeddable":true,"href":"https:\/\/istorie.unibuc.ro\/facultate\/wp-json\/wp\/v2\/comments?post=619"}],"version-history":[{"count":1,"href":"https:\/\/istorie.unibuc.ro\/facultate\/wp-json\/wp\/v2\/pages\/619\/revisions"}],"predecessor-version":[{"id":620,"href":"https:\/\/istorie.unibuc.ro\/facultate\/wp-json\/wp\/v2\/pages\/619\/revisions\/620"}],"up":[{"embeddable":true,"href":"https:\/\/istorie.unibuc.ro\/facultate\/wp-json\/wp\/v2\/pages\/171"}],"wp:attachment":[{"href":"https:\/\/istorie.unibuc.ro\/facultate\/wp-json\/wp\/v2\/media?parent=619"}],"curies":[{"name":"wp","href":"https:\/\/api.w.org\/{rel}","templated":true}]}}