{"id":616,"date":"2018-10-28T16:37:15","date_gmt":"2018-10-28T16:37:15","guid":{"rendered":"http:\/\/newhis.bucharest.university\/?page_id=616"},"modified":"2018-10-28T16:37:17","modified_gmt":"2018-10-28T16:37:17","slug":"prof-univ-dr-mihai-retegan","status":"publish","type":"page","link":"https:\/\/istorie.unibuc.ro\/facultate\/departamente\/istoria-romanilor-si-a-sud-estului-european\/prof-univ-dr-mihai-retegan\/","title":{"rendered":"Prof. Univ. Dr. Mihai Retegan"},"content":{"rendered":"\n<div class=\"wp-block-image\"><figure class=\"alignright\"><img loading=\"lazy\" decoding=\"async\" width=\"400\" height=\"400\" data-attachment-id=\"617\" data-permalink=\"https:\/\/istorie.unibuc.ro\/facultate\/departamente\/istoria-romanilor-si-a-sud-estului-european\/prof-univ-dr-mihai-retegan\/img_4724_s_r\/\" data-orig-file=\"https:\/\/i0.wp.com\/istorie.unibuc.ro\/wp-content\/uploads\/2018\/10\/IMG_4724_s_r.jpg?fit=400%2C400&amp;ssl=1\" data-orig-size=\"400,400\" data-comments-opened=\"0\" data-image-meta=\"{&quot;aperture&quot;:&quot;5&quot;,&quot;credit&quot;:&quot;Christian NASULEA&quot;,&quot;camera&quot;:&quot;Canon EOS 760D&quot;,&quot;caption&quot;:&quot;&quot;,&quot;created_timestamp&quot;:&quot;1454687513&quot;,&quot;copyright&quot;:&quot;Whims Media&quot;,&quot;focal_length&quot;:&quot;27&quot;,&quot;iso&quot;:&quot;640&quot;,&quot;shutter_speed&quot;:&quot;0.004&quot;,&quot;title&quot;:&quot;&quot;,&quot;orientation&quot;:&quot;1&quot;}\" data-image-title=\"IMG_4724_s_r\" data-image-description=\"\" data-image-caption=\"\" data-large-file=\"https:\/\/i0.wp.com\/istorie.unibuc.ro\/wp-content\/uploads\/2018\/10\/IMG_4724_s_r.jpg?fit=400%2C400&amp;ssl=1\" src=\"https:\/\/i1.wp.com\/newhis.bucharest.university\/wp-content\/uploads\/2018\/10\/IMG_4724_s_r.jpg?fit=300%2C300\" alt=\"\" class=\"wp-image-617\" srcset=\"https:\/\/i0.wp.com\/istorie.unibuc.ro\/wp-content\/uploads\/2018\/10\/IMG_4724_s_r.jpg?w=400&amp;ssl=1 400w, https:\/\/i0.wp.com\/istorie.unibuc.ro\/wp-content\/uploads\/2018\/10\/IMG_4724_s_r.jpg?resize=150%2C150&amp;ssl=1 150w, https:\/\/i0.wp.com\/istorie.unibuc.ro\/wp-content\/uploads\/2018\/10\/IMG_4724_s_r.jpg?resize=300%2C300&amp;ssl=1 300w\" sizes=\"auto, (max-width: 400px) 100vw, 400px\" \/><\/figure><\/div>\n\n\n\n<p class=\"wp-block-paragraph\">Email:&nbsp;<a href=\"mailto:mailto:mihai.retegan@istorie.unibuc.ro\">mihai.retegan@istorie.unibuc.ro<\/a><\/p>\n\n\n\n<p class=\"wp-block-paragraph\"><strong>Studii:<\/strong><\/p>\n\n\n\n<p class=\"wp-block-paragraph\"><em>Doctorat in istorie &#8211; Universitatea din Bucure\u0219ti<\/em>&nbsp;(1993)<br><\/p>\n\n\n\n<p class=\"wp-block-paragraph\">Licenta &#8211;&nbsp;<em>Universitatea<\/em><em>din Bucure\u0219ti (1974)<\/em><\/p>\n\n\n\n<p class=\"wp-block-paragraph\"><em><strong>Domenii de interes:<\/strong><\/em><\/p>\n\n\n\n<p class=\"wp-block-paragraph\"><em>Politica extern\u0103 a Rom\u00e2niei \u0219i Rela\u021bii interna\u021bionale \u00een sec. XX<\/em><\/p>\n\n\n\n<p class=\"wp-block-paragraph\"><em>Istoria militar\u0103 a sec.XX<\/em><\/p>\n\n\n\n<p class=\"wp-block-paragraph\"><em>Rom\u00e2nia post al doilea r\u0103zboi mondial<\/em><\/p>\n\n\n\n<p class=\"wp-block-paragraph\"><em><strong>Cursuri sustinute la Facultatea de Istorie:<\/strong><\/em><\/p>\n\n\n\n<p class=\"wp-block-paragraph\"><em>Politica extern\u0103 a Rom\u00e2niei \u00een perioada interbelic\u0103<\/em><\/p>\n\n\n\n<p class=\"wp-block-paragraph\"><em>Politica militar\u0103 a Rom\u00e2niei 1920 \u2013 1947<\/em><\/p>\n\n\n\n<p class=\"wp-block-paragraph\"><em>Rom\u00e2nia \u0219i crizele comunismului (1953 \u2013 1989)<\/em><\/p>\n\n\n\n<p class=\"wp-block-paragraph\"><strong>Lista selectiv\u0103 de publica\u021bii:<\/strong><\/p>\n\n\n\n<p class=\"wp-block-paragraph\"><em>Retegan, M. &#8211;&nbsp;\u00cen balan\u021ba for\u021belor. Alian\u021be militare rom\u00e2ne\u0219ti interbelice<\/em><strong>,&nbsp;<\/strong>1997<\/p>\n\n\n\n<p class=\"wp-block-paragraph\"><em>Retegan, M. &#8211;&nbsp;1968 din prim\u0103var\u0103 p\u00e2n\u0103 \u00een toamn\u0103,<\/em>1998 \u0219i 2014 (edi\u021bie rev\u0103zut\u0103 \u0219i ad\u0103ugit\u0103)<\/p>\n\n\n\n<p class=\"wp-block-paragraph\"><em>Retegan, M.&nbsp;&#8211;&nbsp;Povestea unei tr\u0103d\u0103ri. Spionajul britanic \u00een Rom\u00e2nia (1941 \u2013 1944),<\/em>2010<\/p>\n\n\n\n<p class=\"wp-block-paragraph\"><em>Retegan, M.; Botoran, C.; Du\u021bu, Al.&nbsp;&#8211;&nbsp;Transilvania \u00een evolu\u021bia rela\u021biilor rom\u00e2no-ungare. O nou\u0103 abordare<\/em><strong>,&nbsp;<\/strong>1993<\/p>\n\n\n\n<p class=\"wp-block-paragraph\"><em>Retegan, M.; Du\u021bu, Al. &#8211;&nbsp;Osta\u0219i, v\u0103 ordon: trece\u021bi Prutul, 1993<\/em><\/p>\n\n\n\n<p class=\"wp-block-paragraph\">Mai multe edi\u021bii de documente despre 1956, 1989, rela\u021biile din Pactul de la Var\u0219ovia<\/p>\n\n\n\n<p class=\"wp-block-paragraph\"><em><strong>Conduc\u0103tor de doctorat:<\/strong><\/em><\/p>\n\n\n\n<p class=\"wp-block-paragraph\"><em>Elis Ple\u0219a:&nbsp;Cultul personalit\u0103\u021bii lui Gheorghe Gheorghiu-Dej<\/em><\/p>\n\n\n\n<p class=\"wp-block-paragraph\"><em>Cristina-Mihaela Scarlat:&nbsp;Violen\u021ba Politic\u0103 \u00een a\u021begerile parlamentare din Rom\u00e2nia interbelic\u0103<\/em><\/p>\n\n\n\n<p class=\"wp-block-paragraph\"><em>Gheorghe Ionu\u021b Bucur:&nbsp;S\u0103pt\u0103m\u00e2na cultural\u0103 a Capitalei, destinul unei reviste controversate<\/em><\/p>\n\n\n\n<p class=\"wp-block-paragraph\"><em>Andreea B\u0103dil\u0103:&nbsp;Ac\u021biuni diplomatice rom\u00e2ne\u0219ti \u00een cadrul ONU \u0219i CSCE, 1962 \u2013 1975<\/em><\/p>\n\n\n\n<p class=\"wp-block-paragraph\"><em>Alexandru Mihai Pi\u021bigoi:&nbsp;Marea Britanie \u0219i Rom\u00e2nia, 1905 \u2013 1929<\/em><\/p>\n\n\n\n<p class=\"wp-block-paragraph\"><em>Vasile Palii:&nbsp;Actul decisional \u00een politica extern\u0103 rom\u00e2neasc\u0103, 1939 \u2013 1968<\/em><\/p>\n\n\n\n<p class=\"wp-block-paragraph\"><em>Florin Popescu:&nbsp;Rela\u021bii rom\u00e2no-sovietice, 1918\u2013 1927<\/em><br><\/p>\n\n\n\n<p class=\"wp-block-paragraph\"><em>Valentin Vasile:&nbsp;Via\u021ba cotidian\u0103 \u00een Rom\u00e2nia, 1941 \u2013 1965<\/em><\/p>\n\n\n\n<p class=\"wp-block-paragraph\"><em>Florin Soare:&nbsp;Politica natalist\u0103 a regimului Ceau\u0219escu<\/em><\/p>\n\n\n\n<p class=\"wp-block-paragraph\"><em>Iuliu Cr\u0103can\u0103:&nbsp;Justi\u021bia \u00een slujba puterii<\/em><\/p>\n\n\n\n<p class=\"wp-block-paragraph\"><em>\u00cei rog pe to\u021bi ceilal\u021bi doctoranzi care nu se reg\u0103sesc aici s\u0103 \u00eemi ierte ne\u021binerea de minte!<\/em><\/p>\n\n\n\n<p class=\"wp-block-paragraph\"><\/p>\n","protected":false},"excerpt":{"rendered":"<p>Email:&nbsp;mihai.retegan@istorie.unibuc.ro Studii: Doctorat in istorie &#8211; Universitatea din Bucure\u0219ti&nbsp;(1993) Licenta &#8211;&nbsp;Universitateadin Bucure\u0219ti (1974) Domenii de interes: Politica extern\u0103 a Rom\u00e2niei \u0219i Rela\u021bii interna\u021bionale \u00een sec. XX Istoria militar\u0103 a sec.XX Rom\u00e2nia post al doilea r\u0103zboi mondial Cursuri sustinute la Facultatea de Istorie: Politica extern\u0103 a Rom\u00e2niei \u00een perioada interbelic\u0103 Politica militar\u0103 a Rom\u00e2niei 1920 \u2013 [&hellip;]<\/p>\n","protected":false},"author":2,"featured_media":0,"parent":171,"menu_order":0,"comment_status":"closed","ping_status":"closed","template":"","meta":{"_crdt_document":"","footnotes":""},"class_list":["post-616","page","type-page","status-publish","hentry"],"jetpack_sharing_enabled":true,"jetpack_shortlink":"https:\/\/wp.me\/PaobZd-9W","jetpack-related-posts":[],"_links":{"self":[{"href":"https:\/\/istorie.unibuc.ro\/facultate\/wp-json\/wp\/v2\/pages\/616","targetHints":{"allow":["GET"]}}],"collection":[{"href":"https:\/\/istorie.unibuc.ro\/facultate\/wp-json\/wp\/v2\/pages"}],"about":[{"href":"https:\/\/istorie.unibuc.ro\/facultate\/wp-json\/wp\/v2\/types\/page"}],"author":[{"embeddable":true,"href":"https:\/\/istorie.unibuc.ro\/facultate\/wp-json\/wp\/v2\/users\/2"}],"replies":[{"embeddable":true,"href":"https:\/\/istorie.unibuc.ro\/facultate\/wp-json\/wp\/v2\/comments?post=616"}],"version-history":[{"count":1,"href":"https:\/\/istorie.unibuc.ro\/facultate\/wp-json\/wp\/v2\/pages\/616\/revisions"}],"predecessor-version":[{"id":618,"href":"https:\/\/istorie.unibuc.ro\/facultate\/wp-json\/wp\/v2\/pages\/616\/revisions\/618"}],"up":[{"embeddable":true,"href":"https:\/\/istorie.unibuc.ro\/facultate\/wp-json\/wp\/v2\/pages\/171"}],"wp:attachment":[{"href":"https:\/\/istorie.unibuc.ro\/facultate\/wp-json\/wp\/v2\/media?parent=616"}],"curies":[{"name":"wp","href":"https:\/\/api.w.org\/{rel}","templated":true}]}}