{"id":6054,"date":"2021-02-18T20:04:09","date_gmt":"2021-02-18T20:04:09","guid":{"rendered":"https:\/\/istorie.unibuc.ro\/?page_id=6054"},"modified":"2021-02-18T20:08:32","modified_gmt":"2021-02-18T20:08:32","slug":"grupul-de-initiativa-studenteasca-gis","status":"publish","type":"page","link":"https:\/\/istorie.unibuc.ro\/facultate\/grupul-de-initiativa-studenteasca-gis\/","title":{"rendered":"Grupul de Ini\u021biativ\u0103 Studen\u021beasc\u0103 (GIS)"},"content":{"rendered":"\n<p class=\"wp-block-paragraph\"><strong>Grupul de Ini\u021biativ\u0103 Studen\u021beasc\u0103 (GIS)<\/strong> este un cerc studen\u021besc fondat \u00een anul 2020.<\/p>\n\n\n\n<p class=\"wp-block-paragraph\">GIS are drept misiune formarea \u0219i dezvoltarea abilit\u0103\u021bilor studen\u021bilor privind comunicarea \u00een spa\u021biul public, precum \u0219i aplicarea acestor abilit\u0103\u021bi \u00een proiecte de sus\u021binere a campaniei de promovare a facult\u0103\u021bii, prin organizarea de evenimente culturale \u0219i \u0219tiin\u021bifice, sus\u021binerea unui proiect editorial destinat studen\u021bilor, interviuri \u0219i testimoniale cu studen\u021bi \u0219i absolven\u021bi ai facult\u0103\u021bii, precum \u0219i alte activit\u0103\u021bi care urm\u0103resc ob\u021binerea unei vizibilit\u0103\u021bi pozitive a facult\u0103\u021bii. GIS acord\u0103, de asemenea, suport logistic FIUB \u00een privin\u021ba administr\u0103rii paginilor de social media.<\/p>\n\n\n\n<p class=\"wp-block-paragraph\">Dintre activit\u0103\u021bile GIS de p\u00e2n\u0103 acum se remarc\u0103 campania de promovare FIUB \u00een contextul admiterii 2020, participarea la organizarea de activit\u0103\u021bi \u00een cadrul S\u0103pt\u0103m\u00e2nii Bobocului la Istorie 2020, campania de interviuri cu absolven\u021bi FIUB, coordonarea revistei ,,1900 toamna\u201d, organizarea de evenimente \u0219i conferin\u021be.<\/p>\n\n\n\n<p class=\"wp-block-paragraph\"><strong>V\u0103 a\u0219tept\u0103m al\u0103turi de noi!<\/strong><\/p>\n\n\n\n<p class=\"wp-block-paragraph\"><strong>Responsabil GIS<\/strong>: Cosmin-Ionu\u021b Laz\u0103r (student anul II Istorie)<\/p>\n\n\n\n<p class=\"wp-block-paragraph\"><strong>Profesor coordonator<\/strong>: conf. univ. dr. Florentina Ni\u021bu.<\/p>\n","protected":false},"excerpt":{"rendered":"<p>Grupul de Ini\u021biativ\u0103 Studen\u021beasc\u0103 (GIS) este un cerc studen\u021besc fondat \u00een anul 2020. GIS are drept misiune formarea \u0219i dezvoltarea abilit\u0103\u021bilor studen\u021bilor privind comunicarea \u00een spa\u021biul public, precum \u0219i aplicarea acestor abilit\u0103\u021bi \u00een proiecte de sus\u021binere a campaniei de promovare a facult\u0103\u021bii, prin organizarea de evenimente culturale \u0219i \u0219tiin\u021bifice, sus\u021binerea unui proiect editorial destinat studen\u021bilor, [&hellip;]<\/p>\n","protected":false},"author":7,"featured_media":0,"parent":0,"menu_order":0,"comment_status":"closed","ping_status":"closed","template":"","meta":{"_crdt_document":"","jetpack_post_was_ever_published":false,"footnotes":""},"class_list":["post-6054","page","type-page","status-publish","hentry"],"jetpack_sharing_enabled":true,"jetpack_shortlink":"https:\/\/wp.me\/PaobZd-1zE","jetpack-related-posts":[],"_links":{"self":[{"href":"https:\/\/istorie.unibuc.ro\/facultate\/wp-json\/wp\/v2\/pages\/6054","targetHints":{"allow":["GET"]}}],"collection":[{"href":"https:\/\/istorie.unibuc.ro\/facultate\/wp-json\/wp\/v2\/pages"}],"about":[{"href":"https:\/\/istorie.unibuc.ro\/facultate\/wp-json\/wp\/v2\/types\/page"}],"author":[{"embeddable":true,"href":"https:\/\/istorie.unibuc.ro\/facultate\/wp-json\/wp\/v2\/users\/7"}],"replies":[{"embeddable":true,"href":"https:\/\/istorie.unibuc.ro\/facultate\/wp-json\/wp\/v2\/comments?post=6054"}],"version-history":[{"count":2,"href":"https:\/\/istorie.unibuc.ro\/facultate\/wp-json\/wp\/v2\/pages\/6054\/revisions"}],"predecessor-version":[{"id":6057,"href":"https:\/\/istorie.unibuc.ro\/facultate\/wp-json\/wp\/v2\/pages\/6054\/revisions\/6057"}],"wp:attachment":[{"href":"https:\/\/istorie.unibuc.ro\/facultate\/wp-json\/wp\/v2\/media?parent=6054"}],"curies":[{"name":"wp","href":"https:\/\/api.w.org\/{rel}","templated":true}]}}