{"id":5654,"date":"2020-11-10T12:25:47","date_gmt":"2020-11-10T12:25:47","guid":{"rendered":"https:\/\/istorie.unibuc.ro\/?page_id=5654"},"modified":"2020-11-10T12:25:48","modified_gmt":"2020-11-10T12:25:48","slug":"ion-bulei-1941-2020","status":"publish","type":"page","link":"https:\/\/istorie.unibuc.ro\/facultate\/ion-bulei-1941-2020\/","title":{"rendered":"Ion Bulei (1941-2020)"},"content":{"rendered":"\n<figure class=\"wp-block-image is-resized\"><img data-recalc-dims=\"1\" loading=\"lazy\" decoding=\"async\" data-attachment-id=\"5656\" data-permalink=\"https:\/\/istorie.unibuc.ro\/facultate\/ion-bulei-1941-2020\/124672004_2455982271372223_2589244890928002313_n-1\/\" data-orig-file=\"https:\/\/i0.wp.com\/istorie.unibuc.ro\/wp-content\/uploads\/2020\/11\/124672004_2455982271372223_2589244890928002313_n-1.jpg?fit=640%2C480&amp;ssl=1\" data-orig-size=\"640,480\" data-comments-opened=\"0\" data-image-meta=\"{&quot;aperture&quot;:&quot;0&quot;,&quot;credit&quot;:&quot;&quot;,&quot;camera&quot;:&quot;&quot;,&quot;caption&quot;:&quot;&quot;,&quot;created_timestamp&quot;:&quot;0&quot;,&quot;copyright&quot;:&quot;&quot;,&quot;focal_length&quot;:&quot;0&quot;,&quot;iso&quot;:&quot;0&quot;,&quot;shutter_speed&quot;:&quot;0&quot;,&quot;title&quot;:&quot;&quot;,&quot;orientation&quot;:&quot;0&quot;}\" data-image-title=\"124672004_2455982271372223_2589244890928002313_n-1\" data-image-description=\"\" data-image-caption=\"\" data-large-file=\"https:\/\/i0.wp.com\/istorie.unibuc.ro\/wp-content\/uploads\/2020\/11\/124672004_2455982271372223_2589244890928002313_n-1.jpg?fit=640%2C480&amp;ssl=1\" src=\"https:\/\/i0.wp.com\/istorie.unibuc.ro\/wp-content\/uploads\/2020\/11\/124672004_2455982271372223_2589244890928002313_n-1.jpg?resize=532%2C399&#038;ssl=1\" alt=\"\" class=\"wp-image-5656\" width=\"532\" height=\"399\" srcset=\"https:\/\/i0.wp.com\/istorie.unibuc.ro\/wp-content\/uploads\/2020\/11\/124672004_2455982271372223_2589244890928002313_n-1.jpg?w=640&amp;ssl=1 640w, https:\/\/i0.wp.com\/istorie.unibuc.ro\/wp-content\/uploads\/2020\/11\/124672004_2455982271372223_2589244890928002313_n-1.jpg?resize=300%2C225&amp;ssl=1 300w, https:\/\/i0.wp.com\/istorie.unibuc.ro\/wp-content\/uploads\/2020\/11\/124672004_2455982271372223_2589244890928002313_n-1.jpg?resize=400%2C300&amp;ssl=1 400w\" sizes=\"auto, (max-width: 532px) 100vw, 532px\" \/><\/figure>\n\n\n\n<p class=\"wp-block-paragraph\"><\/p>\n\n\n\n<p class=\"wp-block-paragraph\"><\/p>\n\n\n\n<blockquote class=\"wp-block-quote is-layout-flow wp-block-quote-is-layout-flow\"><p><em>Mi se pare incredibil s\u0103 vorbesc despre profesorul Ion Bulei la timpul trecut&#8230; \u0218i totu\u0219i asta fac. Vestea\u00a0trist\u0103, n\u0103ucitoare a venit \u00een zori de zi c\u00e2nd de obicei a\u0219tep\u021bi alte ve\u0219ti, cum ar fi na\u0219terea unui copil. Dar nu a fost s\u0103 fie. De ast\u0103zi istoriografia rom\u00e2neasc\u0103 este mai s\u0103rac\u0103, unul dintre pilonii cercet\u0103rii \u0219tiin\u021bifice s-a cl\u0103tinat. Dar nu s-a pr\u0103bu\u0219it, solidele volume despre conservatorismul \u00een Rom\u00e2nia fiind m\u0103rturie.\u00a0De fapt, un istoric, \u0219i Ion Bulei este un istoric din categoria celor rasa\u021bi, nu se petrece\u00a0 niciodat\u0103. El r\u0103m\u00e2ne prin\u00a0opera sa, prin ceea ce a transmis genera\u021biilor de pasiona\u021bi de istorie, nu doar studen\u021bi, cercet\u0103tori \u0219i al\u021bi dasc\u0103li. C\u0103r\u021bile sale se adresau tuturor celor care iubeau Istoria.<br>\u0218i de\u0219i ireparabilul s-a produs refuz \u00een continuare s\u0103 vorbesc despre\u00a0 Ion Bulei la timpul trecut.<\/em><\/p><cite><strong>( Prof. univ. dr. Mihai Retegan, 10.11.2020)<\/strong><\/cite><\/blockquote>\n\n\n\n<p class=\"wp-block-paragraph\"><\/p>\n\n\n\n<p class=\"wp-block-paragraph\"><\/p>\n\n\n\n<blockquote class=\"wp-block-quote is-layout-flow wp-block-quote-is-layout-flow\"><p><em>Pierderea unui om apropiat este greu de trecut iar pagina alb\u0103 devine sinonima golului care va trebui dep\u0103\u0219it. Cum \u0219i \u00een ce fel, nu putem spune. Probabil amintirea \u0219i p\u0103strarea \u00een posteritate a numelui \u0219i faptelor celui drag ar putea fi un mic semn al datoriei noastre \u00eemplinite. Uitarea poate fi cople\u0219itoare \u0219i ea ne p\u00e2nde\u0219te \u00een fiecare zi cu un chip schimonosit de satisfac\u021bie.<\/em><\/p><p><em>\u00cemi este foarte greu s\u0103 accept c\u0103 profesorul meu, profesorul nostru, profesorul Ion Bulei a plecat dintre noi. Am avut deosebita \u0219ans\u0103 s\u0103-l \u00eent\u00e2lnesc ca student al Facult\u0103\u021bii de Istorie din Universitatea din Bucure\u0219ti la \u00eenceputul studiilor mele iar \u00eent\u00e2lnirea aceasta mi-a \u00eemplinit via\u021ba, mie \u0219i multor altor colegi, din genera\u021bia mea sau din genera\u021biile care au urmat p\u00e2n\u0103 la pensionarea sa prematur\u0103 deoarece ar mai fi avut mult de oferit. Drumul nostru um\u0103r l\u00e2ng\u0103 um\u0103r a fost lung, p\u00e2n\u0103 ast\u0103zi.<\/em><\/p><p><em>\u00cel \u0219tiam din c\u0103r\u021bile pe care le citisem ca liceean, unele (Lumea rom\u00e2neasc\u0103 la 1900 \u0219i Atunci c\u00e2nd veacul se n\u0103\u0219tea) care ie\u0219eau dintr-un tipar destul de rigid, sufocat adesea de rigorile ideologiei regimului comunist. Nu doar subiectele inedite \u0219i cu totul noi dar mai ales stilul atractiv, vesel, clar, literaturizat m-au f\u0103cut s\u0103 re\u021bin numele autorului.<\/em><\/p><p><em>Omul \u0219i profesorul m-au convins la \u00eenceputul anilor 90 \u0219i dup\u0103 aceea de nenum\u0103rate ori de dreptatea zicerii unui \u00een\u021belept francez care, pe la jum\u0103tatea secolului al XVIII-lea, spunea c\u0103 \u201estilul este omul\u201d. Omul Ion Bulei s-a confundat cu profesorul \u00eentr-o personalitate d\u0103ruit\u0103 cu voca\u021bie, exemplu at\u00e2t de rar \u0219i cu at\u00e2t mai valoros prin contopirea celor dou\u0103 laturi, la el inseparabile.<\/em><\/p><p><em>Disciplina pe care a sus\u021binut-o \u00een cadrul facult\u0103\u021bii, Istoria celei de a doua jum\u0103t\u0103\u021bi a secolului al XIX-lea \u00een Rom\u00e2nia \u0219i p\u00e2n\u0103 la Primul R\u0103zboi Mondial, completa interesul s\u0103u istoriografic. Pasiunea pentru epoc\u0103 ne-a transmis-o \u0219i nou\u0103, studen\u021bi, masteranzi sau doctoranzi. Talentul pedagogic \u0219i mai ales firea deschis\u0103, comunicativ\u0103, lipsit\u0103 de morg\u0103, simpatic\u0103, au u\u0219urat drumul cuno\u0219tin\u021belor de specialitate de la el p\u00e2n\u0103 la noi. Amfiteatrul sau sala de curs devenea o agora, doar c\u0103 el nu era nici regele, nici cel mai \u00een v\u00e2rst\u0103. Era unul dintre noi, iar pentru asta l-am respectat cu to\u021bii foarte mult.<\/em><\/p><p><em>C\u0103r\u021bile lui, fie cele dedicate perioadei neutralit\u0103\u021bii Rom\u00e2niei \u00een Primul R\u0103zboi Mondial, fie cele deja amintite, deveneau \u0219i c\u0103r\u021bile noastre. Nu putem uita principala lucrare, \u00eenceput\u0103 ca tez\u0103 de doctorat \u0219i augmentat\u0103 apoi (Sistemul politic al Rom\u00e2niei moderne. Partidul Conservator). Dac\u0103 p\u00e2n\u0103 la el istoriografia \u00eemp\u0103r\u021bea lumea politic\u0103 rom\u00e2neasc\u0103 din timpul regelui Carol I \u00een buni (liberalii) \u0219i r\u0103i (conservatorii), ca o prelungire a principiului luptei de clas\u0103, istoricul Ion Bulei a fost primul care a scos \u00een eviden\u021b\u0103 asem\u0103n\u0103rile \u0219i abia apoi deosebirile dintre cele dou\u0103 p\u0103r\u021bi ale elitei societ\u0103\u021bii rom\u00e2ne\u0219ti \u00een epoc\u0103. Editor \u00een egal\u0103 m\u0103sur\u0103 al unor volume de documente \u0219i de literatur\u0103 memorialistic\u0103, dup\u0103 Revolu\u021bia din decembrie 1990 a continuat s\u0103 publice, printre altele o popular\u0103 \u0219i apreciat\u0103 Scurt\u0103 istorie a rom\u00e2nilor (publicat\u0103 \u00een edi\u021bii distincte \u00een limbile rom\u00e2n\u0103, englez\u0103, francez\u0103 \u0219i german\u0103) \u0219i mai ales o serie dedicat\u0103 suveranilor Rom\u00e2niei.<\/em><\/p><p><em>Dup\u0103 1989 s-a implicat \u00een diferite misiuni diplomatice \u0219i \u00een conducerea unor institu\u021bii. A \u00eendeplinit rolul de ata\u0219at cultural \u00een cadrul Ambasadei Rom\u00e2niei la Roma, director timp de cinci ani al Institutului Rom\u00e2n de Cultur\u0103 \u0219i Cercetare Umanistic\u0103 de la Vene\u021bia pe care l-a revigorat, \u0219ef al Catedrei de Istorie a Rom\u00e2niei din Facultatea de Istorie \u00eentre 2004 \u0219i 2008, director al Institutului de \u0218tiin\u021be Politice \u0219i Rela\u021bii Interna\u021bionale \u201eIon I.C. Br\u0103tianu\u201d al Academiei Rom\u00e2ne.<\/em><\/p><p><em>Cuvintele de fa\u021b\u0103 sunt prea palide pentru a\u00a0 \u00eentregi personalitatea profesorului, istoricului \u0219i omului Ion Bulei. Ne vom g\u00e2ndi la el a\u0219a cum \u00eei vom citi c\u0103r\u021bile.<\/em><\/p><p><em>Dumnezeu s\u0103-l odihneasc\u0103.<\/em><\/p><cite><strong>( Prof. univ. dr. Alin Ciupal\u0103, 10.11.2020)<\/strong><\/cite><\/blockquote>\n\n\n\n<p class=\"wp-block-paragraph\"><\/p>\n","protected":false},"excerpt":{"rendered":"<p>Mi se pare incredibil s\u0103 vorbesc despre profesorul Ion Bulei la timpul trecut&#8230; \u0218i totu\u0219i asta fac. Vestea\u00a0trist\u0103, n\u0103ucitoare a venit \u00een zori de zi c\u00e2nd de obicei a\u0219tep\u021bi alte ve\u0219ti, cum ar fi na\u0219terea unui copil. Dar nu a fost s\u0103 fie. De ast\u0103zi istoriografia rom\u00e2neasc\u0103 este mai s\u0103rac\u0103, unul dintre pilonii cercet\u0103rii \u0219tiin\u021bifice [&hellip;]<\/p>\n","protected":false},"author":7,"featured_media":0,"parent":0,"menu_order":0,"comment_status":"closed","ping_status":"closed","template":"","meta":{"_crdt_document":"","footnotes":""},"class_list":["post-5654","page","type-page","status-publish","hentry"],"jetpack_sharing_enabled":true,"jetpack_shortlink":"https:\/\/wp.me\/PaobZd-1tc","jetpack-related-posts":[],"_links":{"self":[{"href":"https:\/\/istorie.unibuc.ro\/facultate\/wp-json\/wp\/v2\/pages\/5654","targetHints":{"allow":["GET"]}}],"collection":[{"href":"https:\/\/istorie.unibuc.ro\/facultate\/wp-json\/wp\/v2\/pages"}],"about":[{"href":"https:\/\/istorie.unibuc.ro\/facultate\/wp-json\/wp\/v2\/types\/page"}],"author":[{"embeddable":true,"href":"https:\/\/istorie.unibuc.ro\/facultate\/wp-json\/wp\/v2\/users\/7"}],"replies":[{"embeddable":true,"href":"https:\/\/istorie.unibuc.ro\/facultate\/wp-json\/wp\/v2\/comments?post=5654"}],"version-history":[{"count":2,"href":"https:\/\/istorie.unibuc.ro\/facultate\/wp-json\/wp\/v2\/pages\/5654\/revisions"}],"predecessor-version":[{"id":5658,"href":"https:\/\/istorie.unibuc.ro\/facultate\/wp-json\/wp\/v2\/pages\/5654\/revisions\/5658"}],"wp:attachment":[{"href":"https:\/\/istorie.unibuc.ro\/facultate\/wp-json\/wp\/v2\/media?parent=5654"}],"curies":[{"name":"wp","href":"https:\/\/api.w.org\/{rel}","templated":true}]}}