{"id":5428,"date":"2020-10-19T18:54:02","date_gmt":"2020-10-19T18:54:02","guid":{"rendered":"https:\/\/istorie.unibuc.ro\/?page_id=5428"},"modified":"2020-10-29T10:30:05","modified_gmt":"2020-10-29T10:30:05","slug":"interviu-cu-claudia-florentina-dobre","status":"publish","type":"page","link":"https:\/\/istorie.unibuc.ro\/facultate\/interviu-cu-claudia-florentina-dobre\/","title":{"rendered":"Interviu cu Claudia Florentina Dobre"},"content":{"rendered":"\n<figure class=\"wp-block-image size-large is-resized\"><img data-recalc-dims=\"1\" loading=\"lazy\" decoding=\"async\" data-attachment-id=\"5438\" data-permalink=\"https:\/\/istorie.unibuc.ro\/facultate\/interviu-cu-claudia-florentina-dobre\/122205006_1307885676210266_9178227710295166548_n\/\" data-orig-file=\"https:\/\/i0.wp.com\/istorie.unibuc.ro\/wp-content\/uploads\/2020\/10\/122205006_1307885676210266_9178227710295166548_n.jpg?fit=720%2C480&amp;ssl=1\" data-orig-size=\"720,480\" data-comments-opened=\"0\" data-image-meta=\"{&quot;aperture&quot;:&quot;0&quot;,&quot;credit&quot;:&quot;&quot;,&quot;camera&quot;:&quot;&quot;,&quot;caption&quot;:&quot;&quot;,&quot;created_timestamp&quot;:&quot;0&quot;,&quot;copyright&quot;:&quot;&quot;,&quot;focal_length&quot;:&quot;0&quot;,&quot;iso&quot;:&quot;0&quot;,&quot;shutter_speed&quot;:&quot;0&quot;,&quot;title&quot;:&quot;&quot;,&quot;orientation&quot;:&quot;0&quot;}\" data-image-title=\"122205006_1307885676210266_9178227710295166548_n\" data-image-description=\"\" data-image-caption=\"\" data-large-file=\"https:\/\/i0.wp.com\/istorie.unibuc.ro\/wp-content\/uploads\/2020\/10\/122205006_1307885676210266_9178227710295166548_n.jpg?fit=720%2C480&amp;ssl=1\" src=\"https:\/\/i0.wp.com\/istorie.unibuc.ro\/wp-content\/uploads\/2020\/10\/122205006_1307885676210266_9178227710295166548_n.jpg?resize=529%2C352&#038;ssl=1\" alt=\"\" class=\"wp-image-5438\" width=\"529\" height=\"352\" srcset=\"https:\/\/i0.wp.com\/istorie.unibuc.ro\/wp-content\/uploads\/2020\/10\/122205006_1307885676210266_9178227710295166548_n.jpg?w=720&amp;ssl=1 720w, https:\/\/i0.wp.com\/istorie.unibuc.ro\/wp-content\/uploads\/2020\/10\/122205006_1307885676210266_9178227710295166548_n.jpg?resize=300%2C200&amp;ssl=1 300w, https:\/\/i0.wp.com\/istorie.unibuc.ro\/wp-content\/uploads\/2020\/10\/122205006_1307885676210266_9178227710295166548_n.jpg?resize=400%2C267&amp;ssl=1 400w\" sizes=\"auto, (max-width: 529px) 100vw, 529px\" \/><\/figure>\n\n\n\n<p class=\"wp-block-paragraph\"><\/p>\n\n\n\n<p class=\"wp-block-paragraph\">O alt\u0103 absolvent\u0103 care ne va \u00eemp\u0103rt\u0103\u0219i din experien\u021ba sa din perioada studiilor la Facultatea de Istorie a Universit\u0103\u021bii din Bucure\u0219ti (FIUB) este <strong>Claudia-Florentina Dobre<\/strong>. Dup\u0103 studiile de licen\u021b\u0103 \u00een Istorie \u0219i dup\u0103 un master \u00een Istoria ideilor \u0219i mentalit\u0103\u021bilor la FIUB (finalizate \u00een 2001), a continuat cu \u00eenc\u0103 dou\u0103 masterate (\u00een studii medievale la Central European University \u0219i \u00een \u0219tiin\u021be sociale la \u00c9cole Doctorale Francophone en Sciences Sociales Europe Centrale et Orientale) \u0219i cu un doctorat sus\u021binut la Universitatea Laval din Qu\u00e9bec (cu teza <em>Nous-m\u00eames comme les autres. T\u00e9moignages des anciennes d\u00e9tenues politiques roumaines<\/em>). Ulterior, \u0219i-a f\u0103cut post-doctoratul la Facultatea de Istorie din Bucure\u0219ti, finalizat cu sus\u021binerea \u00een 2013 a lucr\u0103rii <em>Comunismul patrimonial&nbsp;: rememorare \u0219i uitare \u00een spa\u021biul public bucure\u0219tean<\/em>. Experien\u021ba sa profesional\u0103 este la fel de vast\u0103, \u00eembin\u00e2nd cariera universitar\u0103 cu cercetarea \u0219i cu publicistica \u0219tiin\u021bific\u0103. \u00cen prezent, este cercet\u0103tor \u0219tiin\u021bific la Institutul de Istorie ,,N. Iorga\u201d din Bucure\u0219ti, fondatoare \u0219i pre\u0219edinte al Centrului de Studii Memoriale \u0219i Identitare (CSMI), respectiv fondatoare \u0219i directoare a colegiului de redac\u021bie al revistei <em>MemoScapes. Romanian Journal of Memory and Identity Studies<\/em>. Mai multe ne va povesti ea \u00eens\u0103\u0219i.<\/p>\n\n\n\n<p class=\"wp-block-paragraph\"><\/p>\n\n\n\n<ol class=\"wp-block-list\" type=\"1\"><li><strong>Bun\u0103, Claudia! Pentru \u00eenceput, te-a\u0219 ruga s\u0103 ne spui c\u00e2teva cuvinte despre tine \u0219i despre pasiunea ta pentru istorie.<\/strong><\/li><\/ol>\n\n\n\n<p class=\"wp-block-paragraph\">C.F.D.&nbsp;: Pasiunea pentru istorie mi-am descoperit-o \u00een copil\u0103rie, dar am decis s\u0103 urmez Facultatea de Istorie a Universit\u0103\u021bii din Bucure\u0219ti \u00een ultimul an de liceu. Odat\u0103 intrat\u0103 la facultate, am fost o student\u0103 bun\u0103, am avut chiar burs\u0103 de merit vreo doi ani. Totu\u0219i, nu doar eu am avut pasiune pentru istorie, ci \u0219i istoria s-a \u021binut de mine scai. \u00cen ciuda diverselor tentative de a m\u0103 dep\u0103rta de istorie, m-am \u00eentors de fiecare dat\u0103 la EA ca la o veche iubire.<\/p>\n\n\n\n<ul class=\"wp-block-list\"><li><strong>Care sunt motivele care au stat \u00een spatele deciziei tale de a studia Istoria la Universitatea din Bucure\u0219ti? Cum se prezenta domeniul \u00een anii \u201890&nbsp;? <\/strong><strong>Au existat istorici sau lucr\u0103ri citite care te-au influen\u021bat \u00een vreun fel&nbsp;s\u0103 urmezi acest drum&nbsp;?<\/strong><\/li><\/ul>\n\n\n\n<p class=\"wp-block-paragraph\">C.F.D.&nbsp;: \u00cen liceu, profesoara mea de istorie a avut \u00eencredere \u00een mine \u0219i a\u0219a am ajuns la Olimpiadele de istorie, la faza pe \u021bar\u0103 \u00een clasele a XI-a \u0219i a XII-a. M-am \u00eentors de fiecare dat\u0103 cu men\u021biune special\u0103. \u00centr-un fel zarurile fuseser\u0103 aruncate, a\u0219a c\u0103 am luat decizia s\u0103 dau examen la FIUB. Pe de o parte, eram sigur\u0103 c\u0103 intru din prima, \u0219i, pe de alt\u0103 parte, mi-am dorit s\u0103 fac ceva care m\u0103 pasiona. C\u00e2nd am dat examen de admitere \u00een 1995, eram 10 candida\u021bi pe un loc \u0219i am intrat a 7-a din 120 de candida\u021bi. C\u00e2nd am aflat rezultatul am pl\u00e2ns, c\u0103ci \u00eemi dorisem s\u0103 intru prima \ud83d\ude42 . \u00cen anii `90, se schimba paradigma istoriografiei, schimbare care i se datora aproape exclusiv lui Lucian Boia. Pentru mul\u021bi dintre cei care l-am avut profesor a fost o \u0219ans\u0103, c\u0103ci ne-a ajutat s\u0103 concepem \u0219i s\u0103 scriem o altfel de istorie. Mai cosmopolit\u0103, mai european\u0103 \u0219i ie\u0219it\u0103 din tiparele totalitare de inspira\u021bie na\u021bional-comunist\u0103. Nu c\u0103r\u021bile sau oamenii m-au influen\u021bat \u00een alegerea Facult\u0103\u021bii de Istorie, ci pasiunea \u0219i munca mea din anii de liceu.<\/p>\n\n\n\n<ul class=\"wp-block-list\"><li><strong>\u00cen continuare, cum a fost experien\u021ba ta la Facultatea de Istorie, mai \u00eent\u00e2i ca student<\/strong><strong>\u0103<\/strong><strong> \u0219i apoi ca masterand<\/strong><strong>\u0103<\/strong><strong>&nbsp;? Ce cursuri \u0219i ce cadre didactice te-au inspirat, ce activit\u0103\u021bi extracurriculare te-au ajutat s\u0103 \u00ee\u021bi pui \u00een valoare pasiunea&nbsp;?<\/strong><\/li><\/ul>\n\n\n\n<p class=\"wp-block-paragraph\">C.F.D.&nbsp;: La \u00eenceput, nu a fost o experien\u021b\u0103 prea pl\u0103cut\u0103. \u00cen primele s\u0103pt\u0103m\u00e2ni chiar am vrut s\u0103 renun\u021b la facultate, dar prietenele mamei mele m-au convins s\u0103 nu o fac. Mama era tare sup\u0103rat\u0103 c\u0103 voiam s\u0103 renun\u021b. Dup\u0103 aceea, m-am adaptat chiar bine, m-a ajutat foarte mult \u0219i iubitul meu de atunci \ud83d\ude42 . Eram nedesp\u0103r\u021bi\u021bi \u0219i ne-am ajutat \u0219i profesional. Dintre profesori, Lucian Boia, Zoe Petre, Viorel Panaite m-au marcat cel mai mult. Ni\u0219te profesioni\u0219ti cu care am avut \u0219ansa s\u0103 lucrez \u0219i mai t\u00e2rziu. Dac\u0103 cititul la bibliotec\u0103 poate fi considerat activitate extracurricular\u0103, atunci e singura care m-a ajutat \u0219i \u00een timpul facult\u0103\u021bii \u0219i dup\u0103. Am citit enorm. Nu cred c\u0103 po\u021bi fi un istoric adev\u0103rat f\u0103r\u0103 s\u0103 cite\u0219ti mult, f\u0103r\u0103 s\u0103 cuno\u0219ti sursele \u0219i autorii reprezentativi.<\/p>\n\n\n\n<ul class=\"wp-block-list\"><li><strong>Cum s-a desf\u0103\u0219urat via\u021ba ta studen\u021beasc\u0103? <\/strong><strong>Ai stat la c\u0103min? Cum v\u0103 distra\u021bi tu \u0219i colegii t\u0103i&nbsp;? Ce muzic\u0103 asculta\u021bi&nbsp;?<\/strong><\/li><\/ul>\n\n\n\n<p class=\"wp-block-paragraph\">C.F.D.&nbsp;: Via\u021ba mea studen\u021beasc\u0103 a fost destul de monoton\u0103: cursuri, bibliotec\u0103, c\u0103min. Da, am stat \u00een c\u0103minele din Leu. Destul de bine, de altfel, dou\u0103 fete \u00een camer\u0103 \u0219i chiar singur\u0103 \u00een ultimul an de facultate \u0219i \u00een timpul primului an de master. Nu m\u0103 distram cu colegii, eu mergeam la film \u0219i la teatru cu iubitul meu de atunci. \u00cempreun\u0103 mergeam \u0219i la discotec\u0103, la mare sau la munte \u00een vacan\u021be. La \u00eent\u00e2lnirea de 20 de ani de la terminarea facult\u0103\u021bii m-am distrat pentru prima dat\u0103 cu colegii mei \ud83d\ude42 . Muzica&#8230; hm, ascultam muzic\u0103 clasic\u0103 c\u00e2nd \u00eemi scriam teza de licen\u021b\u0103 ca s\u0103 acopere zgomotul din c\u0103min. La discotec\u0103 ascultam \u0219i dansam disco-pop. \u00cemi pl\u0103ceau ABBA \u0219i Roxette. \u00cemi plac \u0219i acum. Am pasiuni vechi care m\u0103 \u021bin o via\u021b\u0103.<\/p>\n\n\n\n<ul class=\"wp-block-list\"><li><strong>Dup\u0103 absolvirea facult\u0103\u021bii, cum te-a ajutat \u00een studiile ulterioare \u00een str\u0103in\u0103tate \u0219i \u00een carier\u0103 ceea ce ai \u00eenv\u0103\u021bat la Facultatea de Istorie&nbsp;? <\/strong><strong>Ce ne po\u021bi spune despre cariera de cercet\u0103tor, despre reorientarea ta de la studiile medievale la istorie contemporan\u0103&nbsp;\u0219i despre interesele actuale?<\/strong><\/li><\/ul>\n\n\n\n<p class=\"wp-block-paragraph\">C.F.D.&nbsp;: Nu m-a ajutat ce am \u00eenv\u0103\u021bat la facultate, cel mai mult m-a ajutat \u00een carier\u0103 ce am \u00eenv\u0103\u021bat \u00een liceu: franceza, engleza \u0219i latina. Dar, m-a ajutat cititul la biblioteca Facult\u0103\u021bii de Istorie. Am citit to\u021bi autorii clasici, am citit tot ce au publicat Lucian Boia, Zoe Petre. Eram impresionat\u0103. \u0218i acum sunt \ud83d\ude42 . Eram pasionat\u0103 de Evul Mediu, sunt \u0219i acum. Doar c\u0103 uneori via\u021ba te duce \u00een alt\u0103 direc\u021bie. \u00cen anul 2000, c\u00e2nd eram la Masterul de Istoria ideilor \u0219i mentalit\u0103\u021bilor am intrat \u00een contact cu persoanele care lucrau la Funda\u021bia Cultural\u0103 Memoria. Mul\u021bi erau fo\u0219ti de\u021binu\u021bi politici \u0219i am \u00eenceput s\u0103 citesc \u0219i eu despre asta. \u00cen liceu, m\u0103 impresionase <em>Jurnalul fericirii<\/em> scris de N. Steinhardt, dar ceea ce mi-a schimbat destinul a fost lucrarea Adrianei Georgescu, <em>La \u00eenceput a fost sf\u00e2r\u0219itul<\/em>. De atunci, am \u00eencercat s\u0103 aflu mai multe despre persecu\u021biile politice \u0219i represiunea comunist\u0103. \u0218i a\u0219a am ajuns s\u0103 fac un master \u00een \u0219tiin\u021be sociale \u0219i apoi doctoratul \u00een istorie pe tema discursului memorial al fostelor de\u021binute politic din Rom\u00e2nia comunist\u0103. Dup\u0103 doctorat, am \u00eencercat s\u0103 schimb direc\u021bia: am fost o vreme editor de carte, apoi stagiar\u0103 la Parlamentul European. Dar am r\u0103mas legat\u0103 de istorie prin participarea la diverse proiecte de cercetare: fie prin intermediul unor burse de studiu, fie ca cercet\u0103tor independent \u00een diverse proiecte. Acum tot cu problematica represiunii comuniste m\u0103 ocup. \u00centre timp, am scris destul de mult pe subiect, am f\u0103cut \u0219i un documentar despre deportarea \u00een B\u0103r\u0103gan.&nbsp;&nbsp;<\/p>\n\n\n\n<ul class=\"wp-block-list\"><li><strong>\u00cen \u00eencheiere, dac\u0103 ar fi s\u0103 descrii \u00een 3 cuvinte experien\u021ba ta la Facultatea de Istorie, care ar fi acestea&nbsp;?<\/strong><\/li><\/ul>\n\n\n\n<p class=\"wp-block-paragraph\">C.F.D.&nbsp;: Cunoa\u0219tere, libertate, destin.<\/p>\n\n\n\n<p class=\"wp-block-paragraph\"><strong>\u00ce\u021bi mul\u021bumesc \u00een numele familiei istoricilor FIUB&nbsp;!<\/strong><\/p>\n\n\n\n<p class=\"wp-block-paragraph\"><\/p>\n\n\n\n<p class=\"wp-block-paragraph\"><\/p>\n\n\n\n<blockquote class=\"wp-block-quote is-layout-flow wp-block-quote-is-layout-flow\"><p><strong>Interviu realizat de Cosmin-Ionu\u021b Laz\u0103r, sec\u021bia Istorie.<\/strong><\/p><\/blockquote>\n\n\n\n<p class=\"wp-block-paragraph\"><\/p>\n","protected":false},"excerpt":{"rendered":"<p>O alt\u0103 absolvent\u0103 care ne va \u00eemp\u0103rt\u0103\u0219i din experien\u021ba sa din perioada studiilor la Facultatea de Istorie a Universit\u0103\u021bii din Bucure\u0219ti (FIUB) este Claudia-Florentina Dobre. Dup\u0103 studiile de licen\u021b\u0103 \u00een Istorie \u0219i dup\u0103 un master \u00een Istoria ideilor \u0219i mentalit\u0103\u021bilor la FIUB (finalizate \u00een 2001), a continuat cu \u00eenc\u0103 dou\u0103 masterate (\u00een studii medievale la [&hellip;]<\/p>\n","protected":false},"author":7,"featured_media":0,"parent":0,"menu_order":0,"comment_status":"closed","ping_status":"closed","template":"","meta":{"_crdt_document":"","jetpack_post_was_ever_published":false,"footnotes":""},"class_list":["post-5428","page","type-page","status-publish","hentry"],"jetpack_sharing_enabled":true,"jetpack_shortlink":"https:\/\/wp.me\/PaobZd-1py","jetpack-related-posts":[],"_links":{"self":[{"href":"https:\/\/istorie.unibuc.ro\/facultate\/wp-json\/wp\/v2\/pages\/5428","targetHints":{"allow":["GET"]}}],"collection":[{"href":"https:\/\/istorie.unibuc.ro\/facultate\/wp-json\/wp\/v2\/pages"}],"about":[{"href":"https:\/\/istorie.unibuc.ro\/facultate\/wp-json\/wp\/v2\/types\/page"}],"author":[{"embeddable":true,"href":"https:\/\/istorie.unibuc.ro\/facultate\/wp-json\/wp\/v2\/users\/7"}],"replies":[{"embeddable":true,"href":"https:\/\/istorie.unibuc.ro\/facultate\/wp-json\/wp\/v2\/comments?post=5428"}],"version-history":[{"count":4,"href":"https:\/\/istorie.unibuc.ro\/facultate\/wp-json\/wp\/v2\/pages\/5428\/revisions"}],"predecessor-version":[{"id":5476,"href":"https:\/\/istorie.unibuc.ro\/facultate\/wp-json\/wp\/v2\/pages\/5428\/revisions\/5476"}],"wp:attachment":[{"href":"https:\/\/istorie.unibuc.ro\/facultate\/wp-json\/wp\/v2\/media?parent=5428"}],"curies":[{"name":"wp","href":"https:\/\/api.w.org\/{rel}","templated":true}]}}