{"id":5423,"date":"2020-10-19T18:50:51","date_gmt":"2020-10-19T18:50:51","guid":{"rendered":"https:\/\/istorie.unibuc.ro\/?page_id=5423"},"modified":"2020-10-19T19:06:23","modified_gmt":"2020-10-19T19:06:23","slug":"interviu-cu-stefania-dinu","status":"publish","type":"page","link":"https:\/\/istorie.unibuc.ro\/facultate\/interviu-cu-stefania-dinu\/","title":{"rendered":"Interviu cu \u0218tefania Dinu"},"content":{"rendered":"\n<figure class=\"wp-block-image size-large is-resized is-style-default\"><img data-recalc-dims=\"1\" loading=\"lazy\" decoding=\"async\" data-attachment-id=\"5436\" data-permalink=\"https:\/\/istorie.unibuc.ro\/facultate\/interviu-cu-stefania-dinu\/57467886_2173607949341102_7901078015893831680_n-1\/\" data-orig-file=\"https:\/\/i0.wp.com\/istorie.unibuc.ro\/wp-content\/uploads\/2020\/10\/57467886_2173607949341102_7901078015893831680_n-1.jpg?fit=720%2C960&amp;ssl=1\" data-orig-size=\"720,960\" data-comments-opened=\"0\" data-image-meta=\"{&quot;aperture&quot;:&quot;0&quot;,&quot;credit&quot;:&quot;&quot;,&quot;camera&quot;:&quot;&quot;,&quot;caption&quot;:&quot;&quot;,&quot;created_timestamp&quot;:&quot;0&quot;,&quot;copyright&quot;:&quot;&quot;,&quot;focal_length&quot;:&quot;0&quot;,&quot;iso&quot;:&quot;0&quot;,&quot;shutter_speed&quot;:&quot;0&quot;,&quot;title&quot;:&quot;&quot;,&quot;orientation&quot;:&quot;0&quot;}\" data-image-title=\"57467886_2173607949341102_7901078015893831680_n-1\" data-image-description=\"\" data-image-caption=\"\" data-large-file=\"https:\/\/i0.wp.com\/istorie.unibuc.ro\/wp-content\/uploads\/2020\/10\/57467886_2173607949341102_7901078015893831680_n-1.jpg?fit=720%2C960&amp;ssl=1\" src=\"https:\/\/i0.wp.com\/istorie.unibuc.ro\/wp-content\/uploads\/2020\/10\/57467886_2173607949341102_7901078015893831680_n-1.jpg?resize=332%2C442&#038;ssl=1\" alt=\"\" class=\"wp-image-5436\" width=\"332\" height=\"442\" srcset=\"https:\/\/i0.wp.com\/istorie.unibuc.ro\/wp-content\/uploads\/2020\/10\/57467886_2173607949341102_7901078015893831680_n-1.jpg?w=720&amp;ssl=1 720w, https:\/\/i0.wp.com\/istorie.unibuc.ro\/wp-content\/uploads\/2020\/10\/57467886_2173607949341102_7901078015893831680_n-1.jpg?resize=225%2C300&amp;ssl=1 225w\" sizes=\"auto, (max-width: 332px) 100vw, 332px\" \/><\/figure>\n\n\n\n<p class=\"wp-block-paragraph\">De aceast\u0103 dat\u0103, mai multe despre experien\u021ba ca student la Facultatea de Istorie vom afla de la <strong>\u0218tefania Dinu<\/strong>, absolvent\u0103 a programului de Istorie din promo\u021bia 1986-1991 \u0219i doctor \u00een istorie cu o tez\u0103 intitulat\u0103 ,,Via\u021ba cotidian\u0103 la Curtea Regal\u0103 a Rom\u00e2niei (1914-1947)\u201d din anul 2007. Dup\u0103 c\u00e2\u021biva ani la catedr\u0103, \u0218tefania Dinu a \u00eenceput s\u0103 lucreze la Muzeul Na\u021bional Cotroceni \u00een calitate de muzeograf \u0219i specialist \u00een domeniul Rela\u021biilor Publice, iar \u00een prezent este Director general adjunct (\u0219tiin\u021bific) al institu\u021biei. Activitatea sa \u0219tiin\u021bific\u0103 \u0219i managerial\u0103 cuprinde organizarea a numeroase expozi\u021bii, cercetarea \u00een arhive, participarea la colocvii, sesiuni \u0219tiin\u021bifice, conferin\u021be, emisiuni radio \u0219i documentare, management cultural. Acestora li se adaug\u0103 realizarea cataloagelor de expozi\u021bie, redactarea de articole \u0219i lucr\u0103ri de specialitate (precum ,,Via\u021ba cotidian\u0103 la Curtea Regal\u0103 a Rom\u00e2niei 1914-1947\u201d, Editura Cartex, 2011 \u0219i ,,Mese \u0219i meniuri regale. Elegan\u021b\u0103, fast \u0219i bun gust\u201d, Editura Corint, 2019).\u00a0 Mai departe, \u00eei vom da ei cuv\u00e2ntul.<\/p>\n\n\n\n<ul class=\"wp-block-list\"><li><strong>Bun\u0103, \u0218tefania! Pentru \u00eenceput, te-a\u0219 ruga s\u0103 ne spui c\u00e2teva cuvinte despre tine \u0219i despre pasiunea ta pentru istorie.<\/strong><\/li><\/ul>\n\n\n\n<p class=\"wp-block-paragraph\">\u0218.D.: Bun\u0103, Cosmin, \u0219i mul\u021bumesc pentru invita\u021bia de a \u00eemp\u0103rt\u0103\u0219i c\u00e2te ceva din experien\u021ba mea ca student\u0103 a Facult\u0103\u021bii de Istorie \u0219i ca specialist \u00een acest frumos domeniu. Am absolvit Facultatea de Istorie a Universit\u0103\u021bii din Bucure\u0219ti \u00een 1991, dup\u0103 cinci ani de studen\u021bie, cu schimb\u0103ri majore legate de trecerea de la un regim dur, ideologizat \u0219i controlat, la un regim democratic, care ne-a adus libertatea mult visat\u0103, dar care, pentru noi, viitorii absolven\u021bi de Istorie constituia o adevarat\u0103 provocare. \u00cen anul \u00een care mi-am \u00eenceput studiile Facultatea de Istorie avea dou\u0103 sec\u021bii: Istorie-Filosofie \u0219i Filosofie-Istorie, deci, o dubl\u0103 specializare, eu aleg\u00e2ndu-mi, bine\u00een\u021beles, Istoria ca specializare principal\u0103.<\/p>\n\n\n\n<p class=\"wp-block-paragraph\">Istoria m-a pasionat, mai bine zis a \u00eenceput s\u0103-mi plac\u0103, din momentul \u00een care am descoperit-o, ca materie, \u00een \u0219coala general\u0103, \u00een clasa a IV-a. \u00cemi aduc \u0219i acum aminte cum le povesteam p\u0103rin\u021bilor despre domni, doamne \u0219i domni\u021be \u0219i cum savuram romanele istorice. Apoi, \u00een liceu, datorit\u0103 unui profesor special, domnul Constantin B\u0103rbu\u021b\u0103, care \u00een aceast\u0103 var\u0103 a \u00eemplinit venerabila v\u00e2rst\u0103 de 80 de ani, preocup\u0103rile mele privind Istoria au evoluat, odat\u0103 cu particip\u0103rile la olimpiade ce au culminat cu ob\u021binerea, \u00een clasa a XII-a, a Premiului al II-lea pe \u021bar\u0103 la Olimpiada Na\u021bional\u0103 de Istorie desf\u0103\u0219urat\u0103 la Ia\u0219i. A\u0219a c\u0103 op\u021biunea mea de a studia Istoria era pecetluit\u0103. \ud83d\ude42<\/p>\n\n\n\n<ul class=\"wp-block-list\"><li><strong>Cum ai ajuns s\u0103 studiezi Istoria la Universitatea Bucure\u0219ti? A reprezentat o alegere planificat\u0103 sau a fost o op\u021biune de moment? Cum au \u00eentampinat cei din jurul t\u0103u aceast\u0103 decizie? Ce reprezenta \u00een acea perioad\u0103 domeniul Istoriei? Au existat cumva istorici cunoscu\u021bi sau lucr\u0103ri istorice care \u021bi-au influen\u021bat \u00een vreun fel hot\u0103r\u00e2rea?<\/strong><\/li><\/ul>\n\n\n\n<p class=\"wp-block-paragraph\">\u0218.D.: S\u0103 fiu student\u0103 la Istorie a fost dorin\u021ba mea cea mai mare, iar p\u0103rin\u021bii au fost de acord cu ea. A\u0219adar, nu a fost o op\u021biune de moment, ci un vis \u00eemplinit. De altfel, \u00een familia mea existau antecedente: unchiul tat\u0103lui meu a fost un str\u0103lucit profesor de istorie al Liceului Gheorghe Laz\u0103r \u0219i, atunci, toat\u0103 familia a fost de acord ca eu s\u0103 urmez aceast\u0103 frumoas\u0103 meserie, cea de profesor. \u00censcrierea la Facultatea de Istorie a reprezentat o alt\u0103 poveste. Pentru c\u0103, \u00een 1985, c\u00e2nd am absolvit liceul, Facultatea de Istorie era una cu iz politic \u0219i pentru c\u0103 se impunea ca dosarul candidatului s\u0103 fie verificat, put\u00e2nd fi respins \u00een unele cazuri (originea s\u0103n\u0103toas\u0103 era \u00eenc\u0103 de actualitate), acesta trebuia depus cu o lun\u0103 \u00eenainte fa\u021b\u0103 de perioada de \u00eenscriere la alte facult\u0103\u021bi. Fiindc\u0103 am ratat \u00eenscrierea, a trebuit s\u0103 a\u0219tept un an pentru a-mi depune dosarul la facultate (\u00eenainte de depunere avea loc un interviu fa\u021b\u0103 \u00een fa\u021b\u0103 cu un reprezentant al facult\u0103\u021bii, iar dosarul trebuia s\u0103 cuprind\u0103 \u0219i o reomandare de la UTC), a\u0219a c\u0103, am devenit student\u0103, \u00een 1986. Am reu\u0219it din prima \u00eencercare, de\u0219i concuren\u021ba a fost foarte mare, 13 candida\u021bi pe un loc, iar bucuria a fost imens\u0103.<\/p>\n\n\n\n<p class=\"wp-block-paragraph\">\u00cen acei ani, Istoria era un domeniu extrem de ideologizat, orice moment al istoriei rom\u00e2nilor era comentat \u0219i \u00eenso\u021bit de citate din scrierile lui Nicolae Ceau\u0219escu, era un instrument al ideologiei de partid \u015fi nu o disciplin\u0103 socio-uman\u0103 independent\u0103. Dar, cu toate acestea, lecturile \u0219i studiul individual (\u00een afara orelor de clas\u0103) mi-au \u00eent\u0103rit hot\u0103r\u00e2rea c\u0103 doresc s\u0103 devin profesoar\u0103 de istorie.<\/p>\n\n\n\n<ul class=\"wp-block-list\"><li><strong>\u00cen continuare, poveste\u0219te-ne mai multe despre experien\u021ba ta la Facultatea de Istorie, la programul Istorie. Ce cursuri \u0219i profesori te-au inspirat, ce activit\u0103\u021bi extracurriculare te-au ajutat s\u0103 te ,,formezi\u201d?<\/strong><\/li><\/ul>\n\n\n\n<p class=\"wp-block-paragraph\">\u0218.D.: Da, trebuie s\u0103 fac un exerci\u021biu de memorie. \u0218tii, eu \u0219i colegii mei vom s\u0103rb\u0103tori anul viitor, 30 de ani de la absolvirea Facult\u0103\u021bii de Istorie. \ud83d\ude42 A fost, f\u0103r\u0103 \u00eendoial\u0103, o experien\u021b\u0103 frumoas\u0103. Este ceva s\u0103 \u00eencepi facultatea \u00eentr-un regim politic \u0219i s\u0103 o termini \u00een altul, s\u0103 trebuiasc\u0103 s\u0103 alegi dac\u0103 mai r\u0103m\u00e2i un an \u00een plus pe b\u0103ncile facult\u0103\u021bii sau \u00ee\u021bi \u00eenchei studiile, asta pentru c\u0103 dup\u0103 Revolu\u021bia din Decembrie 1989 se impunea ca noi s\u0103 cunoa\u0219tem totu\u0219i adev\u0103rata istorie, chiar dac\u0103, printre r\u00e2nduri, unii profesori ne mai strecuraser\u0103 c\u00e2teva ceva despre ceea ce \u00eensemna adev\u0103rul istoric. Profesorii no\u0219tri au fost de excep\u021bie: Ligia B\u00e2rzu, Zoe Petre, Radu Manolescu, \u0218tefan \u0218tef\u0103nescu, Vasile Dupoi, Alexandru Barnea, Nicolae Ciachir, Gheorghe C\u0103zan, Constantin Bu\u0219e, Ioan Scurtu, Dinu C. Giurescu (la cursurile de specializare din anul al V-lea), Gheorghe Vl\u0103du\u021bescu (cursul de Istorie a Filosofiei) \u0219i tuturor le p\u0103strez un deosebit respect \u0219i o frumoas\u0103 amintire.<\/p>\n\n\n\n<p class=\"wp-block-paragraph\">Era o bucurie s\u0103 mergem, \u00een cadrul practicii de specialitate, pe \u0219antierele arheologice al\u0103turi de profesorii no\u0219tri sau de speciali\u0219ti din cadrul muzeelor din Bucure\u0219ti, \u00een special de la Muzeul Municipiului Bucure\u0219ti \u0219i s\u0103 particip\u0103m la s\u0103p\u0103turi care scoteau la iveal\u0103 artefacte care ne fascinau. Amintiri de neuitat mi-au r\u0103mas de pe \u0219antierul arheologic de la Pietroasele al\u0103turi de profesorul Vasile Dupoi, \u00een anul al II-lea de facultate. \u00cens\u0103 eu am ales specializarea ,,Istorie contemporan\u0103 rom\u00e2neasc\u0103\u201d \u0219i pornind de aici, \u00eempreun\u0103 cu colegii de grup\u0103 \u0219i sub coordonarea domnului prof. univ. dr. Ioan Scurtu, am reu\u0219it, dup\u0103 1990, s\u0103 fim colaboratori la apari\u021bia a dou\u0103 c\u0103r\u021bi: <em>Sf\u00e2r\u0219itul dictaturii<\/em> \u0219i <em>Istoria Basarabiei<\/em>. A fost un bun exerci\u021biu pentru a ne forma ca cercet\u0103tori, pentru a \u00eenv\u0103\u021ba cum se redacteaz\u0103 o lucrare \u0219tiin\u021bific\u0103, cum se abordeaz\u0103 \u0219i interpreteaz\u0103 critic un subiect \u0219i, mai ales, ceea ce este foarte important, cum s\u0103 alc\u0103tuim aparatul critic.<\/p>\n\n\n\n<ul class=\"wp-block-list\"><li><strong>Cum se prezenta via\u021ba studen\u021beasc\u0103 la sf\u00e2r\u0219itul regimului comunist \u0219i imediat dup\u0103 Revolu\u021bie? Cum era s\u0103 locuie\u0219ti c\u0103min \u0219i cum se distrau tinerii?Ai vreo amintire memorabil\u0103 \u00een acest sens?<\/strong><\/li><\/ul>\n\n\n\n<p class=\"wp-block-paragraph\">\u0218.D.: \u00cen timpul regimului comunist via\u021ba de student era restric\u021bionat\u0103. Nu existau foarte multe distrac\u021bii, noi, ,,c\u0103mini\u0219tii\u201d, trebuia s\u0103 facem de serviciu la cantin\u0103 \u0219i \u00een c\u0103min, fiind scuti\u021bi \u00een acele zile de la cursuri. Dar, cu toate acestea, mergeam la teatru, la film, la ,,chefuri\u201d \u00een c\u0103min, a\u0219teptam cu ner\u0103bdare emisiunea de dedica\u021bii muzicale de la ,,Radio Groz\u0103ve\u0219ti\u201d, ascultam muzica celor de la <em>Compact<\/em>, <em>Iris<\/em> \u0219i <em>Celelalte Cuvinte<\/em>, ne \u00eenc\u0103lzeam la re\u0219ou&#8230; ne \u00eendr\u0103gosteam, \u00eentr-un cuv\u00e2nt&#8230; eram tineri \u0219i eram ferici\u021bi, cu toate greut\u0103\u021bile perioadei. Fiindc\u0103 m-ai \u00eentrebat dac\u0103 am o amintire memorabil\u0103&#8230; ar fi una: pentru c\u0103 \u00een acea vreme existau un c\u0103min de b\u0103ie\u021bi \u0219i un c\u0103min de fete, iar dup\u0103 ora 21.00 b\u0103ie\u021bii nu mai aveau voie s\u0103 vin\u0103 \u00een c\u0103minul fetelor, \u00eentr-o sear\u0103, eu \u0219i colega mea de camer\u0103 (locuiam la etajul I) ne-am trezit la geam cu un b\u0103iat, care disperat ne ruga s\u0103-i deschidem, pentru a putea merge la un etaj superior, la prietena sa. Bine\u00een\u021beles c\u0103 i-am deschis&#8230; el a fost foarte fericit, iar noi bucuroase c\u0103 am \u00eenc\u0103lcat regulile aberante impuse de administratori&#8230; \ud83d\ude42<\/p>\n\n\n\n<p class=\"wp-block-paragraph\">Dup\u0103 Revolu\u021bia din decembrie lucrurile s-au schimbat, o parte dintre colegii mei participaser\u0103 la protestele din fa\u021ba Comitetului Central \u00een ziua de 21 decembrie 1989, fuseser\u0103 chiar aresta\u021bi&#8230;. \u00een concluzie, a \u00eenceput o noua etap\u0103 \u00een via\u021ba facult\u0103\u021bii \u0219i a noastr\u0103. Unii dintre profesori au fost boicota\u021bi, a fost \u00eenfiin\u021bat\u0103 Liga Studen\u021bilor, fo\u0219tii \u0219efi ASC au fost detrona\u021bi. Era o atmosfer\u0103 revolu\u021bionar\u0103, de reorganizare \u0219i de reformare a \u00eentregii activit\u0103\u021bi \u0219i atunci s-a luat hot\u0103r\u00e2rea ca celor patru ani de facultate s\u0103 li se mai adauge \u00eenc\u0103 unul, a\u0219a c\u0103 absolvirea s-a produs \u00een 1991 \u0219i nu \u00een 1990, cum ar fi trebuit.<\/p>\n\n\n\n<ul class=\"wp-block-list\"><li><strong>Dup\u0103 absolvirea facult\u0103\u021bii, cum \u021bi-ai valorificat cuno\u0219tin\u021bele \u0219i aptitudinile dob\u00e2ndite \u00een timpul anilor de studiu? Ce \u00eenseamn\u0103 de fapt s\u0103 lucrezi \u00eentr-un muzeu \u0219i s\u0103 faci cercetare istoric\u0103? \u0218i, bine\u00een\u021beles, cum te-a ajutat Facultatea de Istorie \u00een actuala carier\u0103?<\/strong><\/li><\/ul>\n\n\n\n<p class=\"wp-block-paragraph\">\u0218.D.: Imediat dup\u0103 absolvirea facult\u0103\u021bii, mi-am luat reparti\u021bia (\u00eenc\u0103 mai exista a\u0219a ceva) pentru a fi profesoar\u0103 de istorie la o \u0219coal\u0103 general\u0103 din provincie, iar apoi am predat la liceul unde fusesem elev\u0103, \u00een ora\u0219ul natal. A\u0219adar, de pe b\u0103ncile facult\u0103\u021bii direct la catedr\u0103&#8230; nu a fost u\u0219or, dar, pentru c\u0103 \u00eemi pl\u0103cea foarte mult s\u0103 fiu profesoar\u0103, m-am adaptat rapid. Am fost nevoit\u0103, mai ales c\u0103 dup\u0103 Revolu\u021bie se organizaser\u0103 clasele de uman (filologie-istorie), unde aveam foarte multe ore \u0219i nu existau manuale pentru unele materii. Am muncit foarte mult, m-au ajutat cursurile din timpul facult\u0103\u021bii, bibliografia de specialitate pe care o parcurgeam pentru a preg\u0103ti lec\u021biile, mai ales pe cele de Istoria Artei, dar p\u0103strez o amintire frumoas\u0103 acelor ani c\u00e2nd m-am aflat al\u0103turi de elevi, cu care am rezonat foarte bine. Cu unii dintre cei c\u0103rora le-am fost dirigint\u0103 mai \u021bin \u0219i acum leg\u0103tura.<\/p>\n\n\n\n<p class=\"wp-block-paragraph\">Din 1994, prin concurs, am devenit muzeograf \u00een cadrul Muzeului Na\u021bional Cotroceni, deschis publicului \u00een 1992, \u0219i a\u0219a a \u00eenceput o nou\u0103 aventur\u0103. \ud83d\ude42 S\u0103 lucrezi \u00eentr-un muzeu este, din punctul meu de vedere, un lucru extraordinar \u0219i cred c\u0103 pentru un absolvent de Istorie este o \u0219ans\u0103 nemaipomenit\u0103. Lucrul cu patrimoniul, cercetarea \u0219i valorificarea acestuia, toat\u0103 str\u0103dania de ,,a \u021bine \u00een via\u021b\u0103\u201d aceste artefacte \u00ee\u021bi confer\u0103 satisfac\u021bie profesional\u0103 \u0219i sentimentul datoriei \u00eemplinite. Cercetarea istoric\u0103 este foarte important\u0103, descoperirea de documente \u0219i descifrarea unor taine legate de locuri \u0219i oameni, de via\u021ba \u0219i activitatea unor mari personalit\u0103\u021bi ale istoriei, cum este \u00een cazul Cotrocenilor, mi-au adus, de asemenea, o imens\u0103 satisfac\u021bie, iar \u00eemp\u0103rt\u0103\u0219irea informa\u021biilor publicului vizitator, o mare bucurie.<\/p>\n\n\n\n<p class=\"wp-block-paragraph\">Facultatea de Istorie mi-a dat \u0219ansa imens\u0103 de a face exact ceea ce \u00eemi place: cercetare istoric\u0103, lucrul cu obiectele de patrimoniu \u0219i \u00eent\u00e2lnirea cu publicul vizitator dornic de a afla c\u00e2t mai multe despre muzeu \u0219i istoricul s\u0103u.<\/p>\n\n\n\n<ul class=\"wp-block-list\"><li><strong>De ce ai recomanda Facultatea de Istorie din Bucure\u0219ti tinerilor de ast\u0103zi (\u0219i de m\u00e2ine)?<\/strong><\/li><\/ul>\n\n\n\n<p class=\"wp-block-paragraph\">\u0218.D.: Dup\u0103 p\u0103rerea mea, Facultatea de Istorie trebuie urmat\u0103 de cei pasiona\u021bi, iar dac\u0103 o faci din pasiune totul merge strun\u0103. Pentru cei mai pu\u021bin hot\u0103r\u00e2\u021bi, alegerea de a urma cursurile Facult\u0103\u021bii de Istorie este una foarte bun\u0103. Le recomand s\u0103 \u00eendr\u0103zneasc\u0103, \u00een primul r\u00e2nd, pentru c\u0103 Istoria nu este doar o aglomerare de cifre \u0219i date, Istoria este mult mai mult: creativitate, spirit critic, aventur\u0103, g\u00e2ndire \u0219i imagina\u021bie, deschidere c\u0103tre multe alte domenii de activitate, \u00een\u021belegerea unor fenomene cu care s-a confruntat societatea omeneasc\u0103 de la \u00eenceputurile ei \u0219i p\u00e2n\u0103 \u00een prezent. Pentru c\u0103, nu-i a\u0219a: <em>\u201dHistoria magistra vitae\u201d<\/em>.<\/p>\n\n\n\n<ul class=\"wp-block-list\"><li><strong>\u00cen \u00eencheiere, dac\u0103 ar fi s\u0103 descrii \u00een 3 cuvinte experien\u021ba ta la Facultatea de Istorie, care ar fi acestea?<\/strong><\/li><\/ul>\n\n\n\n<p class=\"wp-block-paragraph\">\u0218.D.: Experien\u021ba mea la Facultatea de Istorie \u00een trei cuvinte: cunoa\u0219tere, \u00eencredere, curaj!<\/p>\n\n\n\n<p class=\"wp-block-paragraph\"><strong>\u00ce\u021bi mul\u021bumesc pentru impresii, \u00een numele familiei istoricilor FIUB!<\/strong><\/p>\n\n\n\n<p class=\"wp-block-paragraph\"><\/p>\n\n\n\n<p class=\"wp-block-paragraph\"><\/p>\n\n\n\n<blockquote class=\"wp-block-quote is-layout-flow wp-block-quote-is-layout-flow\"><p><strong>Interviu realizat de Cosmin-Ionu\u021b Laz\u0103r, sec\u021bia Istorie.<\/strong><\/p><\/blockquote>\n\n\n\n<p class=\"wp-block-paragraph\"><\/p>\n","protected":false},"excerpt":{"rendered":"<p>De aceast\u0103 dat\u0103, mai multe despre experien\u021ba ca student la Facultatea de Istorie vom afla de la \u0218tefania Dinu, absolvent\u0103 a programului de Istorie din promo\u021bia 1986-1991 \u0219i doctor \u00een istorie cu o tez\u0103 intitulat\u0103 ,,Via\u021ba cotidian\u0103 la Curtea Regal\u0103 a Rom\u00e2niei (1914-1947)\u201d din anul 2007. Dup\u0103 c\u00e2\u021biva ani la catedr\u0103, \u0218tefania Dinu a \u00eenceput [&hellip;]<\/p>\n","protected":false},"author":7,"featured_media":0,"parent":0,"menu_order":0,"comment_status":"closed","ping_status":"closed","template":"","meta":{"_crdt_document":"","jetpack_post_was_ever_published":false,"footnotes":""},"class_list":["post-5423","page","type-page","status-publish","hentry"],"jetpack_sharing_enabled":true,"jetpack_shortlink":"https:\/\/wp.me\/PaobZd-1pt","jetpack-related-posts":[],"_links":{"self":[{"href":"https:\/\/istorie.unibuc.ro\/facultate\/wp-json\/wp\/v2\/pages\/5423","targetHints":{"allow":["GET"]}}],"collection":[{"href":"https:\/\/istorie.unibuc.ro\/facultate\/wp-json\/wp\/v2\/pages"}],"about":[{"href":"https:\/\/istorie.unibuc.ro\/facultate\/wp-json\/wp\/v2\/types\/page"}],"author":[{"embeddable":true,"href":"https:\/\/istorie.unibuc.ro\/facultate\/wp-json\/wp\/v2\/users\/7"}],"replies":[{"embeddable":true,"href":"https:\/\/istorie.unibuc.ro\/facultate\/wp-json\/wp\/v2\/comments?post=5423"}],"version-history":[{"count":2,"href":"https:\/\/istorie.unibuc.ro\/facultate\/wp-json\/wp\/v2\/pages\/5423\/revisions"}],"predecessor-version":[{"id":5437,"href":"https:\/\/istorie.unibuc.ro\/facultate\/wp-json\/wp\/v2\/pages\/5423\/revisions\/5437"}],"wp:attachment":[{"href":"https:\/\/istorie.unibuc.ro\/facultate\/wp-json\/wp\/v2\/media?parent=5423"}],"curies":[{"name":"wp","href":"https:\/\/api.w.org\/{rel}","templated":true}]}}