{"id":4973,"date":"2020-10-04T20:07:18","date_gmt":"2020-10-04T20:07:18","guid":{"rendered":"https:\/\/istorie.unibuc.ro\/?page_id=4973"},"modified":"2023-02-28T12:52:25","modified_gmt":"2023-02-28T12:52:25","slug":"fise-disciplina-anul-i","status":"publish","type":"page","link":"https:\/\/istorie.unibuc.ro\/facultate\/programe\/fise-disciplina-2020-2021\/fise-disciplina-anul-i\/","title":{"rendered":"Fise disciplin\u0103 &#8211; Anul I &#8211; Istorie (IF)"},"content":{"rendered":"\n<div class=\"wp-block-file\"><a id=\"wp-block-file--media-990eabe1-8e26-45e9-b768-fcb1f79de172\" href=\"https:\/\/istorie.unibuc.ro\/wp-content\/uploads\/2021\/05\/FDG_Preistorie-generala-1.pdf\">FDG_Preistorie-generala-1<\/a><a href=\"https:\/\/istorie.unibuc.ro\/wp-content\/uploads\/2021\/05\/FDG_Preistorie-generala-1.pdf\" class=\"wp-block-file__button wp-element-button\" download aria-describedby=\"wp-block-file--media-990eabe1-8e26-45e9-b768-fcb1f79de172\">Descarc\u0103<\/a><\/div>\n\n\n\n<div class=\"wp-block-file\"><a id=\"wp-block-file--media-350d275b-8bc1-4a07-a756-d30d0aa94a06\" href=\"https:\/\/istorie.unibuc.ro\/wp-content\/uploads\/2022\/02\/Ist-1-Pre-si-protoistoria-Romaniei-Traci-geti-daci-1.pdf\">FDG Pre- \u0219i proto-istoria-Rom\u00e2niei. Traci, ge\u021bi \u0219i daci<\/a><a href=\"https:\/\/istorie.unibuc.ro\/wp-content\/uploads\/2022\/02\/Ist-1-Pre-si-protoistoria-Romaniei-Traci-geti-daci-1.pdf\" class=\"wp-block-file__button wp-element-button\" download aria-describedby=\"wp-block-file--media-350d275b-8bc1-4a07-a756-d30d0aa94a06\">Descarc\u0103<\/a><\/div>\n\n\n\n<div class=\"wp-block-file\"><a id=\"wp-block-file--media-83be1a04-68f6-44dd-a5ad-9389115a49c9\" href=\"https:\/\/istorie.unibuc.ro\/wp-content\/uploads\/2022\/02\/Ist-1-IA-1-Preistoria-Romaniei.-Culturi-preistorice-pe-teristoriul-Romaniei.pdf\">FDG Pre- \u0219i Proto- istoria Rom\u00e2niei. Culturi preistorice pe teritoriul Rom\u00e2niei<\/a><a href=\"https:\/\/istorie.unibuc.ro\/wp-content\/uploads\/2022\/02\/Ist-1-IA-1-Preistoria-Romaniei.-Culturi-preistorice-pe-teristoriul-Romaniei.pdf\" class=\"wp-block-file__button wp-element-button\" download aria-describedby=\"wp-block-file--media-83be1a04-68f6-44dd-a5ad-9389115a49c9\">Descarc\u0103<\/a><\/div>\n\n\n\n<div class=\"wp-block-file\"><a id=\"wp-block-file--media-2b137fbd-67d5-428d-a781-b96d650cce65\" href=\"https:\/\/istorie.unibuc.ro\/wp-content\/uploads\/2021\/05\/FDG_Orientul-si-Asia-in-antichitate-1.pdf\">FDG_Orientul-si-Asia-in-antichitate-1<\/a><a href=\"https:\/\/istorie.unibuc.ro\/wp-content\/uploads\/2021\/05\/FDG_Orientul-si-Asia-in-antichitate-1.pdf\" class=\"wp-block-file__button wp-element-button\" download aria-describedby=\"wp-block-file--media-2b137fbd-67d5-428d-a781-b96d650cce65\">Descarc\u0103<\/a><\/div>\n\n\n\n<div class=\"wp-block-file\"><a id=\"wp-block-file--media-310c546f-506f-48ff-97c5-6b180024d23c\" href=\"https:\/\/istorie.unibuc.ro\/wp-content\/uploads\/2021\/05\/FDG_Istoria-Greciei-antice-1.pdf\">FDG_Istoria-Greciei-antice-1<\/a><a href=\"https:\/\/istorie.unibuc.ro\/wp-content\/uploads\/2021\/05\/FDG_Istoria-Greciei-antice-1.pdf\" class=\"wp-block-file__button wp-element-button\" download aria-describedby=\"wp-block-file--media-310c546f-506f-48ff-97c5-6b180024d23c\">Descarc\u0103<\/a><\/div>\n\n\n\n<div class=\"wp-block-file\"><a id=\"wp-block-file--media-5806cac6-bb3f-4012-b3a6-cbf550b869a6\" href=\"https:\/\/istorie.unibuc.ro\/wp-content\/uploads\/2021\/05\/FDG_Arheologie-generala-1.pdf\">FDG_Arheologie-generala-1<\/a><a href=\"https:\/\/istorie.unibuc.ro\/wp-content\/uploads\/2021\/05\/FDG_Arheologie-generala-1.pdf\" class=\"wp-block-file__button wp-element-button\" download aria-describedby=\"wp-block-file--media-5806cac6-bb3f-4012-b3a6-cbf550b869a6\">Descarc\u0103<\/a><\/div>\n\n\n\n<div class=\"wp-block-file\"><a id=\"wp-block-file--media-b4f52250-5b41-4176-9d50-b68d1975f1a1\" href=\"https:\/\/istorie.unibuc.ro\/wp-content\/uploads\/2022\/02\/Ist-1-Introducere-in-Istoria-antica-universala.-Roma-si-Imperiul-Roman.pdf\">FDG Introducere \u00een istoria antic\u0103 universal\u0103. Roma \u0219i Imperiul Roman. Societate \u0219i civiliza\u021bie roman\u0103<\/a><a href=\"https:\/\/istorie.unibuc.ro\/wp-content\/uploads\/2022\/02\/Ist-1-Introducere-in-Istoria-antica-universala.-Roma-si-Imperiul-Roman.pdf\" class=\"wp-block-file__button wp-element-button\" download aria-describedby=\"wp-block-file--media-b4f52250-5b41-4176-9d50-b68d1975f1a1\">Descarc\u0103<\/a><\/div>\n\n\n\n<div class=\"wp-block-file\"><a id=\"wp-block-file--media-dc42d539-12da-42ef-9643-ba1b57f1bfad\" href=\"https:\/\/istorie.unibuc.ro\/wp-content\/uploads\/2022\/02\/Ist-1-Ist-Romana-Stat-si-Societate-Istorie.pdf\">FDG Introducere \u00een istoria antic\u0103 universal\u0103. Roma \u0219i Imperiul Roman. Stat \u0219i societate<\/a><a href=\"https:\/\/istorie.unibuc.ro\/wp-content\/uploads\/2022\/02\/Ist-1-Ist-Romana-Stat-si-Societate-Istorie.pdf\" class=\"wp-block-file__button wp-element-button\" download aria-describedby=\"wp-block-file--media-dc42d539-12da-42ef-9643-ba1b57f1bfad\">Descarc\u0103<\/a><\/div>\n\n\n\n<div class=\"wp-block-file\"><a id=\"wp-block-file--media-fa00a7b7-e68d-44f7-a813-7f03bd04cf65\" href=\"https:\/\/istorie.unibuc.ro\/wp-content\/uploads\/2022\/02\/Ist-1-Ist-antica-a-Romaniei.pdf\">FDG Istoria antic\u0103 a Rom\u00e2niei<\/a><a href=\"https:\/\/istorie.unibuc.ro\/wp-content\/uploads\/2022\/02\/Ist-1-Ist-antica-a-Romaniei.pdf\" class=\"wp-block-file__button wp-element-button\" download aria-describedby=\"wp-block-file--media-fa00a7b7-e68d-44f7-a813-7f03bd04cf65\">Descarc\u0103<\/a><\/div>\n\n\n\n<div class=\"wp-block-file\"><a id=\"wp-block-file--media-9a9c0c4d-6bc8-47ad-8923-7a218cd9064a\" href=\"https:\/\/istorie.unibuc.ro\/wp-content\/uploads\/2021\/05\/FDG_Tarile-Romane-intre-sistemul-Otoman-si-modelele-europene-1-1.pdf\">FDG_Tarile-Romane-intre-sistemul-Otoman-si-modelele-europene-1-1<\/a><a href=\"https:\/\/istorie.unibuc.ro\/wp-content\/uploads\/2021\/05\/FDG_Tarile-Romane-intre-sistemul-Otoman-si-modelele-europene-1-1.pdf\" class=\"wp-block-file__button wp-element-button\" download aria-describedby=\"wp-block-file--media-9a9c0c4d-6bc8-47ad-8923-7a218cd9064a\">Descarc\u0103<\/a><\/div>\n\n\n\n<div class=\"wp-block-file\"><a id=\"wp-block-file--media-87f8a64a-df40-44a2-8c6c-549988ead196\" href=\"https:\/\/istorie.unibuc.ro\/wp-content\/uploads\/2021\/05\/FDG_Istorie-medie-universala-I-2.pdf\">FDG_Istorie-medie-universala-I-2<\/a><a href=\"https:\/\/istorie.unibuc.ro\/wp-content\/uploads\/2021\/05\/FDG_Istorie-medie-universala-I-2.pdf\" class=\"wp-block-file__button wp-element-button\" download aria-describedby=\"wp-block-file--media-87f8a64a-df40-44a2-8c6c-549988ead196\">Descarc\u0103<\/a><\/div>\n\n\n\n<div class=\"wp-block-file\"><a id=\"wp-block-file--media-22691163-fb6d-4abc-a7ba-b54801d8a6e8\" href=\"https:\/\/istorie.unibuc.ro\/wp-content\/uploads\/2021\/05\/FDG_Istorie-universala-sec.-15-16-2.pdf\">FDG_Istorie-universala-sec.-15-16-2<\/a><a href=\"https:\/\/istorie.unibuc.ro\/wp-content\/uploads\/2021\/05\/FDG_Istorie-universala-sec.-15-16-2.pdf\" class=\"wp-block-file__button wp-element-button\" download aria-describedby=\"wp-block-file--media-22691163-fb6d-4abc-a7ba-b54801d8a6e8\">Descarc\u0103<\/a><\/div>\n\n\n\n<div class=\"wp-block-file\"><a id=\"wp-block-file--media-c63f6d1a-8b56-4295-968d-ede4c0f79024\" href=\"https:\/\/istorie.unibuc.ro\/wp-content\/uploads\/2021\/05\/FDG_Cultura-si-societate-romaneasca.-Rel.-dintre-Tarile-Rom.-sec.17-18.pdf\">FDG_Cultura-si-societate-romaneasca.-Rel.-dintre-Tarile-Rom.-sec.17-18<\/a><a href=\"https:\/\/istorie.unibuc.ro\/wp-content\/uploads\/2021\/05\/FDG_Cultura-si-societate-romaneasca.-Rel.-dintre-Tarile-Rom.-sec.17-18.pdf\" class=\"wp-block-file__button wp-element-button\" download aria-describedby=\"wp-block-file--media-c63f6d1a-8b56-4295-968d-ede4c0f79024\">Descarc\u0103<\/a><\/div>\n\n\n\n<div class=\"wp-block-file\"><a id=\"wp-block-file--media-51db71ef-1b37-402f-b859-d41a99e4ee51\" href=\"https:\/\/istorie.unibuc.ro\/wp-content\/uploads\/2021\/05\/FDG_Istoriografie-sem-1-1.pdf\">FDG_Istoriografie-sem-1-1<\/a><a href=\"https:\/\/istorie.unibuc.ro\/wp-content\/uploads\/2021\/05\/FDG_Istoriografie-sem-1-1.pdf\" class=\"wp-block-file__button wp-element-button\" download aria-describedby=\"wp-block-file--media-51db71ef-1b37-402f-b859-d41a99e4ee51\">Descarc\u0103<\/a><\/div>\n\n\n\n<div class=\"wp-block-file\"><a id=\"wp-block-file--media-731ba973-f072-4519-809a-b69609712117\" href=\"https:\/\/istorie.unibuc.ro\/wp-content\/uploads\/2022\/02\/Ist-1-Istoriografie-Curente-si-tendinte-sem-II-1.pdf\">FDG Istoriografia \u00een sec. XIX-XX. Curente \u0219i tendin\u021be<\/a><a href=\"https:\/\/istorie.unibuc.ro\/wp-content\/uploads\/2022\/02\/Ist-1-Istoriografie-Curente-si-tendinte-sem-II-1.pdf\" class=\"wp-block-file__button wp-element-button\" download aria-describedby=\"wp-block-file--media-731ba973-f072-4519-809a-b69609712117\">Descarc\u0103<\/a><\/div>\n\n\n\n<div class=\"wp-block-file\"><a id=\"wp-block-file--media-b5e2de52-90cf-4551-9633-99183835d0ab\" href=\"https:\/\/istorie.unibuc.ro\/wp-content\/uploads\/2022\/02\/Ist-1-Istoriografie-Mari-etape-II.pdf\">FDG Istoriografia \u00een sec. XIX-XX. Mari etape<\/a><a href=\"https:\/\/istorie.unibuc.ro\/wp-content\/uploads\/2022\/02\/Ist-1-Istoriografie-Mari-etape-II.pdf\" class=\"wp-block-file__button wp-element-button\" download aria-describedby=\"wp-block-file--media-b5e2de52-90cf-4551-9633-99183835d0ab\">Descarc\u0103<\/a><\/div>\n\n\n\n<div class=\"wp-block-file\"><a id=\"wp-block-file--media-0af6367f-f282-43e3-993c-ded5c2daabd3\" href=\"https:\/\/istorie.unibuc.ro\/wp-content\/uploads\/2021\/05\/FDG_Stiinte-auxiliare-ale-istoriei-1.pdf\">FDG_Stiinte-auxiliare-ale-istoriei-1<\/a><a href=\"https:\/\/istorie.unibuc.ro\/wp-content\/uploads\/2021\/05\/FDG_Stiinte-auxiliare-ale-istoriei-1.pdf\" class=\"wp-block-file__button wp-element-button\" download aria-describedby=\"wp-block-file--media-0af6367f-f282-43e3-993c-ded5c2daabd3\">Descarc\u0103<\/a><\/div>\n\n\n\n<div class=\"wp-block-file\"><a id=\"wp-block-file--media-e8588ef9-9ca5-45dc-a37f-c3f29969b99f\" href=\"https:\/\/istorie.unibuc.ro\/wp-content\/uploads\/2021\/05\/FDSem_Comunicare-academica-NediciR-1.pdf\">FDSem_Comunicare-academica-NediciR-1<\/a><a href=\"https:\/\/istorie.unibuc.ro\/wp-content\/uploads\/2021\/05\/FDSem_Comunicare-academica-NediciR-1.pdf\" class=\"wp-block-file__button wp-element-button\" download aria-describedby=\"wp-block-file--media-e8588ef9-9ca5-45dc-a37f-c3f29969b99f\">Descarc\u0103<\/a><\/div>\n\n\n\n<div class=\"wp-block-file\"><a id=\"wp-block-file--media-bb81cf92-cbd1-4bd9-9c2e-9a543bb65977\" href=\"https:\/\/istorie.unibuc.ro\/wp-content\/uploads\/2021\/05\/FDSem_Comunicare-academica-Damian-Liviu-1.pdf\">FDSem_Comunicare-academica-Damian-Liviu-1<\/a><a href=\"https:\/\/istorie.unibuc.ro\/wp-content\/uploads\/2021\/05\/FDSem_Comunicare-academica-Damian-Liviu-1.pdf\" class=\"wp-block-file__button wp-element-button\" download aria-describedby=\"wp-block-file--media-bb81cf92-cbd1-4bd9-9c2e-9a543bb65977\">Descarc\u0103<\/a><\/div>\n\n\n\n<div class=\"wp-block-file\"><a id=\"wp-block-file--media-26000e88-f422-45be-9c37-8cb3870c4862\" href=\"https:\/\/istorie.unibuc.ro\/wp-content\/uploads\/2021\/05\/FDSem_Comunicare-academica-Mironov-Alexandru-1.pdf\">FDSem_Comunicare-academica-Mironov-Alexandru-1<\/a><a href=\"https:\/\/istorie.unibuc.ro\/wp-content\/uploads\/2021\/05\/FDSem_Comunicare-academica-Mironov-Alexandru-1.pdf\" class=\"wp-block-file__button wp-element-button\" download aria-describedby=\"wp-block-file--media-26000e88-f422-45be-9c37-8cb3870c4862\">Descarc\u0103<\/a><\/div>\n\n\n\n<div class=\"wp-block-file\"><a id=\"wp-block-file--media-bcb802f4-0449-4a12-9714-e6b65b62547b\" href=\"https:\/\/istorie.unibuc.ro\/wp-content\/uploads\/2021\/10\/Fisa-disciplinei-licenta-seminar-Comunicare-academica-Fl.-Nitu-Razvan-Voinea.doc\">Fi\u0219a disciplinei licenta seminar Comunicare academic\u0103 &#8211; Fl. Nitu-Razvan Voinea<\/a><a href=\"https:\/\/istorie.unibuc.ro\/wp-content\/uploads\/2021\/10\/Fisa-disciplinei-licenta-seminar-Comunicare-academica-Fl.-Nitu-Razvan-Voinea.doc\" class=\"wp-block-file__button wp-element-button\" download aria-describedby=\"wp-block-file--media-bcb802f4-0449-4a12-9714-e6b65b62547b\">Descarc\u0103<\/a><\/div>\n\n\n\n<div class=\"wp-block-file\"><a id=\"wp-block-file--media-891ef8b5-895d-4cdc-a77c-af67433c790a\" href=\"https:\/\/istorie.unibuc.ro\/wp-content\/uploads\/2021\/05\/Diaconescu_fisa_IstoriemedievalaRO.docx\">FDG_IstoriemedievalaRO<\/a><a href=\"https:\/\/istorie.unibuc.ro\/wp-content\/uploads\/2021\/05\/Diaconescu_fisa_IstoriemedievalaRO.docx\" class=\"wp-block-file__button wp-element-button\" download aria-describedby=\"wp-block-file--media-891ef8b5-895d-4cdc-a77c-af67433c790a\">Download<\/a><\/div>\n\n\n\n<div class=\"wp-block-file\"><a id=\"wp-block-file--media-fd7b7665-c7eb-4947-b5eb-e474329a5e32\" href=\"https:\/\/istorie.unibuc.ro\/wp-content\/uploads\/2021\/05\/Diaconescu_fisa_ViatacotidianadinTransilvania_optional.docx\">FDG_ViatacotidianadinTransilvania_optional<\/a><a href=\"https:\/\/istorie.unibuc.ro\/wp-content\/uploads\/2021\/05\/Diaconescu_fisa_ViatacotidianadinTransilvania_optional.docx\" class=\"wp-block-file__button wp-element-button\" download aria-describedby=\"wp-block-file--media-fd7b7665-c7eb-4947-b5eb-e474329a5e32\">Download<\/a><\/div>\n\n\n\n<div class=\"wp-block-file\"><a id=\"wp-block-file--media-f484581c-67f0-4da7-9e35-973aa73927b8\" href=\"https:\/\/istorie.unibuc.ro\/wp-content\/uploads\/2023\/02\/Fisa-disciplinei-practica-specialitate-arheologie-2022-2023.pdf\">Fisa-disciplinei-practica-specialitate-arheologie-2022-2023<\/a><a href=\"https:\/\/istorie.unibuc.ro\/wp-content\/uploads\/2023\/02\/Fisa-disciplinei-practica-specialitate-arheologie-2022-2023.pdf\" class=\"wp-block-file__button wp-element-button\" download aria-describedby=\"wp-block-file--media-f484581c-67f0-4da7-9e35-973aa73927b8\">Descarc\u0103<\/a><\/div>\n\n\n\n<h2 class=\"wp-block-heading\" id=\"fi\u0219e-disciplina-anul-i-istoria-artei\">Fi\u0219e disciplin\u0103 &#8211; Anul I &#8211; Istoria Artei<\/h2>\n\n\n\n<div class=\"wp-block-file\"><a id=\"wp-block-file--media-51beab57-8a38-4e80-9b33-3939a21d8fd7\" href=\"https:\/\/istorie.unibuc.ro\/wp-content\/uploads\/2022\/02\/IA-1-Arta-europeana-in-Evul-Mediu-si-renastere-2.pdf\">FDG Arta european\u0103 \u00een Evul Mediu \u0219i rena\u0219tere<\/a><a href=\"https:\/\/istorie.unibuc.ro\/wp-content\/uploads\/2022\/02\/IA-1-Arta-europeana-in-Evul-Mediu-si-renastere-2.pdf\" class=\"wp-block-file__button wp-element-button\" download aria-describedby=\"wp-block-file--media-51beab57-8a38-4e80-9b33-3939a21d8fd7\">Descarc\u0103<\/a><\/div>\n\n\n\n<div class=\"wp-block-file\"><a id=\"wp-block-file--media-f7dfb07a-67eb-427b-8f4c-30263e4f8767\" href=\"https:\/\/istorie.unibuc.ro\/wp-content\/uploads\/2022\/02\/IA-1-Istoria-Romei-si-a-Imperiului-Roman.-Societate-si-civilizatie.pdf\">FDG Istoria Romei \u0219i a Imperiului Roman. Societate \u0219i civilizatie<\/a><a href=\"https:\/\/istorie.unibuc.ro\/wp-content\/uploads\/2022\/02\/IA-1-Istoria-Romei-si-a-Imperiului-Roman.-Societate-si-civilizatie.pdf\" class=\"wp-block-file__button wp-element-button\" download aria-describedby=\"wp-block-file--media-f7dfb07a-67eb-427b-8f4c-30263e4f8767\">Descarc\u0103<\/a><\/div>\n\n\n\n<div class=\"wp-block-file\"><a id=\"wp-block-file--media-8572e2f4-2b7b-4c56-ad53-3cb731cedfab\" href=\"https:\/\/istorie.unibuc.ro\/wp-content\/uploads\/2022\/02\/IA-1-Preistoria-Romaniei.-Culturi-preistorice-pe-teritoriul-Romaniei.pdf\">FDG Preistoria Rom\u00e2niei. Culturi preistorice pe teritoriul Rom\u00e2niei<\/a><a href=\"https:\/\/istorie.unibuc.ro\/wp-content\/uploads\/2022\/02\/IA-1-Preistoria-Romaniei.-Culturi-preistorice-pe-teritoriul-Romaniei.pdf\" class=\"wp-block-file__button wp-element-button\" download aria-describedby=\"wp-block-file--media-8572e2f4-2b7b-4c56-ad53-3cb731cedfab\">Descarc\u0103<\/a><\/div>\n\n\n\n<div class=\"wp-block-file\"><a id=\"wp-block-file--media-31885d6f-2c52-4c24-8720-befec0ab9531\" href=\"https:\/\/istorie.unibuc.ro\/wp-content\/uploads\/2023\/02\/Fisa-disciplinei-practica-Ist-Artei-2022-2023.pdf\">Fisa-disciplinei-practica-Ist-Artei-2022-2023<\/a><a href=\"https:\/\/istorie.unibuc.ro\/wp-content\/uploads\/2023\/02\/Fisa-disciplinei-practica-Ist-Artei-2022-2023.pdf\" class=\"wp-block-file__button wp-element-button\" download aria-describedby=\"wp-block-file--media-31885d6f-2c52-4c24-8720-befec0ab9531\">Descarc\u0103<\/a><\/div>\n\n\n\n<h2 class=\"wp-block-heading\" id=\"fi\u0219e-disciplina-anul-i-rise\">Fi\u0219e disciplin\u0103 &#8211; Anul I &#8211; RISE<\/h2>\n\n\n\n<div class=\"wp-block-file\"><a id=\"wp-block-file--media-ba36e2d4-7be0-424a-b4a3-38d32444d012\" href=\"https:\/\/istorie.unibuc.ro\/wp-content\/uploads\/2022\/02\/RISE-1-Originile-civilizatiei-europene.-Stat-si-societate-in-lumea-romana.pdf\">FDG Originile civiliza\u021biei europene: Stat \u0219i societate \u00een lumea roman\u0103<\/a><a href=\"https:\/\/istorie.unibuc.ro\/wp-content\/uploads\/2022\/02\/RISE-1-Originile-civilizatiei-europene.-Stat-si-societate-in-lumea-romana.pdf\" class=\"wp-block-file__button wp-element-button\" download aria-describedby=\"wp-block-file--media-ba36e2d4-7be0-424a-b4a3-38d32444d012\">Descarc\u0103<\/a><\/div>\n\n\n\n<div class=\"wp-block-file\"><a id=\"wp-block-file--media-90073c09-2245-4356-891e-365297d98cdd\" href=\"https:\/\/istorie.unibuc.ro\/wp-content\/uploads\/2022\/02\/RISE-1-Expansiune-si-diplomatie-in-spatiul-mediteranean-in-epoca-romana.pdf\">FDG Expansiune \u0219i diploma\u021bie \u00een spa\u021biul mediteranean \u00een epoca roman\u0103<\/a><a href=\"https:\/\/istorie.unibuc.ro\/wp-content\/uploads\/2022\/02\/RISE-1-Expansiune-si-diplomatie-in-spatiul-mediteranean-in-epoca-romana.pdf\" class=\"wp-block-file__button wp-element-button\" download aria-describedby=\"wp-block-file--media-90073c09-2245-4356-891e-365297d98cdd\">Descarc\u0103<\/a><\/div>\n","protected":false},"excerpt":{"rendered":"<p>Fi\u0219e disciplin\u0103 &#8211; Anul I &#8211; Istoria Artei Fi\u0219e disciplin\u0103 &#8211; Anul I &#8211; RISE<\/p>\n","protected":false},"author":2,"featured_media":0,"parent":3766,"menu_order":0,"comment_status":"closed","ping_status":"closed","template":"","meta":{"_crdt_document":"","jetpack_post_was_ever_published":false,"footnotes":""},"class_list":["post-4973","page","type-page","status-publish","hentry"],"jetpack_sharing_enabled":true,"jetpack_shortlink":"https:\/\/wp.me\/PaobZd-1id","jetpack-related-posts":[],"_links":{"self":[{"href":"https:\/\/istorie.unibuc.ro\/facultate\/wp-json\/wp\/v2\/pages\/4973","targetHints":{"allow":["GET"]}}],"collection":[{"href":"https:\/\/istorie.unibuc.ro\/facultate\/wp-json\/wp\/v2\/pages"}],"about":[{"href":"https:\/\/istorie.unibuc.ro\/facultate\/wp-json\/wp\/v2\/types\/page"}],"author":[{"embeddable":true,"href":"https:\/\/istorie.unibuc.ro\/facultate\/wp-json\/wp\/v2\/users\/2"}],"replies":[{"embeddable":true,"href":"https:\/\/istorie.unibuc.ro\/facultate\/wp-json\/wp\/v2\/comments?post=4973"}],"version-history":[{"count":23,"href":"https:\/\/istorie.unibuc.ro\/facultate\/wp-json\/wp\/v2\/pages\/4973\/revisions"}],"predecessor-version":[{"id":11863,"href":"https:\/\/istorie.unibuc.ro\/facultate\/wp-json\/wp\/v2\/pages\/4973\/revisions\/11863"}],"up":[{"embeddable":true,"href":"https:\/\/istorie.unibuc.ro\/facultate\/wp-json\/wp\/v2\/pages\/3766"}],"wp:attachment":[{"href":"https:\/\/istorie.unibuc.ro\/facultate\/wp-json\/wp\/v2\/media?parent=4973"}],"curies":[{"name":"wp","href":"https:\/\/api.w.org\/{rel}","templated":true}]}}