{"id":463,"date":"2018-10-28T13:55:37","date_gmt":"2018-10-28T13:55:37","guid":{"rendered":"http:\/\/newhis.bucharest.university\/?page_id=463"},"modified":"2021-12-10T09:28:16","modified_gmt":"2021-12-10T09:28:16","slug":"proiecte-cercetare","status":"publish","type":"page","link":"https:\/\/istorie.unibuc.ro\/facultate\/cercetare\/proiecte-cercetare\/","title":{"rendered":"Proiecte cercetare"},"content":{"rendered":"\n<p class=\"wp-block-paragraph\">Conf. univ. dr. Valentin Bottez, Proiect PHC BRANCUSI BM14\/2019,\u00a0<em>Geoarheologia Deltei Dun\u0103rii din Neolitic p\u00e2n\u0103 \u00een Evul Mediu<\/em><\/p>\n\n\n\n<div class=\"wp-block-file\"><a id=\"wp-block-file--media-212fd851-71b7-40c7-9354-a641ead4ef88\" href=\"https:\/\/istorie.unibuc.ro\/wp-content\/uploads\/2021\/12\/PHC-BRANCUSI-BM142019.pdf\">PHC-BRANCUSI-BM142019<\/a><a href=\"https:\/\/istorie.unibuc.ro\/wp-content\/uploads\/2021\/12\/PHC-BRANCUSI-BM142019.pdf\" class=\"wp-block-file__button\" download aria-describedby=\"wp-block-file--media-212fd851-71b7-40c7-9354-a641ead4ef88\">Descarc\u0103<\/a><\/div>\n\n\n\n<p class=\"wp-block-paragraph\"><strong><a href=\"http:\/\/newhis.bucharest.university\/cercetare\/proiecte-cercetare\/diplomati-si-supusi-otomani-in-vechiul-regat\/\">Silvana RACHIERU<\/a><\/strong><a href=\"http:\/\/newhis.bucharest.university\/cercetare\/proiecte-cercetare\/diplomati-si-supusi-otomani-in-vechiul-regat\/\">, \u201eDiploma\u021bi \u0219i supu\u0219i otomani \u00een Vechiul Regat. Rela\u021bii otomano-rom\u00e2ne \u00eentre 1878-1908\u201d<\/a><\/p>\n\n\n\n<p class=\"wp-block-paragraph\"><a href=\"http:\/\/newhis.bucharest.university\/cercetare\/proiecte-cercetare\/capidava\/\">Ioan Carol OPRI\u0218, Alexandru RA\u021aIU, CAPIDAVA II. Building C1 \u2013 Contributions to the history of annona militaris in the 6th century<\/a><\/p>\n\n\n\n<p class=\"wp-block-paragraph\"><a href=\"https:\/\/istorie.unibuc.ro\/platforma-pluridisciplinara-complexa-de-cercetare-integrativa-si-sistematica-a-identitatilor-si-patrimoniului-cultural-tangibil-si-non-tangibil-din-romania\/\">Dr. Catalin Lazar &#8211; Platform\u0103 pluridisciplinar\u0103 complex\u0103 de cercetare integrativ\u0103 \u0219i sistematic\u0103 a identit\u0103\u021bilor \u0219i patrimoniului cultural tangibil \u0219i non-tangibil din Rom\u00e2nia<\/a><\/p>\n\n\n\n<p class=\"wp-block-paragraph\"><a href=\"https:\/\/istorie.unibuc.ro\/platforma%cc%86-institut%cc%a6ionala%cc%86-interdisciplinara%cc%86-de-excelent%cc%a6a%cc%86-in-cercetarea-dezvoltarea-inovarea-s%cc%a6i-formarea-profesionala%cc%86-din-domeniul-s%cc%a6tiint%cc%a6elo\/\">Dr. C\u0103t\u0103lin Lazar &#8211;&nbsp;Platform\u0103 Institu\u021bional\u0103 Interdisciplinar\u0103 de Excelen\u021b\u0103 \u00een Cercetarea, Dezvoltarea, Inovarea \u0219i Formarea Profesional\u0103 din Domeniul \u0218tiin\u021belor Arheologice<\/a><\/p>\n\n\n\n<p class=\"wp-block-paragraph\"><a href=\"https:\/\/istorie.unibuc.ro\/o-radiografie-asupra-trecutului-investigarea-obiectelor-neolitice-de-lut-prin-metode-de-diagnostic-imagistic-si-arheologie-experimentala\/\">Dr. Florin Constantin si Dr. C\u0103t\u0103lin Laz\u0103r &#8211;&nbsp;O radiografie asupra trecutului. Investigarea obiectelor neolitice de lut prin metode de diagnostic imagistic \u0219i arheologie experimental\u0103<\/a><\/p>\n","protected":false},"excerpt":{"rendered":"<p>Conf. univ. dr. Valentin Bottez, Proiect PHC BRANCUSI BM14\/2019,\u00a0Geoarheologia Deltei Dun\u0103rii din Neolitic p\u00e2n\u0103 \u00een Evul Mediu Silvana RACHIERU, \u201eDiploma\u021bi \u0219i supu\u0219i otomani \u00een Vechiul Regat. Rela\u021bii otomano-rom\u00e2ne \u00eentre 1878-1908\u201d Ioan Carol OPRI\u0218, Alexandru RA\u021aIU, CAPIDAVA II. Building C1 \u2013 Contributions to the history of annona militaris in the 6th century Dr. Catalin Lazar &#8211; [&hellip;]<\/p>\n","protected":false},"author":2,"featured_media":0,"parent":426,"menu_order":0,"comment_status":"closed","ping_status":"closed","template":"","meta":{"_crdt_document":"","jetpack_post_was_ever_published":false,"footnotes":""},"class_list":["post-463","page","type-page","status-publish","hentry"],"jetpack_sharing_enabled":true,"jetpack_shortlink":"https:\/\/wp.me\/PaobZd-7t","jetpack-related-posts":[],"_links":{"self":[{"href":"https:\/\/istorie.unibuc.ro\/facultate\/wp-json\/wp\/v2\/pages\/463","targetHints":{"allow":["GET"]}}],"collection":[{"href":"https:\/\/istorie.unibuc.ro\/facultate\/wp-json\/wp\/v2\/pages"}],"about":[{"href":"https:\/\/istorie.unibuc.ro\/facultate\/wp-json\/wp\/v2\/types\/page"}],"author":[{"embeddable":true,"href":"https:\/\/istorie.unibuc.ro\/facultate\/wp-json\/wp\/v2\/users\/2"}],"replies":[{"embeddable":true,"href":"https:\/\/istorie.unibuc.ro\/facultate\/wp-json\/wp\/v2\/comments?post=463"}],"version-history":[{"count":5,"href":"https:\/\/istorie.unibuc.ro\/facultate\/wp-json\/wp\/v2\/pages\/463\/revisions"}],"predecessor-version":[{"id":8619,"href":"https:\/\/istorie.unibuc.ro\/facultate\/wp-json\/wp\/v2\/pages\/463\/revisions\/8619"}],"up":[{"embeddable":true,"href":"https:\/\/istorie.unibuc.ro\/facultate\/wp-json\/wp\/v2\/pages\/426"}],"wp:attachment":[{"href":"https:\/\/istorie.unibuc.ro\/facultate\/wp-json\/wp\/v2\/media?parent=463"}],"curies":[{"name":"wp","href":"https:\/\/api.w.org\/{rel}","templated":true}]}}