{"id":450,"date":"2018-10-28T13:40:36","date_gmt":"2018-10-28T13:40:36","guid":{"rendered":"http:\/\/newhis.bucharest.university\/?page_id=450"},"modified":"2018-10-28T13:40:38","modified_gmt":"2018-10-28T13:40:38","slug":"centrul-de-studii-bizantine-si-sud-est-europene-gheorghe-bratianu","status":"publish","type":"page","link":"https:\/\/istorie.unibuc.ro\/facultate\/cercetare\/centre-de-cercetare\/centrul-de-studii-bizantine-si-sud-est-europene-gheorghe-bratianu\/","title":{"rendered":"Centrul de Studii Bizantine si Sud-Est Europene \u201cGheorghe Br\u0103tianu\u201c"},"content":{"rendered":"\n<p class=\"wp-block-paragraph\"><strong>Director<\/strong>: Prof. dr. Stelian Brezeanu<\/p>\n\n\n\n<p class=\"wp-block-paragraph\">Centrul de Studii Bizantine \u015fi Sud-Est Europene a fost \u00eenfiin\u0163at prin decizia Biroului Senatului Universit\u0103\u0163ii din Bucure\u015fti nr. 224\/20.10.2000. Centrul este o institu\u0163ie de cercetare \u015ftiin\u0163ific\u0103 \u015fi preg\u0103tire profesional\u0103 \u00een cadrul Facult\u0103\u0163ii de Istorie. Centrul are ca obiective studierea domeniilor noi din studiile bizantine ale ultimelor decenii (identit\u0103\u0163i, alterit\u0103\u0163i \u015fi solidarit\u0103\u0163i din spa\u0163iul bizantin \u015fi sud-est european), a func\u0163iei modelului politic \u015fi cultural bizantin \u00een elaborarea civiliza\u0163iei medievale rom\u00e2ne\u015fti \u015fi sud-slave, precum \u015fi a rela\u0163iilor romanit\u0103\u0163ii orientale cu Constantinopolul.<\/p>\n","protected":false},"excerpt":{"rendered":"<p>Director: Prof. dr. Stelian Brezeanu Centrul de Studii Bizantine \u015fi Sud-Est Europene a fost \u00eenfiin\u0163at prin decizia Biroului Senatului Universit\u0103\u0163ii din Bucure\u015fti nr. 224\/20.10.2000. Centrul este o institu\u0163ie de cercetare \u015ftiin\u0163ific\u0103 \u015fi preg\u0103tire profesional\u0103 \u00een cadrul Facult\u0103\u0163ii de Istorie. Centrul are ca obiective studierea domeniilor noi din studiile bizantine ale ultimelor decenii (identit\u0103\u0163i, alterit\u0103\u0163i \u015fi [&hellip;]<\/p>\n","protected":false},"author":2,"featured_media":0,"parent":433,"menu_order":0,"comment_status":"closed","ping_status":"closed","template":"","meta":{"_crdt_document":"","jetpack_post_was_ever_published":false,"footnotes":""},"class_list":["post-450","page","type-page","status-publish","hentry"],"jetpack_sharing_enabled":true,"jetpack_shortlink":"https:\/\/wp.me\/PaobZd-7g","jetpack-related-posts":[],"_links":{"self":[{"href":"https:\/\/istorie.unibuc.ro\/facultate\/wp-json\/wp\/v2\/pages\/450","targetHints":{"allow":["GET"]}}],"collection":[{"href":"https:\/\/istorie.unibuc.ro\/facultate\/wp-json\/wp\/v2\/pages"}],"about":[{"href":"https:\/\/istorie.unibuc.ro\/facultate\/wp-json\/wp\/v2\/types\/page"}],"author":[{"embeddable":true,"href":"https:\/\/istorie.unibuc.ro\/facultate\/wp-json\/wp\/v2\/users\/2"}],"replies":[{"embeddable":true,"href":"https:\/\/istorie.unibuc.ro\/facultate\/wp-json\/wp\/v2\/comments?post=450"}],"version-history":[{"count":1,"href":"https:\/\/istorie.unibuc.ro\/facultate\/wp-json\/wp\/v2\/pages\/450\/revisions"}],"predecessor-version":[{"id":451,"href":"https:\/\/istorie.unibuc.ro\/facultate\/wp-json\/wp\/v2\/pages\/450\/revisions\/451"}],"up":[{"embeddable":true,"href":"https:\/\/istorie.unibuc.ro\/facultate\/wp-json\/wp\/v2\/pages\/433"}],"wp:attachment":[{"href":"https:\/\/istorie.unibuc.ro\/facultate\/wp-json\/wp\/v2\/media?parent=450"}],"curies":[{"name":"wp","href":"https:\/\/api.w.org\/{rel}","templated":true}]}}