{"id":446,"date":"2018-10-28T13:38:40","date_gmt":"2018-10-28T13:38:40","guid":{"rendered":"http:\/\/newhis.bucharest.university\/?page_id=446"},"modified":"2020-05-18T06:46:10","modified_gmt":"2020-05-18T06:46:10","slug":"centrul-pentru-cercetarea-istoriei-secolului-al-xx-lea","status":"publish","type":"page","link":"https:\/\/istorie.unibuc.ro\/facultate\/cercetare\/centre-de-cercetare\/centrul-pentru-cercetarea-istoriei-secolului-al-xx-lea\/","title":{"rendered":"Centrul pentru Cercetarea Istoriei secolului al XX-lea"},"content":{"rendered":"\n<p class=\"wp-block-paragraph\"><strong>Director<\/strong>: Prof. univ. dr. Florin Muller<\/p>\n\n\n\n<p class=\"wp-block-paragraph\">Func\u0163ioneaz\u0103 pe l\u00e2ng\u0103 Departamentul de Istoria Romanilor si a Sud Estului&nbsp;European in cadrul Facult\u0103\u0163ii de Istorie a Universit\u0103\u0163ii din Bucure\u015fti. Este \u00eenfiin\u0163at \u00een anul 2000 \u015fi \u00eel are ca&nbsp;pre\u015fedinte pe profesorul dr. Florin&nbsp;Muller.<\/p>\n\n\n\n<p class=\"wp-block-paragraph\">Activit\u0103\u0163ile centrului constau \u00een: sprijinirea unor cursuri \u015fi seminarii, prin speciali\u015fti \u015fi materiale; organizarea de dezbateri \u015fi sesiuni \u015ftiin\u0163ifice cu participare intern\u0103 \u015fi interna\u0163ional\u0103; realizarea unor lucr\u0103ri monografice, culegere de studii \u015fi documente; editarea de lucr\u0103ri de profil, organizarea practicii de specialitate dedicat\u0103 studentilor.<\/p>\n\n\n\n<p class=\"wp-block-paragraph\">Centrul \u00eentre\u0163ine leg\u0103turi cu institu\u0163ii \u015fi organisme de profil din \u0163ar\u0103 \u015fi din str\u0103in\u0103tate, viz\u00e2nd schimburi de experien\u0163\u0103 \u015fi documentare asupra istoriei secolului al XX-lea. La activit\u0103\u0163ile centrului particip\u0103 studen\u0163i, cadre didactice, cercet\u0103tori, arhivi\u015fti, muzeografi, al\u0163i speciali\u015fti, precum \u015fi alte persoane interesate de istoria secolului al XX-lea.<\/p>\n\n\n\n<p class=\"wp-block-paragraph\">Directii tematice:<\/p>\n\n\n\n<ul class=\"wp-block-list\"><li>aprofundarea cercet\u0103rii istoriei rom\u00e2nilor \u015fi universale din secolul al XX-lea<\/li><li>antrenarea studen\u0163ilor, doctoranzilor \u015fi cadrelor didactice \u00een activit\u0103\u0163ile viz\u00e2nd cunoa\u015fterea pe baz\u0103 de documente a istoriei secolului al XX-lea<\/li><\/ul>\n","protected":false},"excerpt":{"rendered":"<p>Director: Prof. univ. dr. Florin Muller Func\u0163ioneaz\u0103 pe l\u00e2ng\u0103 Departamentul de Istoria Romanilor si a Sud Estului&nbsp;European in cadrul Facult\u0103\u0163ii de Istorie a Universit\u0103\u0163ii din Bucure\u015fti. Este \u00eenfiin\u0163at \u00een anul 2000 \u015fi \u00eel are ca&nbsp;pre\u015fedinte pe profesorul dr. Florin&nbsp;Muller. Activit\u0103\u0163ile centrului constau \u00een: sprijinirea unor cursuri \u015fi seminarii, prin speciali\u015fti \u015fi materiale; organizarea de dezbateri [&hellip;]<\/p>\n","protected":false},"author":2,"featured_media":0,"parent":433,"menu_order":0,"comment_status":"closed","ping_status":"closed","template":"","meta":{"_crdt_document":"","jetpack_post_was_ever_published":false,"footnotes":""},"class_list":["post-446","page","type-page","status-publish","hentry"],"jetpack_sharing_enabled":true,"jetpack_shortlink":"https:\/\/wp.me\/PaobZd-7c","jetpack-related-posts":[],"_links":{"self":[{"href":"https:\/\/istorie.unibuc.ro\/facultate\/wp-json\/wp\/v2\/pages\/446","targetHints":{"allow":["GET"]}}],"collection":[{"href":"https:\/\/istorie.unibuc.ro\/facultate\/wp-json\/wp\/v2\/pages"}],"about":[{"href":"https:\/\/istorie.unibuc.ro\/facultate\/wp-json\/wp\/v2\/types\/page"}],"author":[{"embeddable":true,"href":"https:\/\/istorie.unibuc.ro\/facultate\/wp-json\/wp\/v2\/users\/2"}],"replies":[{"embeddable":true,"href":"https:\/\/istorie.unibuc.ro\/facultate\/wp-json\/wp\/v2\/comments?post=446"}],"version-history":[{"count":2,"href":"https:\/\/istorie.unibuc.ro\/facultate\/wp-json\/wp\/v2\/pages\/446\/revisions"}],"predecessor-version":[{"id":3985,"href":"https:\/\/istorie.unibuc.ro\/facultate\/wp-json\/wp\/v2\/pages\/446\/revisions\/3985"}],"up":[{"embeddable":true,"href":"https:\/\/istorie.unibuc.ro\/facultate\/wp-json\/wp\/v2\/pages\/433"}],"wp:attachment":[{"href":"https:\/\/istorie.unibuc.ro\/facultate\/wp-json\/wp\/v2\/media?parent=446"}],"curies":[{"name":"wp","href":"https:\/\/api.w.org\/{rel}","templated":true}]}}