{"id":444,"date":"2018-10-28T13:38:05","date_gmt":"2018-10-28T13:38:05","guid":{"rendered":"http:\/\/newhis.bucharest.university\/?page_id=444"},"modified":"2019-03-01T07:51:37","modified_gmt":"2019-03-01T07:51:37","slug":"seminarul-de-metodologia-istoriei-dimitrie-onciul","status":"publish","type":"page","link":"https:\/\/istorie.unibuc.ro\/facultate\/cercetare\/centre-de-cercetare\/seminarul-de-metodologia-istoriei-dimitrie-onciul\/","title":{"rendered":"Seminarul de Metodologia Istoriei \u201cDimitrie ONCIUL\u201c"},"content":{"rendered":"\n<p class=\"wp-block-paragraph\"><strong>Director<\/strong>:&nbsp;<\/p>\n\n\n\n<p class=\"wp-block-paragraph\">\u00cen memoria lui Dimitrie Onciul, creatorul \u201c\u015ecolii Critice\u201d \u00een istoriografia rom\u00e2neasc\u0103, cu prilejul comemor\u0103rii a 70 de ani de la moartea ilustrului savant, a luat fiin\u0163\u0103, \u00een ziua de 17 martie 1993, \u00een cadrul catedrei de Istoria Rom\u00e2nilor a Facult\u0103\u0163ii de Istorie a Universit\u0103\u0163ii din Bucure\u015fti, Seminarul de Metodologia istoriei \u201cDimitrie Onciul\u201d.<\/p>\n\n\n\n<p class=\"wp-block-paragraph\">Seminarul a fost fondat si condus de Academician profesor dr. \u015etefan \u015etef\u0103nescu, titularul cursului de istorie medie a rom\u00e2nilor.<\/p>\n\n\n\n<p class=\"wp-block-paragraph\">Seminarul \u00ee\u015fi propune s\u0103 urm\u0103reasc\u0103 direc\u0163iile \u00eennoitoare \u00een metodologia cercet\u0103rii istorice, pentru a promova o viziune global\u0103 asupra istoriei \u015fi pentru a dezvolta studiile de teorie \u015fi epistemologie a istoriei.<\/p>\n\n\n\n<p class=\"wp-block-paragraph\">Pentru a l\u0103rgi \u015fi aprofunda cunoa\u015fterea istoriei, pe l\u00e2ng\u0103 disciplinele auxiliare ale istoriei-diplomatica, numismatica, heraldica, genealogia etc.-vor fi cultivate discipline de frontier\u0103 ca: demografia istoric\u0103, ecoistoria, geografia istoric\u0103, climatologia, psihologia mul\u0163imilor, imagologia.<\/p>\n\n\n\n<p class=\"wp-block-paragraph\">\u00cen urma unui concurs de performan\u0163e, organizat de Academia Rom\u00e2n\u0103, Seminarul Dimitrie Onciul a ob\u0163inut un contract GAR cu tema Istoria rom\u00e2nilor, volumul al IV-lea (secolul al XIV-lea\u2013al XVI-lea), ceea ce, pe l\u00e2ng\u0103 cre\u015fterea prestigiului s\u0103u, a condus la \u00eenzestrarea seminarului cu un calculator.<\/p>\n\n\n\n<p class=\"wp-block-paragraph\">Planul de perspectiva al seminarului \u201cDimitrie Onciul\u201d prevede l\u0103rgirea cercului de competen\u0163e \u015ftiin\u0163ifice, cre\u015fterea autorit\u0103\u0163ii interpret\u0103rii critice a surselor documentare \u00een vederea \u00eenf\u0103ptuirii actului de reconstituire a realit\u0103\u0163ii istorice, de reliefare a adev\u0103rului. \u201cNumai din adev\u0103r-\u0163inea s\u0103 sublinieze Dimitrie Onciul-na\u015fte adev\u0103rata iubire de neam \u015fi de \u0163ar\u0103\u201d.<\/p>\n\n\n\n<p class=\"wp-block-paragraph\">Directii tematice:<\/p>\n\n\n\n<ul class=\"wp-block-list\"><li>Ad\u00eencirea cunoa\u015fterii operei lui Dimitrie Onciul \u015fi a problematicii abordate de el<\/li><li>Organizarea de cursuri \u015fi seminarii pentru \u00eensu\u015firea paleografiei \u015fi limbii izvoarelor istoriei Rom\u00e2niei<\/li><li>L\u0103rgirea investiga\u0163iilor \u00een \u0163ar\u0103 \u015fi \u00een str\u0103in\u0103tate pentru descoperirea de noi surse documentare<\/li><li>Dezvoltarea cercet\u0103rilor cu caracter interdisciplinar<\/li><\/ul>\n","protected":false},"excerpt":{"rendered":"<p>Director:&nbsp; \u00cen memoria lui Dimitrie Onciul, creatorul \u201c\u015ecolii Critice\u201d \u00een istoriografia rom\u00e2neasc\u0103, cu prilejul comemor\u0103rii a 70 de ani de la moartea ilustrului savant, a luat fiin\u0163\u0103, \u00een ziua de 17 martie 1993, \u00een cadrul catedrei de Istoria Rom\u00e2nilor a Facult\u0103\u0163ii de Istorie a Universit\u0103\u0163ii din Bucure\u015fti, Seminarul de Metodologia istoriei \u201cDimitrie Onciul\u201d. Seminarul a [&hellip;]<\/p>\n","protected":false},"author":2,"featured_media":0,"parent":433,"menu_order":0,"comment_status":"closed","ping_status":"closed","template":"","meta":{"_crdt_document":"","jetpack_post_was_ever_published":false,"footnotes":""},"class_list":["post-444","page","type-page","status-publish","hentry"],"jetpack_sharing_enabled":true,"jetpack_shortlink":"https:\/\/wp.me\/PaobZd-7a","jetpack-related-posts":[],"_links":{"self":[{"href":"https:\/\/istorie.unibuc.ro\/facultate\/wp-json\/wp\/v2\/pages\/444","targetHints":{"allow":["GET"]}}],"collection":[{"href":"https:\/\/istorie.unibuc.ro\/facultate\/wp-json\/wp\/v2\/pages"}],"about":[{"href":"https:\/\/istorie.unibuc.ro\/facultate\/wp-json\/wp\/v2\/types\/page"}],"author":[{"embeddable":true,"href":"https:\/\/istorie.unibuc.ro\/facultate\/wp-json\/wp\/v2\/users\/2"}],"replies":[{"embeddable":true,"href":"https:\/\/istorie.unibuc.ro\/facultate\/wp-json\/wp\/v2\/comments?post=444"}],"version-history":[{"count":3,"href":"https:\/\/istorie.unibuc.ro\/facultate\/wp-json\/wp\/v2\/pages\/444\/revisions"}],"predecessor-version":[{"id":2188,"href":"https:\/\/istorie.unibuc.ro\/facultate\/wp-json\/wp\/v2\/pages\/444\/revisions\/2188"}],"up":[{"embeddable":true,"href":"https:\/\/istorie.unibuc.ro\/facultate\/wp-json\/wp\/v2\/pages\/433"}],"wp:attachment":[{"href":"https:\/\/istorie.unibuc.ro\/facultate\/wp-json\/wp\/v2\/media?parent=444"}],"curies":[{"name":"wp","href":"https:\/\/api.w.org\/{rel}","templated":true}]}}