{"id":442,"date":"2018-10-28T13:37:26","date_gmt":"2018-10-28T13:37:26","guid":{"rendered":"http:\/\/newhis.bucharest.university\/?page_id=442"},"modified":"2018-10-28T13:37:28","modified_gmt":"2018-10-28T13:37:28","slug":"centrul-de-istoria-bisericii","status":"publish","type":"page","link":"https:\/\/istorie.unibuc.ro\/facultate\/cercetare\/centre-de-cercetare\/centrul-de-istoria-bisericii\/","title":{"rendered":"Centrul de Istoria Bisericii"},"content":{"rendered":"\n<p class=\"wp-block-paragraph\"><strong>Director:&nbsp;<\/strong>Lect. univ, dr. Ovidiu Bozgan<\/p>\n\n\n\n<p class=\"wp-block-paragraph\">A fost creat prin decizia Rectorului Universit\u0103\u0163ii din Bucure\u015fti din 8 ianuarie 1998, \u00een baza aprob\u0103rii acordate de Biroul Senatului Universit\u0103\u0163ii. Centrul de Istoria Bisericii reune\u015fte un grup de universitari \u015fi cercet\u0103tori care au printre preocup\u0103rile lor \u015fi istoria vie\u0163ii religioase. Scopul centrului este de a \u00eencuraja studiile \u00een acest domeniu, \u00een special pentru epocile modern\u0103 \u015fi contemporan\u0103, dincolo de ata\u015famente confesionale \u015fi de militantism religios \u015fi desigur f\u0103r\u0103 a deveni propagand\u0103 ateist\u0103. Centrul \u00ee\u015fi propune s\u0103 studieze raporturile dintre stat \u015fi biseric\u0103 precum \u015fi raporturile dintre societate \u015fi biseric\u0103. Investigarea arhivelor religioase, at\u00e2t a celor create de institu\u0163iile statului c\u00e2t \u015fi a celor create de institu\u0163iile ecleziastice, reprezint\u0103 o prioritate pentru membrii centrului. Cercet\u0103rile centrului urmeaz\u0103 s\u0103 fie publicate \u00een \u201cBuletinul Centrului de Istoria Bisericii\u201d. Dificult\u0103\u0163ile pentru str\u00e2ngerea studiilor \u015fi articolelor reflect\u0103 stadiul incipient al istoriei religioase \u00een cadrul istoriografiei rom\u00e2ne\u015fti. Obiectivele centrului nu se limiteaz\u0103 doar la stimularea cercet\u0103rilor \u00een acest domeniu \u015fi la crearea unei noi forme de sociabilitate savant\u0103. Exist\u0103 preocup\u0103ri pentru introducerea \u00een cursul universitar a unor cursuri \u015fi seminarii consacrate istoriei religioase \u015fi pentru atragerea studen\u0163ilor c\u0103tre aceste domenii. Astfel, cu \u00eencepere din anul universitar 1999-2000, coordonatorul centrului a ini\u0163iat un curs de istoria bisericii rom\u00e2ne unite, un curs de istoria bisericii \u00een Europa de la revolu\u0163ia francez\u0103 la conciliul Vatican II \u015fi un seminar privind istoria contemporan\u0103 a bisericii ortodoxe rom\u00e2ne. Centrul de Istoria Bisericii nu dispune de local propriu nici de subven\u0163ii publice. \u00cen cursul anului 1999, Centrul de Istoria Bisericii a fost sponsorizat de firma \u201cCostea Corin D\u0103nescu \u015fi Alina D\u0103nescu-Cabinete de avoca\u0163i\u201d. Centrul colaboreaz\u0103 cu speciali\u015fti din structurile ecleziastice din Rom\u00e2nia \u015fi a stabilit contacte cu \u201cInstitut d\u2019Histoire du Christianisme\u201d din Lyon, \u00een vederea \u00eencheierii unui acord de cooperare. Directii tematice:<\/p>\n\n\n\n<ul class=\"wp-block-list\"><li>Istoria Bisericii \u00een general<\/li><li>Istoria diferitelor culte de pe teritoriul Rom\u00e2niei \u00een special<\/li><li>Raporturile Bisericii cu statul \u015fi cu societatea \u00een general<\/li><\/ul>\n","protected":false},"excerpt":{"rendered":"<p>Director:&nbsp;Lect. univ, dr. Ovidiu Bozgan A fost creat prin decizia Rectorului Universit\u0103\u0163ii din Bucure\u015fti din 8 ianuarie 1998, \u00een baza aprob\u0103rii acordate de Biroul Senatului Universit\u0103\u0163ii. Centrul de Istoria Bisericii reune\u015fte un grup de universitari \u015fi cercet\u0103tori care au printre preocup\u0103rile lor \u015fi istoria vie\u0163ii religioase. Scopul centrului este de a \u00eencuraja studiile \u00een acest [&hellip;]<\/p>\n","protected":false},"author":2,"featured_media":0,"parent":433,"menu_order":0,"comment_status":"closed","ping_status":"closed","template":"","meta":{"_crdt_document":"","jetpack_post_was_ever_published":false,"footnotes":""},"class_list":["post-442","page","type-page","status-publish","hentry"],"jetpack_sharing_enabled":true,"jetpack_shortlink":"https:\/\/wp.me\/PaobZd-78","jetpack-related-posts":[],"_links":{"self":[{"href":"https:\/\/istorie.unibuc.ro\/facultate\/wp-json\/wp\/v2\/pages\/442","targetHints":{"allow":["GET"]}}],"collection":[{"href":"https:\/\/istorie.unibuc.ro\/facultate\/wp-json\/wp\/v2\/pages"}],"about":[{"href":"https:\/\/istorie.unibuc.ro\/facultate\/wp-json\/wp\/v2\/types\/page"}],"author":[{"embeddable":true,"href":"https:\/\/istorie.unibuc.ro\/facultate\/wp-json\/wp\/v2\/users\/2"}],"replies":[{"embeddable":true,"href":"https:\/\/istorie.unibuc.ro\/facultate\/wp-json\/wp\/v2\/comments?post=442"}],"version-history":[{"count":1,"href":"https:\/\/istorie.unibuc.ro\/facultate\/wp-json\/wp\/v2\/pages\/442\/revisions"}],"predecessor-version":[{"id":443,"href":"https:\/\/istorie.unibuc.ro\/facultate\/wp-json\/wp\/v2\/pages\/442\/revisions\/443"}],"up":[{"embeddable":true,"href":"https:\/\/istorie.unibuc.ro\/facultate\/wp-json\/wp\/v2\/pages\/433"}],"wp:attachment":[{"href":"https:\/\/istorie.unibuc.ro\/facultate\/wp-json\/wp\/v2\/media?parent=442"}],"curies":[{"name":"wp","href":"https:\/\/api.w.org\/{rel}","templated":true}]}}