{"id":438,"date":"2018-10-28T13:35:17","date_gmt":"2018-10-28T13:35:17","guid":{"rendered":"http:\/\/newhis.bucharest.university\/?page_id=438"},"modified":"2022-04-11T08:18:58","modified_gmt":"2022-04-11T08:18:58","slug":"centrul-de-istorie-comparata-a-societatilor-antice","status":"publish","type":"page","link":"https:\/\/istorie.unibuc.ro\/facultate\/cercetare\/centre-de-cercetare\/centrul-de-istorie-comparata-a-societatilor-antice\/","title":{"rendered":"Centrul de Istorie Comparata a Societatilor Antice"},"content":{"rendered":"\n<p class=\"wp-block-paragraph\"><strong>Director:&nbsp;<\/strong>Conf. dr. Florica Mihu\u021b (Boh\u00eel\u021bea).<\/p>\n\n\n\n<p class=\"wp-block-paragraph\">CICSA a fost \u00eenfiin\u0163at \u00een anul 1997 ca urmare a ini\u0163iativei unui grup de cadre didactice ale catedrei de Istorie Antic\u0103 \u015fi Arheologie.<\/p>\n\n\n\n<p class=\"wp-block-paragraph\">Obiectivele CICSA, conform statutului, sunt de dou\u0103 categorii: \u015ftiin\u0163ifice \u015fi didactice. Centrul \u00ee\u015fi propune s\u0103 creeze mediul intelectual favorabil cercet\u0103rilor comparate \u00een diverse domenii ale studiilor referitoare la antichitate. \u00cen proiectele de cercetare sunt implica\u0163i at\u00e2t profesori ai Facult\u0103\u0163ii de Istorie, c\u00e2t \u015fi cercet\u0103tori din institutele Academiei \u015fi studen\u0163i \u015fi doctoranzi \u00een domeniul istoriei. Aceste studii sunt publicate \u00een seria de volume tematice \u201cTimpul Istoriei\u201d \u015fi \u00een revista centrului.<\/p>\n\n\n\n<p class=\"wp-block-paragraph\">Din seria \u201cTimpul Istoriei\u201d au ap\u0103rut deja dou\u0103 volume, \u00een 1997 \u015fi 1998. Se afl\u0103 \u00een preg\u0103tire volumul al treilea, care va fi dedicat problemei limitelor (reale \u015fi imaginare) \u00een lumea antic\u0103 \u015fi medieval\u0103. Revista este anual\u0103 \u015fi primul num\u0103r a ap\u0103rut \u00een anul 1998. At\u00e2t \u00een cadrul volumelor tematice c\u00e2t \u015fi \u00een cadrul revistei au publicat studii profesori \u015fi cercet\u0103tori reputa\u0163i precum profesor dr. Alexandru Vulpe, membru corespondent al Academiei Rom\u00e2ne, profesor dr. Alexandru Barnea, profesor dr. Andrei Pippidi, profesor dr. Alexandru Suceveanu. Foarte mare este de asemenea num\u0103rul contribu\u0163iilor venite din partea unor cercet\u0103tori tineri, iar revista a publicat \u015fi c\u00e2teva dintre cele mai merituoase studii elaborate de c\u0103tre studen\u0163ii din anii terminali.<\/p>\n\n\n\n<p class=\"wp-block-paragraph\">De asemenea, este \u00een curs \u015fi un alt proiect, intitulat \u201cIpostazele barbariei\u201d, care va fi finalizat prin publicarea unui volum de studii \u015fi a unei colec\u0163ii de surse istorice. Pentru acest proiect a fost ob\u0163inut un grant de cercetare CNCSU \u00een 1999.<\/p>\n\n\n\n<p class=\"wp-block-paragraph\">Din punct de vedere didactic, CICSA \u00ee\u015fi propune s\u0103 creeze cercuri de studiu \u00een care s\u0103 fie abordate teme care prin caracterul lor specializat nu pot face obiectul cursurilor obi\u015fnuite. De asemenea, accentul cade \u00een cazul acesta pe contribu\u0163iile studen\u0163e\u015fti, implicarea studen\u0163ilor fiind mai mare dec\u00e2t \u00een activit\u0103\u0163ile didactice obi\u015fnuite. \u00cen prezent func\u0163ioneaz\u0103 dou\u0103 astfel de cercuri de studiu: cel dedicat antichit\u0103\u0163ii clasice, grece\u015fti \u015fi romane \u015fi un altul care se ocup\u0103 de lumea oriental\u0103.<\/p>\n\n\n\n<p class=\"wp-block-paragraph\">Directii tematice:<\/p>\n\n\n\n<ul class=\"wp-block-list\"><li>Cercet\u0103ri comparate<\/li><li>Preocup\u0103ri didactice<\/li><\/ul>\n\n\n\n<p class=\"wp-block-paragraph\"><strong>Afl\u0103 mai multe:<\/strong><\/p>\n\n\n\n<h5 class=\"wp-block-heading\"><a href=\"https:\/\/cicsaunibuc.wordpress.com\/about\/statut\/\">Statutul CICSA<\/a><\/h5>\n\n\n\n<h5 class=\"wp-block-heading\"><a href=\"https:\/\/cicsaunibuc.wordpress.com\/about\/conducere\/\">Conducerea CICSA<\/a><\/h5>\n\n\n\n<h5 class=\"wp-block-heading\"><a href=\"https:\/\/cicsaunibuc.wordpress.com\/about\/members\/\">Membri<\/a><\/h5>\n\n\n\n<p class=\"wp-block-paragraph\"><strong>Adresa:<\/strong>&nbsp;Bd. Regina Elisabeta 4-12, Sector 5, cod 030018,&nbsp;Bucure\u0219ti, sala 309&nbsp;(Sta\u0163ia R.A.T.B. situat\u0103 pe B-dul Regina Elisabeta, \u00een dreptul Facult\u0103\u0163ii de Istorie: 61, 66, 69, 70, 85, 90, 91, 92, 336, 601 sau Sta\u0163ia R.A.T.B. situat\u0103 pe B-dul Nicolae B\u0103lcescu, \u00een apropierea Facult\u0103\u0163ii de Geografie: 122, 137, 268, 781, 783, 784<br>Metrou: Universitate)<\/p>\n\n\n\n<p class=\"wp-block-paragraph\"><strong>Email:<\/strong>&nbsp;d_mihut@yahoo.com<\/p>\n\n\n\n<p class=\"wp-block-paragraph\"><strong>Website:&nbsp;<\/strong>https:\/\/cicsaunibuc.wordpress.com\/<\/p>\n\n\n\n<p class=\"wp-block-paragraph\"><strong>Facebook:<\/strong>\u00a0<a rel=\"noreferrer noopener\" href=\"https:\/\/www.facebook.com\/pages\/Centrul-de-Istorie-Comparat%C4%83-a-Societ%C4%83%C5%A3ilor-Antice-CICSA\/421212937938163\" target=\"_blank\">Centrul de Istorie Comparat\u0103 a Societ\u0103\u0163ilor Antice<\/a><\/p>\n\n\n\n<p class=\"wp-block-paragraph\">                                <mark style=\"background-color:rgba(0, 0, 0, 0)\" class=\"has-inline-color has-vivid-cyan-blue-color\"> <strong>SESIUNEA CICSA 2022<\/strong><\/mark><\/p>\n\n\n\n<p class=\"wp-block-paragraph\">                     <strong><mark style=\"background-color:rgba(0, 0, 0, 0)\" class=\"has-inline-color has-vivid-cyan-blue-color\">Archaeologists at the meeting with history<\/mark><\/strong><\/p>\n\n\n\n<p class=\"wp-block-paragraph\">   <strong><mark style=\"background-color:rgba(0, 0, 0, 0)\" class=\"has-inline-color has-vivid-cyan-blue-color\"><em>in memoriam professorum<\/em>\u00a0Alexandru Barnea\u00a0<em>et<\/em>\u00a0Alexandru Avram<\/mark><\/strong><\/p>\n\n\n\n<div class=\"wp-block-file\"><a id=\"wp-block-file--media-e472be40-80e3-47fd-9913-18d549d9ed5e\" href=\"https:\/\/istorie.unibuc.ro\/wp-content\/uploads\/2022\/04\/anunt-de-pus-pe-site-ul-fac.sesiunea-CICSA2022.docx\">anunt-sesiunea-CICSA2022<\/a><a href=\"https:\/\/istorie.unibuc.ro\/wp-content\/uploads\/2022\/04\/anunt-de-pus-pe-site-ul-fac.sesiunea-CICSA2022.docx\" class=\"wp-block-file__button\" download aria-describedby=\"wp-block-file--media-e472be40-80e3-47fd-9913-18d549d9ed5e\">Descarc\u0103<\/a><\/div>\n\n\n\n<div class=\"wp-block-file\"><a id=\"wp-block-file--media-c5fd1867-6b33-4389-8165-7996e7faa3c8\" href=\"https:\/\/istorie.unibuc.ro\/wp-content\/uploads\/2022\/04\/annual-session-of-CICSA-2022.jpg\">annual-session-of-CICSA-2022<\/a><a href=\"https:\/\/istorie.unibuc.ro\/wp-content\/uploads\/2022\/04\/annual-session-of-CICSA-2022.jpg\" class=\"wp-block-file__button\" download aria-describedby=\"wp-block-file--media-c5fd1867-6b33-4389-8165-7996e7faa3c8\">Descarc\u0103<\/a><\/div>\n\n\n\n<p class=\"wp-block-paragraph\"><\/p>\n\n\n\n<p class=\"wp-block-paragraph\"><\/p>\n\n\n\n<p class=\"wp-block-paragraph\"><strong>Avem deosebita pl\u0103cere s\u0103 v\u0103 invit\u0103m la atelierul intitulat\u00a0<em>Patrimoine ancien de la r\u00e9gion pontique et du Bas Danube\u00a0:\u00a0Istros, un port ancien sur la c\u00f4te ouest de la Mer Noire. Recherches r\u00e9centes<\/em>, sus\u021binut de colegul nostru\u00a0dr. Valentin Bottez\u00a0(v. attachement), \u00een cadrul proiectului comun dintre Universitatea din Bucure\u0219ti \u0219i Universitatea din Sousse\u00a0(Tunisia), coordonat de Comisia Na\u021bional\u0103 a Rom\u00e2niei pentru UNESCO, desf\u0103\u0219urat prin Centru de Istorie Comparat\u0103 a Societ\u0103\u021bilor Antice (Departamentul de Istorie Antica, Arheologie si Istoria Artei, FIUB)Evenimentul este organizat online, \u00een ziua de\u00a0vineri, 28\u00a0Mai 2021, \u00eencep\u00e2nd cu orele 2.\u00a030 pm, link acces\u00a0\u00a0<a rel=\"noreferrer noopener\" href=\"http:\/\/meet.google.com\/ebk-gujp-aia\" target=\"_blank\">meet.google.com\/ebk-gujp-aia<\/a><\/strong><\/p>\n\n\n\n<div data-wp-interactive=\"core\/file\" class=\"wp-block-file\"><object data-wp-bind--hidden=\"!state.hasPdfPreview\" hidden class=\"wp-block-file__embed\" data=\"https:\/\/istorie.unibuc.ro\/wp-content\/uploads\/2021\/05\/CICSA-Projet-UNESCO.mai-2021-1.pdf\" type=\"application\/pdf\" style=\"width:100%;height:600px\" aria-label=\"\u00cenglobare pentru Embed of CICSA-Projet-UNESCO.mai-2021-1..\"><\/object><a href=\"https:\/\/istorie.unibuc.ro\/wp-content\/uploads\/2021\/05\/CICSA-Projet-UNESCO.mai-2021-1.pdf\">CICSA-Projet-UNESCO.mai-2021-1<\/a><a href=\"https:\/\/istorie.unibuc.ro\/wp-content\/uploads\/2021\/05\/CICSA-Projet-UNESCO.mai-2021-1.pdf\" class=\"wp-block-file__button\" download>Download<\/a><\/div>\n\n\n\n<div class=\"wp-block-file\"><a id=\"wp-block-file--media-272e5f2e-a7fa-4db6-be11-40f097a4ab66\" href=\"https:\/\/istorie.unibuc.ro\/wp-content\/uploads\/2021\/04\/afis-cicsa-sesiune-2021.RO_.png\">afis-cicsa-sesiune-2021.RO_<\/a><a href=\"https:\/\/istorie.unibuc.ro\/wp-content\/uploads\/2021\/04\/afis-cicsa-sesiune-2021.RO_.png\" class=\"wp-block-file__button\" download aria-describedby=\"wp-block-file--media-272e5f2e-a7fa-4db6-be11-40f097a4ab66\">Descarc\u0103<\/a><\/div>\n\n\n\n<div class=\"wp-block-file\"><a id=\"wp-block-file--media-c088e3b7-da97-4110-990f-a76b740a2ba2\" href=\"https:\/\/istorie.unibuc.ro\/wp-content\/uploads\/2021\/04\/Conferinta-CICSA.docx\">Conferinta-CICSA<\/a><a href=\"https:\/\/istorie.unibuc.ro\/wp-content\/uploads\/2021\/04\/Conferinta-CICSA.docx\" class=\"wp-block-file__button\" download aria-describedby=\"wp-block-file--media-c088e3b7-da97-4110-990f-a76b740a2ba2\">Descarc\u0103<\/a><\/div>\n\n\n\n<div class=\"wp-block-file\"><a id=\"wp-block-file--media-aae146f7-d2c2-48ef-a80e-77012ff5ea8c\" href=\"https:\/\/istorie.unibuc.ro\/wp-content\/uploads\/2021\/04\/Program-final-sesiunea-CICSA.2021.pdf\">Program-final-sesiunea-CICSA.2021<\/a><a href=\"https:\/\/istorie.unibuc.ro\/wp-content\/uploads\/2021\/04\/Program-final-sesiunea-CICSA.2021.pdf\" class=\"wp-block-file__button\" download aria-describedby=\"wp-block-file--media-aae146f7-d2c2-48ef-a80e-77012ff5ea8c\">Descarc\u0103<\/a><\/div>\n\n\n\n<p class=\"wp-block-paragraph\"><strong>PREZENTARE PROIECT N-AFRICA-SE EUROPEI<\/strong><\/p>\n\n\n\n<div class=\"wp-block-file\"><a id=\"wp-block-file--media-de9c9a37-a1a0-4690-9628-c5e7ba012aa6\" href=\"https:\/\/istorie.unibuc.ro\/wp-content\/uploads\/2021\/02\/prezentare-proiect-N-Africa-SE-Europe-2.docx\">Prezentare-proiect-N-Africa-SE-Europe-2<\/a><a href=\"https:\/\/istorie.unibuc.ro\/wp-content\/uploads\/2021\/02\/prezentare-proiect-N-Africa-SE-Europe-2.docx\" class=\"wp-block-file__button\" download aria-describedby=\"wp-block-file--media-de9c9a37-a1a0-4690-9628-c5e7ba012aa6\">Descarc\u0103<\/a><\/div>\n\n\n\n<p class=\"wp-block-paragraph\"><strong>REGULAMENT SELEC\u021aIE PROIECT UNESCO<\/strong><\/p>\n\n\n\n<div class=\"wp-block-file\"><a id=\"wp-block-file--media-07305b8b-e83b-4c20-a084-dfb07cd0a592\" href=\"https:\/\/istorie.unibuc.ro\/wp-content\/uploads\/2021\/03\/selectie-echipa-studenti-proiect-UNESCO-2.pdf\">Selectie-echipa-studenti-proiect-UNESCO-2<\/a><a href=\"https:\/\/istorie.unibuc.ro\/wp-content\/uploads\/2021\/03\/selectie-echipa-studenti-proiect-UNESCO-2.pdf\" class=\"wp-block-file__button\" download aria-describedby=\"wp-block-file--media-07305b8b-e83b-4c20-a084-dfb07cd0a592\">Descarc\u0103<\/a><\/div>\n\n\n\n<div class=\"wp-block-file\"><a id=\"wp-block-file--media-4c4fb637-688f-4096-8f07-afc288cdc9da\" href=\"https:\/\/istorie.unibuc.ro\/wp-content\/uploads\/2021\/03\/selectie-profesori-proiect-UNESCO-2.pdf\">Selectie-profesori-proiect-UNESCO-2<\/a><a href=\"https:\/\/istorie.unibuc.ro\/wp-content\/uploads\/2021\/03\/selectie-profesori-proiect-UNESCO-2.pdf\" class=\"wp-block-file__button\" download aria-describedby=\"wp-block-file--media-4c4fb637-688f-4096-8f07-afc288cdc9da\"><\/a><\/div>\n\n\n\n<div class=\"wp-block-file\"><a id=\"wp-block-file--media-14092a34-ce37-4ec3-8fdd-79948c01ec64\" href=\"https:\/\/istorie.unibuc.ro\/wp-content\/uploads\/2021\/02\/regulament-selectie-proiect-UNESCO-1.pdf\">Regulament-selectie-proiect-UNESCO-1<\/a><a href=\"https:\/\/istorie.unibuc.ro\/wp-content\/uploads\/2021\/02\/regulament-selectie-proiect-UNESCO-1.pdf\" class=\"wp-block-file__button\" download aria-describedby=\"wp-block-file--media-14092a34-ce37-4ec3-8fdd-79948c01ec64\">Descarc\u0103<\/a><\/div>\n\n\n\n<div class=\"wp-block-file\"><a id=\"wp-block-file--media-4e913f92-aedf-431c-9513-effa0d070b5b\" href=\"https:\/\/istorie.unibuc.ro\/wp-content\/uploads\/2021\/03\/CALL-Vol.UNESCO_UB.PROJET.TUNISIA.pdf\">CALL-Vol.UNESCO_UB.PROJET.TUNISIA<\/a><a href=\"https:\/\/istorie.unibuc.ro\/wp-content\/uploads\/2021\/03\/CALL-Vol.UNESCO_UB.PROJET.TUNISIA.pdf\" class=\"wp-block-file__button\" download aria-describedby=\"wp-block-file--media-4e913f92-aedf-431c-9513-effa0d070b5b\"><\/a><\/div>\n\n\n\n<p class=\"wp-block-paragraph\"><\/p>\n","protected":false},"excerpt":{"rendered":"<p>Director:&nbsp;Conf. dr. Florica Mihu\u021b (Boh\u00eel\u021bea). CICSA a fost \u00eenfiin\u0163at \u00een anul 1997 ca urmare a ini\u0163iativei unui grup de cadre didactice ale catedrei de Istorie Antic\u0103 \u015fi Arheologie. Obiectivele CICSA, conform statutului, sunt de dou\u0103 categorii: \u015ftiin\u0163ifice \u015fi didactice. Centrul \u00ee\u015fi propune s\u0103 creeze mediul intelectual favorabil cercet\u0103rilor comparate \u00een diverse domenii ale studiilor referitoare [&hellip;]<\/p>\n","protected":false},"author":2,"featured_media":0,"parent":433,"menu_order":0,"comment_status":"closed","ping_status":"closed","template":"","meta":{"_crdt_document":"","jetpack_post_was_ever_published":false,"footnotes":""},"class_list":["post-438","page","type-page","status-publish","hentry"],"jetpack_sharing_enabled":true,"jetpack_shortlink":"https:\/\/wp.me\/PaobZd-74","jetpack-related-posts":[],"_links":{"self":[{"href":"https:\/\/istorie.unibuc.ro\/facultate\/wp-json\/wp\/v2\/pages\/438","targetHints":{"allow":["GET"]}}],"collection":[{"href":"https:\/\/istorie.unibuc.ro\/facultate\/wp-json\/wp\/v2\/pages"}],"about":[{"href":"https:\/\/istorie.unibuc.ro\/facultate\/wp-json\/wp\/v2\/types\/page"}],"author":[{"embeddable":true,"href":"https:\/\/istorie.unibuc.ro\/facultate\/wp-json\/wp\/v2\/users\/2"}],"replies":[{"embeddable":true,"href":"https:\/\/istorie.unibuc.ro\/facultate\/wp-json\/wp\/v2\/comments?post=438"}],"version-history":[{"count":10,"href":"https:\/\/istorie.unibuc.ro\/facultate\/wp-json\/wp\/v2\/pages\/438\/revisions"}],"predecessor-version":[{"id":9365,"href":"https:\/\/istorie.unibuc.ro\/facultate\/wp-json\/wp\/v2\/pages\/438\/revisions\/9365"}],"up":[{"embeddable":true,"href":"https:\/\/istorie.unibuc.ro\/facultate\/wp-json\/wp\/v2\/pages\/433"}],"wp:attachment":[{"href":"https:\/\/istorie.unibuc.ro\/facultate\/wp-json\/wp\/v2\/media?parent=438"}],"curies":[{"name":"wp","href":"https:\/\/api.w.org\/{rel}","templated":true}]}}