{"id":433,"date":"2018-10-28T13:33:22","date_gmt":"2018-10-28T13:33:22","guid":{"rendered":"http:\/\/newhis.bucharest.university\/?page_id=433"},"modified":"2019-03-12T13:58:56","modified_gmt":"2019-03-12T13:58:56","slug":"centre-de-cercetare","status":"publish","type":"page","link":"https:\/\/istorie.unibuc.ro\/facultate\/cercetare\/centre-de-cercetare\/","title":{"rendered":"Centre de cercetare"},"content":{"rendered":"\n<p class=\"wp-block-paragraph\"><a href=\"http:\/\/newhis.bucharest.university\/cercetare\/centre-de-cercetare\/centrul-de-studii-turce\/\">Centrul de studii turce<\/a><br><a href=\"http:\/\/newhis.bucharest.university\/cercetare\/centre-de-cercetare\/centrul-de-istorie-comparata-a-societatilor-antice\/\">Centrul de Istorie Comparata a Societatilor Antice<\/a><br><a href=\"https:\/\/istorie.unibuc.ro\/cercetare\/centre-de-cercetare\/clubul-universitar-de-cartofilie-filatelie-si-maximafilie\/\">Clubul universitar de cartofilie, filatelie \u0219i maximafilie<\/a><br><a href=\"http:\/\/newhis.bucharest.university\/cercetare\/centre-de-cercetare\/centrul-de-istoria-imaginarului\/\">Centrul de Istoria Imaginarului<\/a><br><a href=\"http:\/\/newhis.bucharest.university\/cercetare\/centre-de-cercetare\/centrul-de-istoria-bisericii\/\">Centrul de Istoria Bisericii<\/a><br><a href=\"http:\/\/newhis.bucharest.university\/cercetare\/centre-de-cercetare\/seminarul-de-metodologia-istoriei-dimitrie-onciul\/\">Seminarul de Metodologia Istoriei \u201cDimitrie ONCIUL\u201c<\/a><br><a href=\"http:\/\/newhis.bucharest.university\/cercetare\/centre-de-cercetare\/centrul-pentru-cercetarea-istoriei-secolului-al-xx-lea\/\">Centrul pentru Cercetarea Istoriei secolului al XX-lea<\/a><br><a href=\"http:\/\/newhis.bucharest.university\/cercetare\/centre-de-cercetare\/seminarul-de-arheologie-vasile-parvan\/\">Seminarul de Arheologie \u201cVasile P\u00c2RVAN\u201c<\/a><br><a href=\"http:\/\/newhis.bucharest.university\/cercetare\/centre-de-cercetare\/centrul-de-studii-bizantine-si-sud-est-europene-gheorghe-bratianu\/\">Centrul de Studii Bizantine \u015fi Sud-Est Europene \u201cGheorghe BR\u0102TIANU\u201c<\/a><br><a href=\"http:\/\/newhis.bucharest.university\/cercetare\/centrul-de-studi-rome\/\">Centrul de Studii Rome<\/a><br><a href=\"http:\/\/newhis.bucharest.university\/cercetare\/centre-de-cercetare\/centrul-de-cercetari-in-istorie-contemporana-conttexte-ccicc\/\">Centrul de Cercet\u0103ri \u00een Istorie Contemporan\u0103 \u201eCont*texte\u201d<\/a><br><a href=\"http:\/\/csea.ro\/\">Centrul de Studii Euro-Atlantice<\/a><\/p>\n","protected":false},"excerpt":{"rendered":"<p>Centrul de studii turceCentrul de Istorie Comparata a Societatilor AnticeClubul universitar de cartofilie, filatelie \u0219i maximafilieCentrul de Istoria ImaginaruluiCentrul de Istoria BisericiiSeminarul de Metodologia Istoriei \u201cDimitrie ONCIUL\u201cCentrul pentru Cercetarea Istoriei secolului al XX-leaSeminarul de Arheologie \u201cVasile P\u00c2RVAN\u201cCentrul de Studii Bizantine \u015fi Sud-Est Europene \u201cGheorghe BR\u0102TIANU\u201cCentrul de Studii RomeCentrul de Cercet\u0103ri \u00een Istorie Contemporan\u0103 \u201eCont*texte\u201dCentrul de [&hellip;]<\/p>\n","protected":false},"author":2,"featured_media":0,"parent":426,"menu_order":0,"comment_status":"closed","ping_status":"closed","template":"","meta":{"_crdt_document":"","jetpack_post_was_ever_published":false,"footnotes":""},"class_list":["post-433","page","type-page","status-publish","hentry"],"jetpack_sharing_enabled":true,"jetpack_shortlink":"https:\/\/wp.me\/PaobZd-6Z","jetpack-related-posts":[],"_links":{"self":[{"href":"https:\/\/istorie.unibuc.ro\/facultate\/wp-json\/wp\/v2\/pages\/433","targetHints":{"allow":["GET"]}}],"collection":[{"href":"https:\/\/istorie.unibuc.ro\/facultate\/wp-json\/wp\/v2\/pages"}],"about":[{"href":"https:\/\/istorie.unibuc.ro\/facultate\/wp-json\/wp\/v2\/types\/page"}],"author":[{"embeddable":true,"href":"https:\/\/istorie.unibuc.ro\/facultate\/wp-json\/wp\/v2\/users\/2"}],"replies":[{"embeddable":true,"href":"https:\/\/istorie.unibuc.ro\/facultate\/wp-json\/wp\/v2\/comments?post=433"}],"version-history":[{"count":4,"href":"https:\/\/istorie.unibuc.ro\/facultate\/wp-json\/wp\/v2\/pages\/433\/revisions"}],"predecessor-version":[{"id":2245,"href":"https:\/\/istorie.unibuc.ro\/facultate\/wp-json\/wp\/v2\/pages\/433\/revisions\/2245"}],"up":[{"embeddable":true,"href":"https:\/\/istorie.unibuc.ro\/facultate\/wp-json\/wp\/v2\/pages\/426"}],"wp:attachment":[{"href":"https:\/\/istorie.unibuc.ro\/facultate\/wp-json\/wp\/v2\/media?parent=433"}],"curies":[{"name":"wp","href":"https:\/\/api.w.org\/{rel}","templated":true}]}}