{"id":4317,"date":"2020-07-08T18:49:18","date_gmt":"2020-07-08T18:49:18","guid":{"rendered":"https:\/\/istorie.unibuc.ro\/?page_id=4317"},"modified":"2020-11-20T11:12:16","modified_gmt":"2020-11-20T11:12:16","slug":"communicating-objects-material-literary-and-iconographic-instances-of-objects-in-a-human-universe-in-antiquity-and-the-middle-ages","status":"publish","type":"page","link":"https:\/\/istorie.unibuc.ro\/facultate\/cercetare\/conferinte\/communicating-objects-material-literary-and-iconographic-instances-of-objects-in-a-human-universe-in-antiquity-and-the-middle-ages\/","title":{"rendered":"Communicating Objects. Material, Literary and Iconographic Instances of Objects in a Human Universe in Antiquity and the Middle Ages"},"content":{"rendered":"\n<div class=\"wp-block-image\"><figure class=\"aligncenter size-large is-resized\"><img data-recalc-dims=\"1\" loading=\"lazy\" decoding=\"async\" data-attachment-id=\"5682\" data-permalink=\"https:\/\/istorie.unibuc.ro\/facultate\/cercetare\/conferinte\/communicating-objects-material-literary-and-iconographic-instances-of-objects-in-a-human-universe-in-antiquity-and-the-middle-ages\/afis-1\/\" data-orig-file=\"https:\/\/i0.wp.com\/istorie.unibuc.ro\/wp-content\/uploads\/2020\/11\/afis-1-scaled.jpg?fit=1813%2C2560&amp;ssl=1\" data-orig-size=\"1813,2560\" data-comments-opened=\"0\" data-image-meta=\"{&quot;aperture&quot;:&quot;0&quot;,&quot;credit&quot;:&quot;Loadin&quot;,&quot;camera&quot;:&quot;&quot;,&quot;caption&quot;:&quot;&quot;,&quot;created_timestamp&quot;:&quot;0&quot;,&quot;copyright&quot;:&quot;&quot;,&quot;focal_length&quot;:&quot;0&quot;,&quot;iso&quot;:&quot;0&quot;,&quot;shutter_speed&quot;:&quot;0&quot;,&quot;title&quot;:&quot;&quot;,&quot;orientation&quot;:&quot;0&quot;}\" data-image-title=\"afis-1\" data-image-description=\"\" data-image-caption=\"\" data-large-file=\"https:\/\/i0.wp.com\/istorie.unibuc.ro\/wp-content\/uploads\/2020\/11\/afis-1-scaled.jpg?fit=725%2C1024&amp;ssl=1\" src=\"https:\/\/i0.wp.com\/istorie.unibuc.ro\/wp-content\/uploads\/2020\/11\/afis-1.jpg?resize=551%2C779&#038;ssl=1\" alt=\"\" class=\"wp-image-5682\" width=\"551\" height=\"779\" srcset=\"https:\/\/i0.wp.com\/istorie.unibuc.ro\/wp-content\/uploads\/2020\/11\/afis-1-scaled.jpg?resize=725%2C1024&amp;ssl=1 725w, https:\/\/i0.wp.com\/istorie.unibuc.ro\/wp-content\/uploads\/2020\/11\/afis-1-scaled.jpg?resize=212%2C300&amp;ssl=1 212w, https:\/\/i0.wp.com\/istorie.unibuc.ro\/wp-content\/uploads\/2020\/11\/afis-1-scaled.jpg?resize=768%2C1085&amp;ssl=1 768w, https:\/\/i0.wp.com\/istorie.unibuc.ro\/wp-content\/uploads\/2020\/11\/afis-1-scaled.jpg?resize=1088%2C1536&amp;ssl=1 1088w, https:\/\/i0.wp.com\/istorie.unibuc.ro\/wp-content\/uploads\/2020\/11\/afis-1-scaled.jpg?resize=1450%2C2048&amp;ssl=1 1450w, https:\/\/i0.wp.com\/istorie.unibuc.ro\/wp-content\/uploads\/2020\/11\/afis-1-scaled.jpg?w=1813&amp;ssl=1 1813w, https:\/\/i0.wp.com\/istorie.unibuc.ro\/wp-content\/uploads\/2020\/11\/afis-1-scaled.jpg?w=1542&amp;ssl=1 1542w\" sizes=\"auto, (max-width: 551px) 100vw, 551px\" \/><\/figure><\/div>\n\n\n\n<p class=\"has-text-align-center wp-block-paragraph\"><strong>Online International Conference<\/strong><br><strong><br>Communicating Objects<br>Material, Literary and Iconographic Instances of Objects<br>in a Human Universe in Antiquity and the Middle Ages<\/strong><br><strong><br>Objets en dialogue<br>Pr\u00e9sences mat\u00e9rielles, litt\u00e9raires et iconographiques des objets<br>dans l\u2019univers humain pendant l\u2019Antiquit\u00e9 et au Moyen \u00c2ge<\/strong><\/p>\n\n\n\n<p class=\"has-text-align-center wp-block-paragraph\"><strong><br>University of Bucharest- Faculty of History<br>Department of Ancient History, Archaeology and History of Art<br>November 27th-29th 2020<\/strong><\/p>\n\n\n\n<p class=\"wp-block-paragraph\"><\/p>\n\n\n\n<p class=\"wp-block-paragraph\"><\/p>\n\n\n\n<p class=\"wp-block-paragraph\"><\/p>\n\n\n\n<p class=\"wp-block-paragraph\">Host institution: University of Bucharest (online).<\/p>\n\n\n\n<p class=\"wp-block-paragraph\">Deadline for papers to be published in a collective volume: January 15<sup>th<\/sup> 2021.<\/p>\n\n\n\n<p class=\"wp-block-paragraph\">Organisers and contact: Ecaterina Lung (University of Bucharest), Alexandra Li\u0163u (University of Bucharest), Alexandra \u0162\u00e2rlea (University of Bucharest) at <a href=\"mailto:objetsdialogue@gmail.com\">objetsdialogue@gmail.com<\/a><\/p>\n\n\n\n<div class=\"wp-block-file aligncenter\"><a href=\"https:\/\/istorie.unibuc.ro\/wp-content\/uploads\/2020\/11\/Communicating-Objects.-Conference-Program..pdf\"><strong><span class=\"has-inline-color has-vivid-cyan-blue-color\">Conference Program<\/span><\/strong><\/a><a href=\"https:\/\/istorie.unibuc.ro\/wp-content\/uploads\/2020\/11\/Communicating-Objects.-Conference-Program..pdf\" class=\"wp-block-file__button\" download>Descarc\u0103<\/a><\/div>\n\n\n\n<div class=\"wp-block-file aligncenter\"><a href=\"https:\/\/istorie.unibuc.ro\/wp-content\/uploads\/2020\/11\/Communicating-Objects.-Conference-Abstracts.-2.pdf\"><strong><span class=\"has-inline-color has-vivid-cyan-blue-color\">Conference Abstracts<\/span><\/strong><\/a><a href=\"https:\/\/istorie.unibuc.ro\/wp-content\/uploads\/2020\/11\/Communicating-Objects.-Conference-Abstracts.-2.pdf\" class=\"wp-block-file__button\" download>Descarc\u0103<\/a><\/div>\n\n\n\n<p class=\"wp-block-paragraph\">Material culture occupies a special place in most research conducted on Antiquity and the Middle Ages. Interdisciplinary approaches have allowed for the enrichment of traditional paradigms used by archaeologists and historians, as a follow-up to the valorisation of the <em>social life of things<\/em>, or of the <em>agency<\/em> characterising objects in any given society. Objects which are deliberately associated are more susceptible of becoming expressive in the presence of humans. From this perspective, associating objects, and exploring potential reasons for their association and for their compatibility, opens up multiple possibilities for reflection.<\/p>\n\n\n\n<p class=\"wp-block-paragraph\">Here are some suggested topics, meant to inspire, without limiting, the participants\u2019 choice of subject matter:<\/p>\n\n\n\n<ul class=\"wp-block-list\"><li>the place of associated objects in literary sources. Suggested lines of investigation: the place of associated objects in literary discourses, their role in the construction of characters or as vehicles used to advance the action, to create images or to emphasize key moments in the economy of the texts; the practices of writing about objects, ways of selecting and including them in texts, and the study of certain characteristics of objects judged as indispensable to the fulfillment of said objects\u2019 narrative roles.<\/li><li>the place of associated objects in constructing images, be they objects carrying images or objects being represented. Suggested lines of investigation: the manners of representing objects, the objects\u2019 insertion in representations and their contributions to visually illustrated discourses.<\/li><li>the intrinsic materiality of objects places the discussion in the field of archaeology. From this perspective and for the purpose of a better investigation of associated objects and their potential meanings, one (though by no means the only) possible line of enquiry would turn the researcher\u2019s gaze towards funerary archaeology.<\/li><\/ul>\n\n\n\n<p class=\"wp-block-paragraph\">Beyond these suggestions, the synchronic and comparative approaches to various media where objects are placed in association (texts, materiality, images) are strongly encouraged, in order to better assess multiple perspectives and perceptions to which the objects could be subjected, as well as the ways in which objects, once put together in particular and deliberate ways, acquire the capacity of acting as agents<\/p>\n","protected":false},"excerpt":{"rendered":"<p>Online International ConferenceCommunicating ObjectsMaterial, Literary and Iconographic Instances of Objectsin a Human Universe in Antiquity and the Middle AgesObjets en dialoguePr\u00e9sences mat\u00e9rielles, litt\u00e9raires et iconographiques des objetsdans l\u2019univers humain pendant l\u2019Antiquit\u00e9 et au Moyen \u00c2ge University of Bucharest- Faculty of HistoryDepartment of Ancient History, Archaeology and History of ArtNovember 27th-29th 2020 Host institution: University of [&hellip;]<\/p>\n","protected":false},"author":2,"featured_media":0,"parent":2397,"menu_order":0,"comment_status":"closed","ping_status":"closed","template":"","meta":{"_crdt_document":"","jetpack_post_was_ever_published":false,"footnotes":""},"class_list":["post-4317","page","type-page","status-publish","hentry"],"jetpack_sharing_enabled":true,"jetpack_shortlink":"https:\/\/wp.me\/PaobZd-17D","jetpack-related-posts":[],"_links":{"self":[{"href":"https:\/\/istorie.unibuc.ro\/facultate\/wp-json\/wp\/v2\/pages\/4317","targetHints":{"allow":["GET"]}}],"collection":[{"href":"https:\/\/istorie.unibuc.ro\/facultate\/wp-json\/wp\/v2\/pages"}],"about":[{"href":"https:\/\/istorie.unibuc.ro\/facultate\/wp-json\/wp\/v2\/types\/page"}],"author":[{"embeddable":true,"href":"https:\/\/istorie.unibuc.ro\/facultate\/wp-json\/wp\/v2\/users\/2"}],"replies":[{"embeddable":true,"href":"https:\/\/istorie.unibuc.ro\/facultate\/wp-json\/wp\/v2\/comments?post=4317"}],"version-history":[{"count":5,"href":"https:\/\/istorie.unibuc.ro\/facultate\/wp-json\/wp\/v2\/pages\/4317\/revisions"}],"predecessor-version":[{"id":5693,"href":"https:\/\/istorie.unibuc.ro\/facultate\/wp-json\/wp\/v2\/pages\/4317\/revisions\/5693"}],"up":[{"embeddable":true,"href":"https:\/\/istorie.unibuc.ro\/facultate\/wp-json\/wp\/v2\/pages\/2397"}],"wp:attachment":[{"href":"https:\/\/istorie.unibuc.ro\/facultate\/wp-json\/wp\/v2\/media?parent=4317"}],"curies":[{"name":"wp","href":"https:\/\/api.w.org\/{rel}","templated":true}]}}