{"id":430,"date":"2018-10-28T13:30:30","date_gmt":"2018-10-28T13:30:30","guid":{"rendered":"http:\/\/newhis.bucharest.university\/?page_id=430"},"modified":"2020-05-02T16:23:58","modified_gmt":"2020-05-02T16:23:58","slug":"analele-universitatii-din-bucuresti-seria-istorie","status":"publish","type":"page","link":"https:\/\/istorie.unibuc.ro\/facultate\/cercetare\/publicatii-academice\/analele-universitatii-din-bucuresti-seria-istorie\/","title":{"rendered":"Analele Universitatii din Bucuresti &#8211; Seria Istorie"},"content":{"rendered":"\n<div class=\"wp-block-group\"><div class=\"wp-block-group__inner-container is-layout-flow wp-block-group-is-layout-flow\">\n<h2 class=\"wp-block-heading\"><strong>Call for Papers!<\/strong><\/h2>\n\n\n\n<p class=\"wp-block-paragraph\">Va invitam cu mult drag sa contribuiti la realizarea unui volum tematic, cu titlul <strong>\u201eA white canvas. The human body throughout history,\u00a0<\/strong>al anuarului<em> Analele Universitatii din Bucuresti &#8211; Facultatea de Istorie<\/em>, prin trimiterea spre publicare a unor studii si articole. Sunt asteptate contributii din domenii precum istorie, arheologie, istoria artei, filosofie, antropologie fizica\/bioarchaeologie, antropologie sociala, tratand aspecte legate atat de corp in sine, cat si de setul de manifestari culturale ce se construieste in jurul acestuia (perceptii asupra corpului uman; concepte asociate; reprezentari; tratamente si modificari corporale &#8211; temporare sau permanente; igiena si medicina; vestimentatie si podoabe, alimentatie etc.).Normele de editare pot fi consultate in documentul atasat.<\/p>\n\n\n\n<p class=\"wp-block-paragraph\">Materialele trebuie scrise intr-o limba de circulatie internationala (la limita se vor accepta si articole in limba romana, insotite de un rezumat amplu in limba engleza).<\/p>\n\n\n\n<p class=\"wp-block-paragraph\">Termenul limit\u0103 de trimitere a materialelor este\u00a0<strong>31 iulie 2020<\/strong>.<br><\/p>\n\n\n\n<p class=\"wp-block-paragraph\">Contributiile vor fi trimise la urmatoarele adrese:\u00a0<a rel=\"noreferrer noopener\" href=\"mailto:alexandra.tarlea@istorie.unibuc.ro\" target=\"_blank\">alexandra.tarlea@istorie.unibuc.ro<\/a>;\u00a0<a rel=\"noreferrer noopener\" href=\"mailto:iliescu_iulia94@yahoo.com\" target=\"_blank\">iliescu_iulia94@yahoo.com<\/a>.\u00a0<\/p>\n<\/div><\/div>\n\n\n\n<p class=\"wp-block-paragraph\"><\/p>\n\n\n\n<div class=\"wp-block-file\"><a href=\"https:\/\/istorie.unibuc.ro\/wp-content\/uploads\/2020\/05\/Anale-Submision-guidelines.docx\">Anale-Submision-guidelines<\/a><a href=\"https:\/\/istorie.unibuc.ro\/wp-content\/uploads\/2020\/05\/Anale-Submision-guidelines.docx\" class=\"wp-block-file__button\" download>Descarc\u0103<\/a><\/div>\n\n\n\n<p class=\"wp-block-paragraph\"><\/p>\n\n\n\n<p class=\"wp-block-paragraph\"><strong>Analele Universit\u0103\u0163ii Bucure\u015fti, seria Istorie<\/strong>, reprezint\u0103 una dintre cele mai vechi reviste universitare rom\u00e2ne\u015fti, cu o apari\u0163ie ne\u00eentrerupt\u0103 din 1956 \u015fi p\u00e2n\u0103 ast\u0103zi. \u00cen paginile ei au publicat personalit\u0103\u0163i de marc\u0103 ale \u00eenv\u0103\u0163\u0103m\u00e2ntului istoric din Rom\u00e2nia \u015fi ale cercet\u0103rii istorice, \u00een general. Seria istorie a Analelor Universit\u0103\u0163ii Bucure\u015fti a reprezentat o tribun\u0103 unde s-au dezb\u0103tut probleme importante ale istoriografiei rom\u00e2ne\u015fti, \u015fi unde s-au cristalizat orient\u0103ri novatoare ale \u015ftiin\u0163ei istorice din ultima jum\u0103tate de secol.<\/p>\n\n\n\n<p class=\"wp-block-paragraph\">Dup\u0103 1990, deschiderea intelectual\u0103 de care revista d\u0103duse dovad\u0103 chiar \u015fi \u00een anii grei ai comunismului, gra\u0163ie echipelor editoriale con\u015ftiente de misiunea \u015ftiin\u0163ific\u0103 prioritar\u0103, a devenit orientarea dominant\u0103. \u00cen paginile Analelor au continuat s\u0103 scrie cadre didactice ale Facult\u0103\u0163ii de Istorie a Universit\u0103\u0163ii Bucure\u015fti, dar \u015fi colegi de la alte facult\u0103\u0163i \u015fi universit\u0103\u0163i din \u0163ar\u0103 \u015fi din str\u0103in\u0103tate.<\/p>\n\n\n\n<p class=\"wp-block-paragraph\">Voca\u0163ia de a reprezenta comunitatea universitar\u0103 a condus actuala echip\u0103 redac\u0163ional\u0103 c\u0103tre g\u0103zduirea \u00een paginile revistei a materialelor realizate de doctoranzi \u015fi chiar masteranzi, tineri afla\u0163i la \u00eenceput de drum, pentru care publicarea \u00een Anale reprezint\u0103 un prim pas c\u0103tre confirmarea \u015ftiin\u0163ific\u0103. De asemenea, dorin\u0163a de a participa mai pregnant la schimburile interna\u0163ionale de idei a avut ca urmare revenirea la tradi\u0163ia public\u0103rii articolelor \u00een limbi de circula\u0163ie.<\/p>\n\n\n\n<p class=\"wp-block-paragraph\">\u00cen vederea unei mai bune prezen\u0163e \u00een mediul \u015ftiin\u0163ific rom\u00e2nesc \u015fi interna\u0163ional, echipa redac\u0163ional\u0103 \u00ee\u015fi propune ca din 2011, an \u00een care s\u0103rb\u0103torim 55 de ani de la primul num\u0103r, s\u0103 treac\u0103 la apari\u0163ia bi-anual\u0103 a revistei.<\/p>\n\n\n\n<p class=\"wp-block-paragraph\">Articolele sunt supuse procedurii peer-review, fiind recenzate de membri ai comitetului \u015ftiin\u0163ific sau de al\u0163i speciali\u015fti solicita\u0163i \u00een acest scop.<\/p>\n\n\n\n<h3 class=\"wp-block-heading\">Norme redactare Anale Unibuc<\/h3>\n\n\n\n<p class=\"wp-block-paragraph\">M\u0103rimea articolelor: 10-15 pagini dactilo standard , Times New Roman, 12, un rind jum\u0103tate<\/p>\n\n\n\n<p class=\"wp-block-paragraph\">Notele: conform sistemului Academiei rom\u00e2ne<\/p>\n\n\n\n<p class=\"wp-block-paragraph\">Nume si prenume autor,&nbsp;<em>titlu carte (italice)<\/em>, loc de apari\u0163ie, editur\u0103, an de apari\u0163ie, pagin\u0103 (p.)<\/p>\n\n\n\n<p class=\"wp-block-paragraph\">Nume autor,&nbsp;<em>titlu articol (italice)<\/em>, \u201eTitlul revistei (\u00eentre ghilimele)\u201d, an, numar, fascicol, etc., pagina.<\/p>\n\n\n\n<p class=\"wp-block-paragraph\">Pentru contribu\u0163ie in volum colectiv, Nume autor,&nbsp;<em>titlu articol (italice)<\/em>, \u201eTitlul volumului\u201d, loc de apari\u0163ie, editur\u0103, an de apari\u0163ie, pagin\u0103 (p.)<\/p>\n\n\n\n<p class=\"wp-block-paragraph\">Pentru lucrare deja citat\u0103 anterior: Nume autor,&nbsp;<em>op. cit.<\/em>, p. ; sau&nbsp;<em>art. cit.&nbsp;<\/em>(dac\u0103 e vorba de un articol).<\/p>\n\n\n\n<p class=\"wp-block-paragraph\">Citarea aceleia\u015fi lucr\u0103ri ca \u00een nota anterioar\u0103:&nbsp;<em>Ibidem<\/em>, p.<\/p>\n\n\n\n<p class=\"wp-block-paragraph\">Citarea aceluia\u015fi autor din nota anterioar\u0103, cu o lucrare diferit\u0103: Idem (Eadem \u00een cazul femeilor),&nbsp;<em>titlu<\/em>, etc.<br><\/p>\n","protected":false},"excerpt":{"rendered":"<p>Call for Papers! Va invitam cu mult drag sa contribuiti la realizarea unui volum tematic, cu titlul \u201eA white canvas. The human body throughout history,\u00a0al anuarului Analele Universitatii din Bucuresti &#8211; Facultatea de Istorie, prin trimiterea spre publicare a unor studii si articole. Sunt asteptate contributii din domenii precum istorie, arheologie, istoria artei, filosofie, antropologie [&hellip;]<\/p>\n","protected":false},"author":2,"featured_media":0,"parent":428,"menu_order":0,"comment_status":"closed","ping_status":"closed","template":"","meta":{"_crdt_document":"","jetpack_post_was_ever_published":false,"footnotes":""},"class_list":["post-430","page","type-page","status-publish","hentry"],"jetpack_sharing_enabled":true,"jetpack_shortlink":"https:\/\/wp.me\/PaobZd-6W","jetpack-related-posts":[],"_links":{"self":[{"href":"https:\/\/istorie.unibuc.ro\/facultate\/wp-json\/wp\/v2\/pages\/430","targetHints":{"allow":["GET"]}}],"collection":[{"href":"https:\/\/istorie.unibuc.ro\/facultate\/wp-json\/wp\/v2\/pages"}],"about":[{"href":"https:\/\/istorie.unibuc.ro\/facultate\/wp-json\/wp\/v2\/types\/page"}],"author":[{"embeddable":true,"href":"https:\/\/istorie.unibuc.ro\/facultate\/wp-json\/wp\/v2\/users\/2"}],"replies":[{"embeddable":true,"href":"https:\/\/istorie.unibuc.ro\/facultate\/wp-json\/wp\/v2\/comments?post=430"}],"version-history":[{"count":2,"href":"https:\/\/istorie.unibuc.ro\/facultate\/wp-json\/wp\/v2\/pages\/430\/revisions"}],"predecessor-version":[{"id":3713,"href":"https:\/\/istorie.unibuc.ro\/facultate\/wp-json\/wp\/v2\/pages\/430\/revisions\/3713"}],"up":[{"embeddable":true,"href":"https:\/\/istorie.unibuc.ro\/facultate\/wp-json\/wp\/v2\/pages\/428"}],"wp:attachment":[{"href":"https:\/\/istorie.unibuc.ro\/facultate\/wp-json\/wp\/v2\/media?parent=430"}],"curies":[{"name":"wp","href":"https:\/\/api.w.org\/{rel}","templated":true}]}}