{"id":428,"date":"2018-10-28T13:29:59","date_gmt":"2018-10-28T13:29:59","guid":{"rendered":"http:\/\/newhis.bucharest.university\/?page_id=428"},"modified":"2025-05-07T15:05:30","modified_gmt":"2025-05-07T15:05:30","slug":"publicatii-academice","status":"publish","type":"page","link":"https:\/\/istorie.unibuc.ro\/facultate\/cercetare\/publicatii-academice\/","title":{"rendered":"Publica\u021bii Academice"},"content":{"rendered":"\n<p class=\"wp-block-paragraph\"><a href=\"https:\/\/cicsaunibuc.wordpress.com\/revista\/\">Revista CICSA<\/a><\/p>\n\n\n\n<p class=\"wp-block-paragraph\"><a href=\"http:\/\/newhis.bucharest.university\/publicatii-academice\/analele-universitatii-din-bucuresti-seria-istorie\/\">Analele&nbsp;Universit\u0103\u0163ii Bucure\u015fti, seria Istorie<\/a><\/p>\n\n\n\n<p class=\"wp-block-paragraph\"><a href=\"http:\/\/rjhis.ro\/ojs\/index.php\/rjhis\">Romanian Journal of History and International Studies<\/a><\/p>\n\n\n\n<p class=\"wp-block-paragraph\"><a href=\"https:\/\/csea.ro\/despre-revista-euro-atlantic-studies\/\" data-type=\"link\" data-id=\"https:\/\/csea.ro\/despre-revista-euro-atlantic-studies\/\">Euro-Atlantic Studies<\/a><\/p>\n\n\n\n<p class=\"wp-block-paragraph\"><\/p>\n","protected":false},"excerpt":{"rendered":"<p>Revista CICSA Analele&nbsp;Universit\u0103\u0163ii Bucure\u015fti, seria Istorie Romanian Journal of History and International Studies Euro-Atlantic Studies<\/p>\n","protected":false},"author":2,"featured_media":0,"parent":426,"menu_order":0,"comment_status":"closed","ping_status":"closed","template":"","meta":{"_crdt_document":"","jetpack_post_was_ever_published":false,"footnotes":""},"class_list":["post-428","page","type-page","status-publish","hentry"],"jetpack_sharing_enabled":true,"jetpack_shortlink":"https:\/\/wp.me\/PaobZd-6U","jetpack-related-posts":[],"_links":{"self":[{"href":"https:\/\/istorie.unibuc.ro\/facultate\/wp-json\/wp\/v2\/pages\/428","targetHints":{"allow":["GET"]}}],"collection":[{"href":"https:\/\/istorie.unibuc.ro\/facultate\/wp-json\/wp\/v2\/pages"}],"about":[{"href":"https:\/\/istorie.unibuc.ro\/facultate\/wp-json\/wp\/v2\/types\/page"}],"author":[{"embeddable":true,"href":"https:\/\/istorie.unibuc.ro\/facultate\/wp-json\/wp\/v2\/users\/2"}],"replies":[{"embeddable":true,"href":"https:\/\/istorie.unibuc.ro\/facultate\/wp-json\/wp\/v2\/comments?post=428"}],"version-history":[{"count":4,"href":"https:\/\/istorie.unibuc.ro\/facultate\/wp-json\/wp\/v2\/pages\/428\/revisions"}],"predecessor-version":[{"id":18457,"href":"https:\/\/istorie.unibuc.ro\/facultate\/wp-json\/wp\/v2\/pages\/428\/revisions\/18457"}],"up":[{"embeddable":true,"href":"https:\/\/istorie.unibuc.ro\/facultate\/wp-json\/wp\/v2\/pages\/426"}],"wp:attachment":[{"href":"https:\/\/istorie.unibuc.ro\/facultate\/wp-json\/wp\/v2\/media?parent=428"}],"curies":[{"name":"wp","href":"https:\/\/api.w.org\/{rel}","templated":true}]}}