{"id":420,"date":"2018-10-28T13:20:41","date_gmt":"2018-10-28T13:20:41","guid":{"rendered":"http:\/\/newhis.bucharest.university\/?page_id=420"},"modified":"2026-03-09T09:05:09","modified_gmt":"2026-03-09T09:05:09","slug":"taxe-de-studiu","status":"publish","type":"page","link":"https:\/\/istorie.unibuc.ro\/facultate\/studenti\/taxe-de-studiu\/","title":{"rendered":""},"content":{"rendered":"\n<hr class=\"wp-block-separator has-css-opacity\"\/>\n\n\n\n<h2 class=\"wp-block-heading has-large-font-size\"><mark style=\"background-color:rgba(0, 0, 0, 0)\" class=\"has-inline-color has-vivid-green-cyan-color\"><strong>Taxe \u0219colarizare 2025\/2026<\/strong><\/mark><\/h2>\n\n\n\n<p class=\"wp-block-paragraph\"><\/p>\n\n\n\n<figure class=\"wp-block-gallery has-nested-images columns-default is-cropped wp-block-gallery-1 is-layout-flex wp-block-gallery-is-layout-flex\">\n<figure class=\"wp-block-image size-large is-style-default\"><img data-recalc-dims=\"1\" loading=\"lazy\" decoding=\"async\" width=\"737\" height=\"341\" data-attachment-id=\"19714\" data-permalink=\"https:\/\/istorie.unibuc.ro\/facultate\/studenti\/taxe-de-studiu\/image_2025-09-23_164729526\/\" data-orig-file=\"https:\/\/i0.wp.com\/istorie.unibuc.ro\/wp-content\/uploads\/2025\/09\/image_2025-09-23_164729526.png?fit=737%2C341&amp;ssl=1\" data-orig-size=\"737,341\" data-comments-opened=\"0\" data-image-meta=\"{&quot;aperture&quot;:&quot;0&quot;,&quot;credit&quot;:&quot;&quot;,&quot;camera&quot;:&quot;&quot;,&quot;caption&quot;:&quot;&quot;,&quot;created_timestamp&quot;:&quot;0&quot;,&quot;copyright&quot;:&quot;&quot;,&quot;focal_length&quot;:&quot;0&quot;,&quot;iso&quot;:&quot;0&quot;,&quot;shutter_speed&quot;:&quot;0&quot;,&quot;title&quot;:&quot;&quot;,&quot;orientation&quot;:&quot;0&quot;}\" data-image-title=\"image_2025-09-23_164729526\" data-image-description=\"\" data-image-caption=\"\" data-large-file=\"https:\/\/i0.wp.com\/istorie.unibuc.ro\/wp-content\/uploads\/2025\/09\/image_2025-09-23_164729526.png?fit=737%2C341&amp;ssl=1\" data-id=\"19714\" src=\"https:\/\/i0.wp.com\/istorie.unibuc.ro\/wp-content\/uploads\/2025\/09\/image_2025-09-23_164729526.png?resize=737%2C341&#038;ssl=1\" alt=\"\" class=\"wp-image-19714\" srcset=\"https:\/\/i0.wp.com\/istorie.unibuc.ro\/wp-content\/uploads\/2025\/09\/image_2025-09-23_164729526.png?w=737&amp;ssl=1 737w, https:\/\/i0.wp.com\/istorie.unibuc.ro\/wp-content\/uploads\/2025\/09\/image_2025-09-23_164729526.png?resize=300%2C139&amp;ssl=1 300w, https:\/\/i0.wp.com\/istorie.unibuc.ro\/wp-content\/uploads\/2025\/09\/image_2025-09-23_164729526.png?resize=400%2C185&amp;ssl=1 400w\" sizes=\"auto, (max-width: 737px) 100vw, 737px\" \/><\/figure>\n<\/figure>\n\n\n\n<p class=\"has-black-color has-text-color has-link-color has-large-font-size wp-elements-c11999fbed2f8029a54f458214697b9c wp-block-paragraph\"><strong><mark style=\"background-color:rgba(0, 0, 0, 0)\" class=\"has-inline-color has-red-color\">Plata tuturor taxelor de \u0219colarizare se va realiza exclusiv prin urm\u0103toarele modalit\u0103\u021bi:<\/mark><\/strong><\/p>\n\n\n\n<ul class=\"wp-block-list\">\n<li><strong>Online<\/strong>,<mark style=\"background-color:rgba(0, 0, 0, 0)\" class=\"has-inline-color has-blue-color\"> <\/mark><strong><mark style=\"background-color:rgba(0, 0, 0, 0)\" class=\"has-inline-color has-navy-blue-color\">prin carnetul electronic MOPAS<\/mark><\/strong> <a href=\"https:\/\/mopas-portal.unibuc.ro\/\">https:\/\/mopas-portal.unibuc.ro\/<\/a><\/li>\n\n\n\n<li class=\"has-normal-font-size\"><strong>Fizic<\/strong>, la\u00a0<a href=\"https:\/\/unibuc.ro\/despre-ub\/organizare\/administratie\/directia-financiar-contabila\/serviciul-financiar\/\" target=\"_blank\" rel=\"noreferrer noopener\"><strong>casieria Universit\u0103\u021bii din Bucure\u0219ti<\/strong><\/a>\u00a0(Rectoratul UB \u2013 \u0218os. Panduri, nr. 90) <a href=\"https:\/\/unibuc.ro\/despre-ub\/organizare\/administratie\/directia-financiar-contabila\/serviciul-financiar\/\">https:\/\/unibuc.ro\/despre-ub\/organizare\/administratie\/directia-financiar-contabila\/serviciul-financiar\/<\/a><\/li>\n\n\n\n<li><strong>Alte taxe<\/strong><\/li>\n<\/ul>\n\n\n\n<p class=\"has-large-font-size wp-block-paragraph\"><a href=\"https:\/\/po.unibuc.ro\/servicii_studenti.php\"><strong>https:\/\/po.unibuc.ro\/servicii_studenti.php<\/strong><\/a><\/p>\n\n\n\n<h2 class=\"wp-block-heading has-huge-font-size\"><strong><span class=\"has-inline-color has-vivid-green-cyan-color\">Restituire tax\u0103<\/span><\/strong><\/h2>\n\n\n\n<p class=\"has-normal-font-size wp-block-paragraph\"><strong>\u00ce<\/strong><strong>N ATE<\/strong><strong>N\u021aIA CANDIDA\u021aILOR ADMI\u0218I LA TAX\u0102<\/strong><strong><\/strong><\/p>\n\n\n\n<p class=\"has-normal-font-size wp-block-paragraph\"><strong>RESTITUIRE TAX\u0102 CONFIRMARE LOC TAX\u0102<\/strong><\/p>\n\n\n\n<p class=\"has-normal-font-size wp-block-paragraph\">To\u021bi candida\u021bii&nbsp;admi\u015fi la tax\u0103 \u015fi care ulterior <strong><em><u>au trecut la buget<\/u><\/em><\/strong>, vor depune toate documentele <strong>DOAR FIZIC<\/strong> conform prodecurii UB la <strong>Sala 28 &#8211; parter<\/strong> (Facultatea de Matematic\u0103).<\/p>\n\n\n\n<p class=\"has-red-color has-text-color has-link-color has-normal-font-size wp-elements-1f26db927d64cf3aa23fba9dd70bd501 wp-block-paragraph\"><\/p>\n\n\n\n<p class=\"wp-block-paragraph\">Toate actele depuse privind restituire taxei in luna decembrie 2025 , vor fi depuse catre serviciile UB in luna ianuarie 2026.<\/p>\n\n\n\n<p class=\"wp-block-paragraph\"><\/p>\n\n\n\n<p class=\"has-normal-font-size wp-block-paragraph\"><strong>Acte necesare pentru restituirea taxei:<\/strong><\/p>\n\n\n\n<ul class=\"wp-block-list\">\n<li>Cerere Tip \u2013 Anexa 1 (vezi mai jos );<\/li>\n\n\n\n<li>Carte de identitate (copie);<\/li>\n\n\n\n<li>Document de plat\u0103 (extras de cont, OP, chitan\u021b\u0103, etc);<\/li>\n\n\n\n<li>Extras de cont<\/li>\n<\/ul>\n\n\n\n<p class=\"has-white-background-color has-background has-normal-font-size wp-block-paragraph\">Pentru mai multe detalii \u0219i \u00eentreb\u0103ri pute\u021bi scrie <strong>DOAR<\/strong> de pe adresa institu\u021bional\u0103 la <strong>administratie@istorie.unibuc.ro<\/strong><\/p>\n\n\n\n<p class=\"has-red-color has-text-color has-link-color has-normal-font-size wp-elements-f98eed2cadba3121eaae835ea623ce1a wp-block-paragraph\"><strong>S\u0103 nu a\u0219tepta\u021bi r\u0103spuns, dac\u0103 scrie\u021bi de pe adresa personal\u0103.<\/strong><\/p>\n\n\n\n<p class=\"wp-block-paragraph\"><\/p>\n\n\n\n<div class=\"wp-block-file\"><a id=\"wp-block-file--media-fe05b5a0-73de-40aa-86f2-1c0adce3c25a\" href=\"https:\/\/istorie.unibuc.ro\/wp-content\/uploads\/2024\/09\/Anexa-nr.-1_Cerere-restiruire-taxa-de-scolarizare-studenti-romani.pdf\">Anexa nr. 1_Cerere restiruire tax\u0103 de scolarizare studen\u021bi rom\u00e2ni<\/a><a href=\"https:\/\/istorie.unibuc.ro\/wp-content\/uploads\/2024\/09\/Anexa-nr.-1_Cerere-restiruire-taxa-de-scolarizare-studenti-romani.pdf\" class=\"wp-block-file__button wp-element-button\" download aria-describedby=\"wp-block-file--media-fe05b5a0-73de-40aa-86f2-1c0adce3c25a\">Descarc\u0103<\/a><\/div>\n\n\n\n<div class=\"wp-block-file\"><a id=\"wp-block-file--media-8da8fa0b-8e35-405d-b306-6104983de71d\" href=\"https:\/\/istorie.unibuc.ro\/wp-content\/uploads\/2024\/09\/PROCEDURA-DE-RESTITUIRE-A-TAXELOR-SCOLARE-revizuita-2024.pdf\">PROCEDURA-DE-RESTITUIRE-A-TAXELOR-SCOLARE-revizuita-2024<\/a><\/div>\n\n\n\n<p class=\"has-red-color has-text-color has-link-color has-normal-font-size wp-elements-3b690ee64022859f05c2dabf354078b9 wp-block-paragraph\"><strong>Linkuri utile UNIBUC:<\/strong><\/p>\n\n\n\n<p class=\"has-blue-color has-text-color has-link-color wp-elements-3959d0b15167e8426791b0e704974ff3 wp-block-paragraph\"><strong>Biroul financiar:<\/strong> <a href=\"https:\/\/unibuc.ro\/despre-ub\/organizare\/administratie\/directia-financiar-contabila\/serviciul-financiar\/\">https:\/\/unibuc.ro\/despre-ub\/organizare\/administratie\/directia-financiar-contabila\/serviciul-financiar\/<\/a><\/p>\n\n\n\n<p class=\"has-blue-color has-text-color has-link-color wp-elements-9f83177660727ea839c771c5cd4a43a0 wp-block-paragraph\"><strong>Taxe:<\/strong> <a href=\"https:\/\/unibuc.ro\/student-ub\/regulamente-si-taxe\/\">https:\/\/unibuc.ro\/student-ub\/regulamente-si-taxe\/<\/a><\/p>\n\n\n\n<p class=\"has-blue-color has-text-color has-link-color wp-elements-2aebbbac7e37c1ca638177243c5fbb71 wp-block-paragraph\"><strong>Procedura de restituire a taxelor \u0219colare:<\/strong> <a href=\"https:\/\/unibuc.ro\/wp-content\/uploads\/2024\/05\/PROCEDURA-DE-RESTITUIRE-A-TAXELOR-SCOLARE-revizuita-2024.pdf\">https:\/\/unibuc.ro\/wp-content\/uploads\/2024\/05\/PROCEDURA-DE-RESTITUIRE-A-TAXELOR-SCOLARE-revizuita-2024.pdf<\/a><\/p>\n\n\n\n<p class=\"wp-block-paragraph\"><\/p>\n","protected":false},"excerpt":{"rendered":"<p>Taxe \u0219colarizare 2025\/2026 Plata tuturor taxelor de \u0219colarizare se va realiza exclusiv prin urm\u0103toarele modalit\u0103\u021bi: https:\/\/po.unibuc.ro\/servicii_studenti.php Restituire tax\u0103 \u00ceN ATEN\u021aIA CANDIDA\u021aILOR ADMI\u0218I LA TAX\u0102 RESTITUIRE TAX\u0102 CONFIRMARE LOC TAX\u0102 To\u021bi candida\u021bii&nbsp;admi\u015fi la tax\u0103 \u015fi care ulterior au trecut la buget, vor depune toate documentele DOAR FIZIC conform prodecurii UB la Sala 28 &#8211; parter (Facultatea [&hellip;]<\/p>\n","protected":false},"author":2,"featured_media":0,"parent":353,"menu_order":1,"comment_status":"closed","ping_status":"closed","template":"","meta":{"_crdt_document":"","jetpack_post_was_ever_published":false,"footnotes":""},"class_list":["post-420","page","type-page","status-publish","hentry"],"jetpack_sharing_enabled":true,"jetpack_shortlink":"https:\/\/wp.me\/PaobZd-6M","jetpack-related-posts":[],"_links":{"self":[{"href":"https:\/\/istorie.unibuc.ro\/facultate\/wp-json\/wp\/v2\/pages\/420","targetHints":{"allow":["GET"]}}],"collection":[{"href":"https:\/\/istorie.unibuc.ro\/facultate\/wp-json\/wp\/v2\/pages"}],"about":[{"href":"https:\/\/istorie.unibuc.ro\/facultate\/wp-json\/wp\/v2\/types\/page"}],"author":[{"embeddable":true,"href":"https:\/\/istorie.unibuc.ro\/facultate\/wp-json\/wp\/v2\/users\/2"}],"replies":[{"embeddable":true,"href":"https:\/\/istorie.unibuc.ro\/facultate\/wp-json\/wp\/v2\/comments?post=420"}],"version-history":[{"count":103,"href":"https:\/\/istorie.unibuc.ro\/facultate\/wp-json\/wp\/v2\/pages\/420\/revisions"}],"predecessor-version":[{"id":21622,"href":"https:\/\/istorie.unibuc.ro\/facultate\/wp-json\/wp\/v2\/pages\/420\/revisions\/21622"}],"up":[{"embeddable":true,"href":"https:\/\/istorie.unibuc.ro\/facultate\/wp-json\/wp\/v2\/pages\/353"}],"wp:attachment":[{"href":"https:\/\/istorie.unibuc.ro\/facultate\/wp-json\/wp\/v2\/media?parent=420"}],"curies":[{"name":"wp","href":"https:\/\/api.w.org\/{rel}","templated":true}]}}