{"id":4030,"date":"2020-05-25T08:59:59","date_gmt":"2020-05-25T08:59:59","guid":{"rendered":"https:\/\/istorie.unibuc.ro\/?page_id=4030"},"modified":"2020-05-25T09:00:02","modified_gmt":"2020-05-25T09:00:02","slug":"lect-dr-andrei-alexandrescu","status":"publish","type":"page","link":"https:\/\/istorie.unibuc.ro\/facultate\/departamente\/istorie-antica-arheologie-si-istoria-artei\/lect-dr-andrei-alexandrescu\/","title":{"rendered":"Lect. Dr. Andrei Alexandrescu"},"content":{"rendered":"\n<p class=\"wp-block-paragraph\"><strong>Email<\/strong>: <a href=\"mailto:andrei.alexandrescu@istorie.unibuc.ro\">andrei.alexandrescu@istorie.unibuc.ro<\/a><\/p>\n\n\n\n<p class=\"wp-block-paragraph\">Studii la Universitatea de Bucure\u0219ti (absolvent al Facult\u0103\u021bii de Istorie \u00een 1997 \u0219i al Facult\u0103\u021bii de \u0218tiin\u021be Politice \u00een 1999, doctorat \u00een 2006).<\/p>\n\n\n\n<p class=\"wp-block-paragraph\"><strong>Domeniile principale de interes <\/strong>sunt istoria istoriografiei, miturile politice \u0219i istorice, analiza discursului politic, formarea identit\u0103\u021bilor na\u021bionale, istoria imaginarului. \u00cen aceste domenii a publicat mai multe studii de specialitate \u0219i articole \u00eentre care: <em>Semicentenarul Marii Uniri (1968). Aspecte din istoriografia vremii,<\/em> \u00een \u201dCultur\u0103, istorie \u0219i societate\u201d, vol. VII, Editura Ars Docendi, Bucure\u0219ti, 2019; <em>Reprezentarea perioadei interbelice \u00een istoriografia rom\u00e2n\u0103 contemporan\u0103: dezbateri, opinii, probleme deschise,<\/em> \u00een \u201dCultura, istorie si societate\u201d, Editura Gimax, C\u00e2mpulung, 2019; <em>L\u2019historiographie roumaine moderne et l\u2019image du Danube comme marge de l\u2019espace habit\u00e9 par les Roumains<\/em> \u00een \u201eLes constructions identitaires dans les espaces francophones d\u2019Europe orientale et d\u2019Afrique\u201d, Publications de l`Institut des Etudes Africanes, 2015; <em>Identitatea religioas\u0103 \u0219i alegerile preziden\u021biale din 1996, 2004 \u0219i 2014 din Rom\u00e2nia <\/em>\u00een Polis. Revista de \u0219tiin\u021be politice, volum III, nr. 3 (9), serie nou\u0103, iunie \u2013 august 2015; <em>The place of the \u201eNational Cathedral\u201d in the process of defining the romanian identity in the 19th \u2013 20th centuries<\/em> \u00een \u201eAnalele Universitatii din Bucuresti\u201d, Istorie, Anul LX \u2013 2011, partea II; <em>Prezentarea geo-istoriei spa\u021biului rom\u00e2nesc medieval \u00een discursul istoriografic rom\u00e2nesc din epoca totalitar\u0103<\/em> \u00een \u201dAnalele Asocia\u021biei Na\u021bionale a Tinerilor Istorici din Moldova\u201d, Bucuresti \u2013 Chisinau, 2010; <em>Discursul despre pace al Rom\u00e2niei (1965-1971)<\/em> \u00een \u201eAnalele Sighet 9 \u2013 Anii 1961-1972. \u0162\u0103rile Europei de Est \u00eentre speran\u0163ele reformei \u015fi realitatea stagn\u0103rii\u201d, Editura Academia Civic\u0103, 2001.\u00a0\u00a0<\/p>\n\n\n\n<p class=\"wp-block-paragraph\">Articole publicate pe site-ul Universit\u0103\u021bii din Bucure\u0219ti: <a href=\"https:\/\/unibuc.ro\/epidemiile-in-istorie-zile-de-autoizolare-andrei-alexandrescu\/\"><em>Zile de autoizolare<\/em> <\/a><\/p>\n\n\n\n<h2 class=\"wp-block-heading\">Cursurile sus\u021binute \u00een prezent la Facultatea de istorie (licen\u021b\u0103 \u0219i master):<\/h2>\n\n\n\n<ul class=\"wp-block-list\"><li>Mari etape ale istoriografiei universale (sem 1 \u0219i sem 2);<\/li><li>Istoriografia rom\u00e2neasc\u0103 (sec. XVIII-XX);<\/li><li>Istoria istoriografiei artei;<\/li><li>Istorie, memorie, mentalit\u0103\u0163i. Concepte \u0219i istoriografie;<\/li><\/ul>\n\n\n\n<p class=\"wp-block-paragraph\">Analiz\u0103 \u0219i consiliere politic\u0103.<\/p>\n","protected":false},"excerpt":{"rendered":"<p>Email: andrei.alexandrescu@istorie.unibuc.ro Studii la Universitatea de Bucure\u0219ti (absolvent al Facult\u0103\u021bii de Istorie \u00een 1997 \u0219i al Facult\u0103\u021bii de \u0218tiin\u021be Politice \u00een 1999, doctorat \u00een 2006). Domeniile principale de interes sunt istoria istoriografiei, miturile politice \u0219i istorice, analiza discursului politic, formarea identit\u0103\u021bilor na\u021bionale, istoria imaginarului. \u00cen aceste domenii a publicat mai multe studii de specialitate \u0219i [&hellip;]<\/p>\n","protected":false},"author":2,"featured_media":0,"parent":173,"menu_order":0,"comment_status":"closed","ping_status":"closed","template":"","meta":{"_crdt_document":"","jetpack_post_was_ever_published":false,"footnotes":""},"class_list":["post-4030","page","type-page","status-publish","hentry"],"jetpack_sharing_enabled":true,"jetpack_shortlink":"https:\/\/wp.me\/PaobZd-130","jetpack-related-posts":[],"_links":{"self":[{"href":"https:\/\/istorie.unibuc.ro\/facultate\/wp-json\/wp\/v2\/pages\/4030","targetHints":{"allow":["GET"]}}],"collection":[{"href":"https:\/\/istorie.unibuc.ro\/facultate\/wp-json\/wp\/v2\/pages"}],"about":[{"href":"https:\/\/istorie.unibuc.ro\/facultate\/wp-json\/wp\/v2\/types\/page"}],"author":[{"embeddable":true,"href":"https:\/\/istorie.unibuc.ro\/facultate\/wp-json\/wp\/v2\/users\/2"}],"replies":[{"embeddable":true,"href":"https:\/\/istorie.unibuc.ro\/facultate\/wp-json\/wp\/v2\/comments?post=4030"}],"version-history":[{"count":1,"href":"https:\/\/istorie.unibuc.ro\/facultate\/wp-json\/wp\/v2\/pages\/4030\/revisions"}],"predecessor-version":[{"id":4031,"href":"https:\/\/istorie.unibuc.ro\/facultate\/wp-json\/wp\/v2\/pages\/4030\/revisions\/4031"}],"up":[{"embeddable":true,"href":"https:\/\/istorie.unibuc.ro\/facultate\/wp-json\/wp\/v2\/pages\/173"}],"wp:attachment":[{"href":"https:\/\/istorie.unibuc.ro\/facultate\/wp-json\/wp\/v2\/media?parent=4030"}],"curies":[{"name":"wp","href":"https:\/\/api.w.org\/{rel}","templated":true}]}}