{"id":399,"date":"2018-10-28T13:19:52","date_gmt":"2018-10-28T13:19:52","guid":{"rendered":"http:\/\/newhis.bucharest.university\/?page_id=399"},"modified":"2026-02-27T06:28:38","modified_gmt":"2026-02-27T06:28:38","slug":"orar","status":"publish","type":"page","link":"https:\/\/istorie.unibuc.ro\/facultate\/studenti\/orar\/","title":{"rendered":""},"content":{"rendered":"\n<p class=\"wp-block-paragraph\"><\/p>\n\n\n\n<p class=\"wp-block-paragraph\"><\/p>\n\n\n\n<h2 class=\"wp-block-heading\"><strong>ORAR<\/strong><\/h2>\n\n\n\n<h2 class=\"wp-block-heading has-medium-font-size\"><strong>Anul universitar 2025-2026<\/strong><\/h2>\n\n\n\n<h2 class=\"wp-block-heading\"><strong>Semestrul II<\/strong><\/h2>\n\n\n\n<div class=\"wp-block-file\"><a id=\"wp-block-file--media-d7241896-7b7c-4ace-b91b-8f7e6edffd6f\" href=\"https:\/\/istorie.unibuc.ro\/wp-content\/uploads\/2026\/02\/distributia-saptamanilor-pestesub-bara.pdf\">distributia saptamanilor peste:sub bara<\/a><a href=\"https:\/\/istorie.unibuc.ro\/wp-content\/uploads\/2026\/02\/distributia-saptamanilor-pestesub-bara.pdf\" class=\"wp-block-file__button wp-element-button\" download aria-describedby=\"wp-block-file--media-d7241896-7b7c-4ace-b91b-8f7e6edffd6f\">Descarc\u0103<\/a><\/div>\n\n\n\n<h2 class=\"wp-block-heading\"><strong>Licen\u021b\u0103<\/strong><\/h2>\n\n\n\n<h2 class=\"wp-block-heading\">Anul I<\/h2>\n\n\n\n<div class=\"wp-block-file\"><a id=\"wp-block-file--media-b68a3e3a-0670-4cc5-9f56-559ec4b43c82\" href=\"https:\/\/istorie.unibuc.ro\/wp-content\/uploads\/2026\/02\/ORAR_ISTORIE_I_SEM2_1.pdf\">ORAR_ISTORIE_I_SEM2_1<\/a><a href=\"https:\/\/istorie.unibuc.ro\/wp-content\/uploads\/2026\/02\/ORAR_ISTORIE_I_SEM2_1.pdf\" class=\"wp-block-file__button wp-element-button\" download aria-describedby=\"wp-block-file--media-b68a3e3a-0670-4cc5-9f56-559ec4b43c82\">Descarc\u0103<\/a><\/div>\n\n\n\n<div class=\"wp-block-file\"><a id=\"wp-block-file--media-8a769c86-8c00-4307-b3ed-e47dff006725\" href=\"https:\/\/istorie.unibuc.ro\/wp-content\/uploads\/2026\/02\/ORAR_IA_I_SEM2_1.pdf\">ORAR_IA_I_SEM2_1<\/a><a href=\"https:\/\/istorie.unibuc.ro\/wp-content\/uploads\/2026\/02\/ORAR_IA_I_SEM2_1.pdf\" class=\"wp-block-file__button wp-element-button\" download aria-describedby=\"wp-block-file--media-8a769c86-8c00-4307-b3ed-e47dff006725\">Descarc\u0103<\/a><\/div>\n\n\n\n<div class=\"wp-block-file\"><a id=\"wp-block-file--media-3031734e-ba00-4c88-9e19-4a5418f43a90\" href=\"https:\/\/istorie.unibuc.ro\/wp-content\/uploads\/2026\/02\/ORAR_RISE_I_SEM2-1.pdf\">ORAR_RISE_I_SEM2<\/a><a href=\"https:\/\/istorie.unibuc.ro\/wp-content\/uploads\/2026\/02\/ORAR_RISE_I_SEM2-1.pdf\" class=\"wp-block-file__button wp-element-button\" download aria-describedby=\"wp-block-file--media-3031734e-ba00-4c88-9e19-4a5418f43a90\">Descarc\u0103<\/a><\/div>\n\n\n\n<p class=\"wp-block-paragraph\"><\/p>\n\n\n\n<h2 class=\"wp-block-heading\">Anul II<\/h2>\n\n\n\n<div class=\"wp-block-file\"><a id=\"wp-block-file--media-7696c6da-9404-4c9f-ae2c-37fe8f47cca2\" href=\"https:\/\/istorie.unibuc.ro\/wp-content\/uploads\/2026\/02\/ORAR_ISTORIE_II_SEM2_11.pdf\">ORAR_ISTORIE_II_SEM2_11<\/a><a href=\"https:\/\/istorie.unibuc.ro\/wp-content\/uploads\/2026\/02\/ORAR_ISTORIE_II_SEM2_11.pdf\" class=\"wp-block-file__button wp-element-button\" download aria-describedby=\"wp-block-file--media-7696c6da-9404-4c9f-ae2c-37fe8f47cca2\">Descarc\u0103<\/a><\/div>\n\n\n\n<div class=\"wp-block-file\"><a id=\"wp-block-file--media-36cf2347-3613-4af9-9226-e0add69c5949\" href=\"https:\/\/istorie.unibuc.ro\/wp-content\/uploads\/2026\/02\/ORAR_IA_II_SEM2_1.pdf\">ORAR_IA_II_SEM2_1<\/a><a href=\"https:\/\/istorie.unibuc.ro\/wp-content\/uploads\/2026\/02\/ORAR_IA_II_SEM2_1.pdf\" class=\"wp-block-file__button wp-element-button\" download aria-describedby=\"wp-block-file--media-36cf2347-3613-4af9-9226-e0add69c5949\">Descarc\u0103<\/a><\/div>\n\n\n\n<div class=\"wp-block-file\"><a id=\"wp-block-file--media-33ee38db-e191-4e3c-85f4-a09aa982f732\" href=\"https:\/\/istorie.unibuc.ro\/wp-content\/uploads\/2026\/02\/ORAR_RISE_II_SEM2_1.pdf\">ORAR_RISE_II_SEM2_1<\/a><a href=\"https:\/\/istorie.unibuc.ro\/wp-content\/uploads\/2026\/02\/ORAR_RISE_II_SEM2_1.pdf\" class=\"wp-block-file__button wp-element-button\" download aria-describedby=\"wp-block-file--media-33ee38db-e191-4e3c-85f4-a09aa982f732\">Descarc\u0103<\/a><\/div>\n\n\n\n<h2 class=\"wp-block-heading\">Anul III<\/h2>\n\n\n\n<div class=\"wp-block-file\"><a id=\"wp-block-file--media-ad3b6fef-24b7-4162-8b80-a2725c9d6056\" href=\"https:\/\/istorie.unibuc.ro\/wp-content\/uploads\/2026\/02\/ORAR_ISTORIE_III_SEM2_11.pdf\">ORAR_ISTORIE_III_SEM2_11<\/a><a href=\"https:\/\/istorie.unibuc.ro\/wp-content\/uploads\/2026\/02\/ORAR_ISTORIE_III_SEM2_11.pdf\" class=\"wp-block-file__button wp-element-button\" download aria-describedby=\"wp-block-file--media-ad3b6fef-24b7-4162-8b80-a2725c9d6056\">Descarc\u0103<\/a><\/div>\n\n\n\n<div class=\"wp-block-file\"><a id=\"wp-block-file--media-3fc4e37c-c742-4c9d-b4dc-218d382d3609\" href=\"https:\/\/istorie.unibuc.ro\/wp-content\/uploads\/2026\/02\/ORAR_IA_III_SEM2-1.pdf\">ORAR_IA_III_SEM2<\/a><a href=\"https:\/\/istorie.unibuc.ro\/wp-content\/uploads\/2026\/02\/ORAR_IA_III_SEM2-1.pdf\" class=\"wp-block-file__button wp-element-button\" download aria-describedby=\"wp-block-file--media-3fc4e37c-c742-4c9d-b4dc-218d382d3609\">Descarc<\/a><\/div>\n\n\n\n<div class=\"wp-block-file\"><a id=\"wp-block-file--media-4c7444f8-19a5-4b1c-abca-7505d868f804\" href=\"https:\/\/istorie.unibuc.ro\/wp-content\/uploads\/2026\/02\/ORAR_RISE_III_SEM2_1-1.pdf\">ORAR_RISE_III_SEM2_1<\/a><a href=\"https:\/\/istorie.unibuc.ro\/wp-content\/uploads\/2026\/02\/ORAR_RISE_III_SEM2_1-1.pdf\" class=\"wp-block-file__button wp-element-button\" download aria-describedby=\"wp-block-file--media-4c7444f8-19a5-4b1c-abca-7505d868f804\">Descarc\u0103<\/a><\/div>\n\n\n\n<p class=\"wp-block-paragraph\"><strong>V\u0103 rug\u0103m  s\u0103 urm\u0103ri\u021bi site-ul deoarece pot ap\u0103rea modific\u0103ri la orar.<\/strong><\/p>\n\n\n\n<h2 class=\"wp-block-heading\"><strong>Master<\/strong><\/h2>\n\n\n\n<h2 class=\"wp-block-heading\">An I<\/h2>\n\n\n\n<div class=\"wp-block-file\"><a id=\"wp-block-file--media-96c913f2-500d-4bf0-b4dc-84de58b120b9\" href=\"https:\/\/istorie.unibuc.ro\/wp-content\/uploads\/2026\/02\/Master_I_IstMod_IstMil_PolSoc_sem-2_2.pdf\">Master_I_IstMod_IstMil_PolSoc_sem 2_2<\/a><a href=\"https:\/\/istorie.unibuc.ro\/wp-content\/uploads\/2026\/02\/Master_I_IstMod_IstMil_PolSoc_sem-2_2.pdf\" class=\"wp-block-file__button wp-element-button\" download aria-describedby=\"wp-block-file--media-96c913f2-500d-4bf0-b4dc-84de58b120b9\">Descarc\u0103<\/a><\/div>\n\n\n\n<div class=\"wp-block-file\"><a id=\"wp-block-file--media-281aebb5-799c-491a-90ac-1de9dabfefa4\" href=\"https:\/\/istorie.unibuc.ro\/wp-content\/uploads\/2026\/02\/Master_I_Patrimoniu_Comunism_sem-2_1.pdf\">Master_I_Patrimoniu_Comunism_sem 2_1<\/a><a href=\"https:\/\/istorie.unibuc.ro\/wp-content\/uploads\/2026\/02\/Master_I_Patrimoniu_Comunism_sem-2_1.pdf\" class=\"wp-block-file__button wp-element-button\" download aria-describedby=\"wp-block-file--media-281aebb5-799c-491a-90ac-1de9dabfefa4\">Descarc\u0103<\/a><\/div>\n\n\n\n<div class=\"wp-block-file\"><a id=\"wp-block-file--media-e222cbec-9200-441e-b3a1-ff34e3001538\" href=\"https:\/\/istorie.unibuc.ro\/wp-content\/uploads\/2026\/02\/Master_I_TehDipl_IPRI_Mentalitati_sem-2_.pdf\">Master_I_TehDipl_IPRI_Mentalitati_sem 2_!<\/a><a href=\"https:\/\/istorie.unibuc.ro\/wp-content\/uploads\/2026\/02\/Master_I_TehDipl_IPRI_Mentalitati_sem-2_.pdf\" class=\"wp-block-file__button wp-element-button\" download aria-describedby=\"wp-block-file--media-e222cbec-9200-441e-b3a1-ff34e3001538\">Descarc\u0103<\/a><\/div>\n\n\n\n<div class=\"wp-block-file\"><a id=\"wp-block-file--media-2538f7e3-f641-440b-8c70-be525cfd17b0\" href=\"https:\/\/istorie.unibuc.ro\/wp-content\/uploads\/2026\/02\/Master_I_SAMA_Antichitate_StMed_IAFC_sem-2-1.pdf\">Master_I_SAMA_Antichitate_StMed_IAFC_sem 2<\/a><a href=\"https:\/\/istorie.unibuc.ro\/wp-content\/uploads\/2026\/02\/Master_I_SAMA_Antichitate_StMed_IAFC_sem-2-1.pdf\" class=\"wp-block-file__button wp-element-button\" download aria-describedby=\"wp-block-file--media-2538f7e3-f641-440b-8c70-be525cfd17b0\">Descarc\u0103<\/a><\/div>\n\n\n\n<h2 class=\"wp-block-heading\">An II<\/h2>\n\n\n\n<div class=\"wp-block-file\"><a id=\"wp-block-file--media-977f44e6-b96d-4dd5-b1bd-f99b5a7e0f16\" href=\"https:\/\/istorie.unibuc.ro\/wp-content\/uploads\/2026\/02\/Master_II_IAFC_IstMod_IstMil_sem-2_1.pdf\">Master_II_IAFC_IstMod_IstMil_sem 2_1<\/a><a href=\"https:\/\/istorie.unibuc.ro\/wp-content\/uploads\/2026\/02\/Master_II_IAFC_IstMod_IstMil_sem-2_1.pdf\" class=\"wp-block-file__button wp-element-button\" download aria-describedby=\"wp-block-file--media-977f44e6-b96d-4dd5-b1bd-f99b5a7e0f16\">Descarc\u0103<\/a><\/div>\n\n\n\n<div class=\"wp-block-file\"><a id=\"wp-block-file--media-5bb793af-9ec1-42da-8f58-24eed923cbe9\" href=\"https:\/\/istorie.unibuc.ro\/wp-content\/uploads\/2026\/02\/master_II_PolSoc_Comunism_Patrimoniu_sem-21.pdf\">master_II_PolSoc_Comunism_Patrimoniu_sem 21<\/a><a href=\"https:\/\/istorie.unibuc.ro\/wp-content\/uploads\/2026\/02\/master_II_PolSoc_Comunism_Patrimoniu_sem-21.pdf\" class=\"wp-block-file__button wp-element-button\" download aria-describedby=\"wp-block-file--media-5bb793af-9ec1-42da-8f58-24eed923cbe9\">Descarc\u0103<\/a><\/div>\n\n\n\n<div class=\"wp-block-file\"><a id=\"wp-block-file--media-d5eaff79-97f8-4d95-81ba-b66d6bd1a387\" href=\"https:\/\/istorie.unibuc.ro\/wp-content\/uploads\/2026\/02\/Master_II_IPRI_TehDipl_sem-2.pdf\">Master_II_IPRI_TehDipl_sem 2<\/a><a href=\"https:\/\/istorie.unibuc.ro\/wp-content\/uploads\/2026\/02\/Master_II_IPRI_TehDipl_sem-2.pdf\" class=\"wp-block-file__button wp-element-button\" download aria-describedby=\"wp-block-file--media-d5eaff79-97f8-4d95-81ba-b66d6bd1a387\">Descarc\u0103<\/a><\/div>\n\n\n\n<div class=\"wp-block-file\"><a id=\"wp-block-file--media-ff6ff14b-4292-46ec-8102-579c52049100\" href=\"https:\/\/istorie.unibuc.ro\/wp-content\/uploads\/2026\/02\/Master_II_SAMA_Antichitate_StMed_Mentalitati_sem-2_1.pdf\">Master_II_SAMA_Antichitate_StMed_Mentalitati_sem 2_1<\/a><a href=\"https:\/\/istorie.unibuc.ro\/wp-content\/uploads\/2026\/02\/Master_II_SAMA_Antichitate_StMed_Mentalitati_sem-2_1.pdf\" class=\"wp-block-file__button wp-element-button\" download aria-describedby=\"wp-block-file--media-ff6ff14b-4292-46ec-8102-579c52049100\">Descarc\u0103<\/a><\/div>\n\n\n\n<h2 class=\"wp-block-heading\"><strong>Master didactic<\/strong><\/h2>\n\n\n\n<p class=\"wp-block-paragraph\"><\/p>\n\n\n\n<p class=\"wp-block-paragraph\"><strong>V\u0103 rug\u0103m  s\u0103 urm\u0103ri\u021bi site-ul deoarece pot ap\u0103rea modific\u0103ri la orar.<\/strong><\/p>\n\n\n\n<p class=\"wp-block-paragraph\"><\/p>\n\n\n\n<h2 class=\"wp-block-heading\"><\/h2>\n\n\n\n<p class=\"wp-block-paragraph\"><\/p>\n\n\n\n<p class=\"wp-block-paragraph\"><\/p>\n\n\n\n<h2 class=\"wp-block-heading\"><\/h2>\n\n\n\n<hr class=\"wp-block-separator has-alpha-channel-opacity\"\/>\n\n\n\n<h2 class=\"wp-block-heading\"><\/h2>\n\n\n\n<hr class=\"wp-block-separator has-alpha-channel-opacity\"\/>\n\n\n\n<h2 class=\"wp-block-heading\"><\/h2>\n\n\n\n<h2 class=\"wp-block-heading\"><strong>Structur\u0103 an universitar<\/strong><\/h2>\n\n\n\n<div class=\"wp-block-file\"><a id=\"wp-block-file--media-18c0aff6-40fc-4ef3-8f27-7d742e653295\" href=\"https:\/\/istorie.unibuc.ro\/wp-content\/uploads\/2025\/09\/Structura-anului-univ-UB-2025-2026_FIUB.pdf\">Structura anului univ UB 2025-2026_FIUB<\/a><a href=\"https:\/\/istorie.unibuc.ro\/wp-content\/uploads\/2025\/09\/Structura-anului-univ-UB-2025-2026_FIUB.pdf\" class=\"wp-block-file__button wp-element-button\" download aria-describedby=\"wp-block-file--media-18c0aff6-40fc-4ef3-8f27-7d742e653295\">Descarc\u0103<\/a><\/div>\n\n\n\n<p class=\"wp-block-paragraph\"><\/p>\n\n\n\n<p class=\"wp-block-paragraph\"><\/p>\n","protected":false},"excerpt":{"rendered":"<p>ORAR Anul universitar 2025-2026 Semestrul II Licen\u021b\u0103 Anul I Anul II Anul III V\u0103 rug\u0103m s\u0103 urm\u0103ri\u021bi site-ul deoarece pot ap\u0103rea modific\u0103ri la orar. Master An I An II Master didactic V\u0103 rug\u0103m s\u0103 urm\u0103ri\u021bi site-ul deoarece pot ap\u0103rea modific\u0103ri la orar. Structur\u0103 an universitar<\/p>\n","protected":false},"author":2,"featured_media":0,"parent":353,"menu_order":0,"comment_status":"closed","ping_status":"closed","template":"","meta":{"_crdt_document":"","jetpack_post_was_ever_published":false,"footnotes":""},"class_list":["post-399","page","type-page","status-publish","hentry"],"jetpack_sharing_enabled":true,"jetpack_shortlink":"https:\/\/wp.me\/PaobZd-6r","jetpack-related-posts":[],"_links":{"self":[{"href":"https:\/\/istorie.unibuc.ro\/facultate\/wp-json\/wp\/v2\/pages\/399","targetHints":{"allow":["GET"]}}],"collection":[{"href":"https:\/\/istorie.unibuc.ro\/facultate\/wp-json\/wp\/v2\/pages"}],"about":[{"href":"https:\/\/istorie.unibuc.ro\/facultate\/wp-json\/wp\/v2\/types\/page"}],"author":[{"embeddable":true,"href":"https:\/\/istorie.unibuc.ro\/facultate\/wp-json\/wp\/v2\/users\/2"}],"replies":[{"embeddable":true,"href":"https:\/\/istorie.unibuc.ro\/facultate\/wp-json\/wp\/v2\/comments?post=399"}],"version-history":[{"count":272,"href":"https:\/\/istorie.unibuc.ro\/facultate\/wp-json\/wp\/v2\/pages\/399\/revisions"}],"predecessor-version":[{"id":21562,"href":"https:\/\/istorie.unibuc.ro\/facultate\/wp-json\/wp\/v2\/pages\/399\/revisions\/21562"}],"up":[{"embeddable":true,"href":"https:\/\/istorie.unibuc.ro\/facultate\/wp-json\/wp\/v2\/pages\/353"}],"wp:attachment":[{"href":"https:\/\/istorie.unibuc.ro\/facultate\/wp-json\/wp\/v2\/media?parent=399"}],"curies":[{"name":"wp","href":"https:\/\/api.w.org\/{rel}","templated":true}]}}