{"id":3918,"date":"2020-05-13T13:59:40","date_gmt":"2020-05-13T13:59:40","guid":{"rendered":"https:\/\/istorie.unibuc.ro\/?page_id=3918"},"modified":"2020-05-13T13:59:53","modified_gmt":"2020-05-13T13:59:53","slug":"prof-univ-dr-carol-capita","status":"publish","type":"page","link":"https:\/\/istorie.unibuc.ro\/facultate\/departamente\/istorie-antica-arheologie-si-istoria-artei\/prof-univ-dr-carol-capita\/","title":{"rendered":"Prof. Univ. Dr. Carol Capi\u021b\u0103"},"content":{"rendered":"\n<p class=\"wp-block-paragraph\"><a href=\"mailto:carol.capita@istorie.unibuc.ro\">carol.capita@istorie.unibuc.ro<\/a><\/p>\n\n\n\n<p class=\"wp-block-paragraph\"><strong>2012 \u2013 2018<\/strong> &#8211; Doctorat \u00a0&#8211; Universitatea din Bucure\u0219ti, Facultatea de \u0218tiin\u021bele Educa\u021biei, \u0218coala Doctoral\u0103 \u00een \u0218tiin\u021bele Educa\u021biei<\/p>\n\n\n\n<p class=\"wp-block-paragraph\"> Formare \u00een domeniul pedagogiei generale, a didacticii \u00eenv\u0103\u021b\u0103m\u00e2ntului superior<\/p>\n\n\n\n<p class=\"wp-block-paragraph\">Metode de cercetare \u00een domeniul \u0219tiin\u021belor educa\u021biei<\/p>\n\n\n\n<p class=\"wp-block-paragraph\"><strong>1992 &#8211; 2005<\/strong> \u2013 Doctorat- Universitatea din Bucure\u0219ti, Facultatea de Istorie<\/p>\n\n\n\n<p class=\"wp-block-paragraph\"><strong>1984 \u2013 1988<\/strong> &#8211; Licen\u021b\u0103\u00a0 &#8211; Universitatea din Bucure\u0219ti, Facultatea de Istorie-Filosofie, sec\u021bia Istorie-Filosofie, \u00a0specializarea Istorie Antic\u0103<\/p>\n\n\n\n<h2 class=\"wp-block-heading\"><strong>Direc\u021bii de cercetare:<\/strong><\/h2>\n\n\n\n<ul class=\"wp-block-list\"><li>Arheologie general\u0103;<\/li><li>Arheologie pre \u0219i protoistoric\u0103, arheologie micenian\u0103;<\/li><li>Antropologia economic\u0103 a societ\u0103\u021bilor pre \u0219i protoistorice<\/li><li>Antropologia economic\u0103 a primitivilor contemporani<\/li><li>Meta-analiz\u0103 \u00een arheologie<\/li><\/ul>\n\n\n\n<p class=\"wp-block-paragraph\">Tehnici educa\u021bionale \u2013 stiluri de \u00eenv\u0103\u021bare<\/p>\n\n\n\n<h2 class=\"wp-block-heading\"><strong>Publica\u021bii:<\/strong><\/h2>\n\n\n\n<h2 class=\"wp-block-heading\"><strong>&nbsp;&nbsp;&nbsp;&nbsp;&nbsp;&nbsp; C\u0103r\u021bi:<\/strong><\/h2>\n\n\n\n<ul class=\"wp-block-list\"><li><em>Bordeiul \u0219i palatul<\/em>, Ed. Tritonic, Bucure\u0219ti 2009<\/li><li><em>Introducere in preistorie. Vol.1 \u2013 cadrul general<\/em>, Editura Universitar\u0103, Bucuresti, 2015<\/li><li><em>Utilizarea surselor primare \u00een predarea istoriei<\/em>, Ed. Universit\u0103\u021bii Bucure\u0219ti, 2012, co-autor<\/li><li><em>Tendin\u021be \u00een didactica istoriei<\/em>, Ed. Paralela 45, Pite\u0219ti, 2004, co-autor&nbsp;<\/li><li><em>Moesica et Christiana : studies in honour of professor Alexandru Barnea<\/em>, Ed. Istros, Br\u0103ila, 2016, co-editor<\/li><li><strong><em>Istoria femeii din Rom\u00e2nia \u00een documente (1866-1918)<\/em><\/strong>, Editura Universit\u0103\u0163ii din Bucure\u015fti, Bucure\u015fti, 2008, co-editor<\/li><\/ul>\n\n\n\n<h2 class=\"wp-block-heading\"><strong>&nbsp;&nbsp;&nbsp;&nbsp;&nbsp; Studii : &nbsp;<\/strong><\/h2>\n\n\n\n<ul class=\"wp-block-list\"><li><em>Searching the &#8222;golden rule&#8221;\u2013 curriculum articulation in the Romanian National <\/em><em>Curriculum<\/em>. \u00cen &nbsp;The European Proceedings of Social &amp; Behavioural Sciences EpSBS, vol. LXVII&nbsp;&#8211; EDUWORLD&nbsp;2018<\/li><li><em>Didactica istoriei \u00een \u00eenv\u0103\u021b\u0103m\u00e2ntul primar: de unde \u0219i cum \u00eenva\u021b\u0103 elevii despre trecut<\/em>. \u00cen P\u00e2ni\u0219oar\u0103, O.I., Manolescu M. (coord.), Pedagogia \u00eenv\u0103\u021b\u0103m\u00e2ntului primar \u0219i pre\u0219colar, Ia\u0219i: Editura Polirom, 2019, co-autor<\/li><li><em>Relevance of Training Profiles for High Schools in Relation to Student Motivation<\/em>. The European Proceedings of Social and Behavioral Sciences, vol. XXIII, 2017, co-autor<\/li><li><em>Anthropology and Archaeology<\/em>: the 100 Years War? \u00cen: Annales d&#8217;Universit\u00e9 T\u00e2rgovi\u0219te, section d&#8217;arch\u00e9ologie et d&#8217;histoire, tome XIX\/2017<\/li><li><em>Mentor \u015fi mentoratul sau despre prospe\u0163imea unui personaj antic<\/em>.&nbsp; \u00cen Neac\u015fu, I., Iucu, R., Marin, E. (coord.), Calitatea proiectelor \/ programelor de formare \u2013 Construc\u0163ie, implementare, evaluare. Volum omagial dedicat profesorului Dan Potolea. Bucure\u0219ti: Editura Ars Docendi, 2017 ,co-autor<\/li><li><em>The Transition from Classic to Digital Textbooks \u2013 The Case of History Teaching<\/em>. \u00cen: &nbsp;I. Roceanu (Ed.), eLearning Vision 2020, publicatie online (ProQuest)<\/li><li><em>Doing oral History \u2013 challenges and opportunities for the Romanian Schools<\/em>. \u00cen: Tr\u0161kan, D., (Ed.), Oral history education: dialogue with the past. 1st ed. Ljubljana: Slovenian National Commission for UNESCO, co-autor<\/li><li><em>Learning styles in Higher Education. A case study in History training<\/em>. Procedia \u2013 Social and Behavioral Sciences, 2015<\/li><li><em>The Arab world in Romanian History Textbooks<\/em>, \u00een The Arab World in histrory curricula and textbooks (coord., Danijela Traskan), Slovenian National Comission for UNESCO, Ljubljana, 2014, co-autor<\/li><li>O <em>compara\u021bie \u00eentre modelele educa\u021bionale ale lui Jan Amos Comenius \u0219i Jean-Jacques Rousseau, \u00een <\/em>O. M\u00e2ndru\u021b (ed.), Curriculum \u0219i didactic\u0103. Elemente inovative actuale,\u201eVasile Goldi\u015f\u201d University Press, Arad, 2013<\/li><li><em>Looking through the window: the world in Romanian post 1989 textbooks<\/em>, \u00een Council of Europe (ed.), Shared histories for a Europe without dividing lines, Council of Europe Publishing &amp; Deep Design, <a href=\"http:\/\/shared-histories.coe.int\">http:\/\/shared-histories.coe.int<\/a>)<\/li><li><em>T<\/em><em>eacher\u2019s perceptions about one\u2019s own process of learning and about student\u2019s learning<\/em>, \u00een INTED Proceedings, Valencia, 2014, co-autor<\/li><li><em>Personajul feminin \u00een predarea istoriei<\/em>, \u00een S. P. Bolovan et alii (coord.), A preda sau a \u00eenv\u0103\u021ba, Presa Universitar\u0103 Clujean\u0103, Cluj-Napoca 2009, co-autor<\/li><li>&nbsp;<em>Learning Styles and Teaching Styles \u2013 Where Is the Difference?<\/em>, \u00een Revista de Pedagogie, LIX (4) 2011<\/li><li><em>European Projects and National Developments. The Case of Initial History Teacher Training in Romania<\/em>. Procedia \u2013 Social and Behavioral Sciences 2012, co-autor<\/li><li><em>The 1848 Revolution in the Romanian Principalities. <\/em><em>Continuity and Discontinuity. <\/em>\u00cen R. Stradling, Crossroads of European histories, Council of Europe Publishing, Strasbourg, &nbsp;2006, co-autor<\/li><li><em>Small World, Big Country. A Reappraisal of Europe in Romanian History Textbooks.<\/em> \u00cen Van Der Leuw-Roord, J. (Ed.), History for Today and Tomorrow. What Does Europe Mean for School History, Shaping European History, K\u00f6rber Stiftung, Hamburg 2001<\/li><li><em>Teaching History to Ten-Year-Olds in England and Romania.<\/em> \u00cen Education 3-13, The Professional Journal for Primary Education, 29\/2, 2001, co-autor<\/li><li><em>Dimensions of European History in Romanian History Textbooks<\/em>, \u00een P. X. Xochellis &amp; F. T. Toloudi (Eds.). \u00cen The Image of the \u201cOther\u201d\/Neighbour in the School Textbooks of the Balkan Countries, Athens 2001 (varianta \u00een limba greac\u0103 \u00een 2000), co-autor<\/li><li><em>Reflections on the Oil Production in Mycenaean Greece<\/em>. \u00cen M. Ciho, V. Nistor, D. Zaharia (Eds.) Le temps de l\u2019Histoire I, Bucharest 1998<\/li><li><em>Prehistoire imaginaire et imaginaire prehistorique<\/em>. \u00cen Analele Universit\u0103\u0163ii Bucure\u015fti, Seria Istorie, 1992<\/li><\/ul>\n\n\n\n<p class=\"wp-block-paragraph\">c) cursuri post-universitare<\/p>\n\n\n\n<ul class=\"wp-block-list\"><li>&nbsp;<em>Didactica Istoriei I<\/em>, PIR, MEdC, Bucuresti 2005, co-autor, 2 edi\u021bii<\/li><li>&nbsp;<em>Didactica Istoriei II<\/em>, PIR, MEdC, Bucuresti 2005, co-autor, 2 edi\u021bii<\/li><li>&nbsp;<em>Istoria artei, PIR<\/em>, MedC, Bucuresti, 2007, co-autor, 2 edi\u021bii<\/li><li><em>Educa\u021bie non-formal\u0103, istorie si comunicare \u2013 curs optional<\/em>, PIR, MEdC, Bucuresti 2007, co-autor, 2 edi\u021bii<\/li><li><em>Predarea istoriei si educatia civic\u0103&nbsp; \u2013 curs optional<\/em>, PIR, MedC, Bucuresti, 2007, co-autor, 2 edi\u021bii&nbsp;<\/li><li><em>Didactica ariei Om \u0219i societate, PIR, MEdC, 2007, co-autor<\/em>&nbsp;<\/li><\/ul>\n\n\n\n<figure class=\"wp-block-table\"><table><tbody><tr><td><em>Stiluri de predare \u2013 stiluri de \u00eenv\u0103\u021bare<\/em>, suport de curs (f\u0103r\u0103 ISBN) d) traduceri R. Stradling, <em>Multiperspectivitatea: un ghid pentru profesori<\/em>, Editura Universitar\u0103, Bucure\u0219ti, 2014 R. Gollob &amp; W. Weidinger, <em>A cre\u015fte \u00een democra\u0163ie<\/em>, Ed. Universitar\u0103, Bucure\u015fti, 2017<\/td><\/tr><\/tbody><\/table><\/figure>\n\n\n\n<p class=\"wp-block-paragraph\">Rapoarte de cercetare arheologic\u0103: 14 rapoarte de cercetare (1998 \u2013prezent) cu privire la cercet\u0103rile de la Adamclisi, jud. Constan\u021ba (co-autor, membru \u00een colectiv)<\/p>\n\n\n\n<h2 class=\"wp-block-heading\"><strong>&nbsp;&nbsp;&nbsp; Proiecte<\/strong><\/h2>\n\n\n\n<p class=\"wp-block-paragraph\">a) interna\u021bionale<\/p>\n\n\n\n<ul class=\"wp-block-list\"><li>\u02ee<em>Crossroads of European History \u2013 Multiple outlooks on five key moments in the history of Europe<\/em>&#8222;, proiect al Consiliului Europei \u2013 membru \u00een echipa de co-ordonare a proiectului \u015fi \u00een consiliul de publicare<\/li><li>\u201c<em>Assessment, tutorial structures and initial teacher education of trainee students in the subjects Political\/Civic Education, Social\/Cultural Studies and History in Europe \u2013 A comparative study on Structures and Standards of Initial Training for History Teachers in Europe<\/em>\u201d, proiect KA1 (proiect transversal de cercetare) \u2013 manager al echipei din Rom\u00e2nia \u015fi expert na\u0163ional<\/li><li><em>Shared histories for a Europe without dividing lines<\/em>, proiect al Consiliului Europei, membru \u00een grupul de lucru, co-autor<\/li><\/ul>\n\n\n\n<p class=\"wp-block-paragraph\">b) na\u021bionale<\/p>\n\n\n\n<ul class=\"wp-block-list\"><li><em>Europaeus \u2013 Program postdoctoral<\/em> (POSDRU 64162), beneficiar Universitatea din Bucure\u0219ti, manager asistent, manager<\/li><li><em>Inova\u0163ie \u015fi performan\u0163\u0103 \u00een dezvoltarea profesional\u0103 a cadrelor didactice din mediul urban, <\/em>beneficiarMECTS \u2013 UMPFE, expert<\/li><li><em>Proces educa\u0163ional optimizat \u00een viziunea competen\u0163elor societ\u0103\u0163ii cunoa\u015fterii<\/em> (POSDRU\/55\/1.1\/S\/25952), beneficiar MECTS \u2013 UMPFE, expert<\/li><li><em>CRED \u2013 curriculum relevant, educa\u0163ie deschis\u0103 pentru to\u0163i <\/em>\u2013 expert curriculum<\/li><\/ul>\n\n\n\n<h2 class=\"wp-block-heading\"><strong>Afilieri<\/strong><\/h2>\n\n\n\n<ul class=\"wp-block-list\"><li>Centrul de Istorie Comparat\u0103 a Societ\u0103\u021bilor Antice (membru)<\/li><li>Romanian Archaeological Institute in Athens (membru)<\/li><li>Institutul de \u0218tiin\u021be ale Educa\u021biei (cercet\u0103tor asociat)&nbsp;<\/li><li>History Educators International Network, HEIRNET (membru, membru \u00een colectivul de redac\u021bie)<\/li><li>Clubul universitar de cartofilie, maximafilie \u0219i filatelie (pre\u0219edinte)<\/li><\/ul>\n","protected":false},"excerpt":{"rendered":"<p>carol.capita@istorie.unibuc.ro 2012 \u2013 2018 &#8211; Doctorat \u00a0&#8211; Universitatea din Bucure\u0219ti, Facultatea de \u0218tiin\u021bele Educa\u021biei, \u0218coala Doctoral\u0103 \u00een \u0218tiin\u021bele Educa\u021biei Formare \u00een domeniul pedagogiei generale, a didacticii \u00eenv\u0103\u021b\u0103m\u00e2ntului superior Metode de cercetare \u00een domeniul \u0219tiin\u021belor educa\u021biei 1992 &#8211; 2005 \u2013 Doctorat- Universitatea din Bucure\u0219ti, Facultatea de Istorie 1984 \u2013 1988 &#8211; Licen\u021b\u0103\u00a0 &#8211; Universitatea din Bucure\u0219ti, [&hellip;]<\/p>\n","protected":false},"author":2,"featured_media":0,"parent":173,"menu_order":0,"comment_status":"closed","ping_status":"closed","template":"","meta":{"_crdt_document":"","jetpack_post_was_ever_published":false,"footnotes":""},"class_list":["post-3918","page","type-page","status-publish","hentry"],"jetpack_sharing_enabled":true,"jetpack_shortlink":"https:\/\/wp.me\/PaobZd-11c","jetpack-related-posts":[],"_links":{"self":[{"href":"https:\/\/istorie.unibuc.ro\/facultate\/wp-json\/wp\/v2\/pages\/3918","targetHints":{"allow":["GET"]}}],"collection":[{"href":"https:\/\/istorie.unibuc.ro\/facultate\/wp-json\/wp\/v2\/pages"}],"about":[{"href":"https:\/\/istorie.unibuc.ro\/facultate\/wp-json\/wp\/v2\/types\/page"}],"author":[{"embeddable":true,"href":"https:\/\/istorie.unibuc.ro\/facultate\/wp-json\/wp\/v2\/users\/2"}],"replies":[{"embeddable":true,"href":"https:\/\/istorie.unibuc.ro\/facultate\/wp-json\/wp\/v2\/comments?post=3918"}],"version-history":[{"count":2,"href":"https:\/\/istorie.unibuc.ro\/facultate\/wp-json\/wp\/v2\/pages\/3918\/revisions"}],"predecessor-version":[{"id":3920,"href":"https:\/\/istorie.unibuc.ro\/facultate\/wp-json\/wp\/v2\/pages\/3918\/revisions\/3920"}],"up":[{"embeddable":true,"href":"https:\/\/istorie.unibuc.ro\/facultate\/wp-json\/wp\/v2\/pages\/173"}],"wp:attachment":[{"href":"https:\/\/istorie.unibuc.ro\/facultate\/wp-json\/wp\/v2\/media?parent=3918"}],"curies":[{"name":"wp","href":"https:\/\/api.w.org\/{rel}","templated":true}]}}