{"id":3910,"date":"2020-05-13T13:50:43","date_gmt":"2020-05-13T13:50:43","guid":{"rendered":"https:\/\/istorie.unibuc.ro\/?page_id=3910"},"modified":"2024-09-29T06:50:47","modified_gmt":"2024-09-29T06:50:47","slug":"lect-univ-dr-vladimir-cretulescu","status":"publish","type":"page","link":"https:\/\/istorie.unibuc.ro\/facultate\/departamente\/istorie-antica-arheologie-si-istoria-artei\/lect-univ-dr-vladimir-cretulescu\/","title":{"rendered":"Lect.univ.dr. Vladimir Constantin Cre\u021bulescu"},"content":{"rendered":"<div class=\"wp-block-image\">\n<figure class=\"alignright size-large is-resized\"><img data-recalc-dims=\"1\" loading=\"lazy\" decoding=\"async\" width=\"771\" height=\"771\" data-attachment-id=\"16313\" data-permalink=\"https:\/\/istorie.unibuc.ro\/facultate\/departamente\/istorie-antica-arheologie-si-istoria-artei\/lect-univ-dr-vladimir-cretulescu\/vladimir-cretulescu-foto-pentru-site-fiub\/\" data-orig-file=\"https:\/\/i0.wp.com\/istorie.unibuc.ro\/wp-content\/uploads\/2024\/09\/Vladimir-Cretulescu-Foto-pentru-site-FIUB.jpg?fit=1502%2C1502&amp;ssl=1\" data-orig-size=\"1502,1502\" data-comments-opened=\"0\" data-image-meta=\"{&quot;aperture&quot;:&quot;0&quot;,&quot;credit&quot;:&quot;&quot;,&quot;camera&quot;:&quot;&quot;,&quot;caption&quot;:&quot;&quot;,&quot;created_timestamp&quot;:&quot;1641249401&quot;,&quot;copyright&quot;:&quot;&quot;,&quot;focal_length&quot;:&quot;0&quot;,&quot;iso&quot;:&quot;0&quot;,&quot;shutter_speed&quot;:&quot;0&quot;,&quot;title&quot;:&quot;&quot;,&quot;orientation&quot;:&quot;1&quot;}\" data-image-title=\"Vladimir Cretulescu &#8211; Foto pentru site FIUB\" data-image-description=\"\" data-image-caption=\"\" data-medium-file=\"https:\/\/i0.wp.com\/istorie.unibuc.ro\/wp-content\/uploads\/2024\/09\/Vladimir-Cretulescu-Foto-pentru-site-FIUB.jpg?fit=300%2C300&amp;ssl=1\" data-large-file=\"https:\/\/i0.wp.com\/istorie.unibuc.ro\/wp-content\/uploads\/2024\/09\/Vladimir-Cretulescu-Foto-pentru-site-FIUB.jpg?fit=771%2C771&amp;ssl=1\" src=\"https:\/\/i0.wp.com\/istorie.unibuc.ro\/wp-content\/uploads\/2024\/09\/Vladimir-Cretulescu-Foto-pentru-site-FIUB.jpg?resize=771%2C771&#038;ssl=1\" alt=\"\" class=\"wp-image-16313\" style=\"width:240px;height:auto\" srcset=\"https:\/\/i0.wp.com\/istorie.unibuc.ro\/wp-content\/uploads\/2024\/09\/Vladimir-Cretulescu-Foto-pentru-site-FIUB.jpg?resize=1024%2C1024&amp;ssl=1 1024w, https:\/\/i0.wp.com\/istorie.unibuc.ro\/wp-content\/uploads\/2024\/09\/Vladimir-Cretulescu-Foto-pentru-site-FIUB.jpg?resize=300%2C300&amp;ssl=1 300w, https:\/\/i0.wp.com\/istorie.unibuc.ro\/wp-content\/uploads\/2024\/09\/Vladimir-Cretulescu-Foto-pentru-site-FIUB.jpg?resize=150%2C150&amp;ssl=1 150w, https:\/\/i0.wp.com\/istorie.unibuc.ro\/wp-content\/uploads\/2024\/09\/Vladimir-Cretulescu-Foto-pentru-site-FIUB.jpg?resize=768%2C768&amp;ssl=1 768w, https:\/\/i0.wp.com\/istorie.unibuc.ro\/wp-content\/uploads\/2024\/09\/Vladimir-Cretulescu-Foto-pentru-site-FIUB.jpg?w=1502&amp;ssl=1 1502w\" sizes=\"auto, (max-width: 771px) 100vw, 771px\" \/><\/figure>\n<\/div>\n\n\n<p class=\"wp-block-paragraph\"><strong>Email:\u00a0<\/strong><a href=\"mailto:vladimir.cretulescu@unibuc.ro\">vladimir.cretulescu@unibuc.ro<\/a><\/p>\n\n\n\n<p class=\"wp-block-paragraph\"><strong>Studii:<\/strong><strong><\/strong><\/p>\n\n\n\n<p class=\"wp-block-paragraph\">Doctor al Facult\u0103\u0163ii de Istorie din cadrul Universit\u0103\u0163ii Bucure\u015fti \u0219i al Centre Montesquieu de Recherches Politiques din cadrul Universit\u0103\u021bii din Bordeaux, cu o tez\u0103 interdisciplinar\u0103 \u00een regim de cotutel\u0103, \u00een domeniile Istorie \u0219i \u0218tiin\u021be Politice, intitulat\u0103: \u201eLes origines du discours identitaire Aroumian-Roumain (1770-1878) : la construction d\u2019une identit\u00e9 nationale\u201d (septembrie 2011 \u2013 martie 2016) <\/p>\n\n\n\n<p class=\"wp-block-paragraph\">Master \u00een Studii Medievale la Facultatea de Istorie din cadrul Universit\u0103\u0163ii din Bucure\u015fti, cu o tez\u0103 de dizerta\u0163ie pe tema \u201cDe la imitatio imperii la renovatio imperii: statalitate \u015fi model monarhic la Theodoric cel Mare \u015fi Carol cel Mare\u201d (promo\u0163ia 2010) <\/p>\n\n\n\n<p class=\"wp-block-paragraph\">Licen\u0163\u0103 \u00een Regie de Film la Facultatea de Film din cadrul Universit\u0103\u0163ii Na\u0163ionale de Art\u0103 Teatral\u0103 \u015fi Cinematografic\u0103 (promo\u0163ia 2011) <\/p>\n\n\n\n<p class=\"wp-block-paragraph\">Licen\u0163\u0103 \u00een istorie, specializarea Istoria Artei la Facultatea de Istorie din cadrul Universit\u0103\u021bii din Bucure\u0219ti, cu o tez\u0103 de licen\u0163\u0103 pe tema \u201c Regalitate, art\u0103 \u015fi propagand\u0103 la Ravenna, de la Theodoric la Iustinian (489 \u2013 552) \u201d (promo\u021bia 2008)<\/p>\n\n\n\n<p class=\"wp-block-paragraph\"><\/p>\n\n\n\n<p class=\"wp-block-paragraph\"><strong>Domenii de interes:<\/strong><strong><\/strong><\/p>\n\n\n\n<p class=\"wp-block-paragraph\">Istoria modern\u0103 a Europei de Sud-Est (sec. XVIII-XIX)<\/p>\n\n\n\n<p class=\"wp-block-paragraph\">Teoriile na\u0163iunii \u015fi na\u0163ionalismului &#8211; Istoria artei rom\u00e2ne\u015fti moderne (sec. XIX &#8211; \u00eeceputul sec. XX)<\/p>\n\n\n\n<p class=\"wp-block-paragraph\">Istoria politic\u0103 \u015fi istoria artei Evului Mediu timpuriu<\/p>\n\n\n\n<p class=\"wp-block-paragraph\"><\/p>\n\n\n\n<p class=\"wp-block-paragraph\"><strong>Cursuri sustinute la facultate:<\/strong><strong><\/strong><\/p>\n\n\n\n<p class=\"wp-block-paragraph\">-Art\u0103 rom\u00e2neasc\u0103 \u00een sec. XIX (curs si seminar, licen\u0163\u0103 Istoria Artei, an II)<\/p>\n\n\n\n<p class=\"wp-block-paragraph\">Art\u0103 rom\u00e2neasc\u0103 \u00een prima jum\u0103tate a sec. XX (curs \u015fi seminar, licen\u0163\u0103 Istoria Artei, an III)<\/p>\n\n\n\n<p class=\"wp-block-paragraph\">Istoria \u0219i teoria artei (curs \u0219i seminar, licen\u021b\u0103 Istorie, an III)<\/p>\n\n\n\n<p class=\"wp-block-paragraph\">Metodologia istoriei artei (curs \u0219i seminar, licen\u021b\u0103 Istoria Artei, an II)<\/p>\n\n\n\n<p class=\"wp-block-paragraph\">Arta european\u0103 \u00een Evul Mediu \u0219i Rena\u0219tere (seminar, licen\u0163\u0103 Istoria Artei, an I)<\/p>\n\n\n\n<p class=\"wp-block-paragraph\">Seminar special de studiere a surselor istorice pentru istoriografie, istoria mentalit\u0103\u021bilor \u0219i a imaginarului (seminar, licen\u021b\u0103 Istorie, an II)<\/p>\n\n\n\n<p class=\"wp-block-paragraph\">Atelier de preg\u0103tire a tezelor de licen\u0163\u0103 (seminar, licen\u0163\u0103 Istoria Artei, an III) &#8211; Atelier de preg\u0103tire a tezelor de dizerta\u0163ie (seminar, master Istoria Artei \u015fi Filosofia Culturii, an II)<\/p>\n\n\n\n<p class=\"wp-block-paragraph\"><\/p>\n\n\n\n<p class=\"wp-block-paragraph\"><strong>Consultatii:<\/strong><strong><\/strong><\/p>\n\n\n\n<p class=\"wp-block-paragraph\"><strong>Lista selectiva de publicatii:<\/strong><strong><\/strong><\/p>\n\n\n\n<p class=\"wp-block-paragraph\"><strong>Carti\/capitole \u00een car\u021bi<\/strong><strong><\/strong><\/p>\n\n\n\n<p class=\"wp-block-paragraph\">Vladimir Cre\u021bulescu, Ethnicit\u00e9 aroumaine, nationalit\u00e9 roumaine : La construction discursive d\u2019une identit\u00e9 nationale (1770 \u2013 1878), L\u2019Harmattan, Paris, 2021.<\/p>\n\n\n\n<p class=\"wp-block-paragraph\"><\/p>\n\n\n\n<p class=\"wp-block-paragraph\"><strong>Articole\/studii<\/strong><strong><\/strong><\/p>\n\n\n\n<p class=\"wp-block-paragraph\">Vladimir Cre\u021bulescu, \u00ab Nicolae B\u0103lcescu sur \u201cLa marche de la r\u00e9volution dans l\u2019histoire des Roumains\u201d de 1821 \u00e0 1848 \u00bb, \u00een Des Balkans \u00e0 la Cordillera. Les soul\u00e8vements des ann\u00e9es 1820, M\u0103d\u0103lina V\u00e2rtejanu-Joubert, Nicolas Pitsos, Florica Boh\u00eel\u021bea-Mihu\u021b (eds), Classiques Garnier, Colec\u021bia \u2018POLEN \u2013 Pouvoirs, lettres, normes\u2019, Paris, 2023, pp. 193-214. <\/p>\n\n\n\n<p class=\"wp-block-paragraph\">Vladimir Cre\u0163ulescu, \u201cAromanian Ethnicity in the Accounts of British Travelers throught the Balkans (approx. 1800-1860)\u201d, Hiperboreea, Vol. 8, nr. 1\/2021, pp. 38-58. Vladimir Cre\u0163ulescu, \u201cThe Mosaic Panels of Emperor Justinian and Empress Theodora, in the Church of San Vitale, Ravenna: Between Imperial and Ecclesiastical Propaganda\u201d, \u00een Images de l\u2019Invisible. De l\u2019Antiquit\u00e9 tardive \u00e0 la fin du Moyen \u00c2ge, Lumini\u0163a Diaconu, Alexandra Li\u0163u, Ecaterina Lung (eds), Editura Universit\u0103\u0163ii din Bucure\u015fti, Bucure\u015fti, 2020, pp. 33-52. <\/p>\n\n\n\n<p class=\"wp-block-paragraph\">Vladimir Cre\u0163ulescu, \u201eThe Paleochristian Churches and Mosaics of Ravenna: Examples of Byzantine or Late Roman Art?\u201d, Caiete ARA. Arhitectur\u0103. Restaurare. Arheologie, nr. 10\/2019, Editura \u201eArhitectur\u0103. Restaurare. Arheologie\u201d, Bucure\u015fti, 2019, pp. 223-234. <\/p>\n\n\n\n<p class=\"wp-block-paragraph\">Vladimir Cre\u0163ulescu, \u201eL\u2019ethnicit\u00e9 des Aroumains dans les r\u00e9cits des voyageurs fran\u00e7ais dans les Balkans (1800-1860)\u201d, \u00c9tudes balkaniques \u2013 Recherches interdisciplinaires sur les mondes hell\u00e9nique et balkanique \u2013 Cahiers Pierre Belon \u00ab 1989 \u00bb, nr. 21\/2015-2016, L. B\u00e9nou et G. Valtchinova (dirs.), Association Perre Belon, De Boccard, Paris, 2017, pp. 195-212. <\/p>\n\n\n\n<p class=\"wp-block-paragraph\">Vladimir Cre\u0163ulescu, \u201eThe Aromanian-Romanian National Movement (1859-1905): an Analytical Model\u201d, \u00een Ius Vallachicum, Ilona Czama\u0144ska and Marius Diaconescu (eds), Balcanica Posnaniensia. Acta et studia, Vol. 22, nr. 1\/2015, pp. 99-119. <\/p>\n\n\n\n<p class=\"wp-block-paragraph\">Vladimir Cre\u0163ulescu, \u201eNationalisme civique vs. nationalisme ethnique, partant de Jean-Jacques Rousseau et Johann Gottfried Herder: opposition ou compl\u00e9mentarit\u00e9 ?\u201d, Historical Yearbook, Vol. XI-XII \/ 2014-2015, \u201eNicolae Iorga\u201d History Institute \u2013 Romanian Academy, \u201eOvidius\u201d University Press, Constan\u0163a, 2015, pp. 41-70. <\/p>\n\n\n\n<p class=\"wp-block-paragraph\">Vladimir Cre\u0163ulescu, \u201eLe conflit gr\u00e9co-roumain sur la question aroumaine (1860-1905)\u201d, \u00een Les constructions identitaires dans les espaces francophones de l\u2019Europe Orientale et de l\u2019Afrique, Ecaterina Lung, Yahia Abou El Farah, Corina Iosif, Daniela Zaharia, Simona Corlan (eds), Universit\u00e9 \u00ab Mohammed V \u00bb de Rabat et Universit\u00e9 de Bucarest, Publications de l\u2019Institut des \u00c9tudes Africaines, Rabat, 2015, pp. 315-324.<\/p>\n\n\n\n<p class=\"wp-block-paragraph\"><\/p>\n\n\n\n<div class=\"wp-block-file\"><a id=\"wp-block-file--media-0f1954c2-ad4e-4c7c-835b-a038b5fa9fd4\" href=\"https:\/\/istorie.unibuc.ro\/wp-content\/uploads\/2024\/09\/C.V.-Cretulescu-Septembrie-2024-RO.pdf\">C.V. Cretulescu &#8211; Septembrie 2024 (RO)<\/a><a href=\"https:\/\/istorie.unibuc.ro\/wp-content\/uploads\/2024\/09\/C.V.-Cretulescu-Septembrie-2024-RO.pdf\" class=\"wp-block-file__button wp-element-button\" download aria-describedby=\"wp-block-file--media-0f1954c2-ad4e-4c7c-835b-a038b5fa9fd4\">Descarc\u0103<\/a><\/div>\n\n\n\n<p class=\"wp-block-paragraph\"><\/p>\n","protected":false},"excerpt":{"rendered":"<p>Email:\u00a0vladimir.cretulescu@unibuc.ro Studii: Doctor al Facult\u0103\u0163ii de Istorie din cadrul Universit\u0103\u0163ii Bucure\u015fti \u0219i al Centre Montesquieu de Recherches Politiques din cadrul Universit\u0103\u021bii din Bordeaux, cu o tez\u0103 interdisciplinar\u0103 \u00een regim de cotutel\u0103, \u00een domeniile Istorie \u0219i \u0218tiin\u021be Politice, intitulat\u0103: \u201eLes origines du discours identitaire Aroumian-Roumain (1770-1878) : la construction d\u2019une identit\u00e9 nationale\u201d (septembrie 2011 \u2013 martie [&hellip;]<\/p>\n","protected":false},"author":2,"featured_media":0,"parent":173,"menu_order":0,"comment_status":"closed","ping_status":"closed","template":"","meta":{"_crdt_document":"","jetpack_post_was_ever_published":false,"footnotes":""},"class_list":["post-3910","page","type-page","status-publish","hentry"],"jetpack_sharing_enabled":true,"jetpack_shortlink":"https:\/\/wp.me\/PaobZd-114","jetpack-related-posts":[],"_links":{"self":[{"href":"https:\/\/istorie.unibuc.ro\/facultate\/wp-json\/wp\/v2\/pages\/3910","targetHints":{"allow":["GET"]}}],"collection":[{"href":"https:\/\/istorie.unibuc.ro\/facultate\/wp-json\/wp\/v2\/pages"}],"about":[{"href":"https:\/\/istorie.unibuc.ro\/facultate\/wp-json\/wp\/v2\/types\/page"}],"author":[{"embeddable":true,"href":"https:\/\/istorie.unibuc.ro\/facultate\/wp-json\/wp\/v2\/users\/2"}],"replies":[{"embeddable":true,"href":"https:\/\/istorie.unibuc.ro\/facultate\/wp-json\/wp\/v2\/comments?post=3910"}],"version-history":[{"count":2,"href":"https:\/\/istorie.unibuc.ro\/facultate\/wp-json\/wp\/v2\/pages\/3910\/revisions"}],"predecessor-version":[{"id":16316,"href":"https:\/\/istorie.unibuc.ro\/facultate\/wp-json\/wp\/v2\/pages\/3910\/revisions\/16316"}],"up":[{"embeddable":true,"href":"https:\/\/istorie.unibuc.ro\/facultate\/wp-json\/wp\/v2\/pages\/173"}],"wp:attachment":[{"href":"https:\/\/istorie.unibuc.ro\/facultate\/wp-json\/wp\/v2\/media?parent=3910"}],"curies":[{"name":"wp","href":"https:\/\/api.w.org\/{rel}","templated":true}]}}