{"id":3908,"date":"2020-05-13T13:48:51","date_gmt":"2020-05-13T13:48:51","guid":{"rendered":"https:\/\/istorie.unibuc.ro\/?page_id=3908"},"modified":"2020-05-13T13:48:54","modified_gmt":"2020-05-13T13:48:54","slug":"asist-univ-dr-mihaela-marcu-bogan","status":"publish","type":"page","link":"https:\/\/istorie.unibuc.ro\/facultate\/departamente\/istorie-antica-arheologie-si-istoria-artei\/asist-univ-dr-mihaela-marcu-bogan\/","title":{"rendered":"Asist. univ. dr. Mihaela Marcu-Bogan"},"content":{"rendered":"\n<h2 class=\"wp-block-heading\"><strong>Educatie si formare<\/strong><\/h2>\n\n\n\n<p class=\"wp-block-paragraph\">2016 \u2013 Doctor \u00een Istorie la Universitatea Bucuresti, cu lucrarea: <em>Emporia grecesti in bazinul Marii Negre, sec.V I \u2013 I a. C.<\/em><\/p>\n\n\n\n<p class=\"wp-block-paragraph\">Studii Aprofundate: 1998-2001 &#8211; Universitatea din Neuchatel (Elvetia) &#8211; &nbsp;programul post-grad in Stiintele Antichitatii, \u201cLe contrat public dans l&#8217;Antiquit\u00e9 gr\u00e9co-romaine\u201d<\/p>\n\n\n\n<p class=\"wp-block-paragraph\">1992 \u2013 1997 &#8211; Licenta, Facultatea de Istorie, Universitatea Bucuresti<\/p>\n\n\n\n<h2 class=\"wp-block-heading\"><strong>Stagii de cercetare&nbsp;:<\/strong><\/h2>\n\n\n\n<ul class=\"wp-block-list\"><li>Scoala Franceza de Arheologie din Atena;<\/li><li>bursa in cadrul contingentului special pentru tarile Europei centrale si orientale acordata de Comisia federala de burse elvetiene pentru participarea la cursurile post-grad \u201cSph\u00e8re publique et sph\u00e8re priv\u00e9e dans l&#8217;Antiquit\u00e9 gr\u00e9co-romaine\u201d, organizat de Universitatea din Neuchatel si Universitatea din Lausanne.<\/li><\/ul>\n\n\n\n<h2 class=\"wp-block-heading\"><strong>Direc\u021bii de interes&nbsp;:<\/strong><\/h2>\n\n\n\n<ul class=\"wp-block-list\"><li>Istoria Greciei antice<\/li><li>Art\u0103 \u0219i arhitectur\u0103 greac\u0103 antic\u0103<\/li><li>Istoria economic\u0103 \u0219i social\u0103 a coloniilor grece\u0219ti<\/li><li>Epigrafie greac\u0103<\/li><\/ul>\n","protected":false},"excerpt":{"rendered":"<p>Educatie si formare 2016 \u2013 Doctor \u00een Istorie la Universitatea Bucuresti, cu lucrarea: Emporia grecesti in bazinul Marii Negre, sec.V I \u2013 I a. C. Studii Aprofundate: 1998-2001 &#8211; Universitatea din Neuchatel (Elvetia) &#8211; &nbsp;programul post-grad in Stiintele Antichitatii, \u201cLe contrat public dans l&#8217;Antiquit\u00e9 gr\u00e9co-romaine\u201d 1992 \u2013 1997 &#8211; Licenta, Facultatea de Istorie, Universitatea Bucuresti [&hellip;]<\/p>\n","protected":false},"author":2,"featured_media":0,"parent":173,"menu_order":0,"comment_status":"closed","ping_status":"closed","template":"","meta":{"_crdt_document":"","jetpack_post_was_ever_published":false,"footnotes":""},"class_list":["post-3908","page","type-page","status-publish","hentry"],"jetpack_sharing_enabled":true,"jetpack_shortlink":"https:\/\/wp.me\/PaobZd-112","jetpack-related-posts":[],"_links":{"self":[{"href":"https:\/\/istorie.unibuc.ro\/facultate\/wp-json\/wp\/v2\/pages\/3908","targetHints":{"allow":["GET"]}}],"collection":[{"href":"https:\/\/istorie.unibuc.ro\/facultate\/wp-json\/wp\/v2\/pages"}],"about":[{"href":"https:\/\/istorie.unibuc.ro\/facultate\/wp-json\/wp\/v2\/types\/page"}],"author":[{"embeddable":true,"href":"https:\/\/istorie.unibuc.ro\/facultate\/wp-json\/wp\/v2\/users\/2"}],"replies":[{"embeddable":true,"href":"https:\/\/istorie.unibuc.ro\/facultate\/wp-json\/wp\/v2\/comments?post=3908"}],"version-history":[{"count":1,"href":"https:\/\/istorie.unibuc.ro\/facultate\/wp-json\/wp\/v2\/pages\/3908\/revisions"}],"predecessor-version":[{"id":3909,"href":"https:\/\/istorie.unibuc.ro\/facultate\/wp-json\/wp\/v2\/pages\/3908\/revisions\/3909"}],"up":[{"embeddable":true,"href":"https:\/\/istorie.unibuc.ro\/facultate\/wp-json\/wp\/v2\/pages\/173"}],"wp:attachment":[{"href":"https:\/\/istorie.unibuc.ro\/facultate\/wp-json\/wp\/v2\/media?parent=3908"}],"curies":[{"name":"wp","href":"https:\/\/api.w.org\/{rel}","templated":true}]}}