{"id":3906,"date":"2020-05-13T13:47:41","date_gmt":"2020-05-13T13:47:41","guid":{"rendered":"https:\/\/istorie.unibuc.ro\/?page_id=3906"},"modified":"2020-05-13T13:47:44","modified_gmt":"2020-05-13T13:47:44","slug":"lect-univ-dr-alexandra-clara-tarlea","status":"publish","type":"page","link":"https:\/\/istorie.unibuc.ro\/facultate\/departamente\/istorie-antica-arheologie-si-istoria-artei\/lect-univ-dr-alexandra-clara-tarlea\/","title":{"rendered":"Lect. univ. dr. Alexandra Clara \u021a\u00e2rlea"},"content":{"rendered":"\n<p class=\"wp-block-paragraph\">Data na\u015fterii : 15.07.1974<\/p>\n\n\n\n<h2 class=\"wp-block-heading\"><strong>Studii<\/strong><\/h2>\n\n\n\n<p class=\"wp-block-paragraph\">1992-1996 : Facultatea de Cibernetic\u0103, Statistic\u0103 si Informatic\u0103 Economic\u0103, \u00een cadrul Academiei de Studii Economice Bucure\u015fti<\/p>\n\n\n\n<p class=\"wp-block-paragraph\">1997-2001 : Facultatea de Istorie, \u00een cadrul Universit\u0103\u0163ii Bucure\u015fti<\/p>\n\n\n\n<p class=\"wp-block-paragraph\">2001-2003 : studii aprofundate \u00een cadrul Catedrei de Istorie Antic\u0103 si Arheologie a Facult\u0103\u0163ii de Istorie<\/p>\n\n\n\n<p class=\"wp-block-paragraph\">2011 &#8211; Doctorat, sub conducerea prof. dr. Alexandru Vulpe, lucrarea cu titlul <em>Obiceiul depunerii \u00een zona cuprins\u0103 \u00eentre Tisa, Nistru \u015fi Mun\u0163ii Balcani (epoca bronzului \u015fi prima epoc\u0103 a fierului)<\/em><\/p>\n\n\n\n<h2 class=\"wp-block-heading\"><strong>Activitate profesional\u0103<\/strong><\/h2>\n\n\n\n<p class=\"wp-block-paragraph\">1.09.2001 &#8211; 1.12.2005 : asistent cercetare \u00een cadrul Institutului de Arheologie &#8222;Vasile P\u00e2rvan&#8221; ( 1.09.2001-1.03.2002 cu norma intreaga, ulterior cu jumatate de norma)<\/p>\n\n\n\n<p class=\"wp-block-paragraph\">1.03. 2002 &#8211; 16.02. 2004 : preparator \u00een cadrul Catedrei de Istorie Antic\u0103 si Arheologie, Facultatea de Istorie, Universitatea Bucure\u015fti<\/p>\n\n\n\n<p class=\"wp-block-paragraph\">16.02.2004-prezent: asistent \u00een cadrul Catedrei de Istorie Antic\u0103 si Arheologie, Facultatea de Istorie, Universitatea Bucure\u015fti<\/p>\n\n\n\n<ul class=\"wp-block-list\"><li>conducerea unor \u015fedin\u0163e cu participarea studen\u0163ilor \u015fi a unor cadre universitare \u00een calitate de membru CICSA ( Centrul de Istorie Comparat\u0103 a Societ\u0103\u0163ilor Antice)<\/li><li>participarea la \u015fantiere arheologice : Histria, jud. Constan\u0163a (campaniile 1998, 1999, 2002-2008); Giurgiu-Malu Ro\u015fu, jud. Giurgiu (campania 2000); Bistre\u0163, jud. Dolj (campania 2000); Pope\u015fti, jud. Giurgiu (campania 2000); Babadag, jud. Tulcea (campaniile 2002-2008); Ro\u015fia Montan\u0103, jud. Alba (campaniile 2003, 2004); Enisala, jud. Tulcea (2005-2006); Rotbav, jud. Bra\u015fov (campania 2007)<\/li><\/ul>\n\n\n\n<h2 class=\"wp-block-heading\"><strong>Stagii de formare \u0219i cercetare.<\/strong><\/h2>\n\n\n\n<p class=\"wp-block-paragraph\">2001: burs\u0103 de studii la Freie Univesit\u00e4t Berlin, Germania<\/p>\n\n\n\n<p class=\"wp-block-paragraph\">2002: burs\u0103 de cercetare la Freie Universit\u00e4t Berlin, Germania<\/p>\n\n\n\n<p class=\"wp-block-paragraph\">2004: burs\u0103 de cercetare la British Institute of Archaeology at Ankara<\/p>\n\n\n\n<p class=\"wp-block-paragraph\">2006: burs\u0103 de cercetare la University of Copenhagen, Danemarca<\/p>\n\n\n\n<p class=\"wp-block-paragraph\">2005-2008: participare la proiectul de excelen\u0163\u0103 &#8222;Studii de arheometalurgie folosind metode analitice nucleare asupra unor obiecte de aur, argint \u015fi bronz din patrimoniul muzeal rom\u00e2nesc (Archaeomet)&#8221; (parteneri Institutul de Fizic\u0103 Nuclear\u0103 &#8222;Horia Hulubei&#8221; Bucure\u015fti, Facultatea de Istorie Bucure\u015fti, Muzeul Na\u0163ional de Istorie a Rom\u00e2niei, Institutul de Arheologie &#8222;Vasile P\u00e2rvan&#8221; Bucure\u015fti)<\/p>\n\n\n\n<p class=\"wp-block-paragraph\">2007: burs\u0103 de cercetare la British Institute of Archaeology, Ankara, Turcia<\/p>\n\n\n\n<p class=\"wp-block-paragraph\">2008: burs\u0103 de cercetare la Freie Universit\u00e4t Berlin, Germania<\/p>\n\n\n\n<p class=\"wp-block-paragraph\">2008-2010: participare la proiectul de excelen\u0163\u0103 &#8222;Studii de arheometalurgie folosind metode analitice nucleare asupra unor obiecte de aur, argint \u015fi bronz din patrimoniul muzeal rom\u00e2nesc (Romarchaeomet)&#8221; (parteneri Institutul de Fizic\u0103 Nuclear\u0103 &#8222;Horia Hulubei&#8221; Bucure\u015fti, Facultatea de Istorie Bucure\u015fti, Muzeul Na\u0163ional de Istorie a Rom\u00e2niei, Institutul de Arheologie &#8222;Vasile P\u00e2rvan&#8221; Bucure\u015fti)<\/p>\n\n\n\n<p class=\"wp-block-paragraph\">2008: burs\u0103 de cercetare la Institutul Cultural Rom\u00e2n, Istanbul, Turcia<\/p>\n\n\n\n<h2 class=\"wp-block-heading\"><strong>Direc\u021bii de cercetare:<\/strong><\/h2>\n\n\n\n<ul class=\"wp-block-list\"><li>Arheologia epocii metalelor, arheologie clasic\u0103;<\/li><li>Arheometalurgie \u0219i arheometrie<\/li><li>Arheologie \u0219i antropologie alimentar\u0103<\/li><\/ul>\n\n\n\n<h2 class=\"wp-block-heading\"><strong>Publica\u0163ii:<\/strong><\/h2>\n\n\n\n<ul class=\"wp-block-list\"><li>G. Jug\u0103naru, S. Ailinc\u0103i, Al \u0162\u00e2rlea, <em>Noi considera\u0163ii privind fibulele descoperite \u00een aria<\/em> <em>culturii Babadag<\/em>, \u00een &#8222;Prinos lui Petre Diaconu&#8221;, Br\u0103ila, 2004, p. 131-137<\/li><li>Al. \u0162\u00e2rlea, <em>Playing by the Rules: Swords and Swordfighters in the Mycenaean Society<\/em>, Dacia XLVIII-XLIX, 2004-2005, p. 125-150<\/li><li>G. Jug\u0103naru, S. Ailinc\u0103i, Al. \u0162\u00e2rlea, M. Vernescu, <em>Enisala, jud. Tulcea (punct \u201ePalanca\u201d)<\/em>, Cronica cercet\u0103rilor arheologice din Rom\u00e2nia, CIMEC, 2006<\/li><li>G. Jug\u0103naru, S. Ailinc\u0103i, Al. \u0162\u00e2rlea, M. Vernescu, <em>Babadag, jud. Tulcea (punct \u201eCet\u0103\u0163uie\u201d)<\/em>, Cronica cercet\u0103rilor arheologice din Rom\u00e2nia, CIMEC, 2006<\/li><li>S. Ailinc\u0103i, G. Jug\u0103naru, Al. \u0162\u00e2rlea, M. Vernescu, <em>Early Iron Age Complexes with Human Remains from the Babadag Settlement, Tulcea County<\/em>, Peuce, 2007, 77-108<\/li><li>S. Ailinc\u0103i, G. Jug\u0103naru, Al. \u0162\u00e2rlea, M. Vernescu, <em>Complexe cu resturi umane din a\u015fezarea de la Babadag, jud. Tulcea<\/em>, \u00een \u201eOmagiu Florea Costea\u201d, 2007<\/li><li>G. Jug\u0103naru, S. Ailinc\u0103i, Al. \u0162\u00e2rlea, M. Vernescu, <em>Enisala, jud. Tulcea (punct \u201ePalanca\u201d)<\/em>, Cronica cercet\u0103rilor arheologice din Rom\u00e2nia, CIMEC, 2007<\/li><li>Al. \u0162\u00e2rlea, <em>The Concept of \u201eSelective Deposition\u201d<\/em>, Peuce, S.N. VI, 2008, 63-132<\/li><li><em>The Historical Bibliography of&nbsp; Dobrogea<\/em> (Bronze Age), Ligia Ruscu, C\u0103t\u0103lin Nicolae (coord.), parte a Historical Bibliography of the Black Sea Coast (on-line library), proiect coordonat de c\u0103tre British Institute of Archaeology at Ankara<\/li><li>Baze de date publice \u015fi site-uri de specialitate: Baza de date ARCHAEOMET; Baza de date ROMARCHAEOMET<\/li><li>\u0162\u00e2rlea, Alexandra, Florea, Mihai, Niculescu, Gheorghe, <em>At the End of the Line: Two \u00d6senring Hoards from Romania<\/em>, Dietrich, Laura, Dietrich, Oliver, Heeb, Bernhard, Szentmiklosi, Alexandru (ed.), <em>Aes aeterna. <\/em>Omagiu domnului Tudor Soroceanu, cu ocazia \u00eemplinirii a 65 de ani, Analele Banatului, S.N. 17, 2009, 307-335<\/li><li>\u0162\u00e2rlea, Alexandra, Popescu, Anca, <em>L\u2019arte dell\u2019oro e dell\u2019argento in Romania. Et\u00e1 del Bronzo e prima et\u00e1 del Ferro<\/em>, E. Oberl\u00e4nder-T\u00e2rnoveanu, L. Ungaro (ed.), Ori antichi della Romania. Prima e dopo Traiano, Silvana Editoriale, Milano, 2010, 47-52<\/li><li>\u0162\u00e2rlea, Alexandra, Florea, Mihai, <em>Hoards, Feasts and Travels. Possible social and economic responses to environment and landscape during Middle Bronze Age in NW Romania and NE Hungary<\/em>, Ailinc\u0103i, S. C., \u0162\u00e2rlea A., Micu C. (editori), <em>Din preistoria Dun\u0103rii de Jos. 50 de ani de la \u00eenceputul cercet\u0103rilor de la Babadag (1962-2012). Actele conferin\u0163ei \u201eLower Danube Prehistory \u2013 50 Years of Excavations at Babadag, Tulcea, <\/em><em>September<\/em><em> 20<sup>th<\/sup>-22<sup>th<\/sup><\/em>, Ed. Istros a Muzeului Br\u0103ilei, Br\u0103ila, 2013, 131-168<\/li><li>\u0162\u00e2rlea, Alexandra, T\u0103taru, Cristiana, Georgescu, Migdonia, Florea, Mihai, Balt\u0103, Zizi, <em>The Early Iron Age Treasure from Bra\u015fov<\/em>, Peuce S.N. 13, 2015, 45-90<\/li><li>Bottez, Valentin, Li\u0163u, Alexandra, \u0162\u00e2rlea, Alexandra, <em>Preliminary results of the excavations at Histria, the Acropolis Centre-South Sector (2013-2014)<\/em>, MCA S.N. 11, 2015, 157-191<\/li><li>\u0162\u00e2rlea, Alexandra, Cojocaru, Viorel, Constantinescu, Bogdan, Bugoi, Roxana, Florea, Mihai, <em>Considerations on the XRF analyses on selected prehistoric gold objects from the collections of the National Museum of Romanian History<\/em>, SCIVA 67, 1-2, 2016, 53-83<\/li><li>V\u00eelcu, Aurel, \u0162\u00e2rlea, Alexandra, <em>Descoperiri monetare recente la Histria (Sectorul Acropol\u0103 Centru-Sud)<\/em>, MCA 12, 2016, 159-166<\/li><li>\u0162\u00e2rlea, Alexandra, Popescu, Anca Diana, <em>Arta aurului \u015fi argintului pe teritoriul Rom\u00e2niei \u00een epoca bronzului \u015fi prima epoc\u0103 a fierului<\/em>, Comorile dacilor II. Capodopere ale artei aurului din Rom\u00e2nia din epoca bronzului p\u00e2n\u0103 \u00een epoca geto-dacic\u0103 (sec. XVII a.Chr. \u2013 sec. IV a.Chr.), Ploie\u015fti, 2010, 7-18<\/li><li>Ailinc\u0103i S. C., Jug\u0103naru G., \u0162\u00e2rlea A., Mihail F., Vernescu M., Ailinc\u0103i A., <em>Noi date referitoare la a\u015fezarea culturii Babadag de la Enisala\u2013Palanca, com. <\/em><em>Sarichioi, jud. Tulcea. Cercet\u0103rile arheologice din perioada 2003-2006<\/em>, Revista Arheologic\u0103 7, 1-2, Chi\u015fin\u0103u, 2011, 157-199<\/li><li>\u0162\u00e2rlea, Alexandra, Popescu, Anca, <em>Aurul \u015fi argintul \u00een epoca bronzului \u015fi prima epoc\u0103 a fierului<\/em>, R. Oan\u0163\u0103-Marghitu (ed.), Aurul \u015fi argintul antic al Rom\u00e2niei, Catalog de expozi\u0163ie, Muzeul Na\u0163ional de Istorie a Rom\u00e2niei, Bucure\u015fti, 2013, 48-63<\/li><li>\u0162\u00e2rlea, Alexandra, Anca-Diana Popescu, <em>Metalurgia \u015fi arta aurului \u00een preistorie<\/em>, Corina Bor\u015f, Oana Ilie (ed.), Civiliza\u0163ii suprapuse, Bucure\u015fti, 2016, 66-72<\/li><\/ul>\n","protected":false},"excerpt":{"rendered":"<p>Data na\u015fterii : 15.07.1974 Studii 1992-1996 : Facultatea de Cibernetic\u0103, Statistic\u0103 si Informatic\u0103 Economic\u0103, \u00een cadrul Academiei de Studii Economice Bucure\u015fti 1997-2001 : Facultatea de Istorie, \u00een cadrul Universit\u0103\u0163ii Bucure\u015fti 2001-2003 : studii aprofundate \u00een cadrul Catedrei de Istorie Antic\u0103 si Arheologie a Facult\u0103\u0163ii de Istorie 2011 &#8211; Doctorat, sub conducerea prof. dr. Alexandru Vulpe, [&hellip;]<\/p>\n","protected":false},"author":2,"featured_media":0,"parent":173,"menu_order":0,"comment_status":"closed","ping_status":"closed","template":"","meta":{"_crdt_document":"","jetpack_post_was_ever_published":false,"footnotes":""},"class_list":["post-3906","page","type-page","status-publish","hentry"],"jetpack_sharing_enabled":true,"jetpack_shortlink":"https:\/\/wp.me\/PaobZd-110","jetpack-related-posts":[],"_links":{"self":[{"href":"https:\/\/istorie.unibuc.ro\/facultate\/wp-json\/wp\/v2\/pages\/3906","targetHints":{"allow":["GET"]}}],"collection":[{"href":"https:\/\/istorie.unibuc.ro\/facultate\/wp-json\/wp\/v2\/pages"}],"about":[{"href":"https:\/\/istorie.unibuc.ro\/facultate\/wp-json\/wp\/v2\/types\/page"}],"author":[{"embeddable":true,"href":"https:\/\/istorie.unibuc.ro\/facultate\/wp-json\/wp\/v2\/users\/2"}],"replies":[{"embeddable":true,"href":"https:\/\/istorie.unibuc.ro\/facultate\/wp-json\/wp\/v2\/comments?post=3906"}],"version-history":[{"count":1,"href":"https:\/\/istorie.unibuc.ro\/facultate\/wp-json\/wp\/v2\/pages\/3906\/revisions"}],"predecessor-version":[{"id":3907,"href":"https:\/\/istorie.unibuc.ro\/facultate\/wp-json\/wp\/v2\/pages\/3906\/revisions\/3907"}],"up":[{"embeddable":true,"href":"https:\/\/istorie.unibuc.ro\/facultate\/wp-json\/wp\/v2\/pages\/173"}],"wp:attachment":[{"href":"https:\/\/istorie.unibuc.ro\/facultate\/wp-json\/wp\/v2\/media?parent=3906"}],"curies":[{"name":"wp","href":"https:\/\/api.w.org\/{rel}","templated":true}]}}