{"id":3582,"date":"2020-03-10T20:43:03","date_gmt":"2020-03-10T20:43:03","guid":{"rendered":"https:\/\/istorie.unibuc.ro\/?page_id=3582"},"modified":"2020-05-02T16:29:51","modified_gmt":"2020-05-02T16:29:51","slug":"conferinta-istorie-si-istorici-la-universitatea-din-bucuresti-dimensiuni-institutionale-proiecte-intelectuale-editia-a-ii-a-20-mai-2020","status":"publish","type":"page","link":"https:\/\/istorie.unibuc.ro\/facultate\/cercetare\/conferinte\/conferinta-istorie-si-istorici-la-universitatea-din-bucuresti-dimensiuni-institutionale-proiecte-intelectuale-editia-a-ii-a-20-mai-2020\/","title":{"rendered":"Conferin\u021ba \u201eIstorie \u0219i istorici la Universitatea din Bucure\u0219ti. Dimensiuni institu\u021bionale- proiecte intelectuale\u201d edi\u021bia a II-a, 20 mai 2020"},"content":{"rendered":"\n<p class=\"wp-block-paragraph\"><strong><span class=\"has-inline-color has-vivid-red-color\">Conferin\u021ba \u201eIstorie \u0219i istorici la Universitatea din Bucure\u0219ti. Dimensiuni institu\u021bionale- proiecte intelectuale\u201d edi\u021bia a II-a, 20 mai 2020 se anuleaz\u0103 urm\u00e2nd ca aceasta s\u0103 aib\u0103 loc atunci c\u00e2nd reglement\u0103rile na\u021bionale o vor permite. Mul\u021bumim pentru \u00een\u021belegere!<\/span><\/strong><\/p>\n\n\n\n<p class=\"wp-block-paragraph\"><\/p>\n\n\n\n<h2 class=\"wp-block-heading\"><strong>Descriere<\/strong><\/h2>\n\n\n\n<p class=\"wp-block-paragraph\">Universitatea din Bucure\u0219ti \u00eenc\u0103 de la crearea sa (1864) a reprezentat un\nfactor institu\u021bional decisiv \u00een conturarea spiritului public rom\u00e2nesc, a\ndezbaterilor intelectuale \u00een crearea modernit\u0103\u021bii rom\u00e2ne\u0219ti. Disciplin\u0103\n\u0219tiin\u021bific\u0103 cu un puternic impact \u0219i semnificativ\u0103 conectivitate ideologic\u0103,\n\u0219tiin\u021ba istoric\u0103 a reprezentat, al\u0103turi de literatur\u0103 \u0219i filozofie, un spa\u021biu\nal configur\u0103rii noii culturi politice rom\u00e2ne\u0219ti. \u0218tiin\u021ba istoric\u0103 rom\u00e2neasc\u0103,\ncu deosebire cea conturat\u0103 \u00een interiorul Universit\u0103\u021bii bucure\u0219tene, s-a\n\u00eencadrat pe un traseu determinat de necesitatea ob\u021binerii obiectivit\u0103\u021bii, la\n\u00eenceput prin \u0218coala critic\u0103 de la sf\u00e2r\u0219itul secolului XIX (Nicolae Iorga, Ioan\nBogdan, Dimitrie Onciul). La \u00eenceputul secolului XX \u0219tiin\u021ba istoric\u0103,\nconfigurat\u0103 institu\u021bional la Universitatea din Bucure\u0219ti, a corespuns\neforturilor modernit\u0103\u021bii de racordare la exigen\u021bele spa\u021biului european. \u00cen\nacest fel \u201dcoridoarele culturale\u201d \u00eentre Rom\u00e2nia \u0219i Occident au func\u021bionat\npermanent, men\u021bin\u00e2nd sincronismul \u0219colii istoriografice bucure\u0219tene cu cele mai\navansate \u0219coli din spa\u021biul european. Integrat\u0103 \u00een vastul efort al definitiv\u0103rii\nproiectului na\u021bional modern, \u0219tiin\u021ba istoric\u0103 rom\u00e2neasc\u0103, dezvoltat\u0103 \u00een cadrele\ninstitu\u021bionale ale Universit\u0103\u021bii din Bucure\u0219ti, a r\u0103mas, \u0219i dup\u0103 1918, marcat\u0103\nde provoc\u0103rile muta\u021biilor epistemice din lumea occidental\u0103 de la sf\u00e2r\u0219itul\nanilor \u201920 ai secolului trecut. Se poate spune c\u0103, prin reprezentan\u021bii s\u0103i\ninterbelici, Nicolae Iorga, dar mai ales cei ai noului val ata\u0219at \u201dNoii \u0218coli\nde Istorie\u201d, \u0219coala bucure\u0219tean\u0103 de istorie (prin Gheorghe Br\u0103tianu, Constantin\nC. Giurescu,&nbsp; Petre P. Panaitescu, Andrei\nO\u021betea) a asimilat, cu deosebire, imperativul asimil\u0103rii tematicilor \u0219i\nmetodelor istoriei culturale \u0219i sociale din Occident. Sincronizarea era \u00eens\u0103\ndublat\u0103 \u0219i de exigen\u021bele interne ale justific\u0103rii legitimit\u0103\u021bii statului\nna\u021bional-unitar, mai ales sub impactul acceler\u0103rii presiunilor istoriografiilor\ndin statele revizioniste. Astfel, \u0219coala istoric\u0103 de la Universitatea din\nBucure\u0219ti a stat at\u00e2t sub impactul sincroniz\u0103rii epistemice, c\u00e2t \u0219i sub acela,\nmult mai marcat ideologic, al justific\u0103rii, \u00een cheie de multe ori na\u021bionalist\u0103\na imperativelor politice aflate la ordinea zilei.<\/p>\n\n\n\n<p class=\"wp-block-paragraph\">Instaurarea violent\u0103 a regimului comunist a obligat \u0219coala istoric\u0103\nbucure\u0219tean\u0103 la asimilarea for\u021bat\u0103 a stalinismului, ca mod distorsionat de\naplicare a teoriilor de tip marxist. Regimul comunist a determinat \u0219i profunde\nmuta\u021bii de natur\u0103 institu\u021bional\u0103, prin epur\u0103ri, demasc\u0103ri publice, noi coduri\nistoriografice profund viciate ideologic. \u00cen pofida unui conformism ideologic\nevident, \u0219i existent \u00een grade diferite \u00een \u00eentreaga cultur\u0103 rom\u00e2n\u0103, \u0219coala\nistoric\u0103 de la Universitatea din Bucure\u0219ti a putut produce rezultate valide\nintelectual \u00een domenii cum ar fi arheologia greco-roman\u0103, studiul Evului Mediu\noccidental \u0219i a formelor medievalit\u0103\u021bii de la sud de Carpa\u021bi, geneza\nstatalit\u0103\u021bii rom\u00e2ne\u0219ti moderne, diversele paliere ale istoriei sociale,\nintelectuale \u0219i, mai ales, politice din secolele XIX \u0219i XX. Au fost dezvoltate\n\u0219i domenii de avangard\u0103, cum ar fi istoria imaginarului, teoria istoriei sau\nistoriografia. Regimul comunist a impus un control strict \u00een planul dinamicii\ninstitu\u021bionale \u0219i a referin\u021belor de natur\u0103 politic\u0103, marc\u00e2nd unele secven\u021be ale\nscrisului istoric, at\u00e2t conceptual, c\u00e2t \u0219i stilistic.<\/p>\n\n\n\n<p class=\"wp-block-paragraph\">Revolu\u021bia din decembrie 1989 a deschis posibilitatea unor muta\u021bii\nstructurale, at\u00e2t \u00een planul reconfigur\u0103rii institu\u021bionale, c\u00e2t, mai ales, a\nlibert\u0103\u021bii tematice, a reflec\u021biei personale dezinhibate ideologic. Integrarea\n\u00een sistemul Bologna (1999) a determinat noi modific\u0103ri \u00een actul de predare a\nistoriei, restructur\u0103ri ale traseului didactic at\u00e2t pentru studen\u021bi, c\u00e2t \u0219i\npentru cadrele universitare.<\/p>\n\n\n\n<h2 class=\"wp-block-heading\"><strong>Tematica\nedi\u021biei a II-a a Conferin\u021bei<\/strong><\/h2>\n\n\n\n<p class=\"wp-block-paragraph\">Succesul \u0219i aten\u021bia de care s-a bucurat prima edi\u021bie a\nConferin\u021bei <strong>Istorie \u0219i istorici la\nUniversitatea din Bucure\u0219ti<\/strong> sus\u021bin motivele organizatorilor de a continua\naceast\u0103 manifestare academic\u0103 prestigioas\u0103 \u0219i \u00een acest an. Conferin\u021ba din acest\nan \u00ee\u0219i propune continuarea cercet\u0103rii dimensiunilor \u0219colii istoriografice de la\nUniversitatea din Bucure\u0219ti, analiza muta\u021biilor de accent epistemic \u0219i\nideologic pe parcursul anilor 1864-1999, impactul presiunilor\npolitico-culturale ale regimurilor de dictatur\u0103 asupra scrisului istoric, dar\n\u0219i noua configura\u021bie a \u0219tiin\u021bei istorice dup\u0103 1989; o aten\u021bie special\u0103 va fi\nacordat\u0103 schimb\u0103rilor de natur\u0103 institu\u021bional\u0103, recrut\u0103rii cadrelor\nuniversitare, motiva\u021biilor de natur\u0103 politic\u0103, dar \u0219i a influen\u021belor exercitate\nde diversele grupuri de presiune intern\u0103 \u00een recompunerea personalului\nuniversitar \u00een perioada 1864-1999. \u00cen\u021belegerea \u0219tiin\u021bei istorice este\nvizualizat\u0103 nu doar ca&nbsp; instrument\nelitist al produc\u021biei \u0219tiin\u021bifice, c\u00e2t, mai ales, ca form\u0103 concret\u0103 a\ncontur\u0103rii\/\u0219i contest\u0103rii noilor coduri ideologico-culturale, cu puternic\nimpact public. Conferin\u021ba va privilegia discursurile istoriografice complexe,\n\u00een care se conexeaz\u0103 abord\u0103ri din zona \u0219tiin\u021bei istorice, a filozofiei,\nsociologiei, antropologiei culturale, istoriei \u0219i teoriei literare. <\/p>\n\n\n\n<h2 class=\"wp-block-heading\"><strong>Data\nconferin\u021bei &#8211; 20 mai 2020<\/strong><\/h2>\n\n\n\n<p class=\"wp-block-paragraph\">Conferin\u021ba se adreseaz\u0103 masteranzilor, doctoranzilor, cadrelor didactice\ndin interiorul Universit\u0103\u021bii Bucure\u0219ti, dar \u0219i din afara ei, tuturor celor\ninteresa\u021bi de studierea \u0219tiin\u021bei istorice \u0219i a grupului profesional al\nistoricilor de la UB, nu doar sub aspectele relativ neutre ale narativismului,\nc\u00e2t, \u00een mod deosebit, a cercet\u0103rii tuturor aspectelor men\u021bionate din\nperspectiva istoriei ideilor, a grupurilor culturale, a limbajelor aflate \u00een\nconflict.<\/p>\n\n\n\n<h2 class=\"wp-block-heading\"><strong>Condi\u021bii<\/strong><\/h2>\n\n\n\n<p class=\"wp-block-paragraph\">Participan\u021bii interesa\u021bi sunt ruga\u021bi\ns\u0103 trimit\u0103 un rezumat de aproximativ 300 de cuvinte, al\u0103turi de un scurt CV la\nadresa de email <strong>conference.history@unibuc.ro<\/strong>\np\u00e2n\u0103 la data de <strong>12 aprilie 2020.<\/strong><\/p>\n\n\n\n<p class=\"wp-block-paragraph\">Timpul alocat fiec\u0103rei comunic\u0103ri va\nfi de 20 de minute. Lucr\u0103rile sus\u021binute \u00een cadrul conferin\u021bei vor fi publicate\n\u00eentr-un volum colectiv publicat la Editura Universit\u0103\u021bii din Bucure\u0219ti. <\/p>\n\n\n\n<p class=\"wp-block-paragraph\"><strong>Nu se percepe tax\u0103 de participare.<\/strong><\/p>\n\n\n\n<h2 class=\"wp-block-heading\"><strong>Comitetul \u0219tiin\u021bific<\/strong><\/h2>\n\n\n\n<ul class=\"wp-block-list\"><li>Prof.\nuniv. dr. Adrian Cioroianu<\/li><li>Prof.\nuniv. dr. Bogdan Murgescu <\/li><li>Prof.\nuniv. dr. Florin Muller<\/li><li>Conf.\nuniv. dr. Florentina Ni\u021bu<\/li><\/ul>\n\n\n\n<h2 class=\"wp-block-heading\"><strong>Comitet\norganizatoric:<\/strong><\/h2>\n\n\n\n<ul class=\"wp-block-list\"><li>Conf.\nuniv. dr. Andrei Sora<\/li><li>Drd.\nDaniela Popescu <\/li><li>Drd.\nCasandra \u0218erban<\/li><li>Dr. Remus\nNic\u0103<\/li><li>Dr.\nDaniel Velicu <\/li><\/ul>\n","protected":false},"excerpt":{"rendered":"<p>Conferin\u021ba \u201eIstorie \u0219i istorici la Universitatea din Bucure\u0219ti. Dimensiuni institu\u021bionale- proiecte intelectuale\u201d edi\u021bia a II-a, 20 mai 2020 se anuleaz\u0103 urm\u00e2nd ca aceasta s\u0103 aib\u0103 loc atunci c\u00e2nd reglement\u0103rile na\u021bionale o vor permite. Mul\u021bumim pentru \u00een\u021belegere! Descriere Universitatea din Bucure\u0219ti \u00eenc\u0103 de la crearea sa (1864) a reprezentat un factor institu\u021bional decisiv \u00een conturarea spiritului [&hellip;]<\/p>\n","protected":false},"author":2,"featured_media":0,"parent":2397,"menu_order":0,"comment_status":"closed","ping_status":"closed","template":"","meta":{"_crdt_document":"","jetpack_post_was_ever_published":false,"footnotes":""},"class_list":["post-3582","page","type-page","status-publish","hentry"],"jetpack_sharing_enabled":true,"jetpack_shortlink":"https:\/\/wp.me\/PaobZd-VM","jetpack-related-posts":[],"_links":{"self":[{"href":"https:\/\/istorie.unibuc.ro\/facultate\/wp-json\/wp\/v2\/pages\/3582","targetHints":{"allow":["GET"]}}],"collection":[{"href":"https:\/\/istorie.unibuc.ro\/facultate\/wp-json\/wp\/v2\/pages"}],"about":[{"href":"https:\/\/istorie.unibuc.ro\/facultate\/wp-json\/wp\/v2\/types\/page"}],"author":[{"embeddable":true,"href":"https:\/\/istorie.unibuc.ro\/facultate\/wp-json\/wp\/v2\/users\/2"}],"replies":[{"embeddable":true,"href":"https:\/\/istorie.unibuc.ro\/facultate\/wp-json\/wp\/v2\/comments?post=3582"}],"version-history":[{"count":3,"href":"https:\/\/istorie.unibuc.ro\/facultate\/wp-json\/wp\/v2\/pages\/3582\/revisions"}],"predecessor-version":[{"id":3717,"href":"https:\/\/istorie.unibuc.ro\/facultate\/wp-json\/wp\/v2\/pages\/3582\/revisions\/3717"}],"up":[{"embeddable":true,"href":"https:\/\/istorie.unibuc.ro\/facultate\/wp-json\/wp\/v2\/pages\/2397"}],"wp:attachment":[{"href":"https:\/\/istorie.unibuc.ro\/facultate\/wp-json\/wp\/v2\/media?parent=3582"}],"curies":[{"name":"wp","href":"https:\/\/api.w.org\/{rel}","templated":true}]}}