{"id":356,"date":"2018-10-26T17:01:47","date_gmt":"2018-10-26T17:01:47","guid":{"rendered":"http:\/\/newhis.bucharest.university\/?page_id=356"},"modified":"2025-06-19T12:50:08","modified_gmt":"2025-06-19T12:50:08","slug":"campus","status":"publish","type":"page","link":"https:\/\/istorie.unibuc.ro\/facultate\/studenti\/campus\/","title":{"rendered":"Tabere"},"content":{"rendered":"\n<p class=\"wp-block-paragraph\"><strong>TABERE STUDEN\u021aE\u0218TI \u2013 VARA 2025<\/strong><\/p>\n\n\n\n<div class=\"wp-block-file\"><a id=\"wp-block-file--media-791cdbd3-07f7-46f6-9737-c5ae23be9203\" href=\"https:\/\/istorie.unibuc.ro\/wp-content\/uploads\/2025\/06\/Repartizare-tabere_18.06.2025.pdf\" target=\"_blank\" rel=\"noreferrer noopener\">Repartizare tabere_18.06.2025<\/a><a href=\"https:\/\/istorie.unibuc.ro\/wp-content\/uploads\/2025\/06\/Repartizare-tabere_18.06.2025.pdf\" class=\"wp-block-file__button wp-element-button\" download aria-describedby=\"wp-block-file--media-791cdbd3-07f7-46f6-9737-c5ae23be9203\">Descarc\u0103<\/a><\/div>\n\n\n\n<p class=\"wp-block-paragraph\">\u0218edin\u021ba Comisiei de selec\u021bie cu studen\u0163ii \u00eenscri\u0219i pentru un loc \u00een taberele studen\u021be\u0219ti va avea loc \u00een data de 18.06.2025, ora 14.30.<\/p>\n\n\n\n<p class=\"wp-block-paragraph\"> Prezen\u021ba studen\u021bilor care au f\u0103cut cerere pentru un loc \u00een taberele studen\u021be\u0219ti \u0219i au fost declara\u021bi eligibili este obligatorie (pentru to\u021bi studen\u0163ii eligibili), Absen\u021ba de la aceast\u0103 \u0219edin\u021b\u0103 duce automat la pierderea locului ob\u021binut \u00een clasament.<\/p>\n\n\n\n<p class=\"wp-block-paragraph\">Link video (va fi deschis la 14.25):&nbsp;<a href=\"https:\/\/meet.google.com\/cdo-fwbg-hrm\" target=\"_blank\" rel=\"noreferrer noopener\">https:\/\/meet.google.com\/cdo-fwbg-hrm<\/a><\/p>\n\n\n\n<hr class=\"wp-block-separator has-alpha-channel-opacity\"\/>\n\n\n\n<p class=\"wp-block-paragraph\"><strong>Cererile se pot depune &nbsp;\u00een perioada 05.05. &#8211; 02.06.2025 prin e-mail pe adresa secretarei de an.<\/strong><\/p>\n\n\n\n<p class=\"wp-block-paragraph\">Cererile semnate de studen\u021bi, vor fi \u00eenso\u021bite de documentele justificative care atest\u0103 situa\u021bia rezultatelor deosebite ob\u021binute la \u00eenv\u0103\u021b\u0103tur\u0103, implicarea \u00een activit\u0103\u021bi extracurriculare sau \u00eencadrarea studentului \u00een unul dintre cazurile sociale prev\u0103zute la art. 5 alin. (1) lit. a) \u0219i vor primi un num\u0103r de \u00eenregistrare de la secretariatul facult\u0103\u021bii;<\/p>\n\n\n\n<p class=\"wp-block-paragraph\"><strong>Calendar Tabere, Universitatea din Bucure\u0219ti<\/strong><\/p>\n\n\n\n<div class=\"wp-block-file\"><a id=\"wp-block-file--media-e0b1e68f-50c7-44df-a629-e9bd4899aa3d\" href=\"https:\/\/istorie.unibuc.ro\/wp-content\/uploads\/2025\/04\/Calendar-desfasurare-TS-2025.pdf\" target=\"_blank\" rel=\"noreferrer noopener\">Calendar desfasurare TS 2025<\/a><a href=\"https:\/\/istorie.unibuc.ro\/wp-content\/uploads\/2025\/04\/Calendar-desfasurare-TS-2025.pdf\" class=\"wp-block-file__button wp-element-button\" download aria-describedby=\"wp-block-file--media-e0b1e68f-50c7-44df-a629-e9bd4899aa3d\">Descarc\u0103<\/a><\/div>\n\n\n\n<p class=\"wp-block-paragraph\"><strong>Metodologie Tabere. 2025<\/strong><\/p>\n\n\n\n<div class=\"wp-block-file\"><a id=\"wp-block-file--media-882e6682-b3c2-4884-b54f-0dcd82a98c28\" href=\"https:\/\/istorie.unibuc.ro\/wp-content\/uploads\/2025\/04\/Metodologie-Tabere-studentesti-2025-MO-Partea-I-nr.-1320Bis.pdf\" target=\"_blank\" rel=\"noreferrer noopener\">Metodologie Tabere studentesti 2025 MO Partea I nr. 1320Bis<\/a><a href=\"https:\/\/istorie.unibuc.ro\/wp-content\/uploads\/2025\/04\/Metodologie-Tabere-studentesti-2025-MO-Partea-I-nr.-1320Bis.pdf\" class=\"wp-block-file__button wp-element-button\" download aria-describedby=\"wp-block-file--media-882e6682-b3c2-4884-b54f-0dcd82a98c28\">Descarc\u0103<\/a><\/div>\n\n\n\n<p class=\"wp-block-paragraph\"><strong>Perioade derulare tabere<\/strong><\/p>\n\n\n\n<div class=\"wp-block-file\"><a id=\"wp-block-file--media-5ec69eb2-4af5-44c3-8620-e5dcf63e619c\" href=\"https:\/\/istorie.unibuc.ro\/wp-content\/uploads\/2025\/04\/Perioade-derulare-tabere.pdf\" target=\"_blank\" rel=\"noreferrer noopener\">Perioade derulare tabere<\/a><a href=\"https:\/\/istorie.unibuc.ro\/wp-content\/uploads\/2025\/04\/Perioade-derulare-tabere.pdf\" class=\"wp-block-file__button wp-element-button\" download aria-describedby=\"wp-block-file--media-5ec69eb2-4af5-44c3-8620-e5dcf63e619c\">Descarc\u0103<\/a><\/div>\n\n\n\n<p class=\"wp-block-paragraph\"><strong>Cerere individual\u0103<\/strong>&nbsp;pentru ocuparea unui loc \u00een cadrul taberelor studen\u021be\u0219ti (Anexa 4)<\/p>\n\n\n\n<div class=\"wp-block-file\"><a id=\"wp-block-file--media-6a75b5a0-5e37-4b0e-98b1-8ba4f56b9130\" href=\"https:\/\/istorie.unibuc.ro\/wp-content\/uploads\/2025\/04\/Anexa-4-la-metodologie-TS.docx\">Anexa 4 la metodologie TS<\/a><a href=\"https:\/\/istorie.unibuc.ro\/wp-content\/uploads\/2025\/04\/Anexa-4-la-metodologie-TS.docx\" class=\"wp-block-file__button wp-element-button\" download aria-describedby=\"wp-block-file--media-6a75b5a0-5e37-4b0e-98b1-8ba4f56b9130\">Descarc\u0103<\/a><\/div>\n\n\n\n<p class=\"wp-block-paragraph\"><strong>Num\u0103rul de locuri<\/strong>:<\/p>\n\n\n\n<div class=\"wp-block-file\"><a id=\"wp-block-file--media-5e7a7a90-8d76-4125-83fc-5489f1ba0a72\" href=\"https:\/\/istorie.unibuc.ro\/wp-content\/uploads\/2025\/06\/locuri-tabere-Istorie-site.pdf\" target=\"_blank\" rel=\"noreferrer noopener\">locuri tabere Istorie <\/a><a href=\"https:\/\/istorie.unibuc.ro\/wp-content\/uploads\/2025\/06\/locuri-tabere-Istorie-site.pdf\" class=\"wp-block-file__button wp-element-button\" download aria-describedby=\"wp-block-file--media-5e7a7a90-8d76-4125-83fc-5489f1ba0a72\">Descarc\u0103<\/a><\/div>\n\n\n\n<p class=\"wp-block-paragraph\">Comisia de selec\u021bie a studen\u021bilor beneficiari se va \u00eentruni online data de joi, 5 iunie 2025, ora 12:30, <\/p>\n\n\n\n<p class=\"wp-block-paragraph\"><strong>Comisie de selec\u021bie a studen\u021bilor beneficiari:<\/strong><\/p>\n\n\n\n<div class=\"wp-block-group\"><div class=\"wp-block-group__inner-container is-layout-constrained wp-block-group-is-layout-constrained\">\n<p class=\"wp-block-paragraph\">Prodecan conf. univ. dr. Andrei Florin Sora<\/p>\n\n\n\n<p class=\"wp-block-paragraph\">Secretar \u0219ef Luciana Agop\u0219a<\/p>\n\n\n\n<p class=\"wp-block-paragraph\">Student Albert-Alexandru L\u0103z\u0103rescu<\/p>\n<\/div><\/div>\n\n\n\n<p class=\"wp-block-paragraph\"><strong>Comisie de solu\u021bionare a contesta\u021biilor:<\/strong><\/p>\n\n\n\n<p class=\"wp-block-paragraph\">Prodecan lect. univ. dr. Bogdan Antoniu<\/p>\n\n\n\n<p class=\"wp-block-paragraph\">Secretar Daniela Manole<\/p>\n\n\n\n<p class=\"wp-block-paragraph\">Student Petre Darius<\/p>\n\n\n\n<div class=\"wp-block-file\"><a id=\"wp-block-file--media-a8830e6f-b520-49f3-95ba-8c89770e79b7\" href=\"https:\/\/istorie.unibuc.ro\/wp-content\/uploads\/2025\/06\/Lista-studenti-si-masteranzi-tabere-2025-site.pdf\" target=\"_blank\" rel=\"noreferrer noopener\">Lista studenti si masteranzi care au depus cerere &#8211;  tabere 2025  site<\/a><a href=\"https:\/\/istorie.unibuc.ro\/wp-content\/uploads\/2025\/06\/Lista-studenti-si-masteranzi-tabere-2025-site.pdf\" class=\"wp-block-file__button wp-element-button\" download aria-describedby=\"wp-block-file--media-a8830e6f-b520-49f3-95ba-8c89770e79b7\">Descarc\u0103<\/a><\/div>\n\n\n\n<div class=\"wp-block-file\"><a id=\"wp-block-file--media-fabb4c24-9a50-4b90-8fe2-08517fb61a81\" href=\"https:\/\/istorie.unibuc.ro\/wp-content\/uploads\/2025\/06\/PV-studenti-si-masteranzi-tabere-2025-site.pdf\" target=\"_blank\" rel=\"noreferrer noopener\">PV studenti si masteranzi tabere 2025 site<\/a><a href=\"https:\/\/istorie.unibuc.ro\/wp-content\/uploads\/2025\/06\/PV-studenti-si-masteranzi-tabere-2025-site.pdf\" class=\"wp-block-file__button wp-element-button\" download aria-describedby=\"wp-block-file--media-fabb4c24-9a50-4b90-8fe2-08517fb61a81\">Descarc\u0103<\/a><\/div>\n\n\n\n<p class=\"wp-block-paragraph\"><\/p>\n","protected":false},"excerpt":{"rendered":"<p>TABERE STUDEN\u021aE\u0218TI \u2013 VARA 2025 \u0218edin\u021ba Comisiei de selec\u021bie cu studen\u0163ii \u00eenscri\u0219i pentru un loc \u00een taberele studen\u021be\u0219ti va avea loc \u00een data de 18.06.2025, ora 14.30. Prezen\u021ba studen\u021bilor care au f\u0103cut cerere pentru un loc \u00een taberele studen\u021be\u0219ti \u0219i au fost declara\u021bi eligibili este obligatorie (pentru to\u021bi studen\u0163ii eligibili), Absen\u021ba de la aceast\u0103 \u0219edin\u021b\u0103 [&hellip;]<\/p>\n","protected":false},"author":2,"featured_media":0,"parent":353,"menu_order":0,"comment_status":"closed","ping_status":"closed","template":"","meta":{"_crdt_document":"","jetpack_post_was_ever_published":false,"footnotes":""},"class_list":["post-356","page","type-page","status-publish","hentry"],"jetpack_sharing_enabled":true,"jetpack_shortlink":"https:\/\/wp.me\/PaobZd-5K","jetpack-related-posts":[],"_links":{"self":[{"href":"https:\/\/istorie.unibuc.ro\/facultate\/wp-json\/wp\/v2\/pages\/356","targetHints":{"allow":["GET"]}}],"collection":[{"href":"https:\/\/istorie.unibuc.ro\/facultate\/wp-json\/wp\/v2\/pages"}],"about":[{"href":"https:\/\/istorie.unibuc.ro\/facultate\/wp-json\/wp\/v2\/types\/page"}],"author":[{"embeddable":true,"href":"https:\/\/istorie.unibuc.ro\/facultate\/wp-json\/wp\/v2\/users\/2"}],"replies":[{"embeddable":true,"href":"https:\/\/istorie.unibuc.ro\/facultate\/wp-json\/wp\/v2\/comments?post=356"}],"version-history":[{"count":15,"href":"https:\/\/istorie.unibuc.ro\/facultate\/wp-json\/wp\/v2\/pages\/356\/revisions"}],"predecessor-version":[{"id":18842,"href":"https:\/\/istorie.unibuc.ro\/facultate\/wp-json\/wp\/v2\/pages\/356\/revisions\/18842"}],"up":[{"embeddable":true,"href":"https:\/\/istorie.unibuc.ro\/facultate\/wp-json\/wp\/v2\/pages\/353"}],"wp:attachment":[{"href":"https:\/\/istorie.unibuc.ro\/facultate\/wp-json\/wp\/v2\/media?parent=356"}],"curies":[{"name":"wp","href":"https:\/\/api.w.org\/{rel}","templated":true}]}}