{"id":3,"date":"2018-10-24T20:48:03","date_gmt":"2018-10-24T20:48:03","guid":{"rendered":"http:\/\/newhis.bucharest.university\/?page_id=3"},"modified":"2022-10-13T08:35:46","modified_gmt":"2022-10-13T08:35:46","slug":"informare-privind-cookie-urile","status":"publish","type":"page","link":"https:\/\/istorie.unibuc.ro\/facultate\/informare-privind-cookie-urile\/","title":{"rendered":"Informare privind cookie-urile"},"content":{"rendered":"<p><strong>INFORMARE PRIVIND PRELUCRAREA DATELOR CU CARACTER PERSONAL PRIN INTERMEDIUL FI\u0218IERELOR DE TIP COOKIE<\/strong><\/p>\n<p>Deoarece asigurarea protec\u021biei dumneavoastr\u0103 \u00een ceea ce prive\u0219te prelucrarea datelor cu caracter personal, reprezint\u0103 pentru noi un obiectiv extrem de important, am depus toate diligen\u021bele necesare pentru a ne conforma standardelor impuse prin Regulamentul UE 2016\/679 (\u201eRegulamentul\u201d).<\/p>\n<ol>\n<li><strong>Datele de identificare ale Operatorului<\/strong><\/li>\n<\/ol>\n<p>Operatorul de date este Universitatea din Bucure\u0219ti (\u201e<strong>Operatorul<\/strong>\u201d sau \u201e<strong>Universitatea<\/strong>\u201d) cu sediul \u00een Bucure\u0219ti, \u0218oseaua Panduri nr. 90, sectorul 5, cod po\u0219tal 050663. Totodat\u0103, pentru orice solicitare privind prelucrarea datelor cu caracter personal, Operatorul poate fi contactat la adresa de e-mail dpo@unibuc.ro, la num\u0103rul de telefon +40213059730.<\/p>\n<ol start=\"2\">\n<li><strong>Fi\u0219ierele cookie<\/strong>\n<ul>\n<li>Ce sunt?<\/li>\n<\/ul>\n<\/li>\n<\/ol>\n<p>Site-ul www.unibuc.ro folose\u0219te a\u0219a-numitele \u201efi\u0219iere cookie\u201d. Fi\u0219ierele cookie sunt fi\u0219iere text de mici dimensiuni care sunt stocate \u00een memoria terminalului dumneavoastr\u0103 prin intermediul browser-ului. Acestea stocheaz\u0103 anumite informa\u021bii (de ex. limba preferat\u0103 sau set\u0103rile website-ului) pe care browser-ul le poate retransmite nou\u0103 (\u00een func\u021bie de durata de via\u021b\u0103 a fi\u0219ierului cookie) la urm\u0103toarea vizit\u0103 pe site-ul Universit\u0103\u021bii.<\/p>\n<ul>\n<li>Ce fi\u0219iere cookie folosim?<\/li>\n<\/ul>\n<table width=\"690\">\n<tbody>\n<tr>\n<td width=\"113\"><strong>Cine plaseaz\u0103 cookie<\/strong><\/td>\n<td width=\"89\"><strong>Nume cookie<\/strong><\/td>\n<td width=\"100\"><strong>Furnizor<\/strong><\/td>\n<td width=\"84\"><strong>Valabilitatea cookie-ului\/ durata de viata<\/strong><\/td>\n<td width=\"161\"><strong>Scopul general al procesarii<\/strong><\/td>\n<td width=\"142\"><strong>Sursa<\/strong><\/td>\n<\/tr>\n<tr>\n<td width=\"113\">www.unibuc.ro<\/td>\n<td width=\"89\">__cfduid<\/td>\n<td width=\"100\">mailerlite.com<\/td>\n<td width=\"84\">1 an<\/td>\n<td width=\"161\">Folosit \u00een re\u021beaua, Cloudflare, pentru a identifica traficul web de \u00eencredere.<\/td>\n<td width=\"142\">https:\/\/static.mailerlite.com<\/td>\n<\/tr>\n<tr>\n<td width=\"113\">www.unibuc.ro<\/td>\n<td width=\"89\">wfvt_#<\/td>\n<td width=\"100\">unibuc.ro<\/td>\n<td width=\"84\">sesiune<\/td>\n<td width=\"161\">\u00ce\u0219i aminte\u0219te datele trimise de utilizator c\u00e2nd trimite un comentariu \u00eentr-un articol de pe site. Scopul acestuia este de a auto-popula c\u00e2mpurile cu informa\u021bii ulterioare, pentru a economisi timp pentru utilizator.<\/td>\n<td width=\"142\">Script tag<\/td>\n<\/tr>\n<tr>\n<td width=\"113\">www.unibuc.ro<\/td>\n<td width=\"89\">_ga<\/td>\n<td width=\"100\">unibuc.ro<\/td>\n<td width=\"84\">2 ani<\/td>\n<td width=\"161\">\u00cenregistreaz\u0103 un cod unic care este utilizat pentru a genera date statistice despre modul \u00een care este utilizat pentru a genera date statistice despre modul \u00een care vizitat este utilizat pentru a genera date statistice despre modul \u00een care vizitatorul folose\u0219te site-ul web.<\/td>\n<td width=\"142\">Script \u00een linie<\/td>\n<\/tr>\n<tr>\n<td width=\"113\">www.unibuc.ro<\/td>\n<td width=\"89\">_gat<\/td>\n<td width=\"100\">unibuc.ro<\/td>\n<td width=\"84\">sesiune<\/td>\n<td width=\"161\">Folosit de Google Analytics pentru a controla rata de acces\u0103ri.<\/td>\n<td width=\"142\">Script \u00een linie<\/td>\n<\/tr>\n<tr>\n<td width=\"113\">www.unibuc.ro<\/td>\n<td width=\"89\">_gid<\/td>\n<td width=\"100\">unibuc.ro<\/td>\n<td width=\"84\">sesiune<\/td>\n<td width=\"161\">\u00cenregistreaz\u0103 un cod unic care este utilizat pentru a genera date statistice despre modul \u00een care vizitatorul folose\u0219te site-ul web.<\/td>\n<td width=\"142\">Script \u00een linie<\/td>\n<\/tr>\n<tr>\n<td width=\"113\">www.unibuc.ro<\/td>\n<td width=\"89\">ads\/ga-audiences<\/td>\n<td width=\"100\">google.com<\/td>\n<td width=\"84\">sesiune<\/td>\n<td width=\"161\">Utilizate de Google AdWords pentru a re-implica vizitatorii, este posibil s\u0103 se converteasc\u0103 \u00een clien\u021bi care se bazeaz\u0103 pe comportamentului online al vizitatorului de pe site-ul web.<\/td>\n<td width=\"142\">https:\/\/www.googe.com\/<\/td>\n<\/tr>\n<tr>\n<td width=\"113\">www.unibuc.ro<\/td>\n<td width=\"89\">impression.<\/p>\n<p>php\/#<\/td>\n<td width=\"100\">Facebook.com<\/td>\n<td width=\"84\">sesiune<\/td>\n<td width=\"161\">Folosit de Facebook pentru a \u00eenregistra impresiile prin butonul de conectare la Facebook.<\/td>\n<td width=\"142\">https:\/\/www.facebook.com<\/td>\n<\/tr>\n<tr>\n<td width=\"113\">www.unibuc.ro<\/td>\n<td width=\"89\">cookie_noticeaccepted<\/td>\n<td width=\"100\">unibuc.ro<\/td>\n<td width=\"84\">29 de zile<\/td>\n<td width=\"161\">neclasificat<\/td>\n<td width=\"142\">Script tag<\/td>\n<\/tr>\n<tr>\n<td width=\"113\">www.unibuc.ro<\/td>\n<td width=\"89\">wordfence_verifiedHuman<\/td>\n<td width=\"100\">unibuc.ro<\/td>\n<td width=\"84\">sesiune<\/td>\n<td width=\"161\">neclasificat<\/td>\n<td width=\"142\">sesiune<\/td>\n<\/tr>\n<\/tbody>\n<\/table>\n<ul>\n<li>Cookie-uri de la ter\u021bi<\/li>\n<\/ul>\n<p>\u00cen cadrul site-ului www.unibuc.ro, Universitatea utilizaz\u0103 Google Analytics \u0219i Google Tag Manager acestea fiind un serviciu de analiz\u0103 al Google Inc., 1600 Amphitheatre Parkway, Mountain View, CA 94043, Statele Unite (La care se va face \u00een continuare referin\u021b\u0103 sub denumirea \u201eGoogle\u201d).<\/p>\n<p>Google va analiza utilizarea site-ului www.unibuc.ro. Informa\u021biile colectate de Google \u00een leg\u0103tur\u0103 cu utilizarea de c\u0103tre dumneavoastr\u0103 a site-ului (de ex. URL aferent, paginile web vizitate de dumneavoastr\u0103, tipul dumneavoastr\u0103 de browser, set\u0103rile dumneavoastr\u0103 de limb\u0103, sistemul dumneavoastr\u0103 de operare, rezolu\u021bia ecranului, etc.) vor fi transmise \u00eentr-un server al Google din SUA, unde vor fi stocate \u0219i analizate. Rezultatele respective vor fi apoi puse la dispozi\u021bia Universit\u0103\u021bii \u00eentr-o form\u0103 pseudonimizat\u0103.<\/p>\n<p>V\u0103 pute\u021bi retrage consim\u021b\u0103m\u00e2ntul privind utilizarea analizei web \u00een orice moment, desc\u0103rc\u00e2nd \u0219i instal\u00e2nd<a href=\"https:\/\/tools.google.com\/dlpage\/gaoptout?hl=en-GB\">\u00a0Plug-in-ul pentru Browser Google furnizat.<\/a><\/p>\n<p>Mai multe informa\u021bii cu privire la Google Analytics sunt disponibile \u00een Termenii de utilizare Google Analytics, \u00een<a href=\"https:\/\/support.google.com\/analytics\/answer\/6004245?hl=en-GB\">\u00a0Orient\u0103rile privind protec\u021bia datelor \u0219i confiden\u021bialitate ale Google Analytics \u0219<\/a>i \u00een<a href=\"http:\/\/www.google.com\/intl\/en\/policies\/privacy\">\u00a0Politica de confiden\u021bialitate Google.<\/a><\/p>\n<p>\u00cen cadrul site-ului www.unibuc.ro sunt utilizate \u0219i fi\u0219iere cookie furnizate de Facebook, pentru mai multe informa\u021bii v\u0103 rug\u0103m s\u0103 accesa\u021bi: https:\/\/ro-ro.facebook.com\/policies\/cookies\/<\/p>\n<ol start=\"3\">\n<li><strong>Modificarea set\u0103rilor cookie-urilor<\/strong><\/li>\n<\/ol>\n<p>Majoritatea browserelor web permit controlul cookie-urilor prin set\u0103rile browserului. Pentru a afla mai multe despre utilizarea cookie-urilor, respectiv despre cum pute\u021bi vedea ce cookie-uri au fost instalate \u0219i cum s\u0103 le gestiona\u021bi \u0219i s\u0103 le \u0219terge\u021bi, utiliza\u021bi urm\u0103toarele linkuri:<\/p>\n<p><a href=\"https:\/\/support.microsoft.com\/ro-ro\/help\/17442\/windows-internet-explorer-delete-manage-cookies\">https:\/\/support.microsoft.com\/ro-ro\/help\/17442\/windows-internet-explorer-delete-manage-cookies<\/a><br \/>\n<a href=\"https:\/\/support.apple.com\/kb\/PH21411?locale=en_US&amp;viewlocale=ro_RO\">https:\/\/support.apple.com\/kb\/PH21411?locale=en_US&amp;viewlocale=ro_RO<\/a><br \/>\n<a href=\"https:\/\/support.google.com\/chrome\/answer\/95647?co=GENIE.Platform%3DDesktop&amp;hl=ro\">https:\/\/support.google.com\/chrome\/answer\/95647?co=GENIE.Platform%3DDesktop&amp;hl=ro<\/a><br \/>\n<a href=\"https:\/\/support.mozilla.org\/ro\/kb\/activarea-si-dezactivarea-cookie-urilor\">https:\/\/support.mozilla.org\/ro\/kb\/activarea-si-dezactivarea-cookie-urilor<\/a><\/p>\n<p>Este posibil ca anumite p\u0103r\u021bi ale site-ului unibuc.ro s\u0103 nu func\u021bioneze corect dac\u0103 a\u021bi dezactivat utilizarea fi\u0219ierelor cookie din browser.<\/p>\n","protected":false},"excerpt":{"rendered":"<p>INFORMARE PRIVIND PRELUCRAREA DATELOR CU CARACTER PERSONAL PRIN INTERMEDIUL FI\u0218IERELOR DE TIP COOKIE Deoarece asigurarea protec\u021biei dumneavoastr\u0103 \u00een ceea ce prive\u0219te prelucrarea datelor cu caracter personal, reprezint\u0103 pentru noi un obiectiv extrem de important, am depus toate diligen\u021bele necesare pentru a ne conforma standardelor impuse prin Regulamentul UE 2016\/679 (\u201eRegulamentul\u201d). Datele de identificare ale Operatorului [&hellip;]<\/p>\n","protected":false},"author":1,"featured_media":0,"parent":0,"menu_order":0,"comment_status":"closed","ping_status":"closed","template":"","meta":{"_crdt_document":"","jetpack_post_was_ever_published":false,"footnotes":""},"class_list":["post-3","page","type-page","status-publish","hentry"],"jetpack_sharing_enabled":true,"jetpack_shortlink":"https:\/\/wp.me\/PaobZd-3","jetpack-related-posts":[],"_links":{"self":[{"href":"https:\/\/istorie.unibuc.ro\/facultate\/wp-json\/wp\/v2\/pages\/3","targetHints":{"allow":["GET"]}}],"collection":[{"href":"https:\/\/istorie.unibuc.ro\/facultate\/wp-json\/wp\/v2\/pages"}],"about":[{"href":"https:\/\/istorie.unibuc.ro\/facultate\/wp-json\/wp\/v2\/types\/page"}],"author":[{"embeddable":true,"href":"https:\/\/istorie.unibuc.ro\/facultate\/wp-json\/wp\/v2\/users\/1"}],"replies":[{"embeddable":true,"href":"https:\/\/istorie.unibuc.ro\/facultate\/wp-json\/wp\/v2\/comments?post=3"}],"version-history":[{"count":4,"href":"https:\/\/istorie.unibuc.ro\/facultate\/wp-json\/wp\/v2\/pages\/3\/revisions"}],"predecessor-version":[{"id":10982,"href":"https:\/\/istorie.unibuc.ro\/facultate\/wp-json\/wp\/v2\/pages\/3\/revisions\/10982"}],"wp:attachment":[{"href":"https:\/\/istorie.unibuc.ro\/facultate\/wp-json\/wp\/v2\/media?parent=3"}],"curies":[{"name":"wp","href":"https:\/\/api.w.org\/{rel}","templated":true}]}}