{"id":2736,"date":"2019-07-05T08:44:46","date_gmt":"2019-07-05T08:44:46","guid":{"rendered":"https:\/\/istorie.unibuc.ro\/?page_id=2736"},"modified":"2022-05-03T04:04:01","modified_gmt":"2022-05-03T04:04:01","slug":"faq","status":"publish","type":"page","link":"https:\/\/istorie.unibuc.ro\/facultate\/admitere2026\/faq\/","title":{"rendered":"FAQ"},"content":{"rendered":"\n<h4 class=\"wp-block-heading\">Care au fost ultimele medii de admitere la cele 3 programe?<\/h4>\n\n\n\n<p class=\"wp-block-paragraph\">Ultimele medii de admitere (2021) la programele de studii universitare de licen\u021b\u0103 au fost:<\/p>\n\n\n\n<ul class=\"wp-block-list\"><li>ISTORIE \u2013 IF \u2013  LOCURI BUGET \u2013 media 7,73 \/ LOCURI TAX\u0102 \u2013 media 6,05;<\/li><li>ISTORIE \u2013 ID \u2013  LOCURI TAX\u0102 \u2013 media 6,05;<\/li><li>ISTORIA ARTEI &#8211; LOCURI BUGET \u2013 media 7,40 \/ LOCURI TAX\u0102 \u2013 media 6,11;<\/li><li>RELA\u021aII INTERNA\u021aIONALE \u0218I STUDII EUROPENE-  LOCURI BUGET \u2013 media 8,83\/  LOCURI TAX\u0102 \u2013 media 6,41;<\/li><\/ul>\n\n\n\n<h4 class=\"wp-block-heading\">Dac\u0103 m\u0103 \u00eenscriu la dou\u0103 programe de licen\u021b\u0103\/master trebuie s\u0103 pl\u0103tesc taxa de dou\u0103 ori?<\/h4>\n\n\n\n<p class=\"wp-block-paragraph\">Candida\u021bii care se vor depune dou\u0103 dosare trebuie s\u0103 achite taxa de admitere pentru fiecare dosar.<\/p>\n\n\n\n<h4 class=\"wp-block-heading\">Este nevoie de mai multe dosare de \u00eenscriere dac\u0103 decid s\u0103 aplic pentru mai multe programe?<\/h4>\n\n\n\n<p class=\"wp-block-paragraph\">Candida\u021bii care doresc s\u0103 se \u00eenscrie, concomitent, la mai multe programe de studii din cadrul Facult\u0103\u021bii de Istorie, vor depune dosar pentru fiecare program de studiu, cu precizarea c\u0103 dosarul cu actele originale se depune la prima op\u0163iune. <\/p>\n\n\n\n<h4 class=\"wp-block-heading\">Care sunt programele de studii ale FIUB?<\/h4>\n\n\n\n<p class=\"wp-block-paragraph\">Programele de studii universitare de licen\u021b\u0103:<br>     Istorie \u2013 IF <br>     Istorie \u2013 ID <br>     Istoria Artei &#8211; IF<br>     Rela\u021bii Interna\u021bionale \u0219i Studii Europene \u2013 IF<\/p>\n\n\n\n<p class=\"wp-block-paragraph\">Programele de studii universitare de master:<\/p>\n\n\n\n<ul class=\"wp-block-list\"><li>Istoria \u015fi Practica Rela\u0163iilor Interna\u0163ionale<\/li><li>Tehnici Diplomatice<\/li><li>Politic\u0103 \u0219i Societate \u00een Secolul XX<\/li><li>Istorie \u0219i Politic\u0103 Militar\u0103 \u00een Rom\u00e2nia (sec. XIX-XXI)<\/li><li>Studii Medievale<\/li><li>Interfe\u021be Culturale \u00een Preistorie \u0219i Antichitate<\/li><li>Istoria Artei \u015fi Filosofia Culturii<\/li><li>Istoria Comunismului \u00een Rom\u00e2nia<\/li><li>Istorie, Resurse Culturale \u0219i Patrimoniu \u00een Societatea Contemporan\u0103<\/li><li>Istoria Ideilor, Mentalit\u0103\u0163ilor \u015fi a Culturii de Mas\u0103 sec. XIX-XXI<\/li><li>Experimente  ale Modernit\u0103\u0163ii<\/li><\/ul>\n\n\n\n<h4 class=\"wp-block-heading\">\u00cen ce const\u0103 admiterea?<\/h4>\n\n\n\n<p class=\"wp-block-paragraph\">Admiterea la <strong>programele de licen\u021b\u0103<\/strong> const\u0103 \u00een:<br> 1. Scrisoare de inten\u021bie. Evaluarea se face pe baza calificativelor: admis, respins;<br> 2. Media ob\u021binut\u0103 la bacalaureat.<\/p>\n\n\n\n<h4 class=\"wp-block-heading\">Care este structura scrisorii de intentie &#8211; licen\u021b\u0103?<\/h4>\n\n\n\n<ol class=\"wp-block-list\"><li>Scurt\u0103 prezentare a candidatului (liceul urmat, materii preferate), inclusiv a eventualelor rezultate (olimpiade, activit\u0103\u021bi extra-curriculare) ob\u021binute\u00a0la disciplinele relevante pentru specializarea aleas\u0103.<\/li><li>Motiva\u021bia alegerii facult\u0103\u021bii\/specializ\u0103rii; pasiuni, domenii pentru care candidatul manifest\u0103 interes<\/li><li>A\u0219tept\u0103rile candidatului legate de evolu\u021bia sa profesional\u0103.<\/li><\/ol>\n\n\n\n<p class=\"wp-block-paragraph\">Textul va fi evaluat \u021bin\u00e2nd seama de:<\/p>\n\n\n\n<ol class=\"wp-block-list\"><li>Coeren\u021ba exprim\u0103rii \u0219i logica argument\u0103rii.<\/li><li>Corectitudinea gramatical\u0103.<\/li><li>Creativitate.<\/li><\/ol>\n\n\n\n<p class=\"wp-block-paragraph\"><\/p>\n\n\n\n<p class=\"wp-block-paragraph\">Admiterea la <strong>programele de master<\/strong> se face  pe baza mediei notelor ob\u0163inute la cele dou\u0103 probe obligatorii:<br>           \u2022  Scrisoare de inten\u021bie depus\u0103 \u00een dosarul de candidatur\u0103;<br>           \u2022  Sus\u0163inerea proiectului \u00een cadrul colocviului de admitere.<\/p>\n\n\n\n<h4 class=\"wp-block-heading\">Care este structura scrisorii de intentie &#8211; master?<\/h4>\n\n\n\n<p class=\"wp-block-paragraph\">1. Informa\u021bii despre candidat, studiile anterioare ale candidatului, experien\u021bele profesionale, stagiile de studiu sau de preg\u0103tire practic\u0103 anterioare;<\/p>\n\n\n\n<p class=\"wp-block-paragraph\">2. Tem\u0103\/Teme de studiu\/cercetare pe care candidatul \u00ee\u0219i propune s\u0103 le aprofundeze \u00een cadrul programului de master: inten\u021biile de studiu\/cercetare ale candidatului, motivele pentru alegerea unei (unor) teme de studiu \u0219i \/sau cercetare, lecturi\/metode de cercetare\/concepte proprii temei\/temelor propuse;<\/p>\n\n\n\n<p class=\"wp-block-paragraph\">3. Motivele pentru care candidatul a ales acest program de masterat; ce a\u0219tept\u0103ri are candidatul fa\u021b\u0103 de programul de masterat.<\/p>\n\n\n\n<h4 class=\"wp-block-heading\">Care este calendarul admiterii?<\/h4>\n\n\n\n<p class=\"wp-block-paragraph\"> <strong>Licen\u021b\u0103<\/strong>:<\/p>\n\n\n\n<ul class=\"wp-block-list\"><li>\u00censcrieri on-line: 01 &#8211; 20 iulie 2022 (p\u00e2n\u0103 la ora 12.00)<\/li><li>\u00censcrieri la Facultate: 11 &#8211; 20 iulie 2022 (\u00een afara zilelor de s\u00e2mb\u0103t\u0103 \u0219i duminic\u0103);<\/li><li>Evaluarea dosarelor: 21-22 iulie 2022;<\/li><li>Afi\u0219area rezultatelor: 22 iulie 2022;<\/li><li>Confirmare loc facultate: 25\u00a0\u2013 29 iulie 2022;<\/li><li>Afi\u0219area rezultatelor : 29 iulie 2022.<\/li><\/ul>\n\n\n\n<p class=\"wp-block-paragraph\"><strong> Master:<\/strong><\/p>\n\n\n\n<ul class=\"wp-block-list\"><li> \u00censcrieri online \u0219i fizic: 11 \u2013 20 iulie 2022;<\/li><li> Evaluare dosare \u0219i interviuri : 22 \u2013 25 iulie 2022;<\/li><li> Afi\u015farea rezultatelor provizorii: 27 iulie 2022;<\/li><li> Confirmare loc facultate: 27 \u2013 29 iulie 2022;<\/li><li> Afi\u0219are rezultate finale : 30 iulie 2022.<\/li><\/ul>\n\n\n\n<p class=\"wp-block-paragraph\"><strong>Program \u00eenscrieri<\/strong>:<br> LUNI &#8211; VINERI , orele  9.00 \u2013 14.00<br> S\u00c2MB\u0102TA &#8211; DUMINICA , orele  9.00 \u2013 12.00<\/p>\n\n\n\n<h4 class=\"wp-block-heading\">De ce acte am nevoie pentru dosar?<\/h4>\n\n\n\n<ul class=\"wp-block-list\"><li>Dosarul pentru admitere la programele de licen\u021b\u0103 trebuie s\u0103 con\u021bin\u0103:<\/li><li>Dosar plic;<\/li><li>Cerere de \u00eenscriere tip (se ob\u0163ine de la comisia de \u00eenscriere);<\/li><li>Diploma de Bacalaureat \u00een original \/ sau adeverin\u0163\u0103 provizorie \u00een original (sesiunea iulie 2022) pentru candida\u021bii care se \u00eenscriu la buget;<\/li><li>Copie xerox de pe Diploma de bacalaureat \/ sau de pe adeverin\u021ba provizorie (sesiunea iulie 2022), pentru candida\u021bii care se inscriu la tax\u0103;<\/li><li>Certificatul de na\u015ftere copie xerox;<\/li><li>Certificat de c\u0103s\u0103torie sau modificare a numelui, dac\u0103 este cazul;<\/li><li>Fotocopia c\u0103r\u0163ii de identitate;<\/li><li>Adeverin\u0163\u0103 medical\u0103 eliberat\u0103 recent, din care s\u0103 reias\u0103 c\u0103 viitorul student este apt pentru \u00eenscrierea la facultate (se ob\u021bine de la medicul de familie);<\/li><li>4 fotografii tip buletin<\/li><li>Chitan\u0163a cu taxa de admitere;<\/li><li>Scrisoare de inten\u0163ie.<\/li><\/ul>\n\n\n\n<p class=\"wp-block-paragraph\"><\/p>\n\n\n\n<p class=\"wp-block-paragraph\">Dosarul pentru admitere la programele de masterat trebuie s\u0103 con\u021bin\u0103:<\/p>\n\n\n\n<ul class=\"wp-block-list\"><li>Dosar plic;<\/li><li>Cerere de \u00eenscriere tip (ob\u0163inut\u0103 de la comisia de \u00eenscriere);<\/li><li>Diploma de Bacalaureat, <\/li><li>Diploma de Licen\u0163\u0103 (adeverin\u021b\u0103 de licen\u021b\u0103 pentru promo\u021bia 2022) \u00een original \/ copie xerox;<\/li><li> Certificatul de na\u015ftere \u00een original \/ copie xerox ;<\/li><li> Fotocopia c\u0103r\u0163ii de identitate;<\/li><li> Adeverin\u0163\u0103 medical\u0103 eliberat\u0103 recent;<\/li><li> Chitan\u0163a cu taxa de admitere;<\/li><li> 4 fotografii tip buletin;<\/li><li> Certificat de c\u0103s\u0103torie sau modificare a numelui, dac\u0103 este cazul. <\/li><\/ul>\n\n\n\n<h4 class=\"wp-block-heading\">Este nevoie ca documentele pentru dosar s\u0103 fie legalizate?<\/h4>\n\n\n\n<p class=\"wp-block-paragraph\">NU.Documentele de la dosar se depun \u00een copie xerox, mai pu\u021bin diploma\/ adeverin\u021b\u0103 de absolvire. (Copiile xerox se vor verifica cu documentele originale).<\/p>\n\n\n\n<h4 class=\"wp-block-heading\">Dac\u0103 p\u0103rin\u021bii sunt cadre didactice se pl\u0103te\u0219te taxa de \u00eenscriere?<\/h4>\n\n\n\n<p class=\"wp-block-paragraph\">Dac\u0103 p\u0103rin\u021bii\/sus\u021bin\u0103torii legali ai candida\u021bilor sunt cadre didactice, ace\u0219tia sunt scuti\u021bi de tax\u0103 la \u00eenscriere. Trebuie s\u0103 prezinte o  adeverin\u021b\u0103 din care s\u0103 rezulte calitatea de personal didactic sau didactic auxiliar, \u00een activitate sau pensionat.<\/p>\n\n\n\n<h4 class=\"wp-block-heading\">Ce cursuri voi studia la Facultatea de Istorie?<\/h4>\n\n\n\n<p class=\"wp-block-paragraph\">La Facultatea de Istorie se studiaz\u0103 o serie de discipline generale organizate cronologic (Preistoria general\u0103, Antichitatea oriental\u0103, greac\u0103 \u015fi roman\u0103, Istoria medieval\u0103, Istoria Bizan\u0163ului, Istoria modern\u0103, Istoria contemporan\u0103, Integrarea euro-atlantic\u0103, Istoria Rela\u021biilor Interna\u021bionale, Arheologia, \u015etiin\u0163ele speciale ale istoriei, Istoriografia), iar \u00eencep\u00e2nd cu anul al doilea de studiu sunt prev\u0103zute \u00een planul de \u00eenv\u0103\u021b\u0103m\u00e2nt cursuri dedicate unor tematici de specializare diverse, av\u00e2nd rolul de a-i ajuta pe absolven\u0163i s\u0103 \u00ee\u015fi aleag\u0103 direc\u021biile de aprofundare a cercet\u0103rii istorice. Direc\u0163iile de specializare alese cu aceast\u0103 ocazie vor fi continuate \u00een cadrul studiilor de master.<\/p>\n\n\n\n<h4 class=\"wp-block-heading\">Studen\u021bii primesc burse? Ce fel de burse?<\/h4>\n\n\n\n<p class=\"wp-block-paragraph\">Studen\u021bii pot beneficia de burs\u0103 de tip: social\u0103, de merit \u0219i medical\u0103.<\/p>\n\n\n\n<h4 class=\"wp-block-heading\">Facultatea de Istorie asigur\u0103 cazare \u00een c\u0103mine? Unde sunt aceste c\u0103mine \u0219i care este costul pe lun\u0103?<\/h4>\n\n\n\n<p class=\"wp-block-paragraph\">Facultatea asigur\u0103 cazare \u00een c\u0103mine, iar acestea sunt \u00een toate sectoarele Bucure\u0219tiului. Pentru mai multe informa\u021bii accesa\u021bi site-ul facult\u0103\u021bii pe link-ul: https:\/\/unibuc.ro\/student-ub\/campus\/camine-studentesti\/ <\/p>\n\n\n\n<h4 class=\"wp-block-heading\">Exist\u0103 facilit\u0103\u021bi pentru studiu \u00een str\u0103in\u0103tate?<\/h4>\n\n\n\n<p class=\"wp-block-paragraph\">Facultatea ofer\u0103 burse de studiu \u00een cadrul programului Erasmus+, cu durata de 1-2 semestre, derulate la mari universit\u0103\u021bi europene, precum \u0219i stagii de practic\u0103 Erasmus.<\/p>\n","protected":false},"excerpt":{"rendered":"<p>Care au fost ultimele medii de admitere la cele 3 programe? Ultimele medii de admitere (2021) la programele de studii universitare de licen\u021b\u0103 au fost: ISTORIE \u2013 IF \u2013 LOCURI BUGET \u2013 media 7,73 \/ LOCURI TAX\u0102 \u2013 media 6,05; ISTORIE \u2013 ID \u2013 LOCURI TAX\u0102 \u2013 media 6,05; ISTORIA ARTEI &#8211; LOCURI BUGET \u2013 [&hellip;]<\/p>\n","protected":false},"author":2,"featured_media":0,"parent":1824,"menu_order":0,"comment_status":"closed","ping_status":"closed","template":"","meta":{"_crdt_document":"","jetpack_post_was_ever_published":false,"footnotes":""},"class_list":["post-2736","page","type-page","status-publish","hentry"],"jetpack_sharing_enabled":true,"jetpack_shortlink":"https:\/\/wp.me\/PaobZd-I8","jetpack-related-posts":[],"_links":{"self":[{"href":"https:\/\/istorie.unibuc.ro\/facultate\/wp-json\/wp\/v2\/pages\/2736","targetHints":{"allow":["GET"]}}],"collection":[{"href":"https:\/\/istorie.unibuc.ro\/facultate\/wp-json\/wp\/v2\/pages"}],"about":[{"href":"https:\/\/istorie.unibuc.ro\/facultate\/wp-json\/wp\/v2\/types\/page"}],"author":[{"embeddable":true,"href":"https:\/\/istorie.unibuc.ro\/facultate\/wp-json\/wp\/v2\/users\/2"}],"replies":[{"embeddable":true,"href":"https:\/\/istorie.unibuc.ro\/facultate\/wp-json\/wp\/v2\/comments?post=2736"}],"version-history":[{"count":3,"href":"https:\/\/istorie.unibuc.ro\/facultate\/wp-json\/wp\/v2\/pages\/2736\/revisions"}],"predecessor-version":[{"id":9562,"href":"https:\/\/istorie.unibuc.ro\/facultate\/wp-json\/wp\/v2\/pages\/2736\/revisions\/9562"}],"up":[{"embeddable":true,"href":"https:\/\/istorie.unibuc.ro\/facultate\/wp-json\/wp\/v2\/pages\/1824"}],"wp:attachment":[{"href":"https:\/\/istorie.unibuc.ro\/facultate\/wp-json\/wp\/v2\/media?parent=2736"}],"curies":[{"name":"wp","href":"https:\/\/api.w.org\/{rel}","templated":true}]}}