{"id":2610,"date":"2019-06-12T18:32:34","date_gmt":"2019-06-12T18:32:34","guid":{"rendered":"https:\/\/istorie.unibuc.ro\/?page_id=2610"},"modified":"2019-10-09T13:32:45","modified_gmt":"2019-10-09T13:32:45","slug":"thirty-years-after-post-communism-democracy-and-illiberalism-in-central-and-eastern-europe","status":"publish","type":"page","link":"https:\/\/istorie.unibuc.ro\/facultate\/cercetare\/conferinte\/thirty-years-after-post-communism-democracy-and-illiberalism-in-central-and-eastern-europe\/","title":{"rendered":"Thirty Years After &#8211; Post Communism, Democracy and Illiberalism  in Central and Eastern Europe"},"content":{"rendered":"\n<div class=\"wp-block-image\"><figure class=\"alignright is-resized\"><img loading=\"lazy\" decoding=\"async\" data-attachment-id=\"3083\" data-permalink=\"https:\/\/istorie.unibuc.ro\/facultate\/cercetare\/conferinte\/thirty-years-after-post-communism-democracy-and-illiberalism-in-central-and-eastern-europe\/30years-poster_v2\/\" data-orig-file=\"https:\/\/i0.wp.com\/istorie.unibuc.ro\/wp-content\/uploads\/2019\/09\/30years-Poster_v2.jpg?fit=2953%2C4134&amp;ssl=1\" data-orig-size=\"2953,4134\" data-comments-opened=\"0\" data-image-meta=\"{&quot;aperture&quot;:&quot;0&quot;,&quot;credit&quot;:&quot;&quot;,&quot;camera&quot;:&quot;&quot;,&quot;caption&quot;:&quot;&quot;,&quot;created_timestamp&quot;:&quot;0&quot;,&quot;copyright&quot;:&quot;&quot;,&quot;focal_length&quot;:&quot;0&quot;,&quot;iso&quot;:&quot;0&quot;,&quot;shutter_speed&quot;:&quot;0&quot;,&quot;title&quot;:&quot;&quot;,&quot;orientation&quot;:&quot;0&quot;}\" data-image-title=\"30years-Poster_v2\" data-image-description=\"\" data-image-caption=\"\" data-medium-file=\"https:\/\/i0.wp.com\/istorie.unibuc.ro\/wp-content\/uploads\/2019\/09\/30years-Poster_v2.jpg?fit=214%2C300&amp;ssl=1\" data-large-file=\"https:\/\/i0.wp.com\/istorie.unibuc.ro\/wp-content\/uploads\/2019\/09\/30years-Poster_v2.jpg?fit=731%2C1024&amp;ssl=1\" src=\"https:\/\/i2.wp.com\/istorie.unibuc.ro\/wp-content\/uploads\/2019\/09\/30years-Poster_v2.jpg?fit=640%2C897&amp;ssl=1\" alt=\"\" class=\"wp-image-3083\" width=\"257\" height=\"360\" srcset=\"https:\/\/i0.wp.com\/istorie.unibuc.ro\/wp-content\/uploads\/2019\/09\/30years-Poster_v2.jpg?w=2953&amp;ssl=1 2953w, https:\/\/i0.wp.com\/istorie.unibuc.ro\/wp-content\/uploads\/2019\/09\/30years-Poster_v2.jpg?resize=214%2C300&amp;ssl=1 214w, https:\/\/i0.wp.com\/istorie.unibuc.ro\/wp-content\/uploads\/2019\/09\/30years-Poster_v2.jpg?resize=768%2C1075&amp;ssl=1 768w, https:\/\/i0.wp.com\/istorie.unibuc.ro\/wp-content\/uploads\/2019\/09\/30years-Poster_v2.jpg?resize=731%2C1024&amp;ssl=1 731w, https:\/\/i0.wp.com\/istorie.unibuc.ro\/wp-content\/uploads\/2019\/09\/30years-Poster_v2.jpg?w=1542&amp;ssl=1 1542w, https:\/\/i0.wp.com\/istorie.unibuc.ro\/wp-content\/uploads\/2019\/09\/30years-Poster_v2.jpg?w=2313&amp;ssl=1 2313w\" sizes=\"auto, (max-width: 257px) 100vw, 257px\" \/><\/figure><\/div>\n\n\n\n<p class=\"wp-block-paragraph\"><strong>Loc\nde desf\u0103\u015furare<\/strong>: Facultatea de Istorie a Universit\u0103\u021bii\ndin Bucure\u0219ti, bulevardul Regina Elisabeta, nr. 4-12, Bucure\u0219ti 030167, Rom\u00e2nia<\/p>\n\n\n\n<p class=\"wp-block-paragraph\"><strong>Data<\/strong>:\n&nbsp;09-11\noctombrie 2019<\/p>\n\n\n\n<p class=\"wp-block-paragraph\"><strong>Evenimentul:<\/strong> <strong>\u201eThirty\nYears After &#8211; Post Communism, Democracy and Illiberalism in Central and Eastern\nEurope\u201d<\/strong><\/p>\n\n\n\n<p class=\"wp-block-paragraph\">Facultatea de Istorie a\nUniversit\u0103\u021bii din Bucure\u0219ti \u0219i \u201eAsocia\u021bia Cooltura Nou\u0103 ne pas\u0103!\u201d, al\u0103turi de\npartenerii s\u0103i oficiali Dedeman \u0219i OMV-Petrom, v\u0103 invit\u0103 s\u0103 participa\u0163i la conferin\u021ba interna\u021bional\u0103<strong>:<\/strong> \u201eThirty Years After &#8211; Post Communism, Democracy and Illiberalism in\nCentral and Eastern Europe\u201d care va avea loc \u00een perioada 09-11 octombrie 2019 \u00een cadrul Facult\u0103\u021bii de\nIstorie a\nUniversit\u0103\u021bii din Bucure\u0219ti, bulevardul Regina Elisabeta, nr. 4-12.<\/p>\n\n\n\n<p class=\"wp-block-paragraph\">Conferin\u021ba \u201eThirty Years After &#8211; Post Communism,\nDemocracy and Illiberalism in Central and Eastern Europe\u201d va avea \u00een cele trei\nzile de desf\u0103\u0219urare prelegeri \u0219i dezbateri ale unor cercet\u0103tori \u0219i speciali\u0219ti at\u00e2t\ndin centrul \u0219i estul Europei c\u00e2t \u0219i din alte spa\u021bii europene \u0219i extra-europene\nprecum Fran\u021ba, Marea Britanie, Austria, Spania, Turcia, Statele Unite ale\nAmericii sau Canada, speciali\u0219ti de renume precum Daniel Chirot, Peter\nSiani-Davies, Oliver Jens Schmitt, Jos\u00e9 M. Faraldo \u0219i nu numai.<\/p>\n\n\n\n<p class=\"wp-block-paragraph\">Av\u00e2nd\n\u00een vedere faptul c\u0103 se \u00eemplinesc 30 de ani de la c\u0103derea regimurilor comuniste din\nspa\u021biul central \u0219i est european, evenimentul \u00ee\u0219i propune s\u0103 aduc\u0103 \u00een aten\u021bie o\nserie de tematici de analiz\u0103 a evenimentelor din 1989 \u0219i a perioadei\npost-comuniste precum: cauzele \u0219i consecin\u021bele c\u0103derii comunismului, perioada\nde tranzi\u021bie \u00een aceste spa\u021bii, organiza\u021biile \u0219i organismele interna\u021bionale\nprecum NATO sau Uniunea European\u0103 ca factori ai democratiz\u0103rii, dar \u0219i analize despre\nsocietatea civil\u0103, metamorfozele \u0219i rolul acesteia \u00een ultimele trei decenii. <\/p>\n\n\n\n<p class=\"wp-block-paragraph\">Evenimentul \u00ee\u0219i propune s\u0103 analizeze modul \u00een\ncare c\u0103derea comunismului \u0219i mo\u0219tenirea acestuia \u0219i-au l\u0103sat amprenta asupra\nevolu\u021biei \u021b\u0103rilor din Europa Central\u0103 \u0219i de Est \u00een ultimii 30 de ani. Totodat\u0103,\nconferin\u021ba \u00ee\u0219i propune s\u0103 abordeze \u0219i tendin\u021bele contemporane \u0219i cauzele\napari\u021biei unor regimuri cu influen\u021be iliberale \u00een aceast\u0103 zona. Seria\ndezbaterilor \u0219i prelegerilor \u00ee\u0219i propune abord\u0103ri bazate pe o cunoa\u0219tere\nmultidisciplinar\u0103 a ultimilor 30 de ani, dar \u0219i abord\u0103ri adiacente disciplinei\nistorie, precum din zona economic\u0103, a \u0219tiin\u021belor politice, a rela\u021biilor\ninterna\u021bionale, a istoriei culturale sau a sociologiei istorice. De asemenea, seria de evenimente din cadrul\nconferin\u021bei vizeaz\u0103 \u0219i dezbaterea tendin\u021belor actuale c\u0103tre illiberalism \u0219i\npopulism \u0219i caren\u021bele perioadei de tranzi\u021bie \u00een toate palierele \u0219i sectoarele\nsociale \u0219i economice.<\/p>\n\n\n\n<p class=\"wp-block-paragraph\">&nbsp;&nbsp;&nbsp;&nbsp;&nbsp;&nbsp;&nbsp;&nbsp;&nbsp;&nbsp;&nbsp; Evenimentul\nse va desf\u0103\u0219ura \u00een limba englez\u0103. Intrarea este liber\u0103.<\/p>\n\n\n\n<p class=\"wp-block-paragraph\">Pentru mai multe detalii\ndespre eveniment \u0219i despre programul conferin\u021bei pute\u021bi accesa&nbsp;&nbsp;&nbsp;&nbsp;&nbsp;&nbsp;&nbsp; &nbsp;site-ul Facult\u0103\u021bii de Istorie: <a href=\"https:\/\/bit.ly\/2ZovOBG\">https:\/\/bit.ly\/2ZovOBG<\/a><\/p>\n\n\n\n<p class=\"wp-block-paragraph\">V\u0103 a\u0219tept\u0103m!<\/p>\n\n\n\n<p class=\"wp-block-paragraph\"><strong>Persoana de contact: <\/strong><\/p>\n\n\n\n<p class=\"wp-block-paragraph\">Matei Gheboianu,<br>E-mail: matei.gheboianu@gmail.com<\/p>\n\n\n\n<p class=\"wp-block-paragraph\"><\/p>\n\n\n\n<h2 class=\"wp-block-heading\">Conference Program<\/h2>\n\n\n\n<h3 class=\"wp-block-heading\"><strong>Wednesay<\/strong><\/h3>\n\n\n\n<p class=\"wp-block-paragraph\"><strong>Venue: Aula\nMagna, Faculty of Law, University of Bucharest, Mihail Kog\u0103lniceanu Bvd. 36-46<\/strong><\/p>\n\n\n\n<p class=\"wp-block-paragraph\">17:00 \u2013 17:30 Registration of the participants <\/p>\n\n\n\n<p class=\"wp-block-paragraph\">17:30 \u2013 18:00 Opening and welcome remarks. <\/p>\n\n\n\n<p class=\"wp-block-paragraph\">18:00 \u2013 19:00 <strong>Keynote\nspeaker: Daniel Chirot (University of Washington, Seattle, USA) &#8211; <em>The Fall, Rise, and Decline of Democracy in\nEurope and the World<\/em><\/strong><\/p>\n\n\n\n<p class=\"wp-block-paragraph\"><strong>20:00 \u2013 Cocktail&nbsp; &#8211; Venue: Ambasada Sustenabilitatii in\nRomania, Sperantei Street 42,<\/strong><\/p>\n\n\n\n<h3 class=\"wp-block-heading\"><strong>Thursday<\/strong><\/h3>\n\n\n\n<p class=\"wp-block-paragraph\"><strong>Venue: Council\nRoom, Faculty of History, University of Bucharest, Elisabeta Bvd. 4-12<\/strong><\/p>\n\n\n\n<h4 class=\"wp-block-heading\"><strong>09-10:30 Panel 1<\/strong><\/h4>\n\n\n\n<p class=\"wp-block-paragraph\"><strong>Chair:<\/strong> Bogdan Murgescu (University of Bucharest, Romania)<\/p>\n\n\n\n<ul class=\"wp-block-list\"><li>Oliver Jens Schmitt (University of Vienna, Austria) &#8211; <em>1989 &#8211; no year of change. A perspective from the Balkans<\/em><\/li><li>Virgiliu \u021a\u00e2r\u0103u (\u201cBabe\u0219-Bolyai\u201d University of Cluj-Napoca, Romania) &#8211; <em>The soviet tourists in eastern Europe in 1989<\/em><\/li><li>Matei Gheboianu (University of Bucharest, Romania) &#8211; <em>The role of the mass media in the Romanian Revolution<\/em><\/li><li>Ion Bucur, Daniela Popescu (University of Bucharest, Romania) &#8211; <em>The Romanian elections of May 1990<\/em><\/li><li>George Damian (University of Bucharest, Romania) <em>&#8211; A history of Romanian mass-media during the last 30 years: owners, journalists and public<\/em><\/li><\/ul>\n\n\n\n<h4 class=\"wp-block-heading\">10:30 \u2013 10:50<\/h4>\n\n\n\n<p class=\"wp-block-paragraph\"><strong>Venue: Marble\nHall, Faculty of History, University of Bucharest, Elisabeta Bvd. 4-12<\/strong><\/p>\n\n\n\n<p class=\"wp-block-paragraph\"><strong>Exibition Opening: <em>The New\nRomanian Mass-Media 1989-1990 <\/em><\/strong><\/p>\n\n\n\n<h4 class=\"wp-block-heading\"><strong>10:50 \u2013 12:20 Panel 2<\/strong><\/h4>\n\n\n\n<p class=\"wp-block-paragraph\"><strong>Chair:<\/strong> Igor Ca\u0219u (State University of Moldova, Moldova)<\/p>\n\n\n\n<ul class=\"wp-block-list\"><li>Ananda Majumdar, (University of Alberta, Athabasca University, Canada) &#8211; <em>Political and Economic Democratization in Post-Communist European Regions<\/em><\/li><li>Andreea Bordea (University of Bucharest, Romania) &#8211; <em>Evolution of the energy sector in post-communist Romania, 1989-2007<\/em><\/li><li>Henry Peter Rammelt, Ruxandra Gubernat (National University of Political Studies and Public Administration, Romania) &#8211; <em>Pro EU discourses in Romanian protests<\/em><\/li><li>Razvan Dacian C\u00e2rciumaru (University of Oradea, Romania) &#8211; <em>The evolution of Migrant Integration Policy in Post-Communist Romania<\/em><\/li><li>Peter Martyn (Institute of Art, Polish Academy, Poland) &#8211; <em>All in the Architecture? The transmuting urban profile of Central-Inner Warsaw as a reflection on the character of Polish state and municipal government, 1989-2019<\/em><\/li><\/ul>\n\n\n\n<h4 class=\"wp-block-heading\">12:20 \u2013 13:00<\/h4>\n\n\n\n<p class=\"wp-block-paragraph\">Coffee break<\/p>\n\n\n\n<h4 class=\"wp-block-heading\"><strong>13:00 \u2013 14:10 Panel 3<\/strong><\/h4>\n\n\n\n<p class=\"wp-block-paragraph\"><strong>Chair:<\/strong> Sergiu Mustea\u021b\u0103 (Ion Creang\u0103 Pedagogical State University Chi\u0219in\u0103u, Moldova)<\/p>\n\n\n\n<ul class=\"wp-block-list\"><li>Alina Moise (University of Bucharest, Romania) &#8211; <em>Radio Free Europe and the downfall of communism. Case Studies: Romania and Poland<\/em><\/li><li>Manuela Marin (The National Museum of Transylvanian History, Cluj-Napoca, Romania) &#8211; <em>Working towards Revolution or How Romanians Contested the Communist Regime on Daily Basis<\/em><\/li><li>Daniel Filip-Afloarei (\u201cAlexandru Ioan Cuza\u201d University of Ia\u0219i, Romania) &#8211; <em>The Mazowiecki Government and the isolation of the regime from Bucharest in 1989<\/em><\/li><li>Ali Engin Oba (\u00c7a\u011f University Mersin, Turkey) &#8211; An Appraisal of the Turkish Diplomacy in the Balkans during the Cold War Era: The Romanian Case<\/li><\/ul>\n\n\n\n<h4 class=\"wp-block-heading\">14:10-15:20<\/h4>\n\n\n\n<p class=\"wp-block-paragraph\">Lunch<\/p>\n\n\n\n<h4 class=\"wp-block-heading\"><strong>15:20 \u2013 16:30 Panel 4<\/strong><\/h4>\n\n\n\n<p class=\"wp-block-paragraph\"><strong>Chair:<\/strong> Virgiliu Tarau (\u201cBabe\u0219-Bolyai\u201d University of Cluj-Napoca, Romania)<\/p>\n\n\n\n<ul class=\"wp-block-list\"><li>Sergiu Mustea\u021b\u0103 (Ion Creang\u0103 Pedagogical State University Chi\u0219in\u0103u, Moldova) &#8211; <em>Impact of 1989-1991 changes in Moldo-Romanian relations<\/em><\/li><li>Igor Ca\u0219u (State University of Moldova, Moldova) &#8211; <em>The collapse of the Soviet Union. A perspective from the peripheries<\/em>.<\/li><li>Alexandru Groza (University of Bucharest, Romania) &#8211; <em>The Congressional Human Rights Caucus actions against Ceausescu&#8217;s dictatorship 1980-1989<\/em><\/li><li>Csaba Zahoran (National University of Public Service, E\u00f6tv\u00f6s J\u00f3zsef Research Centre, Institute of Central Europe Studies, Hungary) &#8211; <em>The Nation Under Siege \u2013 a Hungarian\u2013Romanian perspective<\/em><\/li><\/ul>\n\n\n\n<h4 class=\"wp-block-heading\">16:30 \u2013 17:45<\/h4>\n\n\n\n<p class=\"wp-block-paragraph\"><strong>Bucharest Guided\nTour<\/strong><\/p>\n\n\n\n<h4 class=\"wp-block-heading\">18:00 \u2013 19:00 <\/h4>\n\n\n\n<p class=\"wp-block-paragraph\"><strong>Venue \u2013 Aula\nMagna, Faculty of Law, University of Bucharest, Mihail Kog\u0103lniceanu Bvd. 36-46<\/strong><\/p>\n\n\n\n<p class=\"wp-block-paragraph\"><strong>Keynote speaker &#8211;\nPeter Siani Davies (University College London, UK) <em>Before the Revolution. Perceptions of the Last Years of the Ceau\u0219escu\nRegime<\/em><\/strong><\/p>\n\n\n\n<h4 class=\"wp-block-heading\">19:00 Dinner<\/h4>\n\n\n\n<h3 class=\"wp-block-heading\">Friday<\/h3>\n\n\n\n<p class=\"wp-block-paragraph\"><strong>Venue: Council\nRoom, Faculty of History, University of Bucharest, Elisabeta Bvd. 4-12<\/strong><\/p>\n\n\n\n<h4 class=\"wp-block-heading\"><strong>09:10:20 Panel 5<\/strong><\/h4>\n\n\n\n<p class=\"wp-block-paragraph\"><strong>Chair: <\/strong>Bogdan Stefanescu (University of Bucharest, Romania)<\/p>\n\n\n\n<ul class=\"wp-block-list\"><li>Jos\u00e9 M. Faraldo (Universidad Complutense de Madrid, Spain) &#8211; <em>Dealing with Non-existent Archives: The Legacy of the Francoist Political Police in the Post-communist Context<\/em><\/li><li>Krzysztof Brzechczyn (Institute of National Remembrance, Pozna\u0144 Branch &amp; Adam Mickiewicz University Pozna\u0144, Poland) &#8211; <em>Communist Crimes and Opening of Secret Police Archives in Poland: Between Remembrance and Forgetfulness of the Communist Past<\/em><\/li><li>Drago\u015f Petrescu (University of Bucharest, Romania) &#8211; <em>Public Exposure and Informal Lustration: Consequences of Opening the Securitate Archives in Post-1989 Romania<\/em><\/li><li>Theodora Enache (University of Bucharest, Romania) &#8211; <em>The archives\u2019 revolution and the Romanian communist underground movement<\/em><\/li><\/ul>\n\n\n\n<h4 class=\"wp-block-heading\">10:20 \u2013 10:30 <\/h4>\n\n\n\n<p class=\"wp-block-paragraph\">Coffee break<\/p>\n\n\n\n<h4 class=\"wp-block-heading\"><strong>10:30 \u2013 11:40 Panel 6<\/strong><\/h4>\n\n\n\n<p class=\"wp-block-paragraph\"><strong>Chair: <\/strong>Daniela Popescu (University of Bucharest, Romania)<\/p>\n\n\n\n<ul class=\"wp-block-list\"><li>Beatrice Cretu (University of Bucharest, Romania) &#8211; <em>NATO and EU peacekeeping in post-communist Bosnia and Herzegovina: the case of IFOR \/ SFOR and EUFOR Althea<\/em><\/li><li>Mihail Dobre (University of Bucharest, Romania) &#8211; <em>Romania and NATO in early 1990\u2019s. The difficult search for Romania\u2019s post-Cold War status<\/em><\/li><li>Ca\u011fr\u0131 Adil (St Petersburg State University, Russia) &#8211; <em>The role of think tank in democratic consolidation in Eastern European countries<\/em><\/li><li>Andrei-Alexandru Micu (University of Bucharest, Romania) &#8211; <em>The \u200bMilo\u0161evi\u0107 Revolution \u200band the Yugoslav post-communist illiberalism: between the revival of nationalism and social decline<\/em><\/li><\/ul>\n\n\n\n<h4 class=\"wp-block-heading\"><strong>10:30 \u2013 11:40 Panel 7<\/strong><\/h4>\n\n\n\n<p class=\"wp-block-paragraph\"><strong>Venue: Room 105,\nFaculty of History, University of Bucharest, Elisabeta Bvd. 4-12<\/strong><\/p>\n\n\n\n<p class=\"wp-block-paragraph\"><strong>Chair:<\/strong> Dragos Petrescu (University of Bucharest, Romania) <\/p>\n\n\n\n<ul class=\"wp-block-list\"><li>Evelina Kelbecheva (American University, Bulgaria) &#8211; <em>&#8222;Knowledge versus &#8222;Memory&#8221;<\/em><\/li><li>Hadrian Gorun&nbsp;  (\u201cConstantin Br\u00e2ncu\u0219i\u201d T\u00e2rgu Jiu University, Romania) &#8211; <em>The Difficult Transition from Totalitarianism to Democracy in Romania after December 1989: Political Myths, Manipulation and Violence<\/em><\/li><li>Daniela Osiac (University of Craiova, Romania) &#8211; <em>Psychological anthropology: a comparative analysis of the Romanian society pre and post communism<\/em><\/li><li>Ionut Marcu (University of Bucharest, Romania) &#8211; <em>The intellectual field in post-socialist Romania: institutional framework, professional agency and academic careers. A case-study on history-writing<\/em><\/li><\/ul>\n\n\n\n<h4 class=\"wp-block-heading\">11:40 \u2013 12:00 <\/h4>\n\n\n\n<p class=\"wp-block-paragraph\">Coffee break<\/p>\n\n\n\n<h4 class=\"wp-block-heading\">12:00 \u2013 13:00 <\/h4>\n\n\n\n<p class=\"wp-block-paragraph\"><strong>Venue: Nicolae\nIorga Hall, Faculty of History, University of Bucharest, Elisabeta Bvd. 4-12<\/strong><\/p>\n\n\n\n<p class=\"wp-block-paragraph\"><strong>Keynote speaker &#8211;\n<\/strong><strong>Constantin\nIordachi (CEU, Budapest\/Vienna) <em>Ideology\nand Memory Politics: Representation of Communism in post-1989 Eastern European\nMuseums<\/em><\/strong><\/p>\n\n\n\n<h4 class=\"wp-block-heading\">13:00 \u2013 14:00<\/h4>\n\n\n\n<p class=\"wp-block-paragraph\">Lunch<\/p>\n\n\n\n<h4 class=\"wp-block-heading\"><strong>14:00 \u2013 15:00<\/strong><\/h4>\n\n\n\n<p class=\"wp-block-paragraph\"><strong>Round Table<\/strong><\/p>\n\n\n\n<p class=\"wp-block-paragraph\"><strong><em>Organize, consolidate, act, reverse? 30 years of civil\nsociety dynamics in Central and Eastern Europe.<\/em><\/strong><\/p>\n\n\n\n<p class=\"wp-block-paragraph\"><strong>Venue: Council\nRoom, Faculty of History, University of Bucharest, Elisabeta Bvd. 4-12<\/strong><\/p>\n\n\n\n<p class=\"wp-block-paragraph\"><strong>Chair<\/strong> Ana Adi (Quadriga University, Germany)<\/p>\n\n\n\n<p class=\"wp-block-paragraph\">Cosmin Pojoranu (Funky Citizens, Romania), Camelia\nCri\u0219an (National University of Political Studies and Public Administration,\nRomania), Alexandra Ioan (Learning\nand Action Center, Ashoka, Germany) <\/p>\n\n\n\n<h4 class=\"wp-block-heading\">15:00 \u2013 15:10<\/h4>\n\n\n\n<p class=\"wp-block-paragraph\">Coffee Break<\/p>\n\n\n\n<h4 class=\"wp-block-heading\"><strong>15:10 \u2013 16:30 Panel 8<\/strong><\/h4>\n\n\n\n<p class=\"wp-block-paragraph\"><strong>Chair:<\/strong> Daniela Osiac (University of Craiova, Romania)<\/p>\n\n\n\n<ul class=\"wp-block-list\"><li>Pompiliu-Nicolae Constantin, Rare\u0219 St\u0103nescu (National University of Physical Education and Sports from Bucharest, Romania) &#8211; <em>Social entrepreneurship and sport. Social change through sport in Romania<\/em><\/li><li>Teodor Burnar&nbsp;  (University of Bucharest, Romania) &#8211; <em>Nationalist rhetoric of tennis fans in Romanian social media. The&nbsp;Simona Halep vs. Bianca Andreescu case<\/em><\/li><li>Anita Sterea (University of Bucharest, Romania) &#8211; <em>Major Spor Events in Estern Europe in the last 30 years- case study Romania<\/em><\/li><li>Teodor Borisov (Sofia University &#8222;St. Kliment Ohridski\u201d, Bulgaria) &#8211; <em>Bulgarian miracle of 1994 FIFA World Cup &#8211; political and social aspects<\/em><\/li><\/ul>\n\n\n\n<h4 class=\"wp-block-heading\">16:30 -16:40 <\/h4>\n\n\n\n<p class=\"wp-block-paragraph\">Coffee break<\/p>\n\n\n\n<h4 class=\"wp-block-heading\">16:40 \u2013 17:40<\/h4>\n\n\n\n<p class=\"wp-block-paragraph\"><strong>Venue: N Iorga\nHall, Faculty of History, University of Bucharest, Elisabeta Bvd. 4-12<\/strong><\/p>\n\n\n\n<p class=\"wp-block-paragraph\"><strong>Keynote speaker &#8211;\n<\/strong><strong>Ana Adi (Quadriga\nUniversity, Germany<\/strong><strong>) &#8211; <em>A life in transition: reflections on how the past shapes our future<\/em><\/strong><\/p>\n\n\n\n<h4 class=\"wp-block-heading\"><strong>17:40 \u2013 20:00 <\/strong><\/h4>\n\n\n\n<p class=\"wp-block-paragraph\"><strong>Ferestroika Museum Tour<\/strong><\/p>\n\n\n\n<h4 class=\"wp-block-heading\"><strong>20:00<\/strong><\/h4>\n\n\n\n<p class=\"wp-block-paragraph\"><strong>Venue: Z Executive Boutique Hotel \u2013\nRestaurant<\/strong><\/p>\n\n\n\n<h3 class=\"wp-block-heading\"><strong>Saturday<\/strong><\/h3>\n\n\n\n<p class=\"wp-block-paragraph\"><strong>10:00 &#8211; Bucharest Guided Tour<\/strong><\/p>\n\n\n\n<div class=\"wp-block-columns has-2-columns is-layout-flex wp-container-core-columns-is-layout-8f761849 wp-block-columns-is-layout-flex\">\n<div class=\"wp-block-column is-layout-flow wp-block-column-is-layout-flow\">\n<div class=\"wp-block-image\"><figure class=\"aligncenter\"><img data-recalc-dims=\"1\" loading=\"lazy\" decoding=\"async\" width=\"141\" height=\"67\" data-attachment-id=\"3162\" data-permalink=\"https:\/\/istorie.unibuc.ro\/facultate\/cercetare\/conferinte\/thirty-years-after-post-communism-democracy-and-illiberalism-in-central-and-eastern-europe\/image-3-2\/\" data-orig-file=\"https:\/\/i0.wp.com\/istorie.unibuc.ro\/wp-content\/uploads\/2019\/10\/image-3.png?fit=141%2C67&amp;ssl=1\" data-orig-size=\"141,67\" data-comments-opened=\"0\" data-image-meta=\"{&quot;aperture&quot;:&quot;0&quot;,&quot;credit&quot;:&quot;&quot;,&quot;camera&quot;:&quot;&quot;,&quot;caption&quot;:&quot;&quot;,&quot;created_timestamp&quot;:&quot;0&quot;,&quot;copyright&quot;:&quot;&quot;,&quot;focal_length&quot;:&quot;0&quot;,&quot;iso&quot;:&quot;0&quot;,&quot;shutter_speed&quot;:&quot;0&quot;,&quot;title&quot;:&quot;&quot;,&quot;orientation&quot;:&quot;0&quot;}\" data-image-title=\"image-3\" data-image-description=\"\" data-image-caption=\"\" data-medium-file=\"https:\/\/i0.wp.com\/istorie.unibuc.ro\/wp-content\/uploads\/2019\/10\/image-3.png?fit=141%2C67&amp;ssl=1\" data-large-file=\"https:\/\/i0.wp.com\/istorie.unibuc.ro\/wp-content\/uploads\/2019\/10\/image-3.png?fit=141%2C67&amp;ssl=1\" src=\"https:\/\/i0.wp.com\/istorie.unibuc.ro\/wp-content\/uploads\/2019\/10\/image-3.png?resize=141%2C67&#038;ssl=1\" alt=\"\" class=\"wp-image-3162\"\/><figcaption>Sponsor oficial<\/figcaption><\/figure><\/div>\n<\/div>\n\n\n\n<div class=\"wp-block-column is-layout-flow wp-block-column-is-layout-flow\">\n<div class=\"wp-block-image\"><figure class=\"aligncenter\"><img data-recalc-dims=\"1\" loading=\"lazy\" decoding=\"async\" width=\"115\" height=\"21\" data-attachment-id=\"3161\" data-permalink=\"https:\/\/istorie.unibuc.ro\/facultate\/cercetare\/conferinte\/thirty-years-after-post-communism-democracy-and-illiberalism-in-central-and-eastern-europe\/image-2-2\/\" data-orig-file=\"https:\/\/i0.wp.com\/istorie.unibuc.ro\/wp-content\/uploads\/2019\/10\/image-2.png?fit=115%2C21&amp;ssl=1\" data-orig-size=\"115,21\" data-comments-opened=\"0\" data-image-meta=\"{&quot;aperture&quot;:&quot;0&quot;,&quot;credit&quot;:&quot;&quot;,&quot;camera&quot;:&quot;&quot;,&quot;caption&quot;:&quot;&quot;,&quot;created_timestamp&quot;:&quot;0&quot;,&quot;copyright&quot;:&quot;&quot;,&quot;focal_length&quot;:&quot;0&quot;,&quot;iso&quot;:&quot;0&quot;,&quot;shutter_speed&quot;:&quot;0&quot;,&quot;title&quot;:&quot;&quot;,&quot;orientation&quot;:&quot;0&quot;}\" data-image-title=\"image-2\" data-image-description=\"\" data-image-caption=\"\" data-medium-file=\"https:\/\/i0.wp.com\/istorie.unibuc.ro\/wp-content\/uploads\/2019\/10\/image-2.png?fit=115%2C21&amp;ssl=1\" data-large-file=\"https:\/\/i0.wp.com\/istorie.unibuc.ro\/wp-content\/uploads\/2019\/10\/image-2.png?fit=115%2C21&amp;ssl=1\" src=\"https:\/\/i0.wp.com\/istorie.unibuc.ro\/wp-content\/uploads\/2019\/10\/image-2.png?resize=115%2C21&#038;ssl=1\" alt=\"\" class=\"wp-image-3161\"\/><figcaption>Sponsor principal<\/figcaption><\/figure><\/div>\n<\/div>\n<\/div>\n","protected":false},"excerpt":{"rendered":"<p>Loc de desf\u0103\u015furare: Facultatea de Istorie a Universit\u0103\u021bii din Bucure\u0219ti, bulevardul Regina Elisabeta, nr. 4-12, Bucure\u0219ti 030167, Rom\u00e2nia Data: &nbsp;09-11 octombrie 2019 Evenimentul: \u201eThirty Years After &#8211; Post Communism, Democracy and Illiberalism in Central and Eastern Europe\u201d Facultatea de Istorie a Universit\u0103\u021bii din Bucure\u0219ti \u0219i \u201eAsocia\u021bia Cooltura Nou\u0103 ne pas\u0103!\u201d, al\u0103turi de partenerii s\u0103i oficiali [&hellip;]<\/p>\n","protected":false},"author":2,"featured_media":0,"parent":2397,"menu_order":0,"comment_status":"closed","ping_status":"closed","template":"","meta":{"_crdt_document":"","jetpack_post_was_ever_published":false,"footnotes":""},"class_list":["post-2610","page","type-page","status-publish","hentry"],"jetpack_sharing_enabled":true,"jetpack_shortlink":"https:\/\/wp.me\/PaobZd-G6","jetpack-related-posts":[],"_links":{"self":[{"href":"https:\/\/istorie.unibuc.ro\/facultate\/wp-json\/wp\/v2\/pages\/2610","targetHints":{"allow":["GET"]}}],"collection":[{"href":"https:\/\/istorie.unibuc.ro\/facultate\/wp-json\/wp\/v2\/pages"}],"about":[{"href":"https:\/\/istorie.unibuc.ro\/facultate\/wp-json\/wp\/v2\/types\/page"}],"author":[{"embeddable":true,"href":"https:\/\/istorie.unibuc.ro\/facultate\/wp-json\/wp\/v2\/users\/2"}],"replies":[{"embeddable":true,"href":"https:\/\/istorie.unibuc.ro\/facultate\/wp-json\/wp\/v2\/comments?post=2610"}],"version-history":[{"count":7,"href":"https:\/\/istorie.unibuc.ro\/facultate\/wp-json\/wp\/v2\/pages\/2610\/revisions"}],"predecessor-version":[{"id":3211,"href":"https:\/\/istorie.unibuc.ro\/facultate\/wp-json\/wp\/v2\/pages\/2610\/revisions\/3211"}],"up":[{"embeddable":true,"href":"https:\/\/istorie.unibuc.ro\/facultate\/wp-json\/wp\/v2\/pages\/2397"}],"wp:attachment":[{"href":"https:\/\/istorie.unibuc.ro\/facultate\/wp-json\/wp\/v2\/media?parent=2610"}],"curies":[{"name":"wp","href":"https:\/\/api.w.org\/{rel}","templated":true}]}}