{"id":2397,"date":"2019-04-16T19:03:43","date_gmt":"2019-04-16T19:03:43","guid":{"rendered":"https:\/\/istorie.unibuc.ro\/?page_id=2397"},"modified":"2025-11-05T06:49:26","modified_gmt":"2025-11-05T06:49:26","slug":"conferinte","status":"publish","type":"page","link":"https:\/\/istorie.unibuc.ro\/facultate\/cercetare\/conferinte\/","title":{"rendered":"Conferinte"},"content":{"rendered":"\n<p class=\"wp-block-paragraph\"><strong>Truth and Falsehood in the Medieval World and Its Representations<\/strong><\/p>\n\n\n\n<p class=\"wp-block-paragraph\"><strong>International<\/strong> <strong>Conference, University of Bucharest<\/strong><\/p>\n\n\n\n<p class=\"wp-block-paragraph\"><strong>November 7-8, 2025<\/strong><\/p>\n\n\n\n<p class=\"wp-block-paragraph\">Cconferin\u021ba interna\u021bional\u0103\u00a0\u00a0<em>Truth and Falsehood in the Medieval World and Its Representations,\u00a0<\/em>organizata de\u00a0Centrul de Studii Medievale al Universitatii din Bucuresti \u00eentre 7-8 noiembrie. Evenimentul va avea loc la Sala Senatului (Rectorat, \u0218os. Panduri nr. 90-92), in prezenta si on\u00a0line. Linkurile\u00a0de conectare se g\u0103sesc \u00een interiorul afi\u0219ului ata\u0219at.\u00a0<\/p>\n\n\n\n<div class=\"wp-block-file\"><a id=\"wp-block-file--media-ede41bec-e54f-4ff9-bff1-8df5699b0a61\" href=\"https:\/\/istorie.unibuc.ro\/wp-content\/uploads\/2025\/11\/ProgrammeConferenceCentreMedievalStudies2025.pdf\" target=\"_blank\" rel=\"noreferrer noopener\">ProgrammeConferenceCentreMedievalStudies2025<\/a><a href=\"https:\/\/istorie.unibuc.ro\/wp-content\/uploads\/2025\/11\/ProgrammeConferenceCentreMedievalStudies2025.pdf\" class=\"wp-block-file__button wp-element-button\" download aria-describedby=\"wp-block-file--media-ede41bec-e54f-4ff9-bff1-8df5699b0a61\">Descarc\u0103<\/a><\/div>\n\n\n\n<div class=\"wp-block-group\"><div class=\"wp-block-group__inner-container is-layout-constrained wp-block-group-is-layout-constrained\">\n<p class=\"wp-block-paragraph\"><\/p>\n\n\n\n<p class=\"wp-block-paragraph\"><strong>Epistolography, knowledge, and the Ancient World<br>University of Bucharest, October 3-4, 2025<\/strong><\/p>\n<\/div><\/div>\n\n\n\n<div class=\"wp-block-file\"><a id=\"wp-block-file--media-619d1522-e9b3-4afa-9045-5c8faccef920\" href=\"https:\/\/istorie.unibuc.ro\/wp-content\/uploads\/2025\/09\/final-site-Epistolography-conference-program-copy.docx\" target=\"_blank\" rel=\"noreferrer noopener\">Epistolography conference program copy<\/a><a href=\"https:\/\/istorie.unibuc.ro\/wp-content\/uploads\/2025\/09\/final-site-Epistolography-conference-program-copy.docx\" class=\"wp-block-file__button wp-element-button\" download aria-describedby=\"wp-block-file--media-619d1522-e9b3-4afa-9045-5c8faccef920\">Descarc\u0103<\/a><\/div>\n\n\n\n<div class=\"wp-block-file\"><a id=\"wp-block-file--media-6538a6b5-71c4-4a82-8eee-4433445f046d\" href=\"https:\/\/istorie.unibuc.ro\/wp-content\/uploads\/2025\/09\/afis-scaled.jpg\" target=\"_blank\" rel=\"noreferrer noopener\">afis<\/a><a href=\"https:\/\/istorie.unibuc.ro\/wp-content\/uploads\/2025\/09\/afis-scaled.jpg\" class=\"wp-block-file__button wp-element-button\" download aria-describedby=\"wp-block-file--media-6538a6b5-71c4-4a82-8eee-4433445f046d\">Descarc\u0103<\/a><\/div>\n\n\n\n<p class=\"wp-block-paragraph\"><\/p>\n\n\n\n<p class=\"wp-block-paragraph\"><\/p>\n\n\n\n<div class=\"wp-block-group\"><div class=\"wp-block-group__inner-container is-layout-constrained wp-block-group-is-layout-constrained\">\n<p class=\"wp-block-paragraph\"><strong>Pavilions and Perspectives. History, National Identity and Contemporary Art at the Venice Biennale<\/strong><\/p>\n\n\n\n<p class=\"wp-block-paragraph\"><strong>International<\/strong> <strong>Conference, University of Bucharest<\/strong><\/p>\n<\/div><\/div>\n\n\n\n<p class=\"wp-block-paragraph\"><strong>May 21-22, 2025<\/strong><\/p>\n\n\n\n<p class=\"wp-block-paragraph\">Conferin\u021ba aduce \u00een prim-plan explorarea identit\u0103\u021bii na\u021bionale \u00een secolul XXI prin prisma artei \u0219i<br>istoriei contemporane. Reunind cercet\u0103tori, arti\u0219ti \u0219i curatori din Europa Central\u0103 \u0219i de Est,<br>evenimentul analizeaz\u0103 grani\u021bele simbolice \u0219i reale, temele emergente din pavilioanele na\u021bionale<br>\u0219i modul \u00een care acestea reflect\u0103 istoria prezentului. Conferin\u021ba examineaz\u0103 cum arta<br>contemporan\u0103 redefine\u0219te identitatea cultural\u0103, navig\u00e2nd \u00eentre tradi\u021bie \u0219i globalizare, \u0219i<br>eviden\u021biaz\u0103 Bienala ca un spa\u021biu de dialog intercultural \u0219i reinterpretare a conceptului de na\u021biune<br>\u00een contextul dinamic al Europei actuale.<\/p>\n\n\n\n<p class=\"wp-block-paragraph\">The conference brings to the forefront the exploration of national identity in the 21st century<br>through the lens of contemporary art and history. Bringing together researchers, artists, and<br>curators from Central and Eastern Europe, the event examines both symbolic and real borders,<br>emerging themes from national pavilions, and how these reflect the history of the present. The<br>conference investigates how contemporary art redefines cultural identity, navigating between<br>tradition and globalization, and highlights the Biennale as a space for intercultural dialogue and<br>reinterpretation of the concept of nation in the dynamic context of today&#8217;s Europe.<\/p>\n\n\n\n<div class=\"wp-block-file\"><a id=\"wp-block-file--media-8f3a03ce-c92d-477c-8b98-4b07da7c8b4c\" href=\"https:\/\/istorie.unibuc.ro\/wp-content\/uploads\/2025\/05\/International-Conference.-Pavilions-and-Perspectives.-History-National-Identity-and-Contemporary-Art-at-the-Venice-Biennale-1.pdf\" target=\"_blank\" rel=\"noreferrer noopener\">International Conference. Pavilions and Perspectives. History, National Identity and Contemporary Art at the Venice Biennale<\/a><a href=\"https:\/\/istorie.unibuc.ro\/wp-content\/uploads\/2025\/05\/International-Conference.-Pavilions-and-Perspectives.-History-National-Identity-and-Contemporary-Art-at-the-Venice-Biennale-1.pdf\" class=\"wp-block-file__button wp-element-button\" download aria-describedby=\"wp-block-file--media-8f3a03ce-c92d-477c-8b98-4b07da7c8b4c\">Descarc\u0103<\/a><\/div>\n\n\n\n<p class=\"wp-block-paragraph\"><\/p>\n\n\n\n<p class=\"wp-block-paragraph\"><\/p>\n\n\n\n<p class=\"wp-block-paragraph\"><strong>Epistolography, knowledge, and the Ancient World<\/strong><br><br><strong>Conference, University of Bucharest<\/strong><\/p>\n\n\n\n<p class=\"wp-block-paragraph\"><strong>October 3-4, 2025.<br><\/strong>(hybrid)<\/p>\n\n\n\n<p class=\"wp-block-paragraph\">Call for Papers<\/p>\n\n\n\n<div class=\"wp-block-columns is-layout-flex wp-container-core-columns-is-layout-8f761849 wp-block-columns-is-layout-flex\">\n<div class=\"wp-block-column is-layout-flow wp-block-column-is-layout-flow\" style=\"flex-basis:100%\">\n<p class=\"wp-block-paragraph\">Epistolary communication played a major role in numerous ancient societies in the Near East, the Mediterranean region, and the Far East. The convention of creating, disseminating, and preserving letters differs among civilisations and time periods. However, irrespective of the circumstances, it has fulfilled a diverse range of purposes: a method of conveying information of different kinds; a tool for governing and managing land and communities; a literary and rhetorical medium essential for establishing and validating knowledge; and so forth. Equally significant is the function that these writings serve in contemporary historical inquiry by unveiling public and private interactions, political activities, or intellectual discussions. We invite historians, philologists, theologians, philosophers, art historians and other experts in diverse fields of ancient studies to deliver academic contributions derived from the examination of epistolary material spanning from the second millennium BC to late antiquity. Our specific emphasis is on the function of letters as a means of conveying information and organising knowledge.&nbsp;Furthermore, we also welcome contributions pertaining to modern&nbsp;correspondence&nbsp;exchanges that are integral to the development of the&nbsp;fields of ancient studies. These may include scholarly correspondence, collegial exchanges, or other types of letters that provide a deeper comprehension of the context and epistemic foundation of modern knowledge regarding the ancient world.&nbsp;<\/p>\n<\/div>\n<\/div>\n\n\n\n<div class=\"wp-block-file\"><a id=\"wp-block-file--media-ba4e4aef-dd52-4ea2-bef9-051d79524c29\" href=\"https:\/\/istorie.unibuc.ro\/wp-content\/uploads\/2024\/11\/cfp-Epistolography.pdf\">cfp Epistolography<\/a><a href=\"https:\/\/istorie.unibuc.ro\/wp-content\/uploads\/2024\/11\/cfp-Epistolography.pdf\" class=\"wp-block-file__button wp-element-button\" download aria-describedby=\"wp-block-file--media-ba4e4aef-dd52-4ea2-bef9-051d79524c29\">Descarc\u0103<\/a><\/div>\n\n\n\n<p class=\"wp-block-paragraph\"><\/p>\n\n\n\n<p class=\"wp-block-paragraph\"><\/p>\n\n\n\n<p class=\"wp-block-paragraph\"><\/p>\n\n\n\n<p class=\"wp-block-paragraph\"><\/p>\n\n\n<div class=\"wp-block-image\">\n<figure class=\"alignright size-large is-resized\"><img data-recalc-dims=\"1\" loading=\"lazy\" decoding=\"async\" width=\"771\" height=\"771\" data-attachment-id=\"16950\" data-permalink=\"https:\/\/istorie.unibuc.ro\/facultate\/cercetare\/conferinte\/conferinta-anuala\/\" data-orig-file=\"https:\/\/i0.wp.com\/istorie.unibuc.ro\/wp-content\/uploads\/2024\/10\/conferinta-anuala.jpeg?fit=1080%2C1080&amp;ssl=1\" data-orig-size=\"1080,1080\" data-comments-opened=\"0\" data-image-meta=\"{&quot;aperture&quot;:&quot;0&quot;,&quot;credit&quot;:&quot;Rare\\u0219 Prodescu&quot;,&quot;camera&quot;:&quot;&quot;,&quot;caption&quot;:&quot;&quot;,&quot;created_timestamp&quot;:&quot;0&quot;,&quot;copyright&quot;:&quot;&quot;,&quot;focal_length&quot;:&quot;0&quot;,&quot;iso&quot;:&quot;0&quot;,&quot;shutter_speed&quot;:&quot;0&quot;,&quot;title&quot;:&quot;&quot;,&quot;orientation&quot;:&quot;0&quot;}\" data-image-title=\"conferinta anuala\" data-image-description=\"\" data-image-caption=\"\" data-medium-file=\"https:\/\/i0.wp.com\/istorie.unibuc.ro\/wp-content\/uploads\/2024\/10\/conferinta-anuala.jpeg?fit=300%2C300&amp;ssl=1\" data-large-file=\"https:\/\/i0.wp.com\/istorie.unibuc.ro\/wp-content\/uploads\/2024\/10\/conferinta-anuala.jpeg?fit=771%2C771&amp;ssl=1\" src=\"https:\/\/i0.wp.com\/istorie.unibuc.ro\/wp-content\/uploads\/2024\/10\/conferinta-anuala.jpeg?resize=771%2C771&#038;ssl=1\" alt=\"\" class=\"wp-image-16950\" style=\"width:355px;height:auto\" srcset=\"https:\/\/i0.wp.com\/istorie.unibuc.ro\/wp-content\/uploads\/2024\/10\/conferinta-anuala.jpeg?resize=1024%2C1024&amp;ssl=1 1024w, https:\/\/i0.wp.com\/istorie.unibuc.ro\/wp-content\/uploads\/2024\/10\/conferinta-anuala.jpeg?resize=300%2C300&amp;ssl=1 300w, https:\/\/i0.wp.com\/istorie.unibuc.ro\/wp-content\/uploads\/2024\/10\/conferinta-anuala.jpeg?resize=150%2C150&amp;ssl=1 150w, https:\/\/i0.wp.com\/istorie.unibuc.ro\/wp-content\/uploads\/2024\/10\/conferinta-anuala.jpeg?resize=768%2C768&amp;ssl=1 768w, https:\/\/i0.wp.com\/istorie.unibuc.ro\/wp-content\/uploads\/2024\/10\/conferinta-anuala.jpeg?w=1080&amp;ssl=1 1080w\" sizes=\"auto, (max-width: 771px) 100vw, 771px\" \/><\/figure>\n<\/div>\n\n\n<p class=\"wp-block-paragraph\">\u00cen registrul contemporan, Conferinta Anual\u0103 a Facultatii de Istorie a Universittii din Bucuresti inaugureaza cu aceast prim\u0103 editie seria unor evenimente stiintifice care \u00eesi propun s\u00e3 contribuie la coagularea comunitatii istorice din spatiul academic rom\u00e2nesc. Aduc\u00e2nd la aceeasi mas\u00e3 specialisti recunoscuti in plan national si international, din toate centrele universitare, din institutele Academiei Rom\u00e2ne, din muzee, biblioteci si arhive, conferinta doreste s ofere cadrul de dezbatere necesar interogatiilor despre propria disciplina, ca si gener\u0103rii de noi abord\u00e3ri analitice si metodologice privind istoria. Conferinta National a Facultatii de Istorie se adreseaz\u0101 \u00eentregi comunitati academice, invit\u00e2nd contributii at\u00e2t din interiorul domeniului, c\u00e2t is inter- is transdisciplinare.<\/p>\n\n\n\n<p class=\"wp-block-paragraph\"><\/p>\n\n\n\n<div class=\"wp-block-file\"><a id=\"wp-block-file--media-14fb5fb4-63ad-422f-afba-857dfeff5517\" href=\"https:\/\/istorie.unibuc.ro\/wp-content\/uploads\/2024\/10\/Call_7-8_noiembrie_FIUB.pdf\">Call_7-8_noiembrie_FIUB<\/a><a href=\"https:\/\/istorie.unibuc.ro\/wp-content\/uploads\/2024\/10\/Call_7-8_noiembrie_FIUB.pdf\" class=\"wp-block-file__button wp-element-button\" download aria-describedby=\"wp-block-file--media-14fb5fb4-63ad-422f-afba-857dfeff5517\">Descarc\u0103<\/a><\/div>\n\n\n\n<div class=\"wp-block-file\"><a id=\"wp-block-file--media-0b88190e-658a-4e9e-982b-063437d3869b\" href=\"https:\/\/istorie.unibuc.ro\/wp-content\/uploads\/2024\/11\/Program-conferinta-7-8-noiembrie-FIUB-1.pdf\">Program conferinta 7-8 noiembrie FIUB<\/a><a href=\"https:\/\/istorie.unibuc.ro\/wp-content\/uploads\/2024\/11\/Program-conferinta-7-8-noiembrie-FIUB-1.pdf\" class=\"wp-block-file__button wp-element-button\" download aria-describedby=\"wp-block-file--media-0b88190e-658a-4e9e-982b-063437d3869b\">Descarc\u0103<\/a><\/div>\n\n\n\n<div style=\"height:100px\" aria-hidden=\"true\" class=\"wp-block-spacer\"><\/div>\n\n\n<div class=\"wp-block-image\">\n<figure class=\"alignright size-large is-resized\"><img data-recalc-dims=\"1\" loading=\"lazy\" decoding=\"async\" width=\"724\" height=\"1024\" data-attachment-id=\"16932\" data-permalink=\"https:\/\/istorie.unibuc.ro\/facultate\/cercetare\/conferinte\/img_00001\/\" data-orig-file=\"https:\/\/i0.wp.com\/istorie.unibuc.ro\/wp-content\/uploads\/2024\/10\/IMG_00001.jpeg?fit=1240%2C1753&amp;ssl=1\" data-orig-size=\"1240,1753\" data-comments-opened=\"0\" data-image-meta=\"{&quot;aperture&quot;:&quot;0&quot;,&quot;credit&quot;:&quot;&quot;,&quot;camera&quot;:&quot;&quot;,&quot;caption&quot;:&quot;&quot;,&quot;created_timestamp&quot;:&quot;0&quot;,&quot;copyright&quot;:&quot;&quot;,&quot;focal_length&quot;:&quot;0&quot;,&quot;iso&quot;:&quot;0&quot;,&quot;shutter_speed&quot;:&quot;0&quot;,&quot;title&quot;:&quot;&quot;,&quot;orientation&quot;:&quot;0&quot;}\" data-image-title=\"IMG_00001\" data-image-description=\"\" data-image-caption=\"\" data-medium-file=\"https:\/\/i0.wp.com\/istorie.unibuc.ro\/wp-content\/uploads\/2024\/10\/IMG_00001.jpeg?fit=212%2C300&amp;ssl=1\" data-large-file=\"https:\/\/i0.wp.com\/istorie.unibuc.ro\/wp-content\/uploads\/2024\/10\/IMG_00001.jpeg?fit=724%2C1024&amp;ssl=1\" src=\"https:\/\/i0.wp.com\/istorie.unibuc.ro\/wp-content\/uploads\/2024\/10\/IMG_00001.jpeg?resize=724%2C1024&#038;ssl=1\" alt=\"\" class=\"wp-image-16932\" style=\"width:351px;height:auto\" srcset=\"https:\/\/i0.wp.com\/istorie.unibuc.ro\/wp-content\/uploads\/2024\/10\/IMG_00001.jpeg?resize=724%2C1024&amp;ssl=1 724w, https:\/\/i0.wp.com\/istorie.unibuc.ro\/wp-content\/uploads\/2024\/10\/IMG_00001.jpeg?resize=212%2C300&amp;ssl=1 212w, https:\/\/i0.wp.com\/istorie.unibuc.ro\/wp-content\/uploads\/2024\/10\/IMG_00001.jpeg?resize=768%2C1086&amp;ssl=1 768w, https:\/\/i0.wp.com\/istorie.unibuc.ro\/wp-content\/uploads\/2024\/10\/IMG_00001.jpeg?resize=1087%2C1536&amp;ssl=1 1087w, https:\/\/i0.wp.com\/istorie.unibuc.ro\/wp-content\/uploads\/2024\/10\/IMG_00001.jpeg?w=1240&amp;ssl=1 1240w\" sizes=\"auto, (max-width: 724px) 100vw, 724px\" \/><\/figure>\n<\/div>\n\n\n<p class=\"wp-block-paragraph\"><\/p>\n\n\n\n<p class=\"wp-block-paragraph\"><\/p>\n\n\n\n<p class=\"wp-block-paragraph\"><\/p>\n\n\n\n<p class=\"wp-block-paragraph\"><\/p>\n\n\n\n<p class=\"wp-block-paragraph\"><\/p>\n\n\n\n<p class=\"wp-block-paragraph\"><\/p>\n\n\n\n<p class=\"wp-block-paragraph\"><\/p>\n\n\n\n<p class=\"wp-block-paragraph\"><\/p>\n\n\n\n<p class=\"wp-block-paragraph\"><\/p>\n\n\n\n<p class=\"wp-block-paragraph\">Art Safari \u0219i Facultatea de Istorie vor s\u0103rb\u0103tori \u00eempreun\u0103 cei 20 de ani ai programului de Istoria Artei la Universitatea din Bucure\u0219ti, cu o serie de evenimente atractive. Primul dintre acestea este conferin\u021ba \u201cCele mai frumoase mituri din istoria universal\u0103\u201d. Vineri, 11 octombrie, la ora 12.00 v\u0103 invit\u0103m al\u0103turi de noi la Art Safari, \u00een strada Lipscani, s\u0103 \u00eel ascult\u0103m pe domnul Cristian Vechiu, Doctor \u00een Teologie \u015fi Studii Religioase.&nbsp;Intrarea este liber\u0103 pentru to\u021bi iubitorii de art\u0103, imagina\u021bie \u0219i creativitate!<\/p>\n\n\n\n<p class=\"wp-block-paragraph\"><\/p>\n\n\n\n<p class=\"wp-block-paragraph\"><\/p>\n\n\n\n<div style=\"height:100px\" aria-hidden=\"true\" class=\"wp-block-spacer\"><\/div>\n\n\n<div class=\"wp-block-image\">\n<figure class=\"alignright size-large is-resized\"><img data-recalc-dims=\"1\" loading=\"lazy\" decoding=\"async\" width=\"720\" height=\"1024\" data-attachment-id=\"16945\" data-permalink=\"https:\/\/istorie.unibuc.ro\/facultate\/cercetare\/conferinte\/img_00001-2\/\" data-orig-file=\"https:\/\/i0.wp.com\/istorie.unibuc.ro\/wp-content\/uploads\/2024\/10\/IMG_00001-1.jpeg?fit=872%2C1241&amp;ssl=1\" data-orig-size=\"872,1241\" data-comments-opened=\"0\" data-image-meta=\"{&quot;aperture&quot;:&quot;0&quot;,&quot;credit&quot;:&quot;&quot;,&quot;camera&quot;:&quot;&quot;,&quot;caption&quot;:&quot;&quot;,&quot;created_timestamp&quot;:&quot;0&quot;,&quot;copyright&quot;:&quot;&quot;,&quot;focal_length&quot;:&quot;0&quot;,&quot;iso&quot;:&quot;0&quot;,&quot;shutter_speed&quot;:&quot;0&quot;,&quot;title&quot;:&quot;&quot;,&quot;orientation&quot;:&quot;0&quot;}\" data-image-title=\"IMG_00001\" data-image-description=\"\" data-image-caption=\"\" data-medium-file=\"https:\/\/i0.wp.com\/istorie.unibuc.ro\/wp-content\/uploads\/2024\/10\/IMG_00001-1.jpeg?fit=211%2C300&amp;ssl=1\" data-large-file=\"https:\/\/i0.wp.com\/istorie.unibuc.ro\/wp-content\/uploads\/2024\/10\/IMG_00001-1.jpeg?fit=720%2C1024&amp;ssl=1\" src=\"https:\/\/i0.wp.com\/istorie.unibuc.ro\/wp-content\/uploads\/2024\/10\/IMG_00001-1.jpeg?resize=720%2C1024&#038;ssl=1\" alt=\"\" class=\"wp-image-16945\" style=\"width:345px;height:auto\" srcset=\"https:\/\/i0.wp.com\/istorie.unibuc.ro\/wp-content\/uploads\/2024\/10\/IMG_00001-1.jpeg?resize=720%2C1024&amp;ssl=1 720w, https:\/\/i0.wp.com\/istorie.unibuc.ro\/wp-content\/uploads\/2024\/10\/IMG_00001-1.jpeg?resize=211%2C300&amp;ssl=1 211w, https:\/\/i0.wp.com\/istorie.unibuc.ro\/wp-content\/uploads\/2024\/10\/IMG_00001-1.jpeg?resize=768%2C1093&amp;ssl=1 768w, https:\/\/i0.wp.com\/istorie.unibuc.ro\/wp-content\/uploads\/2024\/10\/IMG_00001-1.jpeg?w=872&amp;ssl=1 872w\" sizes=\"auto, (max-width: 720px) 100vw, 720px\" \/><\/figure>\n<\/div>\n\n\n<p class=\"wp-block-paragraph\">V<em>alen\u021bele Istoriei la Universitatea din Bucure\u0219ti &#8211; profiluri profesionale, dimensiuni institu\u021bionale, proiecte intelectuale (secolele XIX-XX)<\/em>&nbsp;(3-4 octombrie 2024)<\/p>\n\n\n\n<div class=\"wp-block-file\"><a id=\"wp-block-file--media-2a3d0218-6cc0-48a4-b4d2-0330a6be86b6\" href=\"https:\/\/istorie.unibuc.ro\/wp-content\/uploads\/2024\/10\/Program_Valentele-istoriei-2024.pdf\">Program_Valentele istoriei 2024<\/a><a href=\"https:\/\/istorie.unibuc.ro\/wp-content\/uploads\/2024\/10\/Program_Valentele-istoriei-2024.pdf\" class=\"wp-block-file__button wp-element-button\" download aria-describedby=\"wp-block-file--media-2a3d0218-6cc0-48a4-b4d2-0330a6be86b6\">Descarc\u0103<\/a><\/div>\n\n\n\n<p class=\"wp-block-paragraph\"><\/p>\n\n\n\n<p class=\"wp-block-paragraph\"><\/p>\n\n\n\n<div style=\"height:100px\" aria-hidden=\"true\" class=\"wp-block-spacer\"><\/div>\n\n\n\n<p class=\"wp-block-paragraph\"><\/p>\n\n\n\n<p class=\"wp-block-paragraph\"><\/p>\n\n\n\n<p class=\"wp-block-paragraph\"><\/p>\n\n\n\n<p class=\"wp-block-paragraph\"><\/p>\n\n\n\n<p class=\"wp-block-paragraph\"><\/p>\n\n\n\n<p class=\"wp-block-paragraph\"><\/p>\n\n\n\n<p class=\"wp-block-paragraph\"><\/p>\n\n\n\n<hr class=\"wp-block-separator has-alpha-channel-opacity\"\/>\n\n\n<div class=\"wp-block-image\">\n<figure class=\"alignright size-full is-resized\"><img data-recalc-dims=\"1\" loading=\"lazy\" decoding=\"async\" width=\"731\" height=\"1024\" data-attachment-id=\"16940\" data-permalink=\"https:\/\/istorie.unibuc.ro\/facultate\/cercetare\/conferinte\/30years-poster_v2-jpg\/\" data-orig-file=\"https:\/\/i0.wp.com\/istorie.unibuc.ro\/wp-content\/uploads\/2024\/10\/30years-Poster_v2.jpg.webp?fit=731%2C1024&amp;ssl=1\" data-orig-size=\"731,1024\" data-comments-opened=\"0\" data-image-meta=\"{&quot;aperture&quot;:&quot;0&quot;,&quot;credit&quot;:&quot;&quot;,&quot;camera&quot;:&quot;&quot;,&quot;caption&quot;:&quot;&quot;,&quot;created_timestamp&quot;:&quot;0&quot;,&quot;copyright&quot;:&quot;&quot;,&quot;focal_length&quot;:&quot;0&quot;,&quot;iso&quot;:&quot;0&quot;,&quot;shutter_speed&quot;:&quot;0&quot;,&quot;title&quot;:&quot;&quot;,&quot;orientation&quot;:&quot;0&quot;}\" data-image-title=\"30years-Poster_v2.jpg\" data-image-description=\"\" data-image-caption=\"\" data-medium-file=\"https:\/\/i0.wp.com\/istorie.unibuc.ro\/wp-content\/uploads\/2024\/10\/30years-Poster_v2.jpg.webp?fit=214%2C300&amp;ssl=1\" data-large-file=\"https:\/\/i0.wp.com\/istorie.unibuc.ro\/wp-content\/uploads\/2024\/10\/30years-Poster_v2.jpg.webp?fit=731%2C1024&amp;ssl=1\" src=\"https:\/\/i0.wp.com\/istorie.unibuc.ro\/wp-content\/uploads\/2024\/10\/30years-Poster_v2.jpg.webp?resize=731%2C1024&#038;ssl=1\" alt=\"\" class=\"wp-image-16940\" style=\"width:343px;height:auto\" srcset=\"https:\/\/i0.wp.com\/istorie.unibuc.ro\/wp-content\/uploads\/2024\/10\/30years-Poster_v2.jpg.webp?w=731&amp;ssl=1 731w, https:\/\/i0.wp.com\/istorie.unibuc.ro\/wp-content\/uploads\/2024\/10\/30years-Poster_v2.jpg.webp?resize=214%2C300&amp;ssl=1 214w\" sizes=\"auto, (max-width: 731px) 100vw, 731px\" \/><\/figure>\n<\/div>\n\n\n<p class=\"wp-block-paragraph\"><a href=\"https:\/\/istorie.unibuc.ro\/cercetare\/conferinte\/thirty-years-after-post-communism-democracy-and-illiberalism-in-central-and-eastern-europe\/\">Thirty Years After &#8211; Post Communism, Democracy and Illiberalism  in Central and Eastern Europe<\/a><\/p>\n\n\n\n<p class=\"wp-block-paragraph\"><\/p>\n\n\n\n<hr class=\"wp-block-separator has-alpha-channel-opacity\"\/>\n\n\n\n<p class=\"wp-block-paragraph\"><\/p>\n\n\n\n<div class=\"wp-block-group is-vertical is-layout-flex wp-container-core-group-is-layout-4fc3f8e1 wp-block-group-is-layout-flex\"><\/div>\n\n\n\n<div style=\"height:100px\" aria-hidden=\"true\" class=\"wp-block-spacer\"><\/div>\n","protected":false},"excerpt":{"rendered":"<p>Truth and Falsehood in the Medieval World and Its Representations International Conference, University of Bucharest November 7-8, 2025 Cconferin\u021ba interna\u021bional\u0103\u00a0\u00a0Truth and Falsehood in the Medieval World and Its Representations,\u00a0organizata de\u00a0Centrul de Studii Medievale al Universitatii din Bucuresti \u00eentre 7-8 noiembrie. Evenimentul va avea loc la Sala Senatului (Rectorat, \u0218os. Panduri nr. 90-92), in prezenta si [&hellip;]<\/p>\n","protected":false},"author":2,"featured_media":0,"parent":426,"menu_order":0,"comment_status":"closed","ping_status":"closed","template":"","meta":{"_crdt_document":"","jetpack_post_was_ever_published":false,"footnotes":""},"class_list":["post-2397","page","type-page","status-publish","hentry"],"jetpack_sharing_enabled":true,"jetpack_shortlink":"https:\/\/wp.me\/PaobZd-CF","jetpack-related-posts":[],"_links":{"self":[{"href":"https:\/\/istorie.unibuc.ro\/facultate\/wp-json\/wp\/v2\/pages\/2397","targetHints":{"allow":["GET"]}}],"collection":[{"href":"https:\/\/istorie.unibuc.ro\/facultate\/wp-json\/wp\/v2\/pages"}],"about":[{"href":"https:\/\/istorie.unibuc.ro\/facultate\/wp-json\/wp\/v2\/types\/page"}],"author":[{"embeddable":true,"href":"https:\/\/istorie.unibuc.ro\/facultate\/wp-json\/wp\/v2\/users\/2"}],"replies":[{"embeddable":true,"href":"https:\/\/istorie.unibuc.ro\/facultate\/wp-json\/wp\/v2\/comments?post=2397"}],"version-history":[{"count":26,"href":"https:\/\/istorie.unibuc.ro\/facultate\/wp-json\/wp\/v2\/pages\/2397\/revisions"}],"predecessor-version":[{"id":20650,"href":"https:\/\/istorie.unibuc.ro\/facultate\/wp-json\/wp\/v2\/pages\/2397\/revisions\/20650"}],"up":[{"embeddable":true,"href":"https:\/\/istorie.unibuc.ro\/facultate\/wp-json\/wp\/v2\/pages\/426"}],"wp:attachment":[{"href":"https:\/\/istorie.unibuc.ro\/facultate\/wp-json\/wp\/v2\/media?parent=2397"}],"curies":[{"name":"wp","href":"https:\/\/api.w.org\/{rel}","templated":true}]}}