{"id":227,"date":"2018-10-26T15:16:46","date_gmt":"2018-10-26T15:16:46","guid":{"rendered":"http:\/\/newhis.bucharest.university\/?page_id=227"},"modified":"2024-10-04T08:24:32","modified_gmt":"2024-10-04T08:24:32","slug":"istorie-resurse-culturale-si-patrimoniu-in-societatea-contemporana","status":"publish","type":"page","link":"https:\/\/istorie.unibuc.ro\/facultate\/programe\/master\/istorie-resurse-culturale-si-patrimoniu-in-societatea-contemporana\/","title":{"rendered":"Istorie, Resurse Culturale \u0219i Patrimoniu \u00een Societatea Contemporan\u0103"},"content":{"rendered":"\n<p class=\"wp-block-paragraph\">Resursa cultural\u0103 \u0219i patrimoniul reprezint\u0103 domenii vitale pentru comunit\u0103\u021bile secolului XXI \u00eentruc\u00e2t constituie m\u0103rci ale identit\u0103\u021bii culturale la nivel local \u0219i regional. Identificarea, cercetarea, prezervarea \u0219i valorificarea acelor bunuri de patrimoniu care constituie emblemele identitare ale comunit\u0103\u021bilor constituie provocarea important\u0103 care st\u0103 \u00eenaintea guvernelor \u0219i institu\u021biilor locale. Totodat\u0103, resursa cultural\u0103 bine administrat\u0103 se poate transforma \u00eentr-o resurs\u0103 economic\u0103 valoroas\u0103 contribuind la dezvoltarea unei regiuni, inclusiv la rezolvarea problemei \u0219omajului. Pentru a ajunge \u00een acest punct, sunt necesare politici \u0219i strategii culturale \u00een domeniul patrimoniului care s\u0103 r\u0103spund\u0103 acestor nevoi \u0219i este nevoie de speciali\u0219ti.<\/p>\n\n\n\n<p class=\"wp-block-paragraph\">Masterul Istorie, resurse culturale \u0219i patrimoniu \u00een societatea contemporan\u0103 este dedicat at\u00e2t speciali\u0219tilor din domeniul patrimoniului, c\u00e2t \u0219i celor pasiona\u021bi de acest domeniu sau care doresc s\u0103 se implice direct \u0219i activ \u00een problematica identific\u0103rii, conserv\u0103rii\/restaur\u0103rii \u0219i valorific\u0103rii patrimoniului din Rom\u00e2nia.<\/p>\n\n\n\n<p class=\"wp-block-paragraph\">Cursurile \u0219i seminariile prev\u0103zute \u00een cadrul acestui program de master permit o abordare multidisciplinar\u0103 a problematicii bunurilor culturale precum \u0219i a institu\u021biilor care le gestioneaz\u0103. Sunt avute \u00een vedere at\u00e2t aspecte generale care \u021bin de managementul institu\u021biilor culturale, a legisla\u021biei \u0219i politicilor din domeniu, c\u00e2t \u0219i diversele tipuri de bunuri culturale de patrimoniu cu care se opereaz\u0103 \u00een Rom\u00e2nia (patrimoniu arheologic, patrimoniu etnografic, artistic, tehnic, patrimoniu muzeal, arhivistic, patrimoniu arhitectonic urban, patrimoniu imobil rural, patrimoniu imaterial, patrimoniu UNESCO) sau tehnicile \u0219i metodele de cercetare, eviden\u0163\u0103, conservare \u0219i digitalizare.<\/p>\n\n\n\n<p class=\"wp-block-paragraph\">Abordarea interdisciplinar\u0103 asupra problematicii patrimoniului este asigurat\u0103, printre altele, de colaborarea cu institu\u021bii reprezentative \u00een domeniu, care ini\u021biaz\u0103 \u0219i deruleaz\u0103 programe de cercetare la nivel interna\u021bional, precum Institutul Na\u021bional al Patrimoniului (INP), \u00een subordinea Ministerului Culturii. De asemenea, programul de master aduce al\u0103turi speciali\u0219ti din domeniul administra\u021biei \u0219i managementului, precum \u0219i speciali\u0219ti \u00een diversele domenii ale patrimoniului cultural, prin colaborarea mai multor facult\u0103\u021bi din cadrul Universit\u0103\u021bii din Bucure\u0219ti.<\/p>\n\n\n\n<p class=\"wp-block-paragraph\">Dincolo de activit\u0103\u021bile practice realizate \u00een cadrul Institutului Na\u021bional al Patrimoniului, masteranzii vor realiza stagii de practic\u0103 \u00een cadrul unora dintre cele mai prestigioase muzee \u0219i institu\u021bii locale din domeniul patrimoniului: Muzeul Muzeul Na\u0163ional de Istorie a Rom\u00e2niei, Na\u0163ional de Art\u0103 al Rom\u00e2niei, Muzeul Cotroceni, Muzeul de Istorie Militar\u0103, Muzeul \u0162\u0103ranului Rom\u00e2n, Muzeul Municipiului Bucure\u015fti, Institutul de Arheologie \u201eVasile P\u00e2rvan\u201d etc.<\/p>\n\n\n\n<p class=\"wp-block-paragraph\">Beneficiind de cuno\u0219tin\u021be fundamentale \u0219i competen\u021be interdisciplinare, absolven\u021bii Masterului Istorie, resurse culturale \u0219i patrimoniu \u00een societatea contemporan\u0103 se pot integra pe pia\u021ba muncii, \u00een ocupa\u021bii \u0219i domenii diverse:<\/p>\n\n\n\n<ul class=\"wp-block-list\">\n<li>personal de specialitate \u00een cadrul institu\u021biilor de cultur\u0103 \u0219i patrimoniu la nivel na\u021bional \u0219i local;<\/li>\n\n\n\n<li>conservator de monumente la nivelul administra\u021biei teritoriale;<\/li>\n\n\n\n<li>personal specializat \u00een protec\u0163ia cultural\u0103, evaluarea patrimoniului, proiectarea de evenimente \u015fi manifest\u0103ri, marketing de patrimoniu;<\/li>\n\n\n\n<li>personal specializat pentru sistemul muzeal na\u0163ional: muzeografi, documentari\u015fti, conservatori de muzeu \u015fi de monumente istorice, arheologi;<\/li>\n\n\n\n<li>anali\u0219ti, consilieri \u0219i exper\u021bi \u00een problematica identific\u0103rii \u015fi valorific\u0103rii patrimoniului cultural;<\/li>\n\n\n\n<li>speciali\u0219ti \u00een conservarea preventiv\u0103 (arheologie, monumente istorice, protec\u021bia peisajului);<\/li>\n\n\n\n<li>speciali\u0219ti \u00een domeniul privat al colec\u0163iilor \u015fi patrimoniului;<\/li>\n\n\n\n<li>jurnali\u0219ti cu preg\u0103tire \u00een domeniul cultural;<\/li>\n\n\n\n<li>exper\u021bi reprezentan\u021bi \u00een organisme europene \u0219i euro-atlantice.<\/li>\n<\/ul>\n\n\n\n<p class=\"wp-block-paragraph\"><\/p>\n\n\n\n<h2 class=\"wp-block-heading\"><a href=\"https:\/\/istorie.unibuc.ro\/facultate\/programe\/master\/istorie-resurse-culturale-si-patrimoniu-in-societatea-contemporana\/fise-discipline-ircpsc\/\" data-type=\"page\" data-id=\"16673\">Fi\u0219e discipline IRCPSC<\/a><\/h2>\n","protected":false},"excerpt":{"rendered":"<p>Resursa cultural\u0103 \u0219i patrimoniul reprezint\u0103 domenii vitale pentru comunit\u0103\u021bile secolului XXI \u00eentruc\u00e2t constituie m\u0103rci ale identit\u0103\u021bii culturale la nivel local \u0219i regional. Identificarea, cercetarea, prezervarea \u0219i valorificarea acelor bunuri de patrimoniu care constituie emblemele identitare ale comunit\u0103\u021bilor constituie provocarea important\u0103 care st\u0103 \u00eenaintea guvernelor \u0219i institu\u021biilor locale. Totodat\u0103, resursa cultural\u0103 bine administrat\u0103 se poate transforma [&hellip;]<\/p>\n","protected":false},"author":2,"featured_media":0,"parent":207,"menu_order":0,"comment_status":"closed","ping_status":"closed","template":"","meta":{"_crdt_document":"","jetpack_post_was_ever_published":false,"footnotes":""},"class_list":["post-227","page","type-page","status-publish","hentry"],"jetpack_sharing_enabled":true,"jetpack_shortlink":"https:\/\/wp.me\/PaobZd-3F","jetpack-related-posts":[],"_links":{"self":[{"href":"https:\/\/istorie.unibuc.ro\/facultate\/wp-json\/wp\/v2\/pages\/227","targetHints":{"allow":["GET"]}}],"collection":[{"href":"https:\/\/istorie.unibuc.ro\/facultate\/wp-json\/wp\/v2\/pages"}],"about":[{"href":"https:\/\/istorie.unibuc.ro\/facultate\/wp-json\/wp\/v2\/types\/page"}],"author":[{"embeddable":true,"href":"https:\/\/istorie.unibuc.ro\/facultate\/wp-json\/wp\/v2\/users\/2"}],"replies":[{"embeddable":true,"href":"https:\/\/istorie.unibuc.ro\/facultate\/wp-json\/wp\/v2\/comments?post=227"}],"version-history":[{"count":3,"href":"https:\/\/istorie.unibuc.ro\/facultate\/wp-json\/wp\/v2\/pages\/227\/revisions"}],"predecessor-version":[{"id":16675,"href":"https:\/\/istorie.unibuc.ro\/facultate\/wp-json\/wp\/v2\/pages\/227\/revisions\/16675"}],"up":[{"embeddable":true,"href":"https:\/\/istorie.unibuc.ro\/facultate\/wp-json\/wp\/v2\/pages\/207"}],"wp:attachment":[{"href":"https:\/\/istorie.unibuc.ro\/facultate\/wp-json\/wp\/v2\/media?parent=227"}],"curies":[{"name":"wp","href":"https:\/\/api.w.org\/{rel}","templated":true}]}}