{"id":219,"date":"2018-10-26T15:12:34","date_gmt":"2018-10-26T15:12:34","guid":{"rendered":"http:\/\/newhis.bucharest.university\/?page_id=219"},"modified":"2024-10-04T09:21:33","modified_gmt":"2024-10-04T09:21:33","slug":"istoria-artei-si-filosofia-culturii","status":"publish","type":"page","link":"https:\/\/istorie.unibuc.ro\/facultate\/programe\/master\/istoria-artei-si-filosofia-culturii\/","title":{"rendered":"Istoria Artei \u0219i Filosofia Culturii"},"content":{"rendered":"\n<div class=\"wp-block-columns has-2-columns is-layout-flex wp-container-core-columns-is-layout-8f761849 wp-block-columns-is-layout-flex\">\n<div class=\"wp-block-column is-layout-flow wp-block-column-is-layout-flow\">\n<h2 class=\"wp-block-heading\">Master, 4 semestre, 120 de credite<\/h2>\n\n\n\n<p class=\"wp-block-paragraph\">Pentru pasiona\u021bii de art\u0103, pentru cei dornici s\u0103 \u00ee\u0219i deschid\u0103 noi orizonturi, s\u0103 aib\u0103 o experien\u021b\u0103 cultural\u0103 nou\u0103 \u0219i interesant\u0103, sau pentru cei care doresc o carier\u0103 \u00een managementul artei, masterul <strong>\u201cIstoria artei \u0219i Filosofia culturii\u201d<\/strong> este o \u0219ans\u0103 veritabil\u0103.<\/p>\n\n\n\n<p class=\"wp-block-paragraph\">Acesta este singurul masterat al Universit\u0103\u021bii din Bucure\u0219ti care ofer\u0103 preg\u0103tire celor interesa\u021bi de istoria, teoria \u0219i filosofia artei, studiat\u0103 \u00een cadrul unui program interdisciplinar, acreditat prin asocierea domeniului Istorie (specialitatea Istoria artei) cu domeniul Filozofie, iar cursurile sunt organizate \u00een colaborare de Facult\u0103\u021bile de Istorie \u0219i de Filozofie ale Universit\u0103\u021bii din Bucure\u0219ti.<\/p>\n\n\n\n<p class=\"wp-block-paragraph\"><strong>Principalele avantaje ale programului:<\/strong><\/p>\n\n\n\n<p class=\"wp-block-paragraph\">*** \u0218ansa de a fi student \u00een Universitatea bucure\u0219tean\u0103, cu acces direct la mediul cultural \u0219i \u0219tiin\u021bific al capitalei, cu institutele de cercet\u0103ri, muzeele, teatrele, bibliotecile sau galeriile de art\u0103 care fac din Bucure\u0219ti cel mai complex centru intelectual al \u021b\u0103rii.<\/p>\n\n\n\n<p class=\"wp-block-paragraph\">*** Cursuri specializate \u00een managementul artei sus\u021binute de speciali\u0219ti din cadrul Facult\u0103\u021bii de Chimie (Tehnici experimentale pentru autentificarea operelor de art\u0103) \u0219i din cadrul Muzeului Na\u021bional de Art\u0103 (Curatorie \u0219i managementul artei).<\/p>\n\n\n\n<p class=\"wp-block-paragraph\">*** Studen\u021bii no\u0219tri au ocazia s\u0103 fac\u0103 stagii \u00een cele mai active galerii de art\u0103 din \u021bar\u0103 \u0219i s\u0103 fie inclu\u0219i \u00een echipele acestora, inclusiv pentru oranizarea unor festivaluri de art\u0103 de importan\u021b\u0103 major\u0103, precum ArtSafari sau Bucharest Biennale.<\/p>\n\n\n\n<p class=\"wp-block-paragraph\">Programul include analize aplicate, studii de caz ilustrative pentru diverse epoci \u0219i spa\u021bii de civiliza\u021bie, precum \u0219i o abordare teoretic\u0103 complex\u0103 \u0219i modern\u0103, \u00een care fenomenului artistic este interogat cu mijloacele esteticii, eticii, istoriei, antropologiei, filosofiei culturii.<\/p>\n\n\n\n<p class=\"wp-block-paragraph\">Diversitatea cursurilor, originalitatea demersurilor \u0219i a argumentelor r\u0103spunde at\u00e2t cererii celor care doresc s\u0103 aib\u0103 o carier\u0103 \u00een domeniu, c\u00e2t \u0219i interesului celor care \u00ee\u0219i doresc \u00eenainte de toate o experien\u021b\u0103 intelectual\u0103, caut\u0103 s\u0103 \u00ee\u0219i \u00eemplineasc\u0103 o aspira\u021bie spiritual\u0103 \u0219i s\u0103 p\u0103trund\u0103 ca persoane avizate \u00eentr-un spa\u021biu cultural care le va \u00eembog\u0103\u021bi via\u021ba.<\/p>\n\n\n\n<p class=\"wp-block-paragraph\">Programul permite continuarea studiilor la nivel doctoral, deschiz\u00e2nd astfel accesul spre o carier\u0103 \u00een cercetare sau \u00een mediul universitar, dar ofer\u0103 \u0219i o preg\u0103tire potrivit\u0103 pentru cei care urm\u0103resc afirmarea \u00eentr-o carier\u0103 din domeniul managementului cultural, al protec\u021biei patrimoniului artistic, pe pia\u021ba de art\u0103 etc. Printre studen\u021bii \u0219i absolven\u021bii no\u0219tri se afl\u0103 persoane care lucreaz\u0103 \u00een mediul muzeal, arti\u0219ti, curatori, dar \u0219i proaspe\u021bi absolven\u021bi ai studiilor de licen\u021b\u0103 de diferite specialit\u0103\u021bi, de la cele socio-umane la \u0219tiin\u021bele economice sau tehnice.<\/p>\n\n\n\n<p class=\"wp-block-paragraph\">Studen\u021bii au prilejul s\u0103 desf\u0103\u0219oare stagii practice interesante, \u00een unele dintre cele mai mari muzee din Bucure\u0219ti, precum Muzeul Na\u021bional de Art\u0103, Muzeul \u021a\u0103ranului Rom\u00e2n sau Muzeul Municipiului Bucure\u0219ti, dar \u0219i \u00een galerii de art\u0103 \u0219i case de licita\u021bii, precum Artmark \u0219i PAVILION, sau s\u0103 participe la organizarea unor importante manifest\u0103ri artistice pe scena cultural\u0103 bucure\u0219tean\u0103.<\/p>\n\n\n\n<h2 class=\"wp-block-heading\"><strong>Temele cursurilor:<\/strong><\/h2>\n\n\n\n<ul class=\"wp-block-list\">\n<li>Arta si cunoa\u0219tere<\/li>\n\n\n\n<li>Idei filosofice in arta. Contestarea sistemului de valori tradi\u021bionale<\/li>\n\n\n\n<li>Istorie \u015fi imaginar \u00een art\u0103<\/li>\n\n\n\n<li>Discursuri despre gen \u00een artele plastice (sec. XIX-XX)<\/li>\n\n\n\n<li>Arta elitelor \u00een Extremul Orient<\/li>\n\n\n\n<li>Curatorie \u0219i managementul artei<\/li>\n\n\n\n<li>Principii estetice, iconografice \u0219i iconologice \u00een arta \u0219i arhitectura Romei antice<\/li>\n\n\n\n<li>\u0218tiin\u021bele experimentale \u0219i autentificarea operelor de art\u0103<\/li>\n\n\n\n<li>Chipuri medievale \u00een istoria artei<\/li>\n\n\n\n<li>Perspectiva etic\u0103 \u015fi antropologic\u0103 asupra violen\u0163ei \u00een istorie. Holocaustul \u015fi terorismul \u00een arta sec. XX<\/li>\n\n\n\n<li>Africa Neagr\u0103: imagine creat\u0103\/imagine reflectat\u0103<\/li>\n\n\n\n<li>Tendin\u021be \u00een arta contemporan\u0103<\/li>\n\n\n\n<li>Iconografia bizantin\u0103 \u015fi post-bizantin\u0103<\/li>\n\n\n\n<li>Imaginile invizibilului. Controversa iconoclasta<\/li>\n\n\n\n<li>Perspectiva istoric\u0103 si fenomenologic\u0103 \u00een interpretarea culturii<\/li>\n\n\n\n<li>Filosofia istoriei<\/li>\n\n\n\n<li>Arta aulic\u0103 \u015fi exerci\u0163iul puterii \u00een Imperiul roman<\/li>\n\n\n\n<li>Structurile ideatice ale modernit\u0103\u021bii timpurii<\/li>\n\n\n\n<li>Istoria ideilor filosofice \u2013 istoria filosofiei<\/li>\n\n\n\n<li>Imaginar, imagina\u021bie, imagine. Direc\u021bii de g\u00e2ndire filosofic\u0103 \u0219i artistic\u0103<\/li>\n<\/ul>\n<\/div>\n\n\n\n<div class=\"wp-block-column is-layout-flow wp-block-column-is-layout-flow\">\n<blockquote class=\"wp-block-quote is-style-large is-layout-flow wp-block-quote-is-layout-flow\">\n<p class=\"wp-block-paragraph\"><strong>Darie Alexandru Budeanu&nbsp;(seria 2011-2013):&nbsp;<\/strong><br><em>\u201cAm \u00eenceput acest master din curiozitate \u0219i din dorin\u021ba de a afla lucruri noi, de a-mi l\u0103rgi orizontul, dar am descoperit c\u0103 am c\u00e2\u0219tigat mai mult dec\u00e2t m\u0103 a\u0219teptasem ini\u021bial. A fost o experien\u021b\u0103 cultural\u0103, dar \u0219i una profesional\u0103, de care am beneficiat ca artist. Artele vizuale \u0219i ideile filosofice pe care le-am descoperit m-au ajutat s\u0103 progresez \u00een profesia mea, legat\u0103 de scen\u0103 \u0219i de artele spectacolului. Mi-a f\u0103cut pl\u0103cere s\u0103 fac parte dintr-un grup de studen\u021bi pasiona\u021bi \u0219i s\u0103 lucrez cu profesori interesan\u021bi. Este o experien\u021b\u0103 spre care \u00eendemn f\u0103r\u0103 rezerve pe cei dornici s\u0103 \u00ee\u0219i exploreze poten\u021bialul \u0219i s\u0103 \u00ee\u0219i fac\u0103 via\u021ba mai frumoas\u0103.\u201d<\/em><br>&nbsp;<br><strong>Mihaela Marin Negru&nbsp;(seria 2012-2014):<\/strong><br><em>\u201c\u2026.Profesorii no\u0219tri ne-au \u00eenv\u0103\u021bat s\u0103 fim rodnici pe acest t\u0103r\u00e2m al artei \u0219i filosofiei \u0219i ne-au oferit \u0219i uneltele prin care noi s\u0103 explor\u0103m aceste domenii. Dac\u0103 sunt permise mul\u021bumirile personale, a\u0219 vrea s\u0103 mul\u021bumesc profesorilor care au fost primii ce m-au \u00eendumat c\u0103tre acest master.\u201d<\/em><br>&nbsp;<br><strong>Elena-Ruxandra Ghi\u021bescu&nbsp;(seria 2013-2015):<\/strong><br><em>\u201cMasterul de IAFC reprezint\u0103 un dar pe care am avut \u0219ansa s\u0103 mi-l ofer, pentru a evada \u00een spa\u021biul culturii \u0219i al civiliza\u021biilor, pentru a intra \u00een dialog cu opere remarcabile din domeniul artelor si al filosofiei. Datorez acest master, odat\u0103 cu efortul meu pentru cercetare si specializare, \u00een mod deosebit profesorilor de la Facultatea de Istorie \u0219i de la Facultatea de Filosofie din Bucure\u0219ti, ale c\u0103ror prelegeri inspiratoare mi-au oferit posibilitatea de-a c\u0103l\u0103tori \u00eentr-un univers nelimitat, de a-mi alege propria reprezentare \u00een spa\u021biul cultural dorit (\u2026) Am \u00eenv\u0103\u021bat jocul artei, am \u00eenv\u0103\u021bat despre existen\u021ba acelei clipe de sincronizare a tuturor func\u021biilor spirituale, emo\u021bionale, culturale, semiotice\u2026.am \u00eenv\u0103\u021bat cum s\u0103 \u00een\u021beleg \u0219i cum s\u0103 re-tr\u0103iesc tot ceea ce am mai tr\u0103it \u0219i \u00een\u021beles\u2026odinioar\u0103 (\u2026) O evaluare \u00een care de fapt te auto-evaluezi \u0219i te auto-portretizezi, pentru c\u0103 \u00ee\u021bi ofer\u0103 libertatea de a fi creativ \u0219i de a te exprima cu ajutorul imaginii \u0219i al imagina\u021biei, \u00eentr-o cultur\u0103 postmodern\u0103 cu prec\u0103dere vizual\u0103\u2026\u201d<\/em><br>&nbsp;<\/p>\n<\/blockquote>\n<\/div>\n<\/div>\n\n\n\n<figure class=\"wp-block-embed-youtube wp-block-embed is-type-rich is-provider-inglobeaza-manipulantul wp-embed-aspect-16-9 wp-has-aspect-ratio\"><div class=\"wp-block-embed__wrapper\">\n<span class=\"embed-youtube\" style=\"text-align:center; display: block;\"><iframe loading=\"lazy\" class=\"youtube-player\" width=\"771\" height=\"434\" src=\"https:\/\/www.youtube.com\/embed\/obJCHTh9C6g?version=3&#038;rel=1&#038;showsearch=0&#038;showinfo=1&#038;iv_load_policy=1&#038;fs=1&#038;hl=ro-RO&#038;autohide=2&#038;wmode=transparent\" allowfullscreen=\"true\" style=\"border:0;\" sandbox=\"allow-scripts allow-same-origin allow-popups allow-presentation allow-popups-to-escape-sandbox\"><\/iframe><\/span>\n<\/div><\/figure>\n\n\n\n<h2 class=\"wp-block-heading\"><a href=\"https:\/\/istorie.unibuc.ro\/facultate\/programe\/master\/istoria-artei-si-filosofia-culturii\/fise-discipline-iafc\/\" data-type=\"page\" data-id=\"16701\">Fi\u0219e discipline IAFC<\/a><\/h2>\n","protected":false},"excerpt":{"rendered":"<p>Master, 4 semestre, 120 de credite Pentru pasiona\u021bii de art\u0103, pentru cei dornici s\u0103 \u00ee\u0219i deschid\u0103 noi orizonturi, s\u0103 aib\u0103 o experien\u021b\u0103 cultural\u0103 nou\u0103 \u0219i interesant\u0103, sau pentru cei care doresc o carier\u0103 \u00een managementul artei, masterul \u201cIstoria artei \u0219i Filosofia culturii\u201d este o \u0219ans\u0103 veritabil\u0103. Acesta este singurul masterat al Universit\u0103\u021bii din Bucure\u0219ti care [&hellip;]<\/p>\n","protected":false},"author":2,"featured_media":0,"parent":207,"menu_order":0,"comment_status":"closed","ping_status":"closed","template":"","meta":{"_crdt_document":"","jetpack_post_was_ever_published":false,"footnotes":""},"class_list":["post-219","page","type-page","status-publish","hentry"],"jetpack_sharing_enabled":true,"jetpack_shortlink":"https:\/\/wp.me\/PaobZd-3x","jetpack-related-posts":[],"_links":{"self":[{"href":"https:\/\/istorie.unibuc.ro\/facultate\/wp-json\/wp\/v2\/pages\/219","targetHints":{"allow":["GET"]}}],"collection":[{"href":"https:\/\/istorie.unibuc.ro\/facultate\/wp-json\/wp\/v2\/pages"}],"about":[{"href":"https:\/\/istorie.unibuc.ro\/facultate\/wp-json\/wp\/v2\/types\/page"}],"author":[{"embeddable":true,"href":"https:\/\/istorie.unibuc.ro\/facultate\/wp-json\/wp\/v2\/users\/2"}],"replies":[{"embeddable":true,"href":"https:\/\/istorie.unibuc.ro\/facultate\/wp-json\/wp\/v2\/comments?post=219"}],"version-history":[{"count":7,"href":"https:\/\/istorie.unibuc.ro\/facultate\/wp-json\/wp\/v2\/pages\/219\/revisions"}],"predecessor-version":[{"id":16703,"href":"https:\/\/istorie.unibuc.ro\/facultate\/wp-json\/wp\/v2\/pages\/219\/revisions\/16703"}],"up":[{"embeddable":true,"href":"https:\/\/istorie.unibuc.ro\/facultate\/wp-json\/wp\/v2\/pages\/207"}],"wp:attachment":[{"href":"https:\/\/istorie.unibuc.ro\/facultate\/wp-json\/wp\/v2\/media?parent=219"}],"curies":[{"name":"wp","href":"https:\/\/api.w.org\/{rel}","templated":true}]}}