{"id":217,"date":"2018-10-26T15:11:10","date_gmt":"2018-10-26T15:11:10","guid":{"rendered":"http:\/\/newhis.bucharest.university\/?page_id=217"},"modified":"2024-10-04T09:10:15","modified_gmt":"2024-10-04T09:10:15","slug":"istoria-si-practica-relatiilor-internationale","status":"publish","type":"page","link":"https:\/\/istorie.unibuc.ro\/facultate\/programe\/master\/istoria-si-practica-relatiilor-internationale\/","title":{"rendered":"Istoria \u0219i Practica Rela\u021biilor Interna\u021bionale"},"content":{"rendered":"\n<p class=\"wp-block-paragraph\">Programul ofer\u0103 studii complexe, teoretice, metodologice \u015fi practice \u2013 istorie, drept, \u015ftiin\u0163e politice, geopolitic\u0103, economie, filozofie politic\u0103, diploma\u0163ie \u2013 cu scopul de a preg\u0103ti absolven\u0163i califica\u0163i \u00eentr-un domeniu ce beneficiaz\u0103 de o pia\u0163\u0103 a muncii \u00een continu\u0103 dezvoltare: Alian\u0163e \u015fi sisteme de alian\u0163\u0103 \u00een Europa sec. XIX; Noua ordine interna\u0163ional\u0103 dup\u0103 Primul R\u0103zboi Mondial; Diploma\u0163ie, negociere \u015fi conflict \u00een lumea contemporan\u0103; Geopolitica \u00een analiza rela\u0163iilor interna\u0163ionale contemporane; Teorii \u015fi mecanisme ale rela\u0163iilor interna\u0163ionale; Teorii \u015fi metode de analiz\u0103 a politicii externe; Drept international public aprofundat; Seminar metodologic ; Marile Puteri \u015fi Sud-Estul Europei 1933-1949; Analiza conflictelor interna\u0163ionale \u00een sec. XX; Politica European\u0103 de Securitate \u015fi Ap\u0103rare; Idei \u015fi structuri economice \u00een lumea contemporan\u0103; Rolul organiza\u0163iilor interna\u0163ionale \u00een epoca globaliz\u0103rii; Ideologie \u015fi practica in politica externa in sec. XX. Studii de caz; Proiectul European: dezbateri, negocieri \u015fi practic\u0103 decizional\u0103; Seminar aplicat; Stagiu practic\u0103 de specialitate.<\/p>\n\n\n\n<p class=\"wp-block-paragraph\"><strong>Profesori:<\/strong><\/p>\n\n\n\n<p class=\"wp-block-paragraph\">Titularii disciplinelor sunt profesori universitari cu mare experien\u0163\u0103 didactic\u0103 \u015fi autoritate profesional\u0103. De asemenea, la programul de master particip\u0103 \u015fi invita\u021bi de prestigiu at\u00e2t din mediul academic din \u021bar\u0103 \u0219i str\u0103in\u0103tate c\u00e2t \u0219i din institu\u021bii guvernamentale de politic\u0103 extern\u0103 \u0219i rela\u0163ii interna\u0163ionale: Prof.univ.dr. Ioan Chiper; Prof.univ.dr. Valentin Stan; Prof.univ.dr. Constantin Hlihor; Prof.univ.dr. Adrian Severin; Conf.univ.dr. Rudolf Dinu; Lect.univ.dr. Marian \u015etef\u0103nescu; Lect.univ.dr. Lauren\u0163iu Constantiniu; Lect.univ.dr. Alin Matei; Lect.univ.dr. Bogdan Antoniu.<\/p>\n\n\n\n<p class=\"wp-block-paragraph\"><strong>Perspective \u00een carier\u0103:<\/strong><\/p>\n\n\n\n<p class=\"wp-block-paragraph\">Programul \u00ee\u015fi propune profesionalizarea studen\u0163ilor at\u00e2t \u00een direc\u0163ia excelen\u0163ei academice c\u00e2t \u015fi pentru ocuparea de posturi profesionale \u00een domeniile public \u015fi privat, av\u00e2ndu-se \u00een vedere conjugarea a dou\u0103 ac\u0163iuni majore, una de formare continu\u0103 \u00een profesie \u015fi alta de cercet\u0103tor \u00een domeniul rela\u0163iilor interna\u0163ionale. Datorit\u0103 componentei multi-disciplinare de preg\u0103tire, absolven\u0163ii sunt califica\u0163i pentru a accesa cu succes o pia\u0163\u0103 a muncii fluid\u0103 \u015fi \u00een evolu\u0163ie. \u00cen ultimii 10 ani absolven\u0163ii nostri au ocupat posturi \u00een:<\/p>\n\n\n\n<p class=\"wp-block-paragraph\">Cercetare \u015ftiin\u0163ific\u0103 \u015fi\/sau \u00eenv\u0103\u0163\u0103m\u00e2nt superior-cercet\u0103tor la institute ale Academiei Rom\u00e2ne (Institutul de Istorie \u201dNicolae Iorga\u201d, Institutul de Studii Politice \u015fi Rela\u0163ii Interna\u0163ionale, Institutul Diplomatic Rom\u00e2n \u015f.a.); cadre didactice universitare (Universitatea din Bucure\u015fti, \u015ecoala Na\u0163ional\u0103 de \u015etiin\u0163e Politice \u015fi Administrative, Universitatea Babe\u015f-Bolyai, Universitatea Cre\u015ftin\u0103 Dimitrie Cantemir \u015f.a.).<br>\n\u00cenv\u0103\u0163am\u00e2ntul pre-universitar \u2013 profesori titulari.<br>\nInstitu\u0163ii guvernamentale din Rom\u00e2nia \u2013 consilieri \u015fi exper\u0163i politic\u0103 extern\u0103 \u015fi rela\u0163ii interna\u0163ionale (Ministerul Afacerilor Externe, Pre\u015fedin\u0163ia Rom\u00e2niei, Parlamentul Rom\u00e2niei, diverse alte ministere, agen\u0163ii \u015fi structuri ale autorit\u0103\u0163ii locale).<br>\nOrganiza\u0163ii interna\u0163ionale \u2013 consilieri \u015fi exper\u0163i (ONU, UNESCO, UNRRA, Reprezentan\u0163a Comisiei Europene \u015f.a.).<br>\nMediul privat de afaceri \u2013 diverse pozi\u0163ii de consultan\u0163\u0103 sau practic\u0103 \u00een domeniul rela\u0163iilor interna\u0163ionale (Siemens Rom\u00e2nia, CitiBank, Unicredit, BRD, Excon Consultan\u021b\u0103 \u015f.a.).<\/p>\n\n\n\n<p class=\"wp-block-paragraph\"><\/p>\n\n\n\n<h2 class=\"wp-block-heading\"><a href=\"https:\/\/istorie.unibuc.ro\/facultate\/programe\/master\/istoria-si-practica-relatiilor-internationale\/fise-discipline-ipri\/\" data-type=\"page\" data-id=\"16686\">Fi\u0219e discipline IPRI<\/a><\/h2>\n","protected":false},"excerpt":{"rendered":"<p>Programul ofer\u0103 studii complexe, teoretice, metodologice \u015fi practice \u2013 istorie, drept, \u015ftiin\u0163e politice, geopolitic\u0103, economie, filozofie politic\u0103, diploma\u0163ie \u2013 cu scopul de a preg\u0103ti absolven\u0163i califica\u0163i \u00eentr-un domeniu ce beneficiaz\u0103 de o pia\u0163\u0103 a muncii \u00een continu\u0103 dezvoltare: Alian\u0163e \u015fi sisteme de alian\u0163\u0103 \u00een Europa sec. XIX; Noua ordine interna\u0163ional\u0103 dup\u0103 Primul R\u0103zboi Mondial; Diploma\u0163ie, [&hellip;]<\/p>\n","protected":false},"author":2,"featured_media":0,"parent":207,"menu_order":0,"comment_status":"closed","ping_status":"closed","template":"","meta":{"_crdt_document":"","jetpack_post_was_ever_published":false,"footnotes":""},"class_list":["post-217","page","type-page","status-publish","hentry"],"jetpack_sharing_enabled":true,"jetpack_shortlink":"https:\/\/wp.me\/PaobZd-3v","jetpack-related-posts":[],"_links":{"self":[{"href":"https:\/\/istorie.unibuc.ro\/facultate\/wp-json\/wp\/v2\/pages\/217","targetHints":{"allow":["GET"]}}],"collection":[{"href":"https:\/\/istorie.unibuc.ro\/facultate\/wp-json\/wp\/v2\/pages"}],"about":[{"href":"https:\/\/istorie.unibuc.ro\/facultate\/wp-json\/wp\/v2\/types\/page"}],"author":[{"embeddable":true,"href":"https:\/\/istorie.unibuc.ro\/facultate\/wp-json\/wp\/v2\/users\/2"}],"replies":[{"embeddable":true,"href":"https:\/\/istorie.unibuc.ro\/facultate\/wp-json\/wp\/v2\/comments?post=217"}],"version-history":[{"count":3,"href":"https:\/\/istorie.unibuc.ro\/facultate\/wp-json\/wp\/v2\/pages\/217\/revisions"}],"predecessor-version":[{"id":16688,"href":"https:\/\/istorie.unibuc.ro\/facultate\/wp-json\/wp\/v2\/pages\/217\/revisions\/16688"}],"up":[{"embeddable":true,"href":"https:\/\/istorie.unibuc.ro\/facultate\/wp-json\/wp\/v2\/pages\/207"}],"wp:attachment":[{"href":"https:\/\/istorie.unibuc.ro\/facultate\/wp-json\/wp\/v2\/media?parent=217"}],"curies":[{"name":"wp","href":"https:\/\/api.w.org\/{rel}","templated":true}]}}