{"id":21582,"date":"2026-03-04T12:48:35","date_gmt":"2026-03-04T12:48:35","guid":{"rendered":"https:\/\/istorie.unibuc.ro\/facultate\/?page_id=21582"},"modified":"2026-03-04T13:14:44","modified_gmt":"2026-03-04T13:14:44","slug":"tematica-si-bibliografie-examen-licenta","status":"publish","type":"page","link":"https:\/\/istorie.unibuc.ro\/facultate\/studenti\/ghid-finalizare-studii\/tematica-si-bibliografie-examen-licenta\/","title":{"rendered":"Tematic\u0103 \u0219i Bibliografie examen licen\u021b\u0103"},"content":{"rendered":"\n<p class=\"wp-block-paragraph\"><\/p>\n\n\n\n<h2 class=\"wp-block-heading\"><strong>Istorie<\/strong><\/h2>\n\n\n\n<div class=\"wp-block-file\"><a id=\"wp-block-file--media-ce08031a-f3e0-4c10-a0e9-5eac1f5a4cb4\" href=\"https:\/\/istorie.unibuc.ro\/wp-content\/uploads\/2026\/03\/bibliografie-licenta-antica-1.pdf\">bibliografie licenta antica<\/a><a href=\"https:\/\/istorie.unibuc.ro\/wp-content\/uploads\/2026\/03\/bibliografie-licenta-antica-1.pdf\" class=\"wp-block-file__button wp-element-button\" download aria-describedby=\"wp-block-file--media-ce08031a-f3e0-4c10-a0e9-5eac1f5a4cb4\">Descarc\u0103<\/a><\/div>\n\n\n\n<div class=\"wp-block-file\"><a id=\"wp-block-file--media-efa761c2-990a-4bca-9135-1231ed6c657d\" href=\"https:\/\/istorie.unibuc.ro\/wp-content\/uploads\/2026\/03\/Tematica-licenta-Istorie-medie-universala-1.pdf\">Tematica licenta Istorie medie universala<\/a><a href=\"https:\/\/istorie.unibuc.ro\/wp-content\/uploads\/2026\/03\/Tematica-licenta-Istorie-medie-universala-1.pdf\" class=\"wp-block-file__button wp-element-button\" download aria-describedby=\"wp-block-file--media-efa761c2-990a-4bca-9135-1231ed6c657d\">Descarc\u0103<\/a><\/div>\n\n\n\n<div class=\"wp-block-file\"><a id=\"wp-block-file--media-8310ddb0-209a-480a-8110-d503fd640a13\" href=\"https:\/\/istorie.unibuc.ro\/wp-content\/uploads\/2026\/03\/Tematica-licenta-2026-Istorie-medie-a-Romaniei.pdf\">Tematic\u0103 licen\u021b\u0103 2026 &#8211; Istorie medie a Rom\u00e2niei<\/a><a href=\"https:\/\/istorie.unibuc.ro\/wp-content\/uploads\/2026\/03\/Tematica-licenta-2026-Istorie-medie-a-Romaniei.pdf\" class=\"wp-block-file__button wp-element-button\" download aria-describedby=\"wp-block-file--media-8310ddb0-209a-480a-8110-d503fd640a13\">Descarc\u0103<\/a><\/div>\n\n\n\n<div class=\"wp-block-file\"><a id=\"wp-block-file--media-06b568a7-92e1-4c92-89af-182884ba9daf\" href=\"https:\/\/istorie.unibuc.ro\/wp-content\/uploads\/2026\/03\/tematica-bibliografie-comisia-Istorie-moderna.pdf\">tematica, bibliografie comisia Istorie moderna<\/a><a href=\"https:\/\/istorie.unibuc.ro\/wp-content\/uploads\/2026\/03\/tematica-bibliografie-comisia-Istorie-moderna.pdf\" class=\"wp-block-file__button wp-element-button\" download aria-describedby=\"wp-block-file--media-06b568a7-92e1-4c92-89af-182884ba9daf\">Descarc\u0103<\/a><\/div>\n\n\n\n<div class=\"wp-block-file\"><a id=\"wp-block-file--media-88fb3c5c-880b-4bb8-b705-b896c1df3c5d\" href=\"https:\/\/istorie.unibuc.ro\/wp-content\/uploads\/2026\/03\/Tematica-examen-licenta-Comisia-de-Istoriografie-si-MENTALITATI-.pdf\">Tematic\u0103 examen licen\u021b\u0103 Comisia de Istoriografie si MENTALITATI<\/a><a href=\"https:\/\/istorie.unibuc.ro\/wp-content\/uploads\/2026\/03\/Tematica-examen-licenta-Comisia-de-Istoriografie-si-MENTALITATI-.pdf\" class=\"wp-block-file__button wp-element-button\" download aria-describedby=\"wp-block-file--media-88fb3c5c-880b-4bb8-b705-b896c1df3c5d\">Descarc\u0103<\/a><\/div>\n\n\n\n<div class=\"wp-block-file\"><a id=\"wp-block-file--media-c3a85f13-e5af-46e8-b8bc-2163e537e889\" href=\"https:\/\/istorie.unibuc.ro\/wp-content\/uploads\/2026\/03\/Examen-finalizare-studii-de-licenta-Ist.-Contemporana-Romaneasca.pdf\">Examen finalizare studii de licen\u021b\u0103 Ist. Contemporana Rom\u00e2neasc\u0103<\/a><a href=\"https:\/\/istorie.unibuc.ro\/wp-content\/uploads\/2026\/03\/Examen-finalizare-studii-de-licenta-Ist.-Contemporana-Romaneasca.pdf\" class=\"wp-block-file__button wp-element-button\" download aria-describedby=\"wp-block-file--media-c3a85f13-e5af-46e8-b8bc-2163e537e889\">Descarc\u0103<\/a><\/div>\n\n\n\n<div class=\"wp-block-file\"><a id=\"wp-block-file--media-a9aee34e-df62-42b6-8487-0709c2c29559\" href=\"https:\/\/istorie.unibuc.ro\/wp-content\/uploads\/2026\/03\/Examen-finalizare-studii-de-licenta-ICU.pdf\">Examen finalizare studii de licen\u021b\u0103 ICU<\/a><a href=\"https:\/\/istorie.unibuc.ro\/wp-content\/uploads\/2026\/03\/Examen-finalizare-studii-de-licenta-ICU.pdf\" class=\"wp-block-file__button wp-element-button\" download aria-describedby=\"wp-block-file--media-a9aee34e-df62-42b6-8487-0709c2c29559\">Descarc\u0103<\/a><\/div>\n\n\n\n<p class=\"wp-block-paragraph\"><\/p>\n\n\n\n<h2 class=\"wp-block-heading\"><strong>Istorie ID<\/strong><\/h2>\n\n\n\n<div class=\"wp-block-file\"><a id=\"wp-block-file--media-f1c0fa56-ffa4-4561-a346-4f814bfbc6fe\" href=\"https:\/\/istorie.unibuc.ro\/wp-content\/uploads\/2026\/03\/Tematica-licenta-Istorie-ID.pdf\">Tematica licenta Istorie ID<\/a><a href=\"https:\/\/istorie.unibuc.ro\/wp-content\/uploads\/2026\/03\/Tematica-licenta-Istorie-ID.pdf\" class=\"wp-block-file__button wp-element-button\" download aria-describedby=\"wp-block-file--media-f1c0fa56-ffa4-4561-a346-4f814bfbc6fe\">Descarc\u0103<\/a><\/div>\n\n\n\n<h2 class=\"wp-block-heading\"><strong>Istorie Artei<\/strong><\/h2>\n\n\n\n<div class=\"wp-block-file\"><a id=\"wp-block-file--media-04fd98c4-ea14-4401-8f13-7878625fc14e\" href=\"https:\/\/istorie.unibuc.ro\/wp-content\/uploads\/2026\/03\/bibliografie-licenta-ist-artei.pdf\">bibliografie licenta ist artei<\/a><a href=\"https:\/\/istorie.unibuc.ro\/wp-content\/uploads\/2026\/03\/bibliografie-licenta-ist-artei.pdf\" class=\"wp-block-file__button wp-element-button\" download aria-describedby=\"wp-block-file--media-04fd98c4-ea14-4401-8f13-7878625fc14e\">Descarc\u0103<\/a><\/div>\n\n\n\n<p class=\"wp-block-paragraph\"><\/p>\n\n\n\n<h2 class=\"wp-block-heading\"><strong>RISE<\/strong><\/h2>\n\n\n\n<div class=\"wp-block-file\"><a id=\"wp-block-file--media-a971d663-df02-4b78-93e3-1ba6b58ef6a5\" href=\"https:\/\/istorie.unibuc.ro\/wp-content\/uploads\/2026\/03\/Examen-finalizare-studii-de-licenta-RISE.pdf\">Examen finalizare studii de licen\u021b\u0103 RISE<\/a><a href=\"https:\/\/istorie.unibuc.ro\/wp-content\/uploads\/2026\/03\/Examen-finalizare-studii-de-licenta-RISE.pdf\" class=\"wp-block-file__button wp-element-button\" download aria-describedby=\"wp-block-file--media-a971d663-df02-4b78-93e3-1ba6b58ef6a5\">Descarc\u0103<\/a><\/div>\n","protected":false},"excerpt":{"rendered":"<p>Istorie Istorie ID Istorie Artei RISE<\/p>\n","protected":false},"author":10,"featured_media":0,"parent":392,"menu_order":0,"comment_status":"closed","ping_status":"closed","template":"","meta":{"_crdt_document":"","jetpack_post_was_ever_published":false,"footnotes":""},"class_list":["post-21582","page","type-page","status-publish","hentry"],"jetpack_sharing_enabled":true,"jetpack_shortlink":"https:\/\/wp.me\/PaobZd-5C6","jetpack-related-posts":[],"_links":{"self":[{"href":"https:\/\/istorie.unibuc.ro\/facultate\/wp-json\/wp\/v2\/pages\/21582","targetHints":{"allow":["GET"]}}],"collection":[{"href":"https:\/\/istorie.unibuc.ro\/facultate\/wp-json\/wp\/v2\/pages"}],"about":[{"href":"https:\/\/istorie.unibuc.ro\/facultate\/wp-json\/wp\/v2\/types\/page"}],"author":[{"embeddable":true,"href":"https:\/\/istorie.unibuc.ro\/facultate\/wp-json\/wp\/v2\/users\/10"}],"replies":[{"embeddable":true,"href":"https:\/\/istorie.unibuc.ro\/facultate\/wp-json\/wp\/v2\/comments?post=21582"}],"version-history":[{"count":3,"href":"https:\/\/istorie.unibuc.ro\/facultate\/wp-json\/wp\/v2\/pages\/21582\/revisions"}],"predecessor-version":[{"id":21600,"href":"https:\/\/istorie.unibuc.ro\/facultate\/wp-json\/wp\/v2\/pages\/21582\/revisions\/21600"}],"up":[{"embeddable":true,"href":"https:\/\/istorie.unibuc.ro\/facultate\/wp-json\/wp\/v2\/pages\/392"}],"wp:attachment":[{"href":"https:\/\/istorie.unibuc.ro\/facultate\/wp-json\/wp\/v2\/media?parent=21582"}],"curies":[{"name":"wp","href":"https:\/\/api.w.org\/{rel}","templated":true}]}}