{"id":215,"date":"2018-10-26T15:10:05","date_gmt":"2018-10-26T15:10:05","guid":{"rendered":"http:\/\/newhis.bucharest.university\/?page_id=215"},"modified":"2019-02-15T18:56:10","modified_gmt":"2019-02-15T18:56:10","slug":"studii-medievale","status":"publish","type":"page","link":"https:\/\/istorie.unibuc.ro\/facultate\/programe\/master\/studii-medievale\/","title":{"rendered":"Studii Medievale"},"content":{"rendered":"\n<p class=\"wp-block-paragraph\">re\u021bi s\u0103 afla\u021bi adev\u0103rul din spatele unor crea\u021bii precum Urzeala Tronurilor \u0219i St\u0103p\u00e2nul Inelelor? Numele Trandafirului \u0219i Codul lui Da Vinci? World of Warcraft \u0219i Suleiman Magnificul? Fascina\u021bia medieval\u0103 e o constant\u0103 a societ\u0103\u021bii \u00een care tr\u0103im, dar accesul la Evul Mediu poate fi f\u0103cut printr-o poart\u0103 de nivel academic, cea a unui master de specialitate.<\/p>\n\n\n\n<p class=\"wp-block-paragraph\">Programul de Master Studii Medievale este unic \u00een peisajul universitar rom\u00e2nesc prin caracterul s\u0103u interdisciplinar dat de colaborarea unor speciali\u0219ti \u00een istorie, art\u0103, limbi \u0219i literaturi medievale, filosofie.<\/p>\n\n\n\n<p class=\"wp-block-paragraph\">Masteratul de Studii Medievale este un program de studii universitare (ciclul II) cu o durat\u0103 de 4 semestre, organizat \u00een colaborare de c\u0103tre Facultatea de Istorie \u0219i Facultatea de Limbi \u0219i Literaturi Str\u0103ine. care se finalizeaz\u0103 prin sus\u021binerea unei lucr\u0103ri de diserta\u021bie. Se adreseaz\u0103 absolven\u0163ilor programului de licen\u0163\u0103 \u015fi ofer\u0103 o introducere complex\u0103 \u00een studiul interdisciplinar al culturilor Evului Mediu european, organizat pe trei direc\u0163ii fundamentale de formare: istoric\u0103, filologic\u0103 \u015fi filosofic\u0103.<\/p>\n\n\n\n<p class=\"wp-block-paragraph\">Interdisciplinaritatea bazat\u0103 pe surse de tip lingvistic-discursiv \u015fi imagistic, relevante pentru toate cele trei direc\u021bii fundamentale, reprezint\u0103 elementul definitoriu al acestui program. \u00cen acela\u015fi timp, prin concep\u0163ia sa care alterneaz\u0103 disciplinele de sintez\u0103 cu disciplinele de aprofundare, programul permite \u015fi stimuleaz\u0103 explorarea \u015fi aprofundarea unor aspecte concrete ale<br>\ndomeniului medieval.<\/p>\n\n\n\n<p class=\"wp-block-paragraph\">\u00cen interiorul direc\u0163iilor fundamentale men\u0163ionate, cursurile \u0219i seminariile dezvolt\u0103 problematici aflate \u00een ultimii ani \u00een prim planul cercetarilor de medievistic\u0103, \u00een cursuri precum: Nobilitate \u0219i nobilime, Mentalit\u0103\u021bi medievale, Poetici medievale, Paleografie latin\u0103, Iconografie bizantin\u0103, Hermeneutica experien\u021bei religioase, Prespective medievale asupra lumii \u0219i cosmosului, Statutul femeii \u00een evul mediu, Hermeneutic\u0103 medieval\u0103, Sf\u00e2r\u0219itul evului mediu \u0219i \u00eenceputul Rena\u0219terii.<\/p>\n\n\n\n<p class=\"wp-block-paragraph\">Prin preluarea de la universit\u0103\u021biile medievale a stilului deschis de dezbatere \u0219i comunicare \u00eentre studen\u021bi si profesori, readuc\u00e2nd farmecul studiului f\u0103r\u0103 o atmosfer\u0103 tensionat\u0103 de frica gre\u0219elii, masteratul ofer\u0103 o experien\u021b\u0103 educa\u021bional\u0103 \u0219i formatoare unic\u0103 studen\u021bilor s\u0103i.<\/p>\n\n\n\n<p class=\"wp-block-paragraph\">Ucenicia \u00eentr-ale cercet\u0103rii se face \u0219i prin implicarea studen\u021bilor, al\u0103turi de profesorii lor, \u00een Centrul de Studii Medievale, prestigios centru de cercetare al Universit\u0103\u021bii din Bucure\u0219ti. \u0218i \u00een acela\u0219i timp, ini\u021biativa de cercetare studen\u021beasc\u0103 se manifest\u0103 liber \u00een cadrul Cercului de Studii Medievale, unul dintre cele mai longevive cercuri studen\u021be\u0219ti din Facultatea de Istorie a Universit\u0103\u021bii din Bucure\u0219ti.<\/p>\n\n\n\n<p class=\"wp-block-paragraph\">Absolven\u021bii masteratului pot opta pentru cariere \u00een \u00eenv\u0103\u021b\u0103m\u00e2nt, cercetare, jurnalistic\u0103, muzeografie, arhivistic\u0103, \u00een institu\u021bii guvernamentale \u0219i non-guvernamentale, \u00een firme din mediul privat. De fapt, absolvirea unui program de masterat solid, cu o reputa\u021bie bine consolidat\u0103, deschide drumul pentru cariere de succes la poate nici nu v-a\u021bi g\u00e2ndit p\u00e2n\u0103 acum. Num\u0103rul mare de profesori coordonatori de doctorat implica\u021bi \u00een masterul de Studii Medievale v\u0103 permite continuarea studiilor \u0219i \u00een ciclul III, la doctorat. Programele Erasmus \u0219i diferitele tipuri de burse pe care le pute\u021bi accesa, proiecte \u00een care pute\u021bi fi implica\u021bi, v\u0103 pot deschide calea c\u0103tre stagii \u00een str\u0103in\u0103tate.<\/p>\n\n\n\n<blockquote class=\"wp-block-quote is-layout-flow wp-block-quote-is-layout-flow\"><p><br>George Opre-Ilioviciu \u2013&nbsp;<em>Din punctul meu de vedere, programul de master Studii Medievale a fost foarte bun \u2013 calitatea foarte bun\u0103 a cursurilor predate, accentul pus pe interdisciplinaritate, conferin\u021bele \u0219i activita\u021bile numeroase in care am fost implica\u021bi sunt cateva din lucrurile care merita subliniate in legatur\u0103 cu acesta. Programul a constituit o infuzie consistent\u0103 in ce priveste specializarea urmarita de mine \u2013 din punct de vedere informa\u021bional, al competen\u021belor \u0219i abilita\u021bilor practice dobandite. (Sincer sa fiu, eu doar imi doaream un master in care toate disciplinele studiate sa vizeze perioada medieval\u0103, nu am urmarit sa ajung la unul dintre cele mai competitive mastere pe care il avea la data respectiva Facultatea de Istorie, a\u0219a cum am apreciat la sfarsitul programului). Cred ca un master care abordeaz\u0103 Evul Mediu nu poate fi altfel decat interdisciplinar. Nu in ultimul rand, s-a lucrat mai tot timpul pe surse, progresele facute de mine, in acest domeniu, in raport cu programul de licen\u021b\u0103, fiind astronomice.<\/em><br>Sabina Ganea \u2013&nbsp;<em>Masteratul de Studii Medievale s-a ridicat la nivelul a\u0219teptarilor mele \u0219i pot sa spun ca mi-a l\u0103rgit intrucatva orizontul prin cursurile diverse, centrate nu doar pe istorie, ci \u0219i pe cultur\u0103, literatur\u0103 sau art\u0103 \u2013 ceea ce mi se pare de altfel crucial pentru in\u021belegerea oricarei perioade istorice. \u2026 Sunt mul\u021bumit\u0103 de masterul de Studii Medievale \u0219i am sa-l recomand oricui va afi\u0219a un interes fa\u021ba de istorie. Eu personal ma bucur c\u0103 am avut op\u021biunea aceasta \u0219i sper sa raman\u0103 in continuare valabil acest masterat \u0219i pentru al\u021bi colegi.<\/em><br>Alina Lutuc \u2013&nbsp;<em>Masterul de Studii Medievale reprezint\u0103 un plus pentru \u201cfanii\u201d perioadei medievale, in condi\u021biile in care se pune mai mult accent pe metodele interdisciplinare de studiu al surselor edificatoare pentru perioada medieval\u0103. Un alt aspect pozitiv ar mai fi intalnirile Centrului de Studii Medievale, unde studen\u021bii pot discuta cu speciali\u0219ti din interiorul universit\u0103\u021bii \u0219i din institutele de profil ale Academiei Rom\u00e2ne pentru o mai bun\u0103 in\u021belegere a diverselor aspecte specifice domeniilor vie\u021bii sociale din Evul Mediu.&nbsp;Mult succes noilor masteranzi!<\/em><\/p><\/blockquote>\n\n\n\n<h2 class=\"wp-block-heading\">Prezentare Cursuri<\/h2>\n\n\n\n<div class=\"wp-block-columns has-2-columns is-layout-flex wp-container-core-columns-is-layout-8f761849 wp-block-columns-is-layout-flex\">\n<div class=\"wp-block-column is-layout-flow wp-block-column-is-layout-flow\">\n<h4 class=\"wp-block-heading\">Anul I<\/h4>\n\n\n\n<div class=\"wp-block-file\"><a href=\"https:\/\/istorie.unibuc.ro\/wp-content\/uploads\/2019\/02\/Lung-Mentalitati-medievale.docx\">Mentalitati medievale<\/a><a href=\"https:\/\/istorie.unibuc.ro\/wp-content\/uploads\/2019\/02\/Lung-Mentalitati-medievale.docx\" class=\"wp-block-file__button\" download>Download<\/a><\/div>\n<\/div>\n\n\n\n<div class=\"wp-block-column is-layout-flow wp-block-column-is-layout-flow\">\n<h4 class=\"wp-block-heading\">Anul II<\/h4>\n<\/div>\n<\/div>\n","protected":false},"excerpt":{"rendered":"<p>re\u021bi s\u0103 afla\u021bi adev\u0103rul din spatele unor crea\u021bii precum Urzeala Tronurilor \u0219i St\u0103p\u00e2nul Inelelor? Numele Trandafirului \u0219i Codul lui Da Vinci? World of Warcraft \u0219i Suleiman Magnificul? Fascina\u021bia medieval\u0103 e o constant\u0103 a societ\u0103\u021bii \u00een care tr\u0103im, dar accesul la Evul Mediu poate fi f\u0103cut printr-o poart\u0103 de nivel academic, cea a unui master de [&hellip;]<\/p>\n","protected":false},"author":2,"featured_media":0,"parent":207,"menu_order":0,"comment_status":"closed","ping_status":"closed","template":"","meta":{"_crdt_document":"","jetpack_post_was_ever_published":false,"footnotes":""},"class_list":["post-215","page","type-page","status-publish","hentry"],"jetpack_sharing_enabled":true,"jetpack_shortlink":"https:\/\/wp.me\/PaobZd-3t","jetpack-related-posts":[],"_links":{"self":[{"href":"https:\/\/istorie.unibuc.ro\/facultate\/wp-json\/wp\/v2\/pages\/215","targetHints":{"allow":["GET"]}}],"collection":[{"href":"https:\/\/istorie.unibuc.ro\/facultate\/wp-json\/wp\/v2\/pages"}],"about":[{"href":"https:\/\/istorie.unibuc.ro\/facultate\/wp-json\/wp\/v2\/types\/page"}],"author":[{"embeddable":true,"href":"https:\/\/istorie.unibuc.ro\/facultate\/wp-json\/wp\/v2\/users\/2"}],"replies":[{"embeddable":true,"href":"https:\/\/istorie.unibuc.ro\/facultate\/wp-json\/wp\/v2\/comments?post=215"}],"version-history":[{"count":2,"href":"https:\/\/istorie.unibuc.ro\/facultate\/wp-json\/wp\/v2\/pages\/215\/revisions"}],"predecessor-version":[{"id":2076,"href":"https:\/\/istorie.unibuc.ro\/facultate\/wp-json\/wp\/v2\/pages\/215\/revisions\/2076"}],"up":[{"embeddable":true,"href":"https:\/\/istorie.unibuc.ro\/facultate\/wp-json\/wp\/v2\/pages\/207"}],"wp:attachment":[{"href":"https:\/\/istorie.unibuc.ro\/facultate\/wp-json\/wp\/v2\/media?parent=215"}],"curies":[{"name":"wp","href":"https:\/\/api.w.org\/{rel}","templated":true}]}}