{"id":213,"date":"2018-10-26T15:06:18","date_gmt":"2018-10-26T15:06:18","guid":{"rendered":"http:\/\/newhis.bucharest.university\/?page_id=213"},"modified":"2018-10-26T15:06:20","modified_gmt":"2018-10-26T15:06:20","slug":"istorie-si-politica-militara-in-secolele-xix-xxi","status":"publish","type":"page","link":"https:\/\/istorie.unibuc.ro\/facultate\/programe\/master\/istorie-si-politica-militara-in-secolele-xix-xxi\/","title":{"rendered":"Istorie si Politica Militara in Secolele XIX-XXI"},"content":{"rendered":"\n<p class=\"wp-block-paragraph\"><strong>MASTERUL DE ISTORIE \u015eI POLITIC\u0102 MILITAR\u0102<\/strong> \u00een Rom\u00e2nia secolelor XIX-XXI asigur\u0103 aprofundarea direc\u0163iei de specializare \u00een domeniul istoriei, prin abord\u0103ri interdisciplinare asupra fenomenului r\u0103zboiului, sub toate determin\u0103rile sale: politico-diplomatice, economice, sociale. Programul de master cuprinde activit\u0103\u0163i didactice integrate, cercet\u0103ri \u015fi analize, prezent\u0103ri orale \u015fi scrise \u015fi o perioad\u0103 de practic\u0103. Corpul profesoral include speciali\u015fti cu expertiz\u0103 profesional\u0103 direct\u0103 \u00een domeniul istoriei \u015fi strategiei militare, precum \u015fi \u00een cel mai larg, al rela\u0163iilor interna\u0163ionale.<\/p>\n\n\n\n<p class=\"wp-block-paragraph\">R\u0103zboaiele au fost, indiscutabil, evenimentele cele mai importante ale ultimelor dou\u0103 secole. Ele au destr\u0103mat imperii \u0219i au creat na\u021biuni, au dus la apari\u021bia a noi sisteme politice (comunism, nazism) dar \u0219i la mii de inven\u021bii tehnice (inclusiv cuptorul cu microunde!), au permis femeii s\u0103 se afirme \u00een economiile golite de b\u0103rba\u021bi, dar au \u00eenveninat pe termen lung rela\u021biile dintre popoare vecine. Pe scurt, f\u0103r\u0103 a analiza r\u0103zboiul, istoria ultimelor dou\u0103 secole nu poate fi \u00een\u021beleas\u0103.<\/p>\n\n\n\n<p class=\"wp-block-paragraph\">\u00cen acest context, programul de master Istorie \u0219i politic\u0103 militar\u0103 \u00een Rom\u00e2nia secolelor XIX-XXI ofer\u0103  pasiona\u021bilor acestui domeniu ocazia ca vreme de 2 ani s\u0103 poat\u0103 dezbate, al\u0103turi de speciali\u0219ti reputa\u021bi, problemele de istorie militar\u0103 care \u00eei intereseaz\u0103. De la r\u0103zboaiele napoleoniene la misiunile NATO din ultimele decenii, fenomenul militar va fi analizat sub toate aspectele sale. Studen\u021bii masteranzi vor putea descoperi nu doar marilb\u0103t\u0103lii \u0219i generali, dar \u0219i condi\u021bion\u0103rile economice sau inven\u021biile \u0219tiin\u021bifice care au schimbat fa\u021ba r\u0103zboiului. Arhitectura de securitate a lumii postbelice \u2013 parte esen\u021bial\u0103 a acestui master \u2013 nu poate fi explicat\u0103 dec\u00e2t \u00een\u021beleg\u00e2nd profundele traume din care s-a n\u0103scut, \u0219i \u00een special experien\u021ba ultimelor dou\u0103 r\u0103zboaie mondiale (subiect c\u0103ruia \u00eei sunt circumscrise o serie de cursuri) la care se adaug\u0103 cursuri dedicate reprezent\u0103rilor cinematografice ale fenomenului militar \u015fi evenimentelor militare din ultimele dou\u0103 secole. Masterul propune o viziune despre istorie care s\u0103 ajute la \u00eentelegerea \u015fi cunoa\u015fterea at\u00e2t a fenomenelor istorice \u00een evolu\u0163ia lor, c\u00e2t \u015fi a structurii \u015fi caracteristicilor lumii contemporane.<\/p>\n","protected":false},"excerpt":{"rendered":"<p>MASTERUL DE ISTORIE \u015eI POLITIC\u0102 MILITAR\u0102 \u00een Rom\u00e2nia secolelor XIX-XXI asigur\u0103 aprofundarea direc\u0163iei de specializare \u00een domeniul istoriei, prin abord\u0103ri interdisciplinare asupra fenomenului r\u0103zboiului, sub toate determin\u0103rile sale: politico-diplomatice, economice, sociale. Programul de master cuprinde activit\u0103\u0163i didactice integrate, cercet\u0103ri \u015fi analize, prezent\u0103ri orale \u015fi scrise \u015fi o perioad\u0103 de practic\u0103. Corpul profesoral include speciali\u015fti cu [&hellip;]<\/p>\n","protected":false},"author":2,"featured_media":0,"parent":207,"menu_order":0,"comment_status":"closed","ping_status":"closed","template":"","meta":{"_crdt_document":"","jetpack_post_was_ever_published":false,"footnotes":""},"class_list":["post-213","page","type-page","status-publish","hentry"],"jetpack_sharing_enabled":true,"jetpack_shortlink":"https:\/\/wp.me\/PaobZd-3r","jetpack-related-posts":[],"_links":{"self":[{"href":"https:\/\/istorie.unibuc.ro\/facultate\/wp-json\/wp\/v2\/pages\/213","targetHints":{"allow":["GET"]}}],"collection":[{"href":"https:\/\/istorie.unibuc.ro\/facultate\/wp-json\/wp\/v2\/pages"}],"about":[{"href":"https:\/\/istorie.unibuc.ro\/facultate\/wp-json\/wp\/v2\/types\/page"}],"author":[{"embeddable":true,"href":"https:\/\/istorie.unibuc.ro\/facultate\/wp-json\/wp\/v2\/users\/2"}],"replies":[{"embeddable":true,"href":"https:\/\/istorie.unibuc.ro\/facultate\/wp-json\/wp\/v2\/comments?post=213"}],"version-history":[{"count":1,"href":"https:\/\/istorie.unibuc.ro\/facultate\/wp-json\/wp\/v2\/pages\/213\/revisions"}],"predecessor-version":[{"id":214,"href":"https:\/\/istorie.unibuc.ro\/facultate\/wp-json\/wp\/v2\/pages\/213\/revisions\/214"}],"up":[{"embeddable":true,"href":"https:\/\/istorie.unibuc.ro\/facultate\/wp-json\/wp\/v2\/pages\/207"}],"wp:attachment":[{"href":"https:\/\/istorie.unibuc.ro\/facultate\/wp-json\/wp\/v2\/media?parent=213"}],"curies":[{"name":"wp","href":"https:\/\/api.w.org\/{rel}","templated":true}]}}