{"id":211,"date":"2018-10-26T15:05:11","date_gmt":"2018-10-26T15:05:11","guid":{"rendered":"http:\/\/newhis.bucharest.university\/?page_id=211"},"modified":"2024-09-30T12:01:08","modified_gmt":"2024-09-30T12:01:08","slug":"politica-si-societate-in-secolul-al-xx-lea","status":"publish","type":"page","link":"https:\/\/istorie.unibuc.ro\/facultate\/programe\/master\/politica-si-societate-in-secolul-al-xx-lea\/","title":{"rendered":"Politic\u0103 \u0219i Societate in Secolul al XX-lea"},"content":{"rendered":"\n<p class=\"wp-block-paragraph\">Proiectul programului Politic\u0103 \u015fi societate \u00een secolul XX a plecat de la necesitatea complet\u0103rii, la un nivel academic superior, a abilit\u0103\u0163ilor \u015ftiin\u0163ifice \u015fi cuno\u015ftin\u0163elor necesare profesioni\u015ftilor din domeniul Istoriei precum \u015fi a l\u0103rgirii orizontului fenomenologic pentru alte categorii de absolven\u0163i din \u00eenv\u0103\u0163\u0103m\u00e2ntul superior. S-a avut astfel \u00een vedere faptul c\u0103 secolul XX a reprezentat o perioad\u0103 extrem de complex\u0103 din istoria mondial\u0103 \u00een care au ap\u0103rut \u015fi\/sau au fost dezvoltate fenomene \u015fi procese economice, politice, culturale \u015fi mentale ce au transformat profund lumea european\u0103 \u015fi extraeuropean\u0103 deopotriv\u0103. Plec\u00e2nd de la aceast\u0103 dubl\u0103 abordare, cursurile prezente \u00een acest program surprind at\u00e2t fenomenul complex al mi\u015fc\u0103rilor \u015fi transform\u0103rilor la nivel politic intern c\u00e2t \u015fi acele muta\u0163ii, petrecute \u00een societ\u0103\u0163ile respective, care de-a lungul secolului XX au influen\u0163at evolu\u0163iile istorice ale Europei \u015fi lumii.<\/p>\n\n\n\n<p class=\"wp-block-paragraph\"><strong>Obiectivele programulu<\/strong>i sunt structurate pe trei coordonate: la nivelul achizi\u0163iei de cunoa\u015ftere; la nivelul competen\u0163elor de lucru intelectual; la nivel de competen\u0163e interpersonale. Programul cuprinde activit\u0103\u0163i didactice integrate, cu discipline teoretice, dar \u015fi teme practice sau exerci\u0163ii pentru abilit\u0103\u0163i, cu accent pe comunicare, simulare, abord\u0103ri integrate ale studiilor de caz, analize ale fenomenelor \u015fi proceselor curente. Disciplinele teoretice acoper\u0103 domenii variate de la istoria politic\u0103 \u015fi social\u0103 la istorie economic\u0103 \u015fi cultural\u0103. \u00cen cadrul programului sunt prev\u0103zute seminarii metodologice \u015fi seminarii aplicate precum \u015fi un stagiu de practic\u0103 \u00een institu\u0163ii de profil.<\/p>\n\n\n\n<p class=\"wp-block-paragraph\">Competen\u0163e profesionale: capacitate de analiz\u0103 critic\u0103 \u0219i comparativ\u0103 a surselor documentare publice \u00een raport cu cele din surse private; capacitatea de evaluare \u015fi ierarhizare a motiva\u0163iilor din lan\u0163ul de decizie politic\u0103 \u015fi\/sau diplomatic\u0103.<\/p>\n\n\n\n<p class=\"wp-block-paragraph\"><strong>Cursuri:<\/strong><\/p>\n\n\n\n<p class=\"wp-block-paragraph\">Planul de \u00eenv\u0103\u0163\u0103m\u00e2nt presupune ob\u0163inerea unui total de 120 credite, \u00een decurs de doi ani. Se aplic\u0103 sistemul de credite transferabile, \u00een condi\u021biile Regulamentului Universit\u0103\u021bii din Bucure\u0219ti. Exemple de cursuri: Holocaust si Gulag in istoria Europei; Totalitarism si democratie in sec XX; Modele sociale si comportamente cotidiene in lumea contemporana; Spatii sociale si viata cotidiana reflectate in literatura sec XX; Migratia in lumea contemporana. Dimensiuni socio-politice; Sindicalism si activism social in societatea contemporana; Provoc\u0103ri ideologice \u0219i r\u0103spunsuri politice \u00een societatea sec. XXI; Evolutia sistemului politic american sec XIX-XXI; Politica si Societate in America Latina sec. XIX-XX; Evolutii politice si societale in Orientul Mijlociu in sec. XX; Conflicte etnice si religioase in Balcani; Aplica\u021bii practice in domeniul digitalizarii istoriei; Seminar de surse : arhive clasice si digitale in lumea contemporana; Aplica\u021bii practice in domeniul istoriei digitale.<\/p>\n\n\n\n<p class=\"wp-block-paragraph\"><strong>Profesori:<\/strong><\/p>\n\n\n\n<p class=\"wp-block-paragraph\">Titularii disciplinelor propuse \u00een cadrul programului sunt cadre universitare cu mare experien\u021b\u0103 didactic\u0103 \u0219i autoritate profesional\u0103. Profesorii sunt titulari ai departamentelor de Rela\u021bii Interna\u021bionale \u0219i Istorie Universal\u0103 \u0219i Istoria Rom\u00e2niei \u0219i a Sud-Estului European. De asemenea, la programul de master particip\u0103 \u015fi invita\u021bi de prestigiu din mediul academic din \u021bar\u0103 \u0219i str\u0103in\u0103tate: prof. dr. Adrian Cioroianu; prof. dr. Ioan Chiper; prof. dr. Rudolf Dinu; conf. Alexandru Mironov; lect. dr. Marian \u0218tef\u0103nescu; lect. dr. Bogdan Antoniu; conf. dr. Lauren\u021biu Constantiniu; lect. dr. Alin Matei; cercet. dr. Daniel Cain, dr. Cristina Nedelcu<\/p>\n\n\n\n<p class=\"wp-block-paragraph\"><strong>Perspective \u00een carier\u0103:<\/strong><\/p>\n\n\n\n<p class=\"wp-block-paragraph\">Competen\u021bele oferite \u00een cadrul acestui program au un impact direct asupra rela\u0163iei dintre formarea de nivel post-licen\u0163\u0103 (ISCED 7) \u015fi pia\u0163a muncii. O serie de competen\u0163e \u015fi deprinderi de lucru intelectual care se afl\u0103 \u00een centrul dimensiunii didactice a acestui program sunt elemente care se consider\u0103 a fi (\u00een baza unor documente ale CE), centrale at\u00e2t pentru inser\u0163ia profesional\u0103 a tinerilor, c\u00e2t \u015fi pentru economiile bazate pe cunoa\u015ftere.<\/p>\n\n\n\n<p class=\"wp-block-paragraph\">Perspectivele de carier\u0103 acoper\u0103 urm\u0103toarele domenii:<\/p>\n\n\n\n<ul class=\"wp-block-list\">\n<li>Cercetare \u015ftiin\u0163ific\u0103 \u015fi\/sau \u00eenv\u0103\u0163\u0103m\u00e2nt superior;<\/li>\n\n\n\n<li>\u00cenv\u0103\u0163am\u00e2ntul pre-universitar;<\/li>\n\n\n\n<li>Institu\u0163ii guvernamentale din Rom\u00e2nia \u2013 consilieri \u015fi exper\u0163i politic\u0103 extern\u0103 \u015fi rela\u0163ii interna\u0163ionale;<\/li>\n\n\n\n<li>Organiza\u0163ii interna\u0163ionale \u2013 consilieri \u015fi exper\u0163i;<\/li>\n\n\n\n<li>Mediul privat de afaceri \u2013 diverse pozi\u0163ii de consultan\u0163\u0103 sau practic\u0103 \u00een domeniul rela\u0163iilor interna\u0163ionale.<\/li>\n<\/ul>\n\n\n\n<p class=\"wp-block-paragraph\"><\/p>\n\n\n\n<h2 class=\"wp-block-heading\"><strong><a href=\"https:\/\/istorie.unibuc.ro\/facultate\/programe\/master\/politica-si-societate-in-secolul-al-xx-lea\/fise-disciplina-politica-si-societate\/\" data-type=\"page\" data-id=\"16496\">Fi\u0219e disciplin\u0103 Politic\u0103 \u0219i societate<\/a><\/strong><\/h2>\n\n\n\n<p class=\"wp-block-paragraph\"><\/p>\n","protected":false},"excerpt":{"rendered":"<p>Proiectul programului Politic\u0103 \u015fi societate \u00een secolul XX a plecat de la necesitatea complet\u0103rii, la un nivel academic superior, a abilit\u0103\u0163ilor \u015ftiin\u0163ifice \u015fi cuno\u015ftin\u0163elor necesare profesioni\u015ftilor din domeniul Istoriei precum \u015fi a l\u0103rgirii orizontului fenomenologic pentru alte categorii de absolven\u0163i din \u00eenv\u0103\u0163\u0103m\u00e2ntul superior. S-a avut astfel \u00een vedere faptul c\u0103 secolul XX a reprezentat o [&hellip;]<\/p>\n","protected":false},"author":2,"featured_media":0,"parent":207,"menu_order":0,"comment_status":"closed","ping_status":"closed","template":"","meta":{"_crdt_document":"","jetpack_post_was_ever_published":false,"footnotes":""},"class_list":["post-211","page","type-page","status-publish","hentry"],"jetpack_sharing_enabled":true,"jetpack_shortlink":"https:\/\/wp.me\/PaobZd-3p","jetpack-related-posts":[],"_links":{"self":[{"href":"https:\/\/istorie.unibuc.ro\/facultate\/wp-json\/wp\/v2\/pages\/211","targetHints":{"allow":["GET"]}}],"collection":[{"href":"https:\/\/istorie.unibuc.ro\/facultate\/wp-json\/wp\/v2\/pages"}],"about":[{"href":"https:\/\/istorie.unibuc.ro\/facultate\/wp-json\/wp\/v2\/types\/page"}],"author":[{"embeddable":true,"href":"https:\/\/istorie.unibuc.ro\/facultate\/wp-json\/wp\/v2\/users\/2"}],"replies":[{"embeddable":true,"href":"https:\/\/istorie.unibuc.ro\/facultate\/wp-json\/wp\/v2\/comments?post=211"}],"version-history":[{"count":4,"href":"https:\/\/istorie.unibuc.ro\/facultate\/wp-json\/wp\/v2\/pages\/211\/revisions"}],"predecessor-version":[{"id":16498,"href":"https:\/\/istorie.unibuc.ro\/facultate\/wp-json\/wp\/v2\/pages\/211\/revisions\/16498"}],"up":[{"embeddable":true,"href":"https:\/\/istorie.unibuc.ro\/facultate\/wp-json\/wp\/v2\/pages\/207"}],"wp:attachment":[{"href":"https:\/\/istorie.unibuc.ro\/facultate\/wp-json\/wp\/v2\/media?parent=211"}],"curies":[{"name":"wp","href":"https:\/\/api.w.org\/{rel}","templated":true}]}}