{"id":207,"date":"2018-10-26T15:02:10","date_gmt":"2018-10-26T15:02:10","guid":{"rendered":"http:\/\/newhis.bucharest.university\/?page_id=207"},"modified":"2026-03-22T10:49:50","modified_gmt":"2026-03-22T10:49:50","slug":"master","status":"publish","type":"page","link":"https:\/\/istorie.unibuc.ro\/facultate\/programe\/master\/","title":{"rendered":"Master"},"content":{"rendered":"\n<p class=\"wp-block-paragraph\">Ciclul masteral reprezint\u0103 cel de-al doilea nivel al sistemului de educa\u021bie superioar\u0103, pe care \u00eel ofer\u0103 Facultatea de Istorie. Absolvirea acestuia conduce la ob\u021binerea diplomei de masterand pe o specializare mai \u00eengust\u0103, cursan\u021bii dob\u00e2ndind competen\u021be avansate \u0219i detaliate, \u00een func\u021bie de fiecare domeniu, Programele de master oferite de Facultatea de Istorie, pot reprezenta at\u00e2t o specializare pentru absolven\u021bii facult\u0103\u021biilor cu specializ\u0103ri aferente \u0219tiin\u021belor sociale, istorice \u0219i politice, dar pot fi \u0219i complementare studiilor din orice domeniu.<\/p>\n\n\n\n<p class=\"wp-block-paragraph\">A\u0219adar, \u00eencep\u00e2nd cu anul universitar 2023\/2025, Facultatea de Istorie propune 10 programe de master, care includ specializ\u0103ri at\u00e2t din domeniul Istoriei, Istoriei Artei sau Didactic, c\u00e2t \u0219i din domeniul Rela\u021biilor Interna\u021bionale.<\/p>\n\n\n\n<div class=\"wp-block-columns has-2-columns is-layout-flex wp-container-core-columns-is-layout-8f761849 wp-block-columns-is-layout-flex\">\n<div class=\"wp-block-column is-layout-flow wp-block-column-is-layout-flow\">\n<p class=\"wp-block-paragraph\">Pentru detalii accesa\u021bi pagina dedicat\u0103 fiec\u0103rui program de master:<\/p>\n\n\n\n<p class=\"wp-block-paragraph\"><\/p>\n\n\n\n<ul class=\"wp-block-list\">\n<li><a href=\"https:\/\/istorie.unibuc.ro\/programe\/master\/politica-si-societate-in-secolul-al-xx-lea\/\">Politica si Societate in Secolul XX<\/a><\/li>\n\n\n\n<li><a href=\"https:\/\/istorie.unibuc.ro\/programe\/master\/istoria-si-practica-relatiilor-internationale\/\">Istoria si Practica Relatiilor Internationale<\/a><\/li>\n\n\n\n<li><a href=\"https:\/\/istorie.unibuc.ro\/programe\/master\/istoria-artei-si-filosofia-culturii\/\">Istoria Artei si Filosofia Culturii<\/a><\/li>\n\n\n\n<li><a href=\"https:\/\/istorie.unibuc.ro\/programe\/master\/tehnici-diplomatice\/\">Tehnici Diplomatice<\/a><\/li>\n\n\n\n<li><a href=\"https:\/\/istorie.unibuc.ro\/programe\/master\/istoria-comunismului-in-romania\/\">Istoria Comunismului in Romania<\/a><\/li>\n\n\n\n<li><a href=\"https:\/\/istorie.unibuc.ro\/programe\/master\/istorie-resurse-culturale-si-patrimoniu-in-societatea-contemporana\/\">Istorie, Resurse Culturale si Patrimoniu in Societatea Contemporana<\/a><\/li>\n\n\n\n<li><a href=\"https:\/\/istorie.unibuc.ro\/programe\/master\/istoria-ideilor-mentalitatilor-si-culturii-de-masa\/\">Istoria Ideilor, Mentalitatilor si a Culturii de Masa<\/a><\/li>\n\n\n\n<li><a href=\"https:\/\/istorie.unibuc.ro\/facultate\/programe\/master\/stiintele-antichitatii-medievistica-si-arheologie\/\" data-type=\"page\" data-id=\"16468\">\u0218tiin\u021bele Antichit\u0103\u021bii, Medievistic\u0103 \u0219i Arheologie<\/a><\/li>\n\n\n\n<li><a href=\"https:\/\/istorie.unibuc.ro\/facultate\/programe\/master\/societate-stat-razboi-in-secolele-xviii-xx\/\" data-type=\"page\" data-id=\"17860\">Societate, Stat, R\u0103zboi \u00een secolele XVIII-XX<\/a><\/li>\n\n\n\n<li>Master didactic &#8211; Istorie<\/li>\n<\/ul>\n\n\n\n<p class=\"wp-block-paragraph\"><\/p>\n\n\n\n<h2 class=\"wp-block-heading\"><\/h2>\n<\/div>\n<\/div>\n\n\n\n<div class=\"wp-block-cover alignfull wp-duotone-unset-2\" style=\"margin-top:0;padding-top:48px;padding-right:48px;padding-bottom:48px;padding-left:48px;min-height:66vh;aspect-ratio:unset;\"><img data-recalc-dims=\"1\" loading=\"lazy\" decoding=\"async\" width=\"771\" height=\"771\" data-attachment-id=\"15808\" data-permalink=\"https:\/\/istorie.unibuc.ro\/facultate\/cercetare\/centre-de-cercetare-2\/\" data-orig-file=\"https:\/\/i0.wp.com\/istorie.unibuc.ro\/wp-content\/uploads\/2024\/09\/Centre-de-cercetare.jpg?fit=1680%2C1680&amp;ssl=1\" data-orig-size=\"1680,1680\" data-comments-opened=\"0\" data-image-meta=\"{&quot;aperture&quot;:&quot;0&quot;,&quot;credit&quot;:&quot;&quot;,&quot;camera&quot;:&quot;&quot;,&quot;caption&quot;:&quot;&quot;,&quot;created_timestamp&quot;:&quot;0&quot;,&quot;copyright&quot;:&quot;&quot;,&quot;focal_length&quot;:&quot;0&quot;,&quot;iso&quot;:&quot;0&quot;,&quot;shutter_speed&quot;:&quot;0&quot;,&quot;title&quot;:&quot;&quot;,&quot;orientation&quot;:&quot;0&quot;}\" data-image-title=\"Centre de cercetare\" data-image-description=\"\" data-image-caption=\"\" data-large-file=\"https:\/\/i0.wp.com\/istorie.unibuc.ro\/wp-content\/uploads\/2024\/09\/Centre-de-cercetare.jpg?fit=771%2C771&amp;ssl=1\" class=\"wp-block-cover__image-background wp-image-15808\" alt=\"\" src=\"https:\/\/i0.wp.com\/istorie.unibuc.ro\/wp-content\/uploads\/2024\/09\/Centre-de-cercetare.jpg?resize=771%2C771&#038;ssl=1\" data-object-fit=\"cover\" srcset=\"https:\/\/i0.wp.com\/istorie.unibuc.ro\/wp-content\/uploads\/2024\/09\/Centre-de-cercetare.jpg?w=1680&amp;ssl=1 1680w, https:\/\/i0.wp.com\/istorie.unibuc.ro\/wp-content\/uploads\/2024\/09\/Centre-de-cercetare.jpg?resize=300%2C300&amp;ssl=1 300w, https:\/\/i0.wp.com\/istorie.unibuc.ro\/wp-content\/uploads\/2024\/09\/Centre-de-cercetare.jpg?resize=1024%2C1024&amp;ssl=1 1024w, https:\/\/i0.wp.com\/istorie.unibuc.ro\/wp-content\/uploads\/2024\/09\/Centre-de-cercetare.jpg?resize=150%2C150&amp;ssl=1 150w, https:\/\/i0.wp.com\/istorie.unibuc.ro\/wp-content\/uploads\/2024\/09\/Centre-de-cercetare.jpg?resize=768%2C768&amp;ssl=1 768w, https:\/\/i0.wp.com\/istorie.unibuc.ro\/wp-content\/uploads\/2024\/09\/Centre-de-cercetare.jpg?resize=1536%2C1536&amp;ssl=1 1536w\" sizes=\"auto, (max-width: 771px) 100vw, 771px\" \/><span aria-hidden=\"true\" class=\"wp-block-cover__background has-background-dim-30 has-background-dim\" style=\"background-color:#624f41\"><\/span><div class=\"wp-block-cover__inner-container is-layout-flow wp-block-cover-is-layout-flow\">\n<div class=\"wp-block-group is-content-justification-left\"><div class=\"wp-block-group__inner-container is-layout-constrained wp-container-core-group-is-layout-2f471073 wp-block-group-is-layout-constrained\">\n<h2 class=\"wp-block-heading has-text-align-left has-white-color has-text-color\" style=\"font-size:36px;font-style:normal;font-weight:700;letter-spacing:0px;line-height:1;text-transform:uppercase\"><a href=\"https:\/\/istorie.unibuc.ro\/facultate\/programe\/master\/planuri-invatamant-master\/\">Planuri \u00eenv\u0103\u021b\u0103m\u00e2nt master <\/a><\/h2>\n<\/div><\/div>\n\n\n\n<div style=\"height:72px\" aria-hidden=\"true\" class=\"wp-block-spacer\"><\/div>\n\n\n\n<div class=\"wp-block-buttons is-content-justification-left is-nowrap is-layout-flex wp-container-core-buttons-is-layout-f4069c65 wp-block-buttons-is-layout-flex\">\n<div class=\"wp-block-button is-style-outline is-style-outline--1\"><a class=\"wp-block-button__link has-white-color has-text-color has-custom-font-size wp-element-button\" href=\"https:\/\/istorie.unibuc.ro\/facultate\/programe\/master\/planuri-invatamant-master\/\" style=\"padding-top:24px;padding-right:48px;padding-bottom:24px;padding-left:48px;font-size:16px;font-style:normal;font-weight:600;letter-spacing:0px;text-transform:uppercase\">Mai multe informa\u021bii<\/a><\/div>\n<\/div>\n<\/div><\/div>\n","protected":false},"excerpt":{"rendered":"<p>Ciclul masteral reprezint\u0103 cel de-al doilea nivel al sistemului de educa\u021bie superioar\u0103, pe care \u00eel ofer\u0103 Facultatea de Istorie. Absolvirea acestuia conduce la ob\u021binerea diplomei de masterand pe o specializare mai \u00eengust\u0103, cursan\u021bii dob\u00e2ndind competen\u021be avansate \u0219i detaliate, \u00een func\u021bie de fiecare domeniu, Programele de master oferite de Facultatea de Istorie, pot reprezenta at\u00e2t o [&hellip;]<\/p>\n","protected":false},"author":2,"featured_media":0,"parent":184,"menu_order":0,"comment_status":"closed","ping_status":"closed","template":"","meta":{"_crdt_document":"","jetpack_post_was_ever_published":false,"footnotes":""},"class_list":["post-207","page","type-page","status-publish","hentry"],"jetpack_sharing_enabled":true,"jetpack_shortlink":"https:\/\/wp.me\/PaobZd-3l","jetpack-related-posts":[],"_links":{"self":[{"href":"https:\/\/istorie.unibuc.ro\/facultate\/wp-json\/wp\/v2\/pages\/207","targetHints":{"allow":["GET"]}}],"collection":[{"href":"https:\/\/istorie.unibuc.ro\/facultate\/wp-json\/wp\/v2\/pages"}],"about":[{"href":"https:\/\/istorie.unibuc.ro\/facultate\/wp-json\/wp\/v2\/types\/page"}],"author":[{"embeddable":true,"href":"https:\/\/istorie.unibuc.ro\/facultate\/wp-json\/wp\/v2\/users\/2"}],"replies":[{"embeddable":true,"href":"https:\/\/istorie.unibuc.ro\/facultate\/wp-json\/wp\/v2\/comments?post=207"}],"version-history":[{"count":17,"href":"https:\/\/istorie.unibuc.ro\/facultate\/wp-json\/wp\/v2\/pages\/207\/revisions"}],"predecessor-version":[{"id":21743,"href":"https:\/\/istorie.unibuc.ro\/facultate\/wp-json\/wp\/v2\/pages\/207\/revisions\/21743"}],"up":[{"embeddable":true,"href":"https:\/\/istorie.unibuc.ro\/facultate\/wp-json\/wp\/v2\/pages\/184"}],"wp:attachment":[{"href":"https:\/\/istorie.unibuc.ro\/facultate\/wp-json\/wp\/v2\/media?parent=207"}],"curies":[{"name":"wp","href":"https:\/\/api.w.org\/{rel}","templated":true}]}}