{"id":198,"date":"2018-10-26T14:58:28","date_gmt":"2018-10-26T14:58:28","guid":{"rendered":"http:\/\/newhis.bucharest.university\/?page_id=198"},"modified":"2026-02-27T11:50:38","modified_gmt":"2026-02-27T11:50:38","slug":"relatii-internationale-si-studii-europene","status":"publish","type":"page","link":"https:\/\/istorie.unibuc.ro\/facultate\/programe\/licenta\/relatii-internationale-si-studii-europene\/","title":{"rendered":"Rela\u021bii Interna\u021bionale \u0219i Studii Europene"},"content":{"rendered":"\n<h4 class=\"wp-block-heading\">Domeniul de studiu: Rela\u021bii Interna\u021bionale<\/h4>\n\n\n\n<div class=\"wp-block-cover is-light\"><img data-recalc-dims=\"1\" loading=\"lazy\" decoding=\"async\" width=\"771\" height=\"514\" data-attachment-id=\"6551\" data-permalink=\"https:\/\/istorie.unibuc.ro\/facultate\/programe\/licenta\/relatii-internationale-si-studii-europene\/businesswomanusingsmartphoneinoffice-internationalbusinessaffairswith\/\" data-orig-file=\"https:\/\/i0.wp.com\/istorie.unibuc.ro\/wp-content\/uploads\/2021\/04\/RISE.jpg?fit=1200%2C800&amp;ssl=1\" data-orig-size=\"1200,800\" data-comments-opened=\"0\" data-image-meta=\"{&quot;aperture&quot;:&quot;0&quot;,&quot;credit&quot;:&quot;Shutterstock&quot;,&quot;camera&quot;:&quot;&quot;,&quot;caption&quot;:&quot;Businesswoman using smart phone in office. International business affairs with world map. Double exposure.&quot;,&quot;created_timestamp&quot;:&quot;0&quot;,&quot;copyright&quot;:&quot;Copyright (c) 2020 VideoFlow\/Shutterstock.  No use without permission.&quot;,&quot;focal_length&quot;:&quot;0&quot;,&quot;iso&quot;:&quot;0&quot;,&quot;shutter_speed&quot;:&quot;0&quot;,&quot;title&quot;:&quot;Businesswoman,Using,Smart,Phone,In,Office.,International,Business,Affairs,With&quot;,&quot;orientation&quot;:&quot;1&quot;}\" data-image-title=\"Businesswoman,Using,Smart,Phone,In,Office.,International,Business,Affairs,With\" data-image-description=\"\" data-image-caption=\"&lt;p&gt;Businesswoman using smart phone in office. International business affairs with world map. Double exposure.&lt;\/p&gt;\n\" data-medium-file=\"https:\/\/i0.wp.com\/istorie.unibuc.ro\/wp-content\/uploads\/2021\/04\/RISE.jpg?fit=300%2C200&amp;ssl=1\" data-large-file=\"https:\/\/i0.wp.com\/istorie.unibuc.ro\/wp-content\/uploads\/2021\/04\/RISE.jpg?fit=771%2C514&amp;ssl=1\" class=\"wp-block-cover__image-background wp-image-6551\" alt=\"\" src=\"https:\/\/i0.wp.com\/istorie.unibuc.ro\/wp-content\/uploads\/2021\/04\/RISE.jpg?resize=771%2C514&#038;ssl=1\" data-object-fit=\"cover\" srcset=\"https:\/\/i0.wp.com\/istorie.unibuc.ro\/wp-content\/uploads\/2021\/04\/RISE.jpg?w=1200&amp;ssl=1 1200w, https:\/\/i0.wp.com\/istorie.unibuc.ro\/wp-content\/uploads\/2021\/04\/RISE.jpg?resize=300%2C200&amp;ssl=1 300w, https:\/\/i0.wp.com\/istorie.unibuc.ro\/wp-content\/uploads\/2021\/04\/RISE.jpg?resize=1024%2C683&amp;ssl=1 1024w, https:\/\/i0.wp.com\/istorie.unibuc.ro\/wp-content\/uploads\/2021\/04\/RISE.jpg?resize=768%2C512&amp;ssl=1 768w, https:\/\/i0.wp.com\/istorie.unibuc.ro\/wp-content\/uploads\/2021\/04\/RISE.jpg?resize=400%2C267&amp;ssl=1 400w\" sizes=\"auto, (max-width: 771px) 100vw, 771px\" \/><span aria-hidden=\"true\" class=\"wp-block-cover__background has-background-dim\"><\/span><div class=\"wp-block-cover__inner-container is-layout-flow wp-block-cover-is-layout-flow\">\n<p class=\"has-text-align-center has-large-font-size wp-block-paragraph\"><span class=\"has-inline-color has-white-color\">\u0218i tu po\u021bi deveni specialist \u00een <br>Rela\u021bii Interna\u021bionale!<\/span><\/p>\n<\/div><\/div>\n\n\n\n<p class=\"wp-block-paragraph\"><\/p>\n\n\n\n<p class=\"wp-block-paragraph\">Programul de preg\u0103tire \u00een Rela\u0163ii Interna\u0163ionale \u015fi Studii Europene are dou\u0103 componente \u2013 una general\u0103 \u015fi o alta complementar\u0103.<\/p>\n\n\n\n<p class=\"wp-block-paragraph\"><strong>Preg\u0103tirea general\u0103<\/strong> este obligatorie pentru to\u0163i studen\u0163ii, are un caracter multidisciplinar \u015fi define\u015fte calificarea absolven\u0163ilor. Principalul punct forte al programului este reprezentat de varietatea paradigmelor intelectuale pe care le curprinde: istoria rela\u0163iilor interna\u0163ionale, teoria rela\u0163iilor interna\u0163ionale, drept interna\u0163ional \u015fi european, economie politic\u0103 \u015fi rela\u0163ii economice interna\u0163ionale, studii regionale variate, sociologia rela\u0163iilor interna\u0163ionale, studii de securitate, filozofie politic\u0103, principii \u015fi tehnici diplomatice, comunicare politic\u0103, limbi moderne, etc.<br><strong>Preg\u0103tirea complementar<\/strong>\u0103 curpinde dou\u0103 seturi de cursuri, \u00eentre care studen\u0163ii opteaz\u0103 chiar din primul semestru: unul este dedicat istoriei politice \u015fi aprofund\u0103rii istoriei rela\u0163iilor interna\u0163ionale, cel\u0103lalt este dedicat studiilor culturale europene. \u00cen primul modul sunt incluse cursuri focalizate asupra unor sisteme politice \u015fi a evolu\u0163iei rela\u0163iilor interstatale \u00een diverse epoci \u015fi civiliza\u0163ii pre-moderne \u015fi moderne. Cel de-al doilea modul cuprinde cursuri care trateaz\u0103 evolu\u0163ia civiliza\u0163iei europene \u015fi a celei rom\u00e2ne\u015fti, accentul fiind pus asupra fenomenelor culturale \u015fi sociale. Obiectivul acestor module op\u0163ionale \u00eel reprezint\u0103 l\u0103rgirea orizontului cultural \u015fi profesional al viitorilor absolven\u0163i, astfel \u00eenc\u00e2t s\u0103 le deschid\u0103 perspective spre cariere c\u00e2t mai variate.<\/p>\n\n\n\n<p class=\"wp-block-paragraph\"><strong>Principalele profesiuni<\/strong> vizate sunt cariera diplomatic\u0103, administra\u0163ia central\u0103 \u015fi local\u0103, consultan\u0163a politic\u0103, jurnalismul de profil. Cei care sunt \u00eenclina\u0163i spre studiile teoretice pot ob\u0163ine aici baza necesar\u0103 unei viitoare cariere \u00een cercetarea fenomenelor interna\u0163ionale.<\/p>\n\n\n\n<p class=\"wp-block-paragraph\"><strong>Cursurile<\/strong> sunt completate prin stagii practice \u00een institu\u0163ii precum Ministerul de Externe, Institutul Diplomatic, Parlamentul Rom\u00e2niei, Institutul de Rela\u0163ii Interna\u0163ionale, Prim\u0103ria Capitalei etc.<\/p>\n\n\n\n<p class=\"wp-block-paragraph\">For ERASMUS students &#8211; Course Outlines (Examples).Courses are taught in Romanian unless otherwise specified.<\/p>\n\n\n\n<div class=\"wp-block-file\"><a id=\"wp-block-file--media-91907450-03c9-4cb9-b02b-742b90b02106\" href=\"https:\/\/istorie.unibuc.ro\/wp-content\/uploads\/2026\/02\/Course-outlines-for-Erasmus-students-Examples.pdf\" target=\"_blank\" rel=\"noreferrer noopener\">Course outlines for Erasmus students (Examples)<\/a><a href=\"https:\/\/istorie.unibuc.ro\/wp-content\/uploads\/2026\/02\/Course-outlines-for-Erasmus-students-Examples.pdf\" class=\"wp-block-file__button wp-element-button\" download aria-describedby=\"wp-block-file--media-91907450-03c9-4cb9-b02b-742b90b02106\">Descarc\u0103<\/a><\/div>\n\n\n\n<h2 class=\"wp-block-heading\"><a href=\"https:\/\/istorie.unibuc.ro\/facultate\/programe\/licenta\/relatii-internationale-si-studii-europene\/fise-discipline-rise\/\" data-type=\"page\" data-id=\"16433\"><strong>Fi\u0219ele Disciplinelor RISE<\/strong><\/a><\/h2>\n\n\n\n<p class=\"wp-block-paragraph\"><\/p>\n","protected":false},"excerpt":{"rendered":"<p>Domeniul de studiu: Rela\u021bii Interna\u021bionale Programul de preg\u0103tire \u00een Rela\u0163ii Interna\u0163ionale \u015fi Studii Europene are dou\u0103 componente \u2013 una general\u0103 \u015fi o alta complementar\u0103. Preg\u0103tirea general\u0103 este obligatorie pentru to\u0163i studen\u0163ii, are un caracter multidisciplinar \u015fi define\u015fte calificarea absolven\u0163ilor. Principalul punct forte al programului este reprezentat de varietatea paradigmelor intelectuale pe care le curprinde: istoria [&hellip;]<\/p>\n","protected":false},"author":2,"featured_media":0,"parent":186,"menu_order":0,"comment_status":"closed","ping_status":"closed","template":"","meta":{"_crdt_document":"","jetpack_post_was_ever_published":false,"footnotes":""},"class_list":["post-198","page","type-page","status-publish","hentry"],"jetpack_sharing_enabled":true,"jetpack_shortlink":"https:\/\/wp.me\/PaobZd-3c","jetpack-related-posts":[],"_links":{"self":[{"href":"https:\/\/istorie.unibuc.ro\/facultate\/wp-json\/wp\/v2\/pages\/198","targetHints":{"allow":["GET"]}}],"collection":[{"href":"https:\/\/istorie.unibuc.ro\/facultate\/wp-json\/wp\/v2\/pages"}],"about":[{"href":"https:\/\/istorie.unibuc.ro\/facultate\/wp-json\/wp\/v2\/types\/page"}],"author":[{"embeddable":true,"href":"https:\/\/istorie.unibuc.ro\/facultate\/wp-json\/wp\/v2\/users\/2"}],"replies":[{"embeddable":true,"href":"https:\/\/istorie.unibuc.ro\/facultate\/wp-json\/wp\/v2\/comments?post=198"}],"version-history":[{"count":18,"href":"https:\/\/istorie.unibuc.ro\/facultate\/wp-json\/wp\/v2\/pages\/198\/revisions"}],"predecessor-version":[{"id":21580,"href":"https:\/\/istorie.unibuc.ro\/facultate\/wp-json\/wp\/v2\/pages\/198\/revisions\/21580"}],"up":[{"embeddable":true,"href":"https:\/\/istorie.unibuc.ro\/facultate\/wp-json\/wp\/v2\/pages\/186"}],"wp:attachment":[{"href":"https:\/\/istorie.unibuc.ro\/facultate\/wp-json\/wp\/v2\/media?parent=198"}],"curies":[{"name":"wp","href":"https:\/\/api.w.org\/{rel}","templated":true}]}}