{"id":191,"date":"2018-10-26T14:52:04","date_gmt":"2018-10-26T14:52:04","guid":{"rendered":"http:\/\/newhis.bucharest.university\/?page_id=191"},"modified":"2024-09-30T11:28:29","modified_gmt":"2024-09-30T11:28:29","slug":"istorie-id","status":"publish","type":"page","link":"https:\/\/istorie.unibuc.ro\/facultate\/programe\/licenta\/istorie-id\/","title":{"rendered":"Istorie ID"},"content":{"rendered":"\n<p class=\"wp-block-paragraph\">Programul de preg\u0103tire a licen\u021bei \u00een Istorie are dou\u0103 componente fundamentale: cursurile de preg\u0103tire \u0219i cursurile de specializare ini\u021bial\u0103. <strong>Preg\u0103tirea general\u0103<\/strong> are ca obiectiv formarea unei culturi profesionale de baz\u0103, constituirea unui orizont istoriografic suficient de complex pentru ca \u00een anul final absolven\u021bii s\u0103 poat\u0103 avea op\u021biuni c\u00e2t mai numeroase \u0219i mai diverse. Aceast\u0103 parte a programului cuprinde 26 de discipline cu durata unui semestru (aproximativ 14 unit\u0103\u0163i de curs fiecare). Tematica acestor cursuri este organizat\u0103 \u00een func\u0163ie de dou\u0103 criterii majore: cel cronologico-regional \u0219i cel metodologic. Din prima categorie fac parte cursuri precum Preistoria general\u0103, Antichitatea oriental\u0103, greac\u0103 \u0219i roman\u0103, Istoria medieval\u0103, Istoria Bizanului, Istoria modern\u0103, Istoria contemporan\u0103, Integrarea euro-atlantic\u0103, etc. Categoria a doua include Arheologia, \u0218tiin\u021bele speciale ale istoriei (\u00eentre care muzeologia, arhivistica \u015fi biblioteconomia), Istoriografia. Chiar dac\u0103 toate aceste discipline sunt obligatorii, studen\u0163ii au posibilitatea de a face op\u0163iuni \u00eentre modulele oferite de fiecare domeniu \u00een parte. Modulele sunt concepute problematizat \u0219i se focalizeaz\u0103 asupra unor chestiuni specifice \u015fi fundamentale din istoria epocii sau spa\u0163iului studiat, de la istoria politic\u0103 \u0219i cultural\u0103 la cea a mentalit\u0103\u0163ilor sau a structurilor sociale.<\/p>\n\n\n\n<p class=\"wp-block-paragraph\"><strong>Preg\u0103tirea de specialitate<\/strong> ini\u0163ial\u0103 const\u0103 \u00eentr-o serie de cursuri numite op\u0163ionale \u015fi speciale, dedicate unor chestiuni mai precis conturate \u015fi mai aplicate dec\u00e2t cursurile generale introductive.<\/p>\n\n\n\n<p class=\"wp-block-paragraph\">Obiectivul acestei p\u0103r\u0163i a programului, care \u00eencepe \u00een anul al doilea, este acela de a-i ajuta pe absolven\u0163i s\u0103 \u00ee\u015fi aprecieze atitudinile pentru cercetare \u015fi s\u0103 \u00ee\u015fi formeze c\u00e2teva dintre abilit\u0103\u0163ile specifice acesteia. Desigur, veritabila specializare urmeaz\u0103 dup\u0103 licen\u0163\u0103, \u00een programele de masterat \u015fi, mai ales, de doctorat. Pentru cei care nu vor continua dup\u0103 licen\u0163\u0103 studiile istorice, preg\u0103tirea de specialitate ini\u0163ial\u0103 reprezint\u0103 o \u015fans\u0103 pentru a \u00een\u0163elege mai bine \u00een ce const\u0103 laboratorul unui istoric, mecanismele \u015fi resursele care sunt antrenate \u00een studierea \u015ftiin\u0163ific\u0103 a trecutului.<\/p>\n\n\n\n<p class=\"wp-block-paragraph\">Facultatea de Istorie organizeaz\u0103 \u00een mod tradi\u0163ional stagii de preg\u0103tire practic\u0103, \u00een cadrul c\u0103rora studen\u0163ii pot opta \u00eentre \u015fantiere arheologice, muzee \u015fi arhive.<\/p>\n\n\n\n<h3 class=\"wp-block-heading\"><\/h3>\n\n\n\n<p class=\"wp-block-paragraph\"><\/p>\n","protected":false},"excerpt":{"rendered":"<p>Programul de preg\u0103tire a licen\u021bei \u00een Istorie are dou\u0103 componente fundamentale: cursurile de preg\u0103tire \u0219i cursurile de specializare ini\u021bial\u0103. Preg\u0103tirea general\u0103 are ca obiectiv formarea unei culturi profesionale de baz\u0103, constituirea unui orizont istoriografic suficient de complex pentru ca \u00een anul final absolven\u021bii s\u0103 poat\u0103 avea op\u021biuni c\u00e2t mai numeroase \u0219i mai diverse. Aceast\u0103 parte [&hellip;]<\/p>\n","protected":false},"author":2,"featured_media":0,"parent":186,"menu_order":0,"comment_status":"closed","ping_status":"closed","template":"","meta":{"_crdt_document":"","jetpack_post_was_ever_published":false,"footnotes":""},"class_list":["post-191","page","type-page","status-publish","hentry"],"jetpack_sharing_enabled":true,"jetpack_shortlink":"https:\/\/wp.me\/PaobZd-35","jetpack-related-posts":[],"_links":{"self":[{"href":"https:\/\/istorie.unibuc.ro\/facultate\/wp-json\/wp\/v2\/pages\/191","targetHints":{"allow":["GET"]}}],"collection":[{"href":"https:\/\/istorie.unibuc.ro\/facultate\/wp-json\/wp\/v2\/pages"}],"about":[{"href":"https:\/\/istorie.unibuc.ro\/facultate\/wp-json\/wp\/v2\/types\/page"}],"author":[{"embeddable":true,"href":"https:\/\/istorie.unibuc.ro\/facultate\/wp-json\/wp\/v2\/users\/2"}],"replies":[{"embeddable":true,"href":"https:\/\/istorie.unibuc.ro\/facultate\/wp-json\/wp\/v2\/comments?post=191"}],"version-history":[{"count":3,"href":"https:\/\/istorie.unibuc.ro\/facultate\/wp-json\/wp\/v2\/pages\/191\/revisions"}],"predecessor-version":[{"id":16467,"href":"https:\/\/istorie.unibuc.ro\/facultate\/wp-json\/wp\/v2\/pages\/191\/revisions\/16467"}],"up":[{"embeddable":true,"href":"https:\/\/istorie.unibuc.ro\/facultate\/wp-json\/wp\/v2\/pages\/186"}],"wp:attachment":[{"href":"https:\/\/istorie.unibuc.ro\/facultate\/wp-json\/wp\/v2\/media?parent=191"}],"curies":[{"name":"wp","href":"https:\/\/api.w.org\/{rel}","templated":true}]}}